{"id":75,"date":"2023-09-22T18:08:25","date_gmt":"2023-09-23T01:08:25","guid":{"rendered":"https:\/\/worldspeedchallenge.com\/?page_id=75"},"modified":"2024-06-30T13:29:04","modified_gmt":"2024-06-30T20:29:04","slug":"egt4_wsc","status":"publish","type":"page","link":"https:\/\/worldspeedchallenge.com\/sv\/egt4_wsc\/","title":{"rendered":"eGT4 WSC"},"content":{"rendered":"<div data-elementor-type=\"wp-page\" data-elementor-id=\"75\" class=\"elementor elementor-75\" data-elementor-post-type=\"page\">\n\t\t\t\t<div class=\"elementor-element elementor-element-3b9885f e-flex e-con-boxed e-con e-parent\" data-id=\"3b9885f\" data-element_type=\"container\" data-e-type=\"container\">\n\t\t\t\t\t<div class=\"e-con-inner\">\n\t\t\t\t<div class=\"elementor-element elementor-element-38cbce9 elementor--h-position-center elementor--v-position-middle elementor-arrows-position-inside elementor-pagination-position-inside elementor-widget elementor-widget-slides\" data-id=\"38cbce9\" data-element_type=\"widget\" data-e-type=\"widget\" data-settings=\"{&quot;transition_speed&quot;:800,&quot;transition&quot;:&quot;fade&quot;,&quot;navigation&quot;:&quot;both&quot;,&quot;autoplay&quot;:&quot;yes&quot;,&quot;pause_on_hover&quot;:&quot;yes&quot;,&quot;pause_on_interaction&quot;:&quot;yes&quot;,&quot;autoplay_speed&quot;:5000,&quot;infinite&quot;:&quot;yes&quot;}\" data-widget_type=\"slides.default\">\n\t\t\t\t<div class=\"elementor-widget-container\">\n\t\t\t\t\t\t\t\t\t<div class=\"elementor-swiper\">\n\t\t\t\t\t<div class=\"elementor-slides-wrapper elementor-main-swiper swiper\" role=\"region\" aria-roledescription=\"carousel\" aria-label=\"Diabilder\" dir=\"ltr\" data-animation=\"fadeInUp\">\n\t\t\t\t<div class=\"swiper-wrapper elementor-slides\">\n\t\t\t\t\t\t\t\t\t\t<div class=\"elementor-repeater-item-286d0a5 swiper-slide\" role=\"group\" aria-roledescription=\"slide\"><div class=\"swiper-slide-bg\" role=\"img\" aria-label=\"Porsche 718 Ccayman gt4 e Prestanda\"><\/div><div class=\"swiper-slide-inner\" ><div class=\"swiper-slide-contents\"><div class=\"elementor-slide-heading\">2027 eGT4 WSC<\/div><div class=\"elementor-slide-description\">2027 eGT4 World Speed Challenge Is Challenging The World To A Challenge!\n\nWelcome to 2027 eGT4 World Speed Challenge (WSC) series represent an exciting and innovative development in the world of motorsports, focusing on electric and hybrid racing vehicles!<\/div><div  class=\"elementor-button elementor-slide-button elementor-size-sm\">Klicka h\u00e4r<\/div><\/div><\/div><\/div><div class=\"elementor-repeater-item-49f362b swiper-slide\" role=\"group\" aria-roledescription=\"slide\"><div class=\"swiper-slide-bg\" role=\"img\" aria-label=\"Logotyp f\u00f6r World Speed Challenge WSC\"><\/div><div class=\"swiper-slide-inner\" ><div class=\"swiper-slide-contents\"><div class=\"elementor-slide-heading\">2027 eGT4 WSC<\/div><div class=\"elementor-slide-description\">2027 eGT4 World Speed Challenge Is Challenging The World To A Challenge!\n\nWelcome to 2027 eGT4 World Speed Challenge (WSC) series represent an exciting and innovative development in the world of motorsports, focusing on electric and hybrid racing vehicles!<\/div><div  class=\"elementor-button elementor-slide-button elementor-size-sm\">Klicka h\u00e4r<\/div><\/div><\/div><\/div><div class=\"elementor-repeater-item-38b994b swiper-slide\" role=\"group\" aria-roledescription=\"slide\"><div class=\"swiper-slide-bg\" role=\"img\" aria-label=\"eGT4 WSC\"><\/div><div class=\"swiper-slide-inner\" ><div class=\"swiper-slide-contents\"><div class=\"elementor-slide-heading\">2027 eGT4 WSC<\/div><div class=\"elementor-slide-description\">2027 eGT4 World Speed Challenge Is Challenging The World To A Challenge!\n\nWelcome to 2027 eGT4 World Speed Challenge (WSC) series represent an exciting and innovative development in the world of motorsports, focusing on electric and hybrid racing vehicles!<\/div><div  class=\"elementor-button elementor-slide-button elementor-size-sm\">Klicka h\u00e4r<\/div><\/div><\/div><\/div>\t\t\t\t<\/div>\n\t\t\t\t\t\t\t\t\t\t\t\t\t\t\t<div class=\"elementor-swiper-button elementor-swiper-button-prev\" role=\"button\" tabindex=\"0\" aria-label=\"F\u00f6reg\u00e5ende bild\">\n\t\t\t\t\t\t\t<svg aria-hidden=\"true\" class=\"e-font-icon-svg e-eicon-chevron-left\" viewbox=\"0 0 1000 1000\" xmlns=\"http:\/\/www.w3.org\/2000\/svg\"><path d=\"M646 125C629 125 613 133 604 142L308 442C296 454 292 471 292 487 292 504 296 521 308 533L604 854C617 867 629 875 646 875 663 875 679 871 692 858 704 846 713 829 713 812 713 796 708 779 692 767L438 487 692 225C700 217 708 204 708 187 708 171 704 154 692 142 675 129 663 125 646 125Z\"><\/path><\/svg>\t\t\t\t\t\t<\/div>\n\t\t\t\t\t\t<div class=\"elementor-swiper-button elementor-swiper-button-next\" role=\"button\" tabindex=\"0\" aria-label=\"N\u00e4sta bild\">\n\t\t\t\t\t\t\t<svg aria-hidden=\"true\" class=\"e-font-icon-svg e-eicon-chevron-right\" viewbox=\"0 0 1000 1000\" xmlns=\"http:\/\/www.w3.org\/2000\/svg\"><path d=\"M696 533C708 521 713 504 713 487 713 471 708 454 696 446L400 146C388 133 375 125 354 125 338 125 325 129 313 142 300 154 292 171 292 187 292 204 296 221 308 233L563 492 304 771C292 783 288 800 288 817 288 833 296 850 308 863 321 871 338 875 354 875 371 875 388 867 400 854L696 533Z\"><\/path><\/svg>\t\t\t\t\t\t<\/div>\n\t\t\t\t\t\t\t\t\t\t\t\t\t\t\t\t<div class=\"swiper-pagination\"><\/div>\n\t\t\t\t\t\t\t\t\t\t\t\t<\/div>\n\t\t\t\t<\/div>\n\t\t\t\t\t\t\t\t<\/div>\n\t\t\t\t<\/div>\n\t\t\t\t\t<\/div>\n\t\t\t\t<\/div>\n\t\t<div class=\"elementor-element elementor-element-b4e1a6c e-flex e-con-boxed e-con e-parent\" data-id=\"b4e1a6c\" data-element_type=\"container\" data-e-type=\"container\">\n\t\t\t\t\t<div class=\"e-con-inner\">\n\t\t\t\t<div class=\"elementor-element elementor-element-a715ee6 elementor-widget elementor-widget-text-editor\" data-id=\"a715ee6\" data-element_type=\"widget\" data-e-type=\"widget\" data-widget_type=\"text-editor.default\">\n\t\t\t\t<div class=\"elementor-widget-container\">\n\t\t\t\t\t\t\t\t\t<h3 style=\"text-align: center;\"><span style=\"color: #000000;\"><strong>2027 eGT4 World Speed Challenge Is Challenging The World To A Challenge!<\/strong><\/span><\/h3><h3 style=\"text-align: center;\"><span style=\"color: #000000;\"><strong>D\u00e4r legender f\u00f6ds och m\u00e4stare kr\u00f6ns!<br \/>Och d\u00e4r historiska hastighets- och uth\u00e5llighetsrekord ska g\u00f6ras och sl\u00e5s!<\/strong><\/span><\/h3>\t\t\t\t\t\t\t\t<\/div>\n\t\t\t\t<\/div>\n\t\t\t\t\t<\/div>\n\t\t\t\t<\/div>\n\t\t<div class=\"elementor-element elementor-element-19d7b1b e-flex e-con-boxed e-con e-parent\" data-id=\"19d7b1b\" data-element_type=\"container\" data-e-type=\"container\">\n\t\t\t\t\t<div class=\"e-con-inner\">\n\t\t\t\t<div class=\"elementor-element elementor-element-619b18e elementor-widget elementor-widget-text-editor\" data-id=\"619b18e\" data-element_type=\"widget\" data-e-type=\"widget\" data-widget_type=\"text-editor.default\">\n\t\t\t\t<div class=\"elementor-widget-container\">\n\t\t\t\t\t\t\t\t\t<p><span style=\"color: #000000;\">The 2027 eGT4 World Speed Challenge (WSC) 60 minutes sprint racing series represents a dynamic and forward-looking step in the world of motorsport, placing a strong emphasis on the use of electric sport cars racing. As a customer-oriented series, 2027 eGT4 WSC strives to create an accessible yet competitive platform for customer racing teams, professional racing teams and automotive manufacturers to demonstrate the capabilities and potential of electric technology in a high-performance racing setting.\u00a0<\/span><\/p>\t\t\t\t\t\t\t\t<\/div>\n\t\t\t\t<\/div>\n\t\t\t\t\t<\/div>\n\t\t\t\t<\/div>\n\t\t<div class=\"elementor-element elementor-element-4b99cb3 e-flex e-con-boxed e-con e-parent\" data-id=\"4b99cb3\" data-element_type=\"container\" data-e-type=\"container\">\n\t\t\t\t\t<div class=\"e-con-inner\">\n\t\t\t\t<div class=\"elementor-element elementor-element-db87165 elementor-widget elementor-widget-text-editor\" data-id=\"db87165\" data-element_type=\"widget\" data-e-type=\"widget\" data-widget_type=\"text-editor.default\">\n\t\t\t\t<div class=\"elementor-widget-container\">\n\t\t\t\t\t\t\t\t\t<h3><span style=\"color: #000000;\">2027 eGT4 WSC Technical Regulation:<\/span><\/h3>\t\t\t\t\t\t\t\t<\/div>\n\t\t\t\t<\/div>\n\t\t\t\t\t<\/div>\n\t\t\t\t<\/div>\n\t\t<div class=\"elementor-element elementor-element-b6e191e e-flex e-con-boxed e-con e-parent\" data-id=\"b6e191e\" data-element_type=\"container\" data-e-type=\"container\">\n\t\t\t\t\t<div class=\"e-con-inner\">\n\t\t\t\t<div class=\"elementor-element elementor-element-74ed99e elementor-widget elementor-widget-text-editor\" data-id=\"74ed99e\" data-element_type=\"widget\" data-e-type=\"widget\" data-widget_type=\"text-editor.default\">\n\t\t\t\t<div class=\"elementor-widget-container\">\n\t\t\t\t\t\t\t\t\t<p><span style=\"color: #000000;\">2027 eGT3 Technical regulation are direct input of the manufacturers and are essential for safety and homologation of the development standards of the 2027 eGT3 race cars for competition.<br \/><\/span><br \/><span style=\"color: #000000;\">The following information reflects the current situation regarding technical sporting and regulatory format regulation for the 2027 eGT3 WEC &amp; WSC &amp; E World Grand Prix season. It is subject to change at any time.<\/span><\/p><p><span style=\"color: #000000;\">2027 eGT3 technical sporting and regulatory format regulation: pdf will be posted soon.<\/span><\/p>\t\t\t\t\t\t\t\t<\/div>\n\t\t\t\t<\/div>\n\t\t\t\t\t<\/div>\n\t\t\t\t<\/div>\n\t\t<div class=\"elementor-element elementor-element-1ed5e96 e-flex e-con-boxed e-con e-parent\" data-id=\"1ed5e96\" data-element_type=\"container\" data-e-type=\"container\">\n\t\t\t\t\t<div class=\"e-con-inner\">\n\t\t\t\t<div class=\"elementor-element elementor-element-6852db3 elementor-widget elementor-widget-text-editor\" data-id=\"6852db3\" data-element_type=\"widget\" data-e-type=\"widget\" data-widget_type=\"text-editor.default\">\n\t\t\t\t<div class=\"elementor-widget-container\">\n\t\t\t\t\t\t\t\t\t<h3><span style=\"color: #000000;\">2027 eGT4 WSC Registration:<\/span><\/h3>\t\t\t\t\t\t\t\t<\/div>\n\t\t\t\t<\/div>\n\t\t\t\t\t<\/div>\n\t\t\t\t<\/div>\n\t\t<div class=\"elementor-element elementor-element-2979f83 e-flex e-con-boxed e-con e-parent\" data-id=\"2979f83\" data-element_type=\"container\" data-e-type=\"container\">\n\t\t\t\t\t<div class=\"e-con-inner\">\n\t\t\t\t<div class=\"elementor-element elementor-element-353db00 elementor-widget elementor-widget-text-editor\" data-id=\"353db00\" data-element_type=\"widget\" data-e-type=\"widget\" data-widget_type=\"text-editor.default\">\n\t\t\t\t<div class=\"elementor-widget-container\">\n\t\t\t\t\t\t\t\t\t<p><span style=\"color: #000000;\">2027 eGT4 registration will be open soon<\/span><\/p>\t\t\t\t\t\t\t\t<\/div>\n\t\t\t\t<\/div>\n\t\t\t\t\t<\/div>\n\t\t\t\t<\/div>\n\t\t<div class=\"elementor-element elementor-element-8ff52cf e-flex e-con-boxed e-con e-parent\" data-id=\"8ff52cf\" data-element_type=\"container\" data-e-type=\"container\">\n\t\t\t\t\t<div class=\"e-con-inner\">\n\t\t\t\t<div class=\"elementor-element elementor-element-f2e8f06 elementor-widget elementor-widget-text-editor\" data-id=\"f2e8f06\" data-element_type=\"widget\" data-e-type=\"widget\" data-widget_type=\"text-editor.default\">\n\t\t\t\t<div class=\"elementor-widget-container\">\n\t\t\t\t\t\t\t\t\t<h3><span style=\"color: #000000;\">2027 eGT4 WSC Event:<\/span><\/h3>\t\t\t\t\t\t\t\t<\/div>\n\t\t\t\t<\/div>\n\t\t\t\t\t<\/div>\n\t\t\t\t<\/div>\n\t\t<div class=\"elementor-element elementor-element-67a7a93 e-flex e-con-boxed e-con e-parent\" data-id=\"67a7a93\" data-element_type=\"container\" data-e-type=\"container\">\n\t\t\t\t\t<div class=\"e-con-inner\">\n\t\t\t\t<div class=\"elementor-element elementor-element-d649771 elementor-widget elementor-widget-text-editor\" data-id=\"d649771\" data-element_type=\"widget\" data-e-type=\"widget\" data-widget_type=\"text-editor.default\">\n\t\t\t\t<div class=\"elementor-widget-container\">\n\t\t\t\t\t\t\t\t\t<p>2027 Date and Location will be determined\u00a0<\/p><p>2027 Race Caledar\u00a0<\/p>\t\t\t\t\t\t\t\t<\/div>\n\t\t\t\t<\/div>\n\t\t\t\t\t<\/div>\n\t\t\t\t<\/div>\n\t\t<div class=\"elementor-element elementor-element-c2dd5d1 e-flex e-con-boxed e-con e-parent\" data-id=\"c2dd5d1\" data-element_type=\"container\" data-e-type=\"container\">\n\t\t\t\t\t<div class=\"e-con-inner\">\n\t\t\t\t<div class=\"elementor-element elementor-element-6f060c6 elementor-widget elementor-widget-text-editor\" data-id=\"6f060c6\" data-element_type=\"widget\" data-e-type=\"widget\" data-widget_type=\"text-editor.default\">\n\t\t\t\t<div class=\"elementor-widget-container\">\n\t\t\t\t\t\t\t\t\t<h3><span style=\"color: #000000;\">2027 eGT4 WSC Sponsors:\u00a0<\/span><\/h3>\t\t\t\t\t\t\t\t<\/div>\n\t\t\t\t<\/div>\n\t\t\t\t\t<\/div>\n\t\t\t\t<\/div>\n\t\t<div class=\"elementor-element elementor-element-c3a6d70 e-grid e-con-boxed e-con e-parent\" data-id=\"c3a6d70\" data-element_type=\"container\" data-e-type=\"container\">\n\t\t\t\t\t<div class=\"e-con-inner\">\n\t\t\t\t\t<\/div>\n\t\t\t\t<\/div>\n\t\t<div class=\"elementor-element elementor-element-0e303eb e-flex e-con-boxed e-con e-parent\" data-id=\"0e303eb\" data-element_type=\"container\" data-e-type=\"container\">\n\t\t\t\t\t<div class=\"e-con-inner\">\n\t\t\t\t<div class=\"elementor-element elementor-element-61c5586 elementor-widget elementor-widget-text-editor\" data-id=\"61c5586\" data-element_type=\"widget\" data-e-type=\"widget\" data-widget_type=\"text-editor.default\">\n\t\t\t\t<div class=\"elementor-widget-container\">\n\t\t\t\t\t\t\t\t\t<h3><span style=\"color: #000000;\">2027 eGT4 WSC M<\/span><span style=\"color: #000000;\">anufacturers<\/span><span style=\"color: #000000;\">:<\/span><\/h3>\t\t\t\t\t\t\t\t<\/div>\n\t\t\t\t<\/div>\n\t\t\t\t\t<\/div>\n\t\t\t\t<\/div>\n\t\t<div class=\"elementor-element elementor-element-20e4ce7 e-grid e-con-boxed e-con e-parent\" data-id=\"20e4ce7\" data-element_type=\"container\" data-e-type=\"container\">\n\t\t\t\t\t<div class=\"e-con-inner\">\n\t\t\t\t\t<\/div>\n\t\t\t\t<\/div>\n\t\t<div class=\"elementor-element elementor-element-d22c6d8 e-flex e-con-boxed e-con e-parent\" data-id=\"d22c6d8\" data-element_type=\"container\" data-e-type=\"container\">\n\t\t\t\t\t<div class=\"e-con-inner\">\n\t\t\t\t<div class=\"elementor-element elementor-element-3a459c7 elementor-widget elementor-widget-text-editor\" data-id=\"3a459c7\" data-element_type=\"widget\" data-e-type=\"widget\" data-widget_type=\"text-editor.default\">\n\t\t\t\t<div class=\"elementor-widget-container\">\n\t\t\t\t\t\t\t\t\t<h3><span style=\"color: #000000;\">2027 eGt4 WSC Teams:<\/span><\/h3>\t\t\t\t\t\t\t\t<\/div>\n\t\t\t\t<\/div>\n\t\t\t\t\t<\/div>\n\t\t\t\t<\/div>\n\t\t<div class=\"elementor-element elementor-element-d6f41d7 e-grid e-con-boxed e-con e-parent\" data-id=\"d6f41d7\" data-element_type=\"container\" data-e-type=\"container\">\n\t\t\t\t\t<div class=\"e-con-inner\">\n\t\t\t\t\t<\/div>\n\t\t\t\t<\/div>\n\t\t<div class=\"elementor-element elementor-element-76aadba e-flex e-con-boxed e-con e-parent\" data-id=\"76aadba\" data-element_type=\"container\" data-e-type=\"container\">\n\t\t\t\t\t<div class=\"e-con-inner\">\n\t\t\t\t<div class=\"elementor-element elementor-element-b567936 elementor-widget elementor-widget-text-editor\" data-id=\"b567936\" data-element_type=\"widget\" data-e-type=\"widget\" data-widget_type=\"text-editor.default\">\n\t\t\t\t<div class=\"elementor-widget-container\">\n\t\t\t\t\t\t\t\t\t<h3><span style=\"color: #000000;\">2027 eGT4 WSC Drivers:<\/span><\/h3>\t\t\t\t\t\t\t\t<\/div>\n\t\t\t\t<\/div>\n\t\t\t\t\t<\/div>\n\t\t\t\t<\/div>\n\t\t<div class=\"elementor-element elementor-element-d5ed95b e-grid e-con-boxed e-con e-parent\" data-id=\"d5ed95b\" data-element_type=\"container\" data-e-type=\"container\">\n\t\t\t\t\t<div class=\"e-con-inner\">\n\t\t\t\t\t<\/div>\n\t\t\t\t<\/div>\n\t\t<div class=\"elementor-element elementor-element-C7MMyzU e-flex e-con-boxed e-con e-parent\" data-id=\"C7MMyzU\" data-element_type=\"container\" data-e-type=\"container\" data-settings=\"{&quot;background_background&quot;:&quot;classic&quot;}\">\n\t\t\t\t\t<div class=\"e-con-inner\">\n\t\t<div class=\"elementor-element elementor-element-s3y9zdR e-con-full e-flex e-con e-child\" data-id=\"s3y9zdR\" data-element_type=\"container\" data-e-type=\"container\">\n\t\t\t\t<div class=\"elementor-element elementor-element-yktc7Eo elementor-widget elementor-widget-heading\" data-id=\"yktc7Eo\" data-element_type=\"widget\" data-e-type=\"widget\" data-widget_type=\"heading.default\">\n\t\t\t\t<div class=\"elementor-widget-container\">\n\t\t\t\t\t<h4 class=\"elementor-heading-title elementor-size-default\">Join the 2027 eGT4 WSC Series and Challenge the world<\/h4>\t\t\t\t<\/div>\n\t\t\t\t<\/div>\n\t\t\t\t<div class=\"elementor-element elementor-element-Xyx8vHb elementor-widget elementor-widget-text-editor\" data-id=\"Xyx8vHb\" data-element_type=\"widget\" data-e-type=\"widget\" data-widget_type=\"text-editor.default\">\n\t\t\t\t<div class=\"elementor-widget-container\">\n\t\t\t\t\t\t\t\t\t<p><span style=\"color: #000000;\">Looking to experience the thrill of racing in a dynamic and innovative series? Join the 2027 eGT4 WSC 40-60 minutes sprint racing series and be a part of the electric and hybrid revolution. With a focus on customer racing teams, professional racing teams and automotive manufacturers, 2027 eGT4 WSC offers a competitive platform to showcase the capabilities and potential of electric and hybrid technology in a high-performance sprint racing setting. Don\u2019t miss this opportunity to make history and to break world speed and endurance records. Register now for the 2027 eGT4 WSC!<\/span><\/p>\t\t\t\t\t\t\t\t<\/div>\n\t\t\t\t<\/div>\n\t\t\t\t<\/div>\n\t\t<div class=\"elementor-element elementor-element-u4lF8S5 e-con-full e-flex e-con e-child\" data-id=\"u4lF8S5\" data-element_type=\"container\" data-e-type=\"container\">\n\t\t\t\t<div class=\"elementor-element elementor-element-9IcFUsc elementor-widget elementor-widget-image\" data-id=\"9IcFUsc\" data-element_type=\"widget\" data-e-type=\"widget\" data-widget_type=\"image.default\">\n\t\t\t\t<div class=\"elementor-widget-container\">\n\t\t\t\t\t\t\t\t\t\t\t\t\t\t\t<img fetchpriority=\"high\" decoding=\"async\" data-attachment-id=\"177\" data-permalink=\"https:\/\/worldspeedchallenge.com\/sv\/porsche-718-ccayman-gt4-e-prestanda\/\" data-orig-file=\"https:\/\/i0.wp.com\/worldspeedchallenge.com\/wp-content\/uploads\/2023\/11\/Porsche-718-Ccayman-gt4-e-Performance-e1700946551723.webp?fit=1440%2C810&amp;ssl=1\" data-orig-size=\"1440,810\" data-comments-opened=\"1\" data-image-meta=\"{&quot;aperture&quot;:&quot;5&quot;,&quot;credit&quot;:&quot;&quot;,&quot;camera&quot;:&quot;Canon EOS R5&quot;,&quot;caption&quot;:&quot;&quot;,&quot;created_timestamp&quot;:&quot;1667742343&quot;,&quot;copyright&quot;:&quot;&quot;,&quot;focal_length&quot;:&quot;70&quot;,&quot;iso&quot;:&quot;100&quot;,&quot;shutter_speed&quot;:&quot;0.004&quot;,&quot;title&quot;:&quot;&quot;,&quot;orientation&quot;:&quot;1&quot;}\" data-image-title=\"Porsche 718 Ccayman gt4 e Performance\" data-image-description=\"\" data-image-caption=\"\" data-large-file=\"https:\/\/i0.wp.com\/worldspeedchallenge.com\/wp-content\/uploads\/2023\/11\/Porsche-718-Ccayman-gt4-e-Performance-e1700946551723.webp?fit=640%2C360&amp;ssl=1\" width=\"1200\" height=\"900\" src=\"https:\/\/i0.wp.com\/worldspeedchallenge.com\/wp-content\/uploads\/2023\/11\/Porsche-718-Ccayman-gt4-e-Performance-e1700946551723.webp?resize=1200%2C810&amp;ssl=1\" class=\"attachment-newspack-article-block-landscape-large size-newspack-article-block-landscape-large wp-image-177\" alt=\"\" \/>\t\t\t\t\t\t\t\t\t\t\t\t\t\t\t<\/div>\n\t\t\t\t<\/div>\n\t\t\t\t<\/div>\n\t\t\t\t\t<\/div>\n\t\t\t\t<\/div>\n\t\t\t\t<\/div>","protected":false},"excerpt":{"rendered":"<p>2027 eGT4 WSC2027 eGT4 World Speed Challenge utmanar v\u00e4rlden till en utmaning! V\u00e4lkommen till...<\/p>","protected":false},"author":165558846,"featured_media":0,"parent":0,"menu_order":0,"comment_status":"closed","ping_status":"closed","template":"","meta":{"_crdt_document":"","advanced_seo_description":"","jetpack_seo_html_title":"","jetpack_seo_noindex":false,"footnotes":""},"class_list":["post-75","page","type-page","status-publish","hentry"],"jetpack_likes_enabled":true,"jetpack_sharing_enabled":true,"jetpack_shortlink":"https:\/\/wp.me\/Pf1Pzv-1d","jetpack-related-posts":[],"_links":{"self":[{"href":"https:\/\/worldspeedchallenge.com\/sv\/wp-json\/wp\/v2\/pages\/75","targetHints":{"allow":["GET"]}}],"collection":[{"href":"https:\/\/worldspeedchallenge.com\/sv\/wp-json\/wp\/v2\/pages"}],"about":[{"href":"https:\/\/worldspeedchallenge.com\/sv\/wp-json\/wp\/v2\/types\/page"}],"author":[{"embeddable":true,"href":"https:\/\/worldspeedchallenge.com\/sv\/wp-json\/wp\/v2\/users\/165558846"}],"replies":[{"embeddable":true,"href":"https:\/\/worldspeedchallenge.com\/sv\/wp-json\/wp\/v2\/comments?post=75"}],"version-history":[{"count":100,"href":"https:\/\/worldspeedchallenge.com\/sv\/wp-json\/wp\/v2\/pages\/75\/revisions"}],"predecessor-version":[{"id":2220,"href":"https:\/\/worldspeedchallenge.com\/sv\/wp-json\/wp\/v2\/pages\/75\/revisions\/2220"}],"wp:attachment":[{"href":"https:\/\/worldspeedchallenge.com\/sv\/wp-json\/wp\/v2\/media?parent=75"}],"curies":[{"name":"wp","href":"https:\/\/api.w.org\/{rel}","templated":true}]}}