{"id":2479,"date":"2024-09-01T20:01:09","date_gmt":"2024-09-02T03:01:09","guid":{"rendered":"https:\/\/worldspeedchallenge.com\/?page_id=2479"},"modified":"2024-09-01T21:22:56","modified_gmt":"2024-09-02T04:22:56","slug":"gt1-h-wec","status":"publish","type":"page","link":"https:\/\/worldspeedchallenge.com\/sv\/gt1-h-wec\/","title":{"rendered":"GT1 H WEC"},"content":{"rendered":"<div data-elementor-type=\"wp-page\" data-elementor-id=\"2479\" class=\"elementor elementor-2479\" data-elementor-post-type=\"page\">\n\t\t\t\t<div class=\"elementor-element elementor-element-82170a9 e-flex e-con-boxed e-con e-parent\" data-id=\"82170a9\" data-element_type=\"container\" data-e-type=\"container\">\n\t\t\t\t\t<div class=\"e-con-inner\">\n\t\t\t\t<div class=\"elementor-element elementor-element-0317d2a elementor--h-position-center elementor--v-position-middle elementor-arrows-position-inside elementor-pagination-position-inside elementor-widget elementor-widget-slides\" data-id=\"0317d2a\" data-element_type=\"widget\" data-e-type=\"widget\" data-settings=\"{&quot;navigation&quot;:&quot;both&quot;,&quot;autoplay&quot;:&quot;yes&quot;,&quot;pause_on_hover&quot;:&quot;yes&quot;,&quot;pause_on_interaction&quot;:&quot;yes&quot;,&quot;autoplay_speed&quot;:5000,&quot;infinite&quot;:&quot;yes&quot;,&quot;transition&quot;:&quot;slide&quot;,&quot;transition_speed&quot;:500}\" data-widget_type=\"slides.default\">\n\t\t\t\t<div class=\"elementor-widget-container\">\n\t\t\t\t\t\t\t\t\t<div class=\"elementor-swiper\">\n\t\t\t\t\t<div class=\"elementor-slides-wrapper elementor-main-swiper swiper\" role=\"region\" aria-roledescription=\"carousel\" aria-label=\"Bildspel\" dir=\"ltr\" data-animation=\"fadeInUp\">\n\t\t\t\t<div class=\"swiper-wrapper elementor-slides\">\n\t\t\t\t\t\t\t\t\t\t<div class=\"elementor-repeater-item-56bfc7a swiper-slide\" role=\"group\" aria-roledescription=\"slide\"><div class=\"swiper-slide-bg\" role=\"img\" aria-label=\"GT1 H World Endurance Challenge-serien\"><\/div><div class=\"swiper-slide-inner\" ><div class=\"swiper-slide-contents\"><div class=\"elementor-slide-heading\">GT1 H WEC<\/div><div class=\"elementor-slide-description\">2027 GT1 H World Endurance Challenge utmanar v\u00e4rlden att utmana!\nD\u00e4r legender f\u00f6ds, m\u00e4stare kr\u00f6ns!\nOch d\u00e4r historiska hastighets- och uth\u00e5llighetsrekord ska skapas och brytas!\n<\/div><div  class=\"elementor-button elementor-slide-button elementor-size-sm\">Klicka h\u00e4r<\/div><\/div><\/div><\/div><div class=\"elementor-repeater-item-70c7304 swiper-slide\" role=\"group\" aria-roledescription=\"slide\"><div class=\"swiper-slide-bg\"><\/div><div class=\"swiper-slide-inner\" ><div class=\"swiper-slide-contents\"><div class=\"elementor-slide-heading\">GT1 H WEC<\/div><div class=\"elementor-slide-description\">2027 GT1 H World Endurance Challenge utmanar v\u00e4rlden att utmana!\nD\u00e4r legender f\u00f6ds, m\u00e4stare kr\u00f6ns!\nOch d\u00e4r historiska hastighets- och uth\u00e5llighetsrekord ska skapas och brytas!\n<\/div><div  class=\"elementor-button elementor-slide-button elementor-size-sm\">Klicka h\u00e4r<\/div><\/div><\/div><\/div><div class=\"elementor-repeater-item-b501232 swiper-slide\" role=\"group\" aria-roledescription=\"slide\"><div class=\"swiper-slide-bg\"><\/div><div class=\"swiper-slide-inner\" ><div class=\"swiper-slide-contents\"><div class=\"elementor-slide-heading\">GT1 H WEC<\/div><div class=\"elementor-slide-description\">2027 GT1 H World Endurance Challenge utmanar v\u00e4rlden att utmana!\nD\u00e4r legender f\u00f6ds, m\u00e4stare kr\u00f6ns!\nOch d\u00e4r historiska hastighets- och uth\u00e5llighetsrekord ska skapas och brytas!\n<\/div><div  class=\"elementor-button elementor-slide-button elementor-size-sm\">Klicka h\u00e4r<\/div><\/div><\/div><\/div>\t\t\t\t<\/div>\n\t\t\t\t\t\t\t\t\t\t\t\t\t\t\t<div class=\"elementor-swiper-button elementor-swiper-button-prev\" role=\"button\" tabindex=\"0\" aria-label=\"F\u00f6reg\u00e5ende bild\" data-no-translation-aria-label=\"\">\n\t\t\t\t\t\t\t<svg aria-hidden=\"true\" class=\"e-font-icon-svg e-eicon-chevron-left\" viewbox=\"0 0 1000 1000\" xmlns=\"http:\/\/www.w3.org\/2000\/svg\"><path d=\"M646 125C629 125 613 133 604 142L308 442C296 454 292 471 292 487 292 504 296 521 308 533L604 854C617 867 629 875 646 875 663 875 679 871 692 858 704 846 713 829 713 812 713 796 708 779 692 767L438 487 692 225C700 217 708 204 708 187 708 171 704 154 692 142 675 129 663 125 646 125Z\"><\/path><\/svg>\t\t\t\t\t\t<\/div>\n\t\t\t\t\t\t<div class=\"elementor-swiper-button elementor-swiper-button-next\" role=\"button\" tabindex=\"0\" aria-label=\"N\u00e4sta bild\" data-no-translation-aria-label=\"\">\n\t\t\t\t\t\t\t<svg aria-hidden=\"true\" class=\"e-font-icon-svg e-eicon-chevron-right\" viewbox=\"0 0 1000 1000\" xmlns=\"http:\/\/www.w3.org\/2000\/svg\"><path d=\"M696 533C708 521 713 504 713 487 713 471 708 454 696 446L400 146C388 133 375 125 354 125 338 125 325 129 313 142 300 154 292 171 292 187 292 204 296 221 308 233L563 492 304 771C292 783 288 800 288 817 288 833 296 850 308 863 321 871 338 875 354 875 371 875 388 867 400 854L696 533Z\"><\/path><\/svg>\t\t\t\t\t\t<\/div>\n\t\t\t\t\t\t\t\t\t\t\t\t\t\t\t\t<div class=\"swiper-pagination\"><\/div>\n\t\t\t\t\t\t\t\t\t\t\t\t<\/div>\n\t\t\t\t<\/div>\n\t\t\t\t\t\t\t\t<\/div>\n\t\t\t\t<\/div>\n\t\t\t\t\t<\/div>\n\t\t\t\t<\/div>\n\t\t<div class=\"elementor-element elementor-element-66d7656 e-flex e-con-boxed e-con e-parent\" data-id=\"66d7656\" data-element_type=\"container\" data-e-type=\"container\">\n\t\t\t\t\t<div class=\"e-con-inner\">\n\t\t\t\t<div class=\"elementor-element elementor-element-0fce7f1 elementor-widget elementor-widget-text-editor\" data-id=\"0fce7f1\" data-element_type=\"widget\" data-e-type=\"widget\" data-widget_type=\"text-editor.default\">\n\t\t\t\t<div class=\"elementor-widget-container\">\n\t\t\t\t\t\t\t\t\t<h4 style=\"text-align: center;\"><span style=\"color: #000000;\"><strong>2027 GT1 H World Endurance Challenge utmanar v\u00e4rlden till en utmaning!<\/strong><\/span><\/h4><h4 style=\"text-align: center;\"><span style=\"color: #000000;\"><strong>D\u00e4r legender f\u00f6ds och m\u00e4stare kr\u00f6ns!<br \/>Och d\u00e4r historiska hastighets- och uth\u00e5llighetsrekord ska g\u00f6ras och sl\u00e5s!<\/strong><\/span><\/h4>\t\t\t\t\t\t\t\t<\/div>\n\t\t\t\t<\/div>\n\t\t\t\t\t<\/div>\n\t\t\t\t<\/div>\n\t\t<div class=\"elementor-element elementor-element-b7c609d e-flex e-con-boxed e-con e-parent\" data-id=\"b7c609d\" data-element_type=\"container\" data-e-type=\"container\">\n\t\t\t\t\t<div class=\"e-con-inner\">\n\t\t\t\t<div class=\"elementor-element elementor-element-25fb283 elementor-widget elementor-widget-text-editor\" data-id=\"25fb283\" data-element_type=\"widget\" data-e-type=\"widget\" data-widget_type=\"text-editor.default\">\n\t\t\t\t<div class=\"elementor-widget-container\">\n\t\t\t\t\t\t\t\t\t<p><span style=\"color: #000000;\">2027 \u00e5rs eGT1 World Endurance Challenge 2 timmar till 24 timmar-serie syftar till att blanda eGT2-prototyptekniken och utmana gr\u00e4nserna f\u00f6r otrolig innovationsutveckling av prestanda och h\u00f6ja tekniken f\u00f6r att fr\u00e4mja el- och hybridracingv\u00e4rlden genom att skapa denna ultimata racingserie som betonar design, teknik, s\u00e4kerhet och teknik f\u00f6r elitelektriska och hybrida t\u00e4vlingsbilar eGT1. Detta ambiti\u00f6sa initiativ syftar till att erbjuda professionella team och tillverkare en racingplattform som lyfter fram det b\u00e4sta inom banbrytande el- och hybridteknik f\u00f6r bilar i hela v\u00e4rlden.<\/span><\/p>\t\t\t\t\t\t\t\t<\/div>\n\t\t\t\t<\/div>\n\t\t\t\t\t<\/div>\n\t\t\t\t<\/div>\n\t\t<div class=\"elementor-element elementor-element-3cd46f2 e-flex e-con-boxed e-con e-parent\" data-id=\"3cd46f2\" data-element_type=\"container\" data-e-type=\"container\">\n\t\t\t\t\t<div class=\"e-con-inner\">\n\t\t\t\t<div class=\"elementor-element elementor-element-e2a91cd elementor-widget elementor-widget-text-editor\" data-id=\"e2a91cd\" data-element_type=\"widget\" data-e-type=\"widget\" data-widget_type=\"text-editor.default\">\n\t\t\t\t<div class=\"elementor-widget-container\">\n\t\t\t\t\t\t\t\t\t<h4><strong><span style=\"color: #000000;\">2027 GT1 H WEC Hybrid Hypercar Tekniska f\u00f6reskrifter:<\/span><br \/><\/strong><\/h4><p><span style=\"color: #000000;\">2027 eGT1 Tekniska f\u00f6reskrifter \u00e4r direkt input fr\u00e5n tillverkarna och \u00e4r avg\u00f6rande f\u00f6r s\u00e4kerhet och homologering av utvecklingsstandarderna f\u00f6r 2027 eGT1 racerbilar f\u00f6r t\u00e4vling.<\/span><\/p><p><span style=\"color: #000000;\">The following information reflects the current situation regarding technical sporting and regulatory format regulation for the 2027 eGT3 WEC &amp; WSC &amp; E World Grand Prix season. It is subject to change at any time.<\/span><\/p><p><span style=\"color: #000000;\">2027 GT1 H tekniskt sport- och regleringsformat reglering: pdf kommer att publiceras snart.<\/span><\/p><p><strong>\u00a0<\/strong><\/p>\t\t\t\t\t\t\t\t<\/div>\n\t\t\t\t<\/div>\n\t\t\t\t\t<\/div>\n\t\t\t\t<\/div>\n\t\t<div class=\"elementor-element elementor-element-15b8640 e-flex e-con-boxed e-con e-parent\" data-id=\"15b8640\" data-element_type=\"container\" data-e-type=\"container\">\n\t\t\t\t\t<div class=\"e-con-inner\">\n\t\t\t\t<div class=\"elementor-element elementor-element-828c4a1 elementor-widget elementor-widget-text-editor\" data-id=\"828c4a1\" data-element_type=\"widget\" data-e-type=\"widget\" data-widget_type=\"text-editor.default\">\n\t\t\t\t<div class=\"elementor-widget-container\">\n\t\t\t\t\t\t\t\t\t<h4><span style=\"color: #000000;\"><strong>2027 GT1 H WEC Hybrid Hypercar Registrering:<br \/><\/strong><\/span><\/h4><p><span style=\"color: #000000;\">2027 eGT1 WEC-registrering kommer att \u00f6ppnas inom kort<\/span><\/p><h4><span style=\"color: #000000;\"><strong>\u00a0<\/strong><\/span><\/h4>\t\t\t\t\t\t\t\t<\/div>\n\t\t\t\t<\/div>\n\t\t\t\t\t<\/div>\n\t\t\t\t<\/div>\n\t\t<div class=\"elementor-element elementor-element-558ce5b e-flex e-con-boxed e-con e-parent\" data-id=\"558ce5b\" data-element_type=\"container\" data-e-type=\"container\">\n\t\t\t\t\t<div class=\"e-con-inner\">\n\t\t\t\t<div class=\"elementor-element elementor-element-b54c4b7 elementor-widget elementor-widget-text-editor\" data-id=\"b54c4b7\" data-element_type=\"widget\" data-e-type=\"widget\" data-widget_type=\"text-editor.default\">\n\t\t\t\t<div class=\"elementor-widget-container\">\n\t\t\t\t\t\t\t\t\t<h4><span style=\"color: #000000;\"><strong>2027 GT1 H WEC Evenemang:<br \/><\/strong><\/span><\/h4><p><span style=\"color: #000000;\">2027 Datum och plats kommer att best\u00e4mmas.<\/span><\/p><p><span style=\"color: #000000;\">2027 T\u00e4vlingskalender<\/span><\/p><h4><span style=\"color: #000000;\"><strong>\u00a0<\/strong><\/span><\/h4>\t\t\t\t\t\t\t\t<\/div>\n\t\t\t\t<\/div>\n\t\t\t\t\t<\/div>\n\t\t\t\t<\/div>\n\t\t<div class=\"elementor-element elementor-element-b879b66 e-flex e-con-boxed e-con e-parent\" data-id=\"b879b66\" data-element_type=\"container\" data-e-type=\"container\">\n\t\t\t\t\t<div class=\"e-con-inner\">\n\t\t\t\t<div class=\"elementor-element elementor-element-7c08ae7 elementor-widget elementor-widget-text-editor\" data-id=\"7c08ae7\" data-element_type=\"widget\" data-e-type=\"widget\" data-widget_type=\"text-editor.default\">\n\t\t\t\t<div class=\"elementor-widget-container\">\n\t\t\t\t\t\t\t\t\t<h4><span style=\"color: #000000;\"><strong>2027 GT1 H WEC Sponsorer:<\/strong><\/span><\/h4>\t\t\t\t\t\t\t\t<\/div>\n\t\t\t\t<\/div>\n\t\t\t\t\t<\/div>\n\t\t\t\t<\/div>\n\t\t<div class=\"elementor-element elementor-element-4a5a44b e-grid e-con-boxed e-con e-parent\" data-id=\"4a5a44b\" data-element_type=\"container\" data-e-type=\"container\">\n\t\t\t\t\t<div class=\"e-con-inner\">\n\t\t\t\t\t<\/div>\n\t\t\t\t<\/div>\n\t\t<div class=\"elementor-element elementor-element-80dc7af e-flex e-con-boxed e-con e-parent\" data-id=\"80dc7af\" data-element_type=\"container\" data-e-type=\"container\">\n\t\t\t\t\t<div class=\"e-con-inner\">\n\t\t\t\t<div class=\"elementor-element elementor-element-097ecc7 elementor-widget elementor-widget-text-editor\" data-id=\"097ecc7\" data-element_type=\"widget\" data-e-type=\"widget\" data-widget_type=\"text-editor.default\">\n\t\t\t\t<div class=\"elementor-widget-container\">\n\t\t\t\t\t\t\t\t\t<h4><span style=\"color: #000000;\"><strong>2027 GT1 H WEC Hybrid Hypercar Tillverkare:<\/strong><\/span><\/h4>\t\t\t\t\t\t\t\t<\/div>\n\t\t\t\t<\/div>\n\t\t\t\t\t<\/div>\n\t\t\t\t<\/div>\n\t\t<div class=\"elementor-element elementor-element-532d1a8 e-grid e-con-boxed e-con e-parent\" data-id=\"532d1a8\" data-element_type=\"container\" data-e-type=\"container\">\n\t\t\t\t\t<div class=\"e-con-inner\">\n\t\t\t\t\t<\/div>\n\t\t\t\t<\/div>\n\t\t<div class=\"elementor-element elementor-element-0154495 e-flex e-con-boxed e-con e-parent\" data-id=\"0154495\" data-element_type=\"container\" data-e-type=\"container\">\n\t\t\t\t\t<div class=\"e-con-inner\">\n\t\t\t\t<div class=\"elementor-element elementor-element-53e3315 elementor-widget elementor-widget-text-editor\" data-id=\"53e3315\" data-element_type=\"widget\" data-e-type=\"widget\" data-widget_type=\"text-editor.default\">\n\t\t\t\t<div class=\"elementor-widget-container\">\n\t\t\t\t\t\t\t\t\t<h4><span style=\"color: #000000;\"><strong>2027 GT1 H WEC Hybrid Hypercar-team:<\/strong><\/span><\/h4>\t\t\t\t\t\t\t\t<\/div>\n\t\t\t\t<\/div>\n\t\t\t\t\t<\/div>\n\t\t\t\t<\/div>\n\t\t<div class=\"elementor-element elementor-element-55633b7 e-grid e-con-boxed e-con e-parent\" data-id=\"55633b7\" data-element_type=\"container\" data-e-type=\"container\">\n\t\t\t\t\t<div class=\"e-con-inner\">\n\t\t\t\t\t<\/div>\n\t\t\t\t<\/div>\n\t\t<div class=\"elementor-element elementor-element-527f442 e-flex e-con-boxed e-con e-parent\" data-id=\"527f442\" data-element_type=\"container\" data-e-type=\"container\">\n\t\t\t\t\t<div class=\"e-con-inner\">\n\t\t\t\t<div class=\"elementor-element elementor-element-bbf3e5f elementor-widget elementor-widget-text-editor\" data-id=\"bbf3e5f\" data-element_type=\"widget\" data-e-type=\"widget\" data-widget_type=\"text-editor.default\">\n\t\t\t\t<div class=\"elementor-widget-container\">\n\t\t\t\t\t\t\t\t\t<p><span style=\"color: #000000;\"><strong>2027 GT1 H WEC Hybrid Hypercar F\u00f6rare:<\/strong><\/span><\/p>\t\t\t\t\t\t\t\t<\/div>\n\t\t\t\t<\/div>\n\t\t\t\t\t<\/div>\n\t\t\t\t<\/div>\n\t\t<div class=\"elementor-element elementor-element-25219d4 e-grid e-con-boxed e-con e-parent\" data-id=\"25219d4\" data-element_type=\"container\" data-e-type=\"container\">\n\t\t\t\t\t<div class=\"e-con-inner\">\n\t\t\t\t\t<\/div>\n\t\t\t\t<\/div>\n\t\t\t\t<\/div>","protected":false},"excerpt":{"rendered":"<p>GT1 H WEC2027 GT1 H World Endurance Challenge utmanar v\u00e4rlden att utmana! Var...<\/p>","protected":false},"author":165558846,"featured_media":0,"parent":0,"menu_order":0,"comment_status":"closed","ping_status":"closed","template":"","meta":{"_crdt_document":"","advanced_seo_description":"","jetpack_seo_html_title":"","jetpack_seo_noindex":false,"footnotes":""},"class_list":["post-2479","page","type-page","status-publish","hentry"],"jetpack_likes_enabled":true,"jetpack_sharing_enabled":true,"jetpack_shortlink":"https:\/\/wp.me\/Pf1Pzv-DZ","jetpack-related-posts":[],"_links":{"self":[{"href":"https:\/\/worldspeedchallenge.com\/sv\/wp-json\/wp\/v2\/pages\/2479","targetHints":{"allow":["GET"]}}],"collection":[{"href":"https:\/\/worldspeedchallenge.com\/sv\/wp-json\/wp\/v2\/pages"}],"about":[{"href":"https:\/\/worldspeedchallenge.com\/sv\/wp-json\/wp\/v2\/types\/page"}],"author":[{"embeddable":true,"href":"https:\/\/worldspeedchallenge.com\/sv\/wp-json\/wp\/v2\/users\/165558846"}],"replies":[{"embeddable":true,"href":"https:\/\/worldspeedchallenge.com\/sv\/wp-json\/wp\/v2\/comments?post=2479"}],"version-history":[{"count":8,"href":"https:\/\/worldspeedchallenge.com\/sv\/wp-json\/wp\/v2\/pages\/2479\/revisions"}],"predecessor-version":[{"id":2542,"href":"https:\/\/worldspeedchallenge.com\/sv\/wp-json\/wp\/v2\/pages\/2479\/revisions\/2542"}],"wp:attachment":[{"href":"https:\/\/worldspeedchallenge.com\/sv\/wp-json\/wp\/v2\/media?parent=2479"}],"curies":[{"name":"wp","href":"https:\/\/api.w.org\/{rel}","templated":true}]}}