{"id":147,"date":"2023-11-22T14:14:54","date_gmt":"2023-11-22T22:14:54","guid":{"rendered":"https:\/\/worldspeedchallenge.com\/?page_id=147"},"modified":"2024-07-04T11:22:15","modified_gmt":"2024-07-04T18:22:15","slug":"wsc-wec-officiella-partners","status":"publish","type":"page","link":"https:\/\/worldspeedchallenge.com\/sv\/wsc-wec-officiella-partners\/","title":{"rendered":"WSC &amp; WEC officiella partners"},"content":{"rendered":"<div data-elementor-type=\"wp-page\" data-elementor-id=\"147\" class=\"elementor elementor-147\" data-elementor-post-type=\"page\">\n\t\t\t\t<div class=\"elementor-element elementor-element-0a5bf75 e-flex e-con-boxed e-con e-parent\" data-id=\"0a5bf75\" data-element_type=\"container\" data-e-type=\"container\">\n\t\t\t\t\t<div class=\"e-con-inner\">\n\t\t\t\t<div class=\"elementor-element elementor-element-5e57c87 elementor--h-position-center elementor--v-position-middle elementor-arrows-position-inside elementor-pagination-position-inside elementor-widget elementor-widget-slides\" data-id=\"5e57c87\" data-element_type=\"widget\" data-e-type=\"widget\" data-settings=\"{&quot;autoplay_speed&quot;:8000,&quot;transition&quot;:&quot;fade&quot;,&quot;navigation&quot;:&quot;both&quot;,&quot;autoplay&quot;:&quot;yes&quot;,&quot;pause_on_hover&quot;:&quot;yes&quot;,&quot;pause_on_interaction&quot;:&quot;yes&quot;,&quot;infinite&quot;:&quot;yes&quot;,&quot;transition_speed&quot;:500}\" data-widget_type=\"slides.default\">\n\t\t\t\t<div class=\"elementor-widget-container\">\n\t\t\t\t\t\t\t\t\t<div class=\"elementor-swiper\">\n\t\t\t\t\t<div class=\"elementor-slides-wrapper elementor-main-swiper swiper\" role=\"region\" aria-roledescription=\"carousel\" aria-label=\"\u30b9\u30e9\u30a4\u30c9\" dir=\"ltr\" data-animation=\"fadeInUp\">\n\t\t\t\t<div class=\"swiper-wrapper elementor-slides\">\n\t\t\t\t\t\t\t\t\t\t<div class=\"elementor-repeater-item-d603dd0 swiper-slide\" role=\"group\" aria-roledescription=\"slide\"><div class=\"swiper-slide-bg\" role=\"img\" aria-label=\"World Speed Challenge Back Drop\"><\/div><div class=\"swiper-slide-inner\" ><div class=\"swiper-slide-contents\"><div class=\"elementor-slide-heading\">2027 WSC &amp; WEC Officiella partners<\/div><div class=\"elementor-slide-description\">2027 WSC &amp; WEC utmanar v\u00e4rlden till en utmaning!\nD\u00e4r legender f\u00f6ds, m\u00e4stare kr\u00f6ns!\nOch d\u00e4r historiska hastighets- och uth\u00e5llighetsrekord ska skapas och brytas!<\/div><div  class=\"elementor-button elementor-slide-button elementor-size-sm\">Klicka h\u00e4r<\/div><\/div><\/div><\/div><div class=\"elementor-repeater-item-50fe7db swiper-slide\" role=\"group\" aria-roledescription=\"slide\"><div class=\"swiper-slide-bg\" role=\"img\" aria-label=\"Festival of Speed Start- och m\u00e5llinje\"><\/div><div class=\"swiper-slide-inner\" ><div class=\"swiper-slide-contents\"><div class=\"elementor-slide-heading\">2027 WSC &amp; WEC Officiella partners<\/div><div class=\"elementor-slide-description\">2027 WSC &amp; WEC utmanar v\u00e4rlden till en utmaning!\nD\u00e4r legender f\u00f6ds, m\u00e4stare kr\u00f6ns!\nOch d\u00e4r historiska hastighets- och uth\u00e5llighetsrekord ska skapas och brytas!<\/div><div  class=\"elementor-button elementor-slide-button elementor-size-sm\">Klicka h\u00e4r<\/div><\/div><\/div><\/div><div class=\"elementor-repeater-item-36ae3f6 swiper-slide\" role=\"group\" aria-roledescription=\"slide\"><div class=\"swiper-slide-bg\" role=\"img\" aria-label=\"World Speed Challenge Back Drop 3\"><\/div><div class=\"swiper-slide-inner\" ><div class=\"swiper-slide-contents\"><div class=\"elementor-slide-heading\">2027 WSC &amp; WEC Officiella partners<\/div><div class=\"elementor-slide-description\">2027 WSC &amp; WEC utmanar v\u00e4rlden till en utmaning!\nD\u00e4r legender f\u00f6ds, m\u00e4stare kr\u00f6ns!\nOch d\u00e4r historiska hastighets- och uth\u00e5llighetsrekord ska skapas och brytas!<\/div><div  class=\"elementor-button elementor-slide-button elementor-size-sm\">Klicka h\u00e4r<\/div><\/div><\/div><\/div>\t\t\t\t<\/div>\n\t\t\t\t\t\t\t\t\t\t\t\t\t\t\t<div class=\"elementor-swiper-button elementor-swiper-button-prev\" role=\"button\" tabindex=\"0\" aria-label=\"F\u00f6reg\u00e5ende bild\">\n\t\t\t\t\t\t\t<svg aria-hidden=\"true\" class=\"e-font-icon-svg e-eicon-chevron-left\" viewbox=\"0 0 1000 1000\" xmlns=\"http:\/\/www.w3.org\/2000\/svg\"><path d=\"M646 125C629 125 613 133 604 142L308 442C296 454 292 471 292 487 292 504 296 521 308 533L604 854C617 867 629 875 646 875 663 875 679 871 692 858 704 846 713 829 713 812 713 796 708 779 692 767L438 487 692 225C700 217 708 204 708 187 708 171 704 154 692 142 675 129 663 125 646 125Z\"><\/path><\/svg>\t\t\t\t\t\t<\/div>\n\t\t\t\t\t\t<div class=\"elementor-swiper-button elementor-swiper-button-next\" role=\"button\" tabindex=\"0\" aria-label=\"N\u00e4sta bild\">\n\t\t\t\t\t\t\t<svg aria-hidden=\"true\" class=\"e-font-icon-svg e-eicon-chevron-right\" viewbox=\"0 0 1000 1000\" xmlns=\"http:\/\/www.w3.org\/2000\/svg\"><path d=\"M696 533C708 521 713 504 713 487 713 471 708 454 696 446L400 146C388 133 375 125 354 125 338 125 325 129 313 142 300 154 292 171 292 187 292 204 296 221 308 233L563 492 304 771C292 783 288 800 288 817 288 833 296 850 308 863 321 871 338 875 354 875 371 875 388 867 400 854L696 533Z\"><\/path><\/svg>\t\t\t\t\t\t<\/div>\n\t\t\t\t\t\t\t\t\t\t\t\t\t\t\t\t<div class=\"swiper-pagination\"><\/div>\n\t\t\t\t\t\t\t\t\t\t\t\t<\/div>\n\t\t\t\t<\/div>\n\t\t\t\t\t\t\t\t<\/div>\n\t\t\t\t<\/div>\n\t\t\t\t\t<\/div>\n\t\t\t\t<\/div>\n\t\t<div class=\"elementor-element elementor-element-9ec5739 e-flex e-con-boxed e-con e-parent\" data-id=\"9ec5739\" data-element_type=\"container\" data-e-type=\"container\">\n\t\t\t\t\t<div class=\"e-con-inner\">\n\t\t\t\t<div class=\"elementor-element elementor-element-728f1e3 elementor-widget elementor-widget-text-editor\" data-id=\"728f1e3\" data-element_type=\"widget\" data-e-type=\"widget\" data-widget_type=\"text-editor.default\">\n\t\t\t\t<div class=\"elementor-widget-container\">\n\t\t\t\t\t\t\t\t\t<h3 style=\"text-align: center;\"><span style=\"color: #000000;\"><strong>V\u00e5ra officiella partners f\u00f6r 2027 utmanar v\u00e4rlden till en utmaning!<br \/><\/strong><\/span><\/h3><h3 style=\"text-align: center;\"><span style=\"color: #000000;\"><strong>D\u00e4r legender f\u00f6ds och m\u00e4stare kr\u00f6ns!<br \/>Och d\u00e4r historiska hastighets- och uth\u00e5llighetsrekord ska g\u00f6ras och sl\u00e5s!<\/strong><\/span><\/h3><h4 style=\"text-align: center;\"><span style=\"color: #000000;\"><strong>\u00a0<\/strong><\/span><\/h4><p><span style=\"color: #000000;\"><br \/>V\u00e5rt uppdrag f\u00f6r WSC &amp; WEC \u00e4r att bygga en stark relation med v\u00e5ra partners som delar v\u00e5rt motorsportengagemang f\u00f6r att fr\u00e4mja intresset f\u00f6r hela e-motorsportgemenskapen genom att samarbeta med ikoniska varum\u00e4rken fr\u00e5n motorsportv\u00e4rlden f\u00f6r att skapa ett sammanh\u00e4ngande engagemang f\u00f6r att fr\u00e4mja e-motorsportgemenskapen.\u00a0<\/span><\/p>\t\t\t\t\t\t\t\t<\/div>\n\t\t\t\t<\/div>\n\t\t\t\t\t<\/div>\n\t\t\t\t<\/div>\n\t\t<div class=\"elementor-element elementor-element-a474395 e-flex e-con-boxed e-con e-parent\" data-id=\"a474395\" data-element_type=\"container\" data-e-type=\"container\">\n\t\t\t\t\t<div class=\"e-con-inner\">\n\t\t\t\t<div class=\"elementor-element elementor-element-13a2bdf elementor-widget elementor-widget-text-editor\" data-id=\"13a2bdf\" data-element_type=\"widget\" data-e-type=\"widget\" data-widget_type=\"text-editor.default\">\n\t\t\t\t<div class=\"elementor-widget-container\">\n\t\t\t\t\t\t\t\t\t<h3><span style=\"color: #000000;\">2027 Officiella f\u00f6retagspartner:<\/span><\/h3>\t\t\t\t\t\t\t\t<\/div>\n\t\t\t\t<\/div>\n\t\t\t\t\t<\/div>\n\t\t\t\t<\/div>\n\t\t<div class=\"elementor-element elementor-element-f088bbd e-grid e-con-boxed e-con e-parent\" data-id=\"f088bbd\" data-element_type=\"container\" data-e-type=\"container\">\n\t\t\t\t\t<div class=\"e-con-inner\">\n\t\t\t\t\t<\/div>\n\t\t\t\t<\/div>\n\t\t<div class=\"elementor-element elementor-element-f91f61b e-flex e-con-boxed e-con e-parent\" data-id=\"f91f61b\" data-element_type=\"container\" data-e-type=\"container\">\n\t\t\t\t\t<div class=\"e-con-inner\">\n\t\t\t\t<div class=\"elementor-element elementor-element-4e56bef elementor-widget elementor-widget-text-editor\" data-id=\"4e56bef\" data-element_type=\"widget\" data-e-type=\"widget\" data-widget_type=\"text-editor.default\">\n\t\t\t\t<div class=\"elementor-widget-container\">\n\t\t\t\t\t\t\t\t\t<h3><span style=\"color: #000000;\">2027 Parners inom fordonsindustrin:<\/span><\/h3>\t\t\t\t\t\t\t\t<\/div>\n\t\t\t\t<\/div>\n\t\t\t\t\t<\/div>\n\t\t\t\t<\/div>\n\t\t<div class=\"elementor-element elementor-element-0808ea1 e-grid e-con-boxed e-con e-parent\" data-id=\"0808ea1\" data-element_type=\"container\" data-e-type=\"container\">\n\t\t\t\t\t<div class=\"e-con-inner\">\n\t\t\t\t\t<\/div>\n\t\t\t\t<\/div>\n\t\t<div class=\"elementor-element elementor-element-2a42b42 e-flex e-con-boxed e-con e-parent\" data-id=\"2a42b42\" data-element_type=\"container\" data-e-type=\"container\">\n\t\t\t\t\t<div class=\"e-con-inner\">\n\t\t\t\t<div class=\"elementor-element elementor-element-f718c43 elementor-widget elementor-widget-text-editor\" data-id=\"f718c43\" data-element_type=\"widget\" data-e-type=\"widget\" data-widget_type=\"text-editor.default\">\n\t\t\t\t<div class=\"elementor-widget-container\">\n\t\t\t\t\t\t\t\t\t<h3><span style=\"color: #000000;\">2027 V\u00e4lg\u00f6renhetsorganisationer och stiftelser:<\/span><\/h3>\t\t\t\t\t\t\t\t<\/div>\n\t\t\t\t<\/div>\n\t\t\t\t\t<\/div>\n\t\t\t\t<\/div>\n\t\t<div class=\"elementor-element elementor-element-8d3e38a e-grid e-con-boxed e-con e-parent\" data-id=\"8d3e38a\" data-element_type=\"container\" data-e-type=\"container\">\n\t\t\t\t\t<div class=\"e-con-inner\">\n\t\t\t\t<div class=\"elementor-element elementor-element-ad90787 elementor-widget elementor-widget-image\" data-id=\"ad90787\" data-element_type=\"widget\" data-e-type=\"widget\" data-widget_type=\"image.default\">\n\t\t\t\t<div class=\"elementor-widget-container\">\n\t\t\t\t\t\t\t\t\t\t\t\t<figure class=\"wp-caption\">\n\t\t\t\t\t\t\t\t\t\t\t<a href=\"https:\/\/na.stand21.com\/company.r-1\/foundation.r-92\/\">\n\t\t\t\t\t\t\t<img fetchpriority=\"high\" decoding=\"async\" data-attachment-id=\"2245\" data-permalink=\"https:\/\/worldspeedchallenge.com\/sv\/wsc-wec-officiella-partners\/stand-21-racing-goes-safer-safety-foundation\/\" data-orig-file=\"https:\/\/i0.wp.com\/worldspeedchallenge.com\/wp-content\/uploads\/2024\/07\/Stand-21-Racing-Goes-Safer-Safety-Foundation.png?fit=225%2C225&amp;ssl=1\" data-orig-size=\"225,225\" data-comments-opened=\"1\" data-image-meta=\"{&quot;aperture&quot;:&quot;0&quot;,&quot;credit&quot;:&quot;&quot;,&quot;camera&quot;:&quot;&quot;,&quot;caption&quot;:&quot;&quot;,&quot;created_timestamp&quot;:&quot;0&quot;,&quot;copyright&quot;:&quot;&quot;,&quot;focal_length&quot;:&quot;0&quot;,&quot;iso&quot;:&quot;0&quot;,&quot;shutter_speed&quot;:&quot;0&quot;,&quot;title&quot;:&quot;&quot;,&quot;orientation&quot;:&quot;0&quot;}\" data-image-title=\"Stand 21 Racing Goes Safer Safety Foundation\" data-image-description=\"\" data-image-caption=\"\" data-large-file=\"https:\/\/i0.wp.com\/worldspeedchallenge.com\/wp-content\/uploads\/2024\/07\/Stand-21-Racing-Goes-Safer-Safety-Foundation.png?fit=225%2C225&amp;ssl=1\" width=\"225\" height=\"225\" src=\"https:\/\/i0.wp.com\/worldspeedchallenge.com\/wp-content\/uploads\/2024\/07\/Stand-21-Racing-Goes-Safer-Safety-Foundation.png?fit=225%2C225&amp;ssl=1\" class=\"attachment-medium size-medium wp-image-2245\" alt=\"\" srcset=\"https:\/\/i0.wp.com\/worldspeedchallenge.com\/wp-content\/uploads\/2024\/07\/Stand-21-Racing-Goes-Safer-Safety-Foundation.png?w=225&amp;ssl=1 225w, https:\/\/i0.wp.com\/worldspeedchallenge.com\/wp-content\/uploads\/2024\/07\/Stand-21-Racing-Goes-Safer-Safety-Foundation.png?resize=150%2C150&amp;ssl=1 150w, https:\/\/i0.wp.com\/worldspeedchallenge.com\/wp-content\/uploads\/2024\/07\/Stand-21-Racing-Goes-Safer-Safety-Foundation.png?resize=12%2C12&amp;ssl=1 12w, https:\/\/i0.wp.com\/worldspeedchallenge.com\/wp-content\/uploads\/2024\/07\/Stand-21-Racing-Goes-Safer-Safety-Foundation.png?resize=200%2C200&amp;ssl=1 200w\" sizes=\"(max-width: 225px) 100vw, 225px\" \/>\t\t\t\t\t\t\t\t<\/a>\n\t\t\t\t\t\t\t\t\t\t\t<figcaption class=\"widget-image-caption wp-caption-text\"><\/figcaption>\n\t\t\t\t\t\t\t\t\t\t<\/figure>\n\t\t\t\t\t\t\t\t\t<\/div>\n\t\t\t\t<\/div>\n\t\t\t\t\t<\/div>\n\t\t\t\t<\/div>\n\t\t<div class=\"elementor-element elementor-element-6b4a66a e-flex e-con-boxed e-con e-parent\" data-id=\"6b4a66a\" data-element_type=\"container\" data-e-type=\"container\">\n\t\t\t\t\t<div class=\"e-con-inner\">\n\t\t\t\t<div class=\"elementor-element elementor-element-96cfa2b elementor-widget elementor-widget-text-editor\" data-id=\"96cfa2b\" data-element_type=\"widget\" data-e-type=\"widget\" data-widget_type=\"text-editor.default\">\n\t\t\t\t<div class=\"elementor-widget-container\">\n\t\t\t\t\t\t\t\t\t<h3><span style=\"color: #000000;\">2027 Tracks:<\/span><\/h3>\t\t\t\t\t\t\t\t<\/div>\n\t\t\t\t<\/div>\n\t\t\t\t\t<\/div>\n\t\t\t\t<\/div>\n\t\t<div class=\"elementor-element elementor-element-4502183 e-grid e-con-boxed e-con e-parent\" data-id=\"4502183\" data-element_type=\"container\" data-e-type=\"container\">\n\t\t\t\t\t<div class=\"e-con-inner\">\n\t\t\t\t\t<\/div>\n\t\t\t\t<\/div>\n\t\t<div class=\"elementor-element elementor-element-lSTKU0W e-flex e-con-boxed e-con e-parent\" data-id=\"lSTKU0W\" data-element_type=\"container\" data-e-type=\"container\">\n\t\t\t\t\t<div class=\"e-con-inner\">\n\t\t<div class=\"elementor-element elementor-element-GZzpzK9 e-con-full e-flex e-con e-child\" data-id=\"GZzpzK9\" data-element_type=\"container\" data-e-type=\"container\">\n\t\t\t\t<div class=\"elementor-element elementor-element-zrSyz95 elementor-widget elementor-widget-image-carousel\" data-id=\"zrSyz95\" data-element_type=\"widget\" data-e-type=\"widget\" data-settings=\"{&quot;slides_to_show&quot;:&quot;1&quot;,&quot;navigation&quot;:&quot;Images&quot;,&quot;autoplay_speed&quot;:6000,&quot;autoplay&quot;:&quot;yes&quot;,&quot;pause_on_hover&quot;:&quot;yes&quot;,&quot;pause_on_interaction&quot;:&quot;yes&quot;,&quot;infinite&quot;:&quot;yes&quot;,&quot;effect&quot;:&quot;slide&quot;,&quot;speed&quot;:500}\" data-widget_type=\"image-carousel.default\">\n\t\t\t\t<div class=\"elementor-widget-container\">\n\t\t\t\t\t\t\t<div class=\"elementor-image-carousel-wrapper swiper\" role=\"region\" aria-roledescription=\"carousel\" aria-label=\"\u753b\u50cf\u30ab\u30eb\u30fc\u30bb\u30eb\" dir=\"ltr\">\n\t\t\t<div class=\"elementor-image-carousel swiper-wrapper\" aria-live=\"off\">\n\t\t\t\t\t\t\t\t<div class=\"swiper-slide\" role=\"group\" aria-roledescription=\"slide\" aria-label=\"1 \/ 5\"><figure class=\"swiper-slide-inner\"><img decoding=\"async\" class=\"swiper-slide-image\" src=\"https:\/\/i0.wp.com\/worldspeedchallenge.com\/wp-content\/uploads\/2024\/05\/EV-Festival-of-Speed-Corporate-Logo-for-Zoom-Background-2.webp?fit=451%2C363&amp;ssl=1\" alt=\"EV Festival of Speed\" \/><\/figure><\/div><div class=\"swiper-slide\" role=\"group\" aria-roledescription=\"slide\" aria-label=\"2 \/ 5\"><figure class=\"swiper-slide-inner\"><img decoding=\"async\" class=\"swiper-slide-image\" src=\"https:\/\/i0.wp.com\/worldspeedchallenge.com\/wp-content\/uploads\/2024\/05\/World-Speed-Challenge-Main-Logo-s.webp?fit=541%2C336&amp;ssl=1\" alt=\"World Speed Challenge\" \/><\/figure><\/div><div class=\"swiper-slide\" role=\"group\" aria-roledescription=\"slide\" aria-label=\"3 \/ 5\"><figure class=\"swiper-slide-inner\"><img decoding=\"async\" class=\"swiper-slide-image\" src=\"https:\/\/i0.wp.com\/worldspeedchallenge.com\/wp-content\/uploads\/2024\/05\/World-Endurance-Challenge-Logo-s.webp?fit=554%2C336&amp;ssl=1\" alt=\"World Endurance Challenge\" \/><\/figure><\/div><div class=\"swiper-slide\" role=\"group\" aria-roledescription=\"slide\" aria-label=\"4 \/ 5\"><figure class=\"swiper-slide-inner\"><img decoding=\"async\" class=\"swiper-slide-image\" src=\"https:\/\/i0.wp.com\/worldspeedchallenge.com\/wp-content\/uploads\/2024\/05\/EV-World-Racing-Association-Corporate-Logo-1-1.webp?fit=376%2C348&amp;ssl=1\" alt=\"EV World Racing Association\" \/><\/figure><\/div><div class=\"swiper-slide\" role=\"group\" aria-roledescription=\"slide\" aria-label=\"5 \/ 5\"><figure class=\"swiper-slide-inner\"><img decoding=\"async\" class=\"swiper-slide-image\" src=\"https:\/\/i0.wp.com\/worldspeedchallenge.com\/wp-content\/uploads\/2024\/05\/E-World-Grand-Prix-WEC.webp?fit=666%2C400&amp;ssl=1\" alt=\"E V\u00e4rldens Grand Prix\" \/><\/figure><\/div>\t\t\t<\/div>\n\t\t\t\t\t\t\t\n\t\t\t\t\t\t\t\t\t<\/div>\n\t\t\t\t\t\t<\/div>\n\t\t\t\t<\/div>\n\t\t\t\t<\/div>\n\t\t<div class=\"elementor-element elementor-element-FZSeEYR e-con-full e-flex e-con e-child\" data-id=\"FZSeEYR\" data-element_type=\"container\" data-e-type=\"container\">\n\t\t\t\t<div class=\"elementor-element elementor-element-iioRyc0 elementor-widget elementor-widget-heading\" data-id=\"iioRyc0\" data-element_type=\"widget\" data-e-type=\"widget\" data-widget_type=\"heading.default\">\n\t\t\t\t<div class=\"elementor-widget-container\">\n\t\t\t\t\t<h2 class=\"elementor-heading-title elementor-size-default\">G\u00e5 med i v\u00e5rt partnerskapsprogram 2027<\/h2>\t\t\t\t<\/div>\n\t\t\t\t<\/div>\n\t\t\t\t<div class=\"elementor-element elementor-element-AHn7643 elementor-widget__width-initial elementor-widget elementor-widget-text-editor\" data-id=\"AHn7643\" data-element_type=\"widget\" data-e-type=\"widget\" data-widget_type=\"text-editor.default\">\n\t\t\t\t<div class=\"elementor-widget-container\">\n\t\t\t\t\t\t\t\t\t<h4><span style=\"color: #000000;\">\u00c4r du intresserad av att bli partner med World Speed Challenge, World Endurance Challenge och EV Festival of Speed? V\u00e5rt partnerskapsprogram ger dig en unik m\u00f6jlighet att samarbeta med oss och visa upp ditt varum\u00e4rke bland framtidens e-motorsportare. Kontakta oss f\u00f6r att f\u00e5 veta mer om hur v\u00e5rt partnerskapsprogram kan gynna ditt varum\u00e4rke.<\/span><\/h4>\t\t\t\t\t\t\t\t<\/div>\n\t\t\t\t<\/div>\n\t\t\t\t<\/div>\n\t\t\t\t\t<\/div>\n\t\t\t\t<\/div>\n\t\t\t\t<\/div>","protected":false},"excerpt":{"rendered":"<p>2027 WSC &amp; WEC officiella partners2027 WSC &amp; WEC utmanar v\u00e4rlden till en...<\/p>","protected":false},"author":165558846,"featured_media":0,"parent":0,"menu_order":0,"comment_status":"closed","ping_status":"closed","template":"","meta":{"_crdt_document":"","advanced_seo_description":"","jetpack_seo_html_title":"","jetpack_seo_noindex":false,"footnotes":""},"class_list":["post-147","page","type-page","status-publish","hentry"],"jetpack_likes_enabled":true,"jetpack_sharing_enabled":true,"jetpack_shortlink":"https:\/\/wp.me\/Pf1Pzv-2n","jetpack-related-posts":[],"_links":{"self":[{"href":"https:\/\/worldspeedchallenge.com\/sv\/wp-json\/wp\/v2\/pages\/147","targetHints":{"allow":["GET"]}}],"collection":[{"href":"https:\/\/worldspeedchallenge.com\/sv\/wp-json\/wp\/v2\/pages"}],"about":[{"href":"https:\/\/worldspeedchallenge.com\/sv\/wp-json\/wp\/v2\/types\/page"}],"author":[{"embeddable":true,"href":"https:\/\/worldspeedchallenge.com\/sv\/wp-json\/wp\/v2\/users\/165558846"}],"replies":[{"embeddable":true,"href":"https:\/\/worldspeedchallenge.com\/sv\/wp-json\/wp\/v2\/comments?post=147"}],"version-history":[{"count":51,"href":"https:\/\/worldspeedchallenge.com\/sv\/wp-json\/wp\/v2\/pages\/147\/revisions"}],"predecessor-version":[{"id":2249,"href":"https:\/\/worldspeedchallenge.com\/sv\/wp-json\/wp\/v2\/pages\/147\/revisions\/2249"}],"wp:attachment":[{"href":"https:\/\/worldspeedchallenge.com\/sv\/wp-json\/wp\/v2\/media?parent=147"}],"curies":[{"name":"wp","href":"https:\/\/api.w.org\/{rel}","templated":true}]}}