{"id":145,"date":"2023-11-22T14:03:46","date_gmt":"2023-11-22T22:03:46","guid":{"rendered":"https:\/\/worldspeedchallenge.com\/?page_id=145"},"modified":"2024-06-03T16:16:34","modified_gmt":"2024-06-03T23:16:34","slug":"klocka-wsc-wec","status":"publish","type":"page","link":"https:\/\/worldspeedchallenge.com\/sv\/klocka-wsc-wec\/","title":{"rendered":"Titta p\u00e5 WSC &amp; WEC"},"content":{"rendered":"<div data-elementor-type=\"wp-page\" data-elementor-id=\"145\" class=\"elementor elementor-145\" data-elementor-post-type=\"page\">\n\t\t\t\t<div class=\"elementor-element elementor-element-439d580 e-flex e-con-boxed e-con e-parent\" data-id=\"439d580\" data-element_type=\"container\" data-e-type=\"container\">\n\t\t\t\t\t<div class=\"e-con-inner\">\n\t\t\t\t<div class=\"elementor-element elementor-element-2580889 elementor-widget elementor-widget-text-editor\" data-id=\"2580889\" data-element_type=\"widget\" data-e-type=\"widget\" data-widget_type=\"text-editor.default\">\n\t\t\t\t<div class=\"elementor-widget-container\">\n\t\t\t\t\t\t\t\t\t<h3 style=\"text-align: center;\"><span style=\"color: #000000;\">Titta p\u00e5 WSC &amp; WEC Vi utmanar v\u00e4rlden till en utmaning!<\/span><\/h3><p><span style=\"color: #000000;\"><br \/>Du tittar p\u00e5 ett elektrifierande och banbrytande evenemang i motorsportv\u00e4rlden!  WSC &amp; WEC utmanar v\u00e4rlden till en utmaning exklusivt f\u00f6r el- och hybridfordon som inte bara visar upp de tekniska framstegen utan ocks\u00e5 s\u00e4tter tillverkare och f\u00f6rare p\u00e5 det ultimata testet av prestanda, uth\u00e5llighet och innovation.<\/span><\/p>\t\t\t\t\t\t\t\t<\/div>\n\t\t\t\t<\/div>\n\t\t\t\t\t<\/div>\n\t\t\t\t<\/div>\n\t\t<div class=\"elementor-element elementor-element-1b1f671 e-flex e-con-boxed e-con e-parent\" data-id=\"1b1f671\" data-element_type=\"container\" data-e-type=\"container\">\n\t\t\t\t\t<div class=\"e-con-inner\">\n\t\t\t\t<div class=\"elementor-element elementor-element-7207750 elementor-widget elementor-widget-text-editor\" data-id=\"7207750\" data-element_type=\"widget\" data-e-type=\"widget\" data-widget_type=\"text-editor.default\">\n\t\t\t\t<div class=\"elementor-widget-container\">\n\t\t\t\t\t\t\t\t\t<h3><span style=\"color: #000000;\">2027 WSC &amp; WEC inhemsk TV och streaming:<\/span><\/h3>\t\t\t\t\t\t\t\t<\/div>\n\t\t\t\t<\/div>\n\t\t\t\t\t<\/div>\n\t\t\t\t<\/div>\n\t\t<div class=\"elementor-element elementor-element-9c2714d e-grid e-con-boxed e-con e-parent\" data-id=\"9c2714d\" data-element_type=\"container\" data-e-type=\"container\">\n\t\t\t\t\t<div class=\"e-con-inner\">\n\t\t\t\t\t<\/div>\n\t\t\t\t<\/div>\n\t\t<div class=\"elementor-element elementor-element-cb7948b e-flex e-con-boxed e-con e-parent\" data-id=\"cb7948b\" data-element_type=\"container\" data-e-type=\"container\">\n\t\t\t\t\t<div class=\"e-con-inner\">\n\t\t\t\t<div class=\"elementor-element elementor-element-1fb9da7 elementor-widget elementor-widget-text-editor\" data-id=\"1fb9da7\" data-element_type=\"widget\" data-e-type=\"widget\" data-widget_type=\"text-editor.default\">\n\t\t\t\t<div class=\"elementor-widget-container\">\n\t\t\t\t\t\t\t\t\t<h3><span style=\"color: #000000;\">WSC &amp; WEC International TV &amp; Streaming:<\/span><\/h3>\t\t\t\t\t\t\t\t<\/div>\n\t\t\t\t<\/div>\n\t\t\t\t\t<\/div>\n\t\t\t\t<\/div>\n\t\t<div class=\"elementor-element elementor-element-1f60b11 e-grid e-con-boxed e-con e-parent\" data-id=\"1f60b11\" data-element_type=\"container\" data-e-type=\"container\">\n\t\t\t\t\t<div class=\"e-con-inner\">\n\t\t\t\t\t<\/div>\n\t\t\t\t<\/div>\n\t\t<div class=\"elementor-element elementor-element-9ff00a0 e-flex e-con-boxed e-con e-parent\" data-id=\"9ff00a0\" data-element_type=\"container\" data-e-type=\"container\">\n\t\t\t\t\t<div class=\"e-con-inner\">\n\t\t\t\t<div class=\"elementor-element elementor-element-001d061 elementor-widget elementor-widget-text-editor\" data-id=\"001d061\" data-element_type=\"widget\" data-e-type=\"widget\" data-widget_type=\"text-editor.default\">\n\t\t\t\t<div class=\"elementor-widget-container\">\n\t\t\t\t\t\t\t\t\t<h3><span style=\"color: #000000;\">WSC &amp; WEC Live Radio &amp; Podcast<\/span><\/h3>\t\t\t\t\t\t\t\t<\/div>\n\t\t\t\t<\/div>\n\t\t\t\t\t<\/div>\n\t\t\t\t<\/div>\n\t\t<div class=\"elementor-element elementor-element-ed61709 e-grid e-con-boxed e-con e-parent\" data-id=\"ed61709\" data-element_type=\"container\" data-e-type=\"container\">\n\t\t\t\t\t<div class=\"e-con-inner\">\n\t\t\t\t\t<\/div>\n\t\t\t\t<\/div>\n\t\t<div class=\"elementor-element elementor-element-38ikRAl e-flex e-con-boxed e-con e-parent\" data-id=\"38ikRAl\" data-element_type=\"container\" data-e-type=\"container\">\n\t\t\t\t\t<div class=\"e-con-inner\">\n\t\t<div class=\"elementor-element elementor-element-1Jk6NBg e-con-full e-flex e-con e-child\" data-id=\"1Jk6NBg\" data-element_type=\"container\" data-e-type=\"container\">\n\t\t\t\t<div class=\"elementor-element elementor-element-z4iujwW elementor-widget elementor-widget-heading\" data-id=\"z4iujwW\" data-element_type=\"widget\" data-e-type=\"widget\" data-widget_type=\"heading.default\">\n\t\t\t\t<div class=\"elementor-widget-container\">\n\t\t\t\t\t<h2 class=\"elementor-heading-title elementor-size-default\">Upplev de b\u00e4sta \u00f6gonblicken fr\u00e5n WSC- och WEC-loppen p\u00e5 din favoritstr\u00f6mningskanal eller podcast<\/h2>\t\t\t\t<\/div>\n\t\t\t\t<\/div>\n\t\t\t\t<\/div>\n\t\t<div class=\"elementor-element elementor-element-fyF5igT e-con-full e-flex e-con e-child\" data-id=\"fyF5igT\" data-element_type=\"container\" data-e-type=\"container\">\n\t\t\t\t<div class=\"elementor-element elementor-element-OBuq5TO elementor-widget elementor-widget-text-editor\" data-id=\"OBuq5TO\" data-element_type=\"widget\" data-e-type=\"widget\" data-widget_type=\"text-editor.default\">\n\t\t\t\t<div class=\"elementor-widget-container\">\n\t\t\t\t\t\t\t\t\t<p><span style=\"color: #000000;\">G\u00f6r dig redo att titta eller lyssna p\u00e5 de b\u00e4sta \u00f6gonblicken fr\u00e5n de elektrifierande t\u00e4vlingarna World Speed Challenge och World Endurance Challenge.  Team och beg\u00e5vade f\u00f6rare fr\u00e5n hela v\u00e4rlden t\u00e4njer p\u00e5 gr\u00e4nserna f\u00f6r el- och hybridfordonsteknik, s\u00e4tter nya rekord och visar upp motorsportens framtid. Fr\u00e5n de snabbaste rakstr\u00e4ckorna till de sn\u00e4vaste kurvorna kan du uppleva sp\u00e4nningen i t\u00e4vlingarna som aldrig f\u00f6rr. Titta in och g\u00f6r dig redo f\u00f6r en plats p\u00e5 f\u00f6rsta parkett i den livliga v\u00e4rlden av el- och hybridracing.<\/span><\/p>\t\t\t\t\t\t\t\t<\/div>\n\t\t\t\t<\/div>\n\t\t<div class=\"elementor-element elementor-element-PRYTNAp e-con-full e-flex e-con e-child\" data-id=\"PRYTNAp\" data-element_type=\"container\" data-e-type=\"container\">\n\t\t\t\t<div class=\"elementor-element elementor-element-BN2KLTK elementor-position-inline-start elementor-tablet-position-block-start elementor-view-default elementor-mobile-position-block-start elementor-widget elementor-widget-icon-box\" data-id=\"BN2KLTK\" data-element_type=\"widget\" data-e-type=\"widget\" data-widget_type=\"icon-box.default\">\n\t\t\t\t<div class=\"elementor-widget-container\">\n\t\t\t\t\t\t\t<div class=\"elementor-icon-box-wrapper\">\n\n\t\t\t\t\t\t<div class=\"elementor-icon-box-icon\">\n\t\t\t\t<span  class=\"elementor-icon\">\n\t\t\t\t\t\t\t\t<\/span>\n\t\t\t<\/div>\n\t\t\t\n\t\t\t\t\t\t<div class=\"elementor-icon-box-content\">\n\n\t\t\t\t\t\t\t\t\t<h3 class=\"elementor-icon-box-title\">\n\t\t\t\t\t\t<span  >\n\t\t\t\t\t\t\tWorld Speed Challenge\t\t\t\t\t\t<\/span>\n\t\t\t\t\t<\/h3>\n\t\t\t\t\n\t\t\t\t\t\t\t\t\t<p class=\"elementor-icon-box-description\">\n\t\t\t\t\t\tUpplev sp\u00e4nningen med fart och teknik n\u00e4r f\u00f6rarna t\u00e4njer p\u00e5 gr\u00e4nserna f\u00f6r el- och hybridfordon i sprintserien World Speed Challenge.\t\t\t\t\t<\/p>\n\t\t\t\t\n\t\t\t<\/div>\n\t\t\t\n\t\t<\/div>\n\t\t\t\t\t\t<\/div>\n\t\t\t\t<\/div>\n\t\t\t\t<div class=\"elementor-element elementor-element-l0pwJec elementor-position-inline-start elementor-tablet-position-block-start elementor-view-default elementor-mobile-position-block-start elementor-widget elementor-widget-icon-box\" data-id=\"l0pwJec\" data-element_type=\"widget\" data-e-type=\"widget\" data-widget_type=\"icon-box.default\">\n\t\t\t\t<div class=\"elementor-widget-container\">\n\t\t\t\t\t\t\t<div class=\"elementor-icon-box-wrapper\">\n\n\t\t\t\t\t\t<div class=\"elementor-icon-box-icon\">\n\t\t\t\t<span  class=\"elementor-icon\">\n\t\t\t\t\t\t\t\t<\/span>\n\t\t\t<\/div>\n\t\t\t\n\t\t\t\t\t\t<div class=\"elementor-icon-box-content\">\n\n\t\t\t\t\t\t\t\t\t<h3 class=\"elementor-icon-box-title\">\n\t\t\t\t\t\t<span  >\n\t\t\t\t\t\t\tWorld Endurance Challenge\t\t\t\t\t\t<\/span>\n\t\t\t\t\t<\/h3>\n\t\t\t\t\n\t\t\t\t\t\t\t\t\t<p class=\"elementor-icon-box-description\">\n\t\t\t\t\t\tBevittna det tuffaste testet av teknik och uth\u00e5llighet World Endurance Challenge tar fram det b\u00e4sta ur team, f\u00f6rare och maskiner   \t\t\t\t\t<\/p>\n\t\t\t\t\n\t\t\t<\/div>\n\t\t\t\n\t\t<\/div>\n\t\t\t\t\t\t<\/div>\n\t\t\t\t<\/div>\n\t\t\t\t<\/div>\n\t\t\t\t<\/div>\n\t\t\t\t\t<\/div>\n\t\t\t\t<\/div>\n\t\t<div class=\"elementor-element elementor-element-TLlpvLk e-flex e-con-boxed e-con e-parent\" data-id=\"TLlpvLk\" data-element_type=\"container\" data-e-type=\"container\">\n\t\t\t\t\t<div class=\"e-con-inner\">\n\t\t<div class=\"elementor-element elementor-element-Tjk2jZU e-con-full e-flex e-con e-child\" data-id=\"Tjk2jZU\" data-element_type=\"container\" data-e-type=\"container\">\n\t\t\t\t<div class=\"elementor-element elementor-element-aleOwCF elementor-widget elementor-widget-image\" data-id=\"aleOwCF\" data-element_type=\"widget\" data-e-type=\"widget\" data-widget_type=\"image.default\">\n\t\t\t\t<div class=\"elementor-widget-container\">\n\t\t\t\t\t\t\t\t\t\t\t\t\t\t\t<img data-recalc-dims=\"1\" decoding=\"async\" src=\"https:\/\/i0.wp.com\/editor-static-bucket.elementor.com\/wireframes-placeholders\/placeholder-demo-image-scaled.jpg?w=640&#038;ssl=1\" title=\"\" alt=\"\" loading=\"lazy\" \/>\t\t\t\t\t\t\t\t\t\t\t\t\t\t\t<\/div>\n\t\t\t\t<\/div>\n\t\t\t\t<\/div>\n\t\t\t\t\t<\/div>\n\t\t\t\t<\/div>\n\t\t\t\t<\/div>","protected":false},"excerpt":{"rendered":"<p>Titta p\u00e5 WSC &amp; WEC Vi utmanar v\u00e4rlden till en utmaning! Du tittar just nu p\u00e5...<\/p>","protected":false},"author":165558846,"featured_media":0,"parent":0,"menu_order":0,"comment_status":"closed","ping_status":"closed","template":"","meta":{"_crdt_document":"","advanced_seo_description":"","jetpack_seo_html_title":"","jetpack_seo_noindex":false,"footnotes":""},"class_list":["post-145","page","type-page","status-publish","hentry"],"jetpack_likes_enabled":true,"jetpack_sharing_enabled":true,"jetpack_shortlink":"https:\/\/wp.me\/Pf1Pzv-2l","jetpack-related-posts":[],"_links":{"self":[{"href":"https:\/\/worldspeedchallenge.com\/sv\/wp-json\/wp\/v2\/pages\/145","targetHints":{"allow":["GET"]}}],"collection":[{"href":"https:\/\/worldspeedchallenge.com\/sv\/wp-json\/wp\/v2\/pages"}],"about":[{"href":"https:\/\/worldspeedchallenge.com\/sv\/wp-json\/wp\/v2\/types\/page"}],"author":[{"embeddable":true,"href":"https:\/\/worldspeedchallenge.com\/sv\/wp-json\/wp\/v2\/users\/165558846"}],"replies":[{"embeddable":true,"href":"https:\/\/worldspeedchallenge.com\/sv\/wp-json\/wp\/v2\/comments?post=145"}],"version-history":[{"count":27,"href":"https:\/\/worldspeedchallenge.com\/sv\/wp-json\/wp\/v2\/pages\/145\/revisions"}],"predecessor-version":[{"id":1888,"href":"https:\/\/worldspeedchallenge.com\/sv\/wp-json\/wp\/v2\/pages\/145\/revisions\/1888"}],"wp:attachment":[{"href":"https:\/\/worldspeedchallenge.com\/sv\/wp-json\/wp\/v2\/media?parent=145"}],"curies":[{"name":"wp","href":"https:\/\/api.w.org\/{rel}","templated":true}]}}