{"id":82,"date":"2023-09-22T18:08:25","date_gmt":"2023-09-23T01:08:25","guid":{"rendered":"https:\/\/worldspeedchallenge.com\/?page_id=82"},"modified":"2024-07-12T17:24:32","modified_gmt":"2024-07-13T00:24:32","slug":"egt1_wec","status":"publish","type":"page","link":"https:\/\/worldspeedchallenge.com\/pt\/egt1_wec\/","title":{"rendered":"eGT1 WEC"},"content":{"rendered":"<div data-elementor-type=\"wp-page\" data-elementor-id=\"82\" class=\"elementor elementor-82\" data-elementor-post-type=\"page\">\n\t\t\t\t<div class=\"elementor-element elementor-element-c24d3b3 e-flex e-con-boxed e-con e-parent\" data-id=\"c24d3b3\" data-element_type=\"container\" data-e-type=\"container\">\n\t\t\t\t\t<div class=\"e-con-inner\">\n\t\t\t\t<div class=\"elementor-element elementor-element-9c81e11 elementor--h-position-center elementor--v-position-middle elementor-arrows-position-inside elementor-pagination-position-inside elementor-widget elementor-widget-slides\" data-id=\"9c81e11\" data-element_type=\"widget\" data-e-type=\"widget\" data-settings=\"{&quot;autoplay_speed&quot;:8000,&quot;transition&quot;:&quot;fade&quot;,&quot;navigation&quot;:&quot;both&quot;,&quot;autoplay&quot;:&quot;yes&quot;,&quot;pause_on_hover&quot;:&quot;yes&quot;,&quot;pause_on_interaction&quot;:&quot;yes&quot;,&quot;infinite&quot;:&quot;yes&quot;,&quot;transition_speed&quot;:500}\" data-widget_type=\"slides.default\">\n\t\t\t\t<div class=\"elementor-widget-container\">\n\t\t\t\t\t\t\t\t\t<div class=\"elementor-swiper\">\n\t\t\t\t\t<div class=\"elementor-slides-wrapper elementor-main-swiper swiper\" role=\"region\" aria-roledescription=\"carousel\" aria-label=\"Slides\" dir=\"ltr\" data-animation=\"fadeInUp\">\n\t\t\t\t<div class=\"swiper-wrapper elementor-slides\">\n\t\t\t\t\t\t\t\t\t\t<div class=\"elementor-repeater-item-310b6ad swiper-slide\" role=\"group\" aria-roledescription=\"slide\"><div class=\"swiper-slide-bg\" role=\"img\" aria-label=\"Desafio Mundial de Endurance e GT1\"><\/div><div class=\"swiper-slide-inner\" ><div class=\"swiper-slide-contents\"><div class=\"elementor-slide-heading\">2027 eGT1 WEC <\/div><div class=\"elementor-slide-description\">O 2027 World Endurance Challenge est\u00e1 desafiando o mundo para um desafio!\nOnde as lendas nascem, os campe\u00f5es s\u00e3o coroados!\nE onde recordes hist\u00f3ricos de velocidade e resist\u00eancia ser\u00e3o feitos e quebrados!\n<\/div><div  class=\"elementor-button elementor-slide-button elementor-size-sm\">Click Here<\/div><\/div><\/div><\/div><div class=\"elementor-repeater-item-fe8cb1d swiper-slide\" role=\"group\" aria-roledescription=\"slide\"><div class=\"swiper-slide-bg\" role=\"img\" aria-label=\"Desafio Mundial de Endurance e GT1\"><\/div><div class=\"swiper-slide-inner\" ><div class=\"swiper-slide-contents\"><div class=\"elementor-slide-heading\">2027 eGT1 WEC <\/div><div class=\"elementor-slide-description\">O 2027 World Endurance Challenge est\u00e1 desafiando o mundo para um desafio!\nOnde as lendas nascem, os campe\u00f5es s\u00e3o coroados!\nE onde recordes hist\u00f3ricos de velocidade e resist\u00eancia ser\u00e3o feitos e quebrados!\n<\/div><div  class=\"elementor-button elementor-slide-button elementor-size-sm\">Click Here<\/div><\/div><\/div><\/div><div class=\"elementor-repeater-item-41070dd swiper-slide\" role=\"group\" aria-roledescription=\"slide\"><div class=\"swiper-slide-bg\" role=\"img\" aria-label=\"Prot\u00f3tipo eGT1\"><\/div><div class=\"swiper-slide-inner\" ><div class=\"swiper-slide-contents\"><div class=\"elementor-slide-heading\">2027 eGT1 WEC <\/div><div class=\"elementor-slide-description\">O 2027 World Endurance Challenge est\u00e1 desafiando o mundo para um desafio!\nOnde as lendas nascem, os campe\u00f5es s\u00e3o coroados!\nE onde recordes hist\u00f3ricos de velocidade e resist\u00eancia ser\u00e3o feitos e quebrados!\n<\/div><div  class=\"elementor-button elementor-slide-button elementor-size-sm\">Click Here<\/div><\/div><\/div><\/div><div class=\"elementor-repeater-item-8a82b5f swiper-slide\" role=\"group\" aria-roledescription=\"slide\"><div class=\"swiper-slide-bg\" role=\"img\" aria-label=\"Vista superior do prot\u00f3tipo eGT1\"><\/div><div class=\"swiper-slide-inner\" ><div class=\"swiper-slide-contents\"><div class=\"elementor-slide-heading\">2027 eGT1 WEC <\/div><div class=\"elementor-slide-description\">O 2027 World Endurance Challenge est\u00e1 desafiando o mundo para um desafio!\nOnde as lendas nascem, os campe\u00f5es s\u00e3o coroados!\nE onde recordes hist\u00f3ricos de velocidade e resist\u00eancia ser\u00e3o feitos e quebrados!\n<\/div><div  class=\"elementor-button elementor-slide-button elementor-size-sm\">Click Here<\/div><\/div><\/div><\/div>\t\t\t\t<\/div>\n\t\t\t\t\t\t\t\t\t\t\t\t\t\t\t<div class=\"elementor-swiper-button elementor-swiper-button-prev\" role=\"button\" tabindex=\"0\" aria-label=\"Slide anterior\">\n\t\t\t\t\t\t\t<svg aria-hidden=\"true\" class=\"e-font-icon-svg e-eicon-chevron-left\" viewbox=\"0 0 1000 1000\" xmlns=\"http:\/\/www.w3.org\/2000\/svg\"><path d=\"M646 125C629 125 613 133 604 142L308 442C296 454 292 471 292 487 292 504 296 521 308 533L604 854C617 867 629 875 646 875 663 875 679 871 692 858 704 846 713 829 713 812 713 796 708 779 692 767L438 487 692 225C700 217 708 204 708 187 708 171 704 154 692 142 675 129 663 125 646 125Z\"><\/path><\/svg>\t\t\t\t\t\t<\/div>\n\t\t\t\t\t\t<div class=\"elementor-swiper-button elementor-swiper-button-next\" role=\"button\" tabindex=\"0\" aria-label=\"Pr\u00f3ximo slide\">\n\t\t\t\t\t\t\t<svg aria-hidden=\"true\" class=\"e-font-icon-svg e-eicon-chevron-right\" viewbox=\"0 0 1000 1000\" xmlns=\"http:\/\/www.w3.org\/2000\/svg\"><path d=\"M696 533C708 521 713 504 713 487 713 471 708 454 696 446L400 146C388 133 375 125 354 125 338 125 325 129 313 142 300 154 292 171 292 187 292 204 296 221 308 233L563 492 304 771C292 783 288 800 288 817 288 833 296 850 308 863 321 871 338 875 354 875 371 875 388 867 400 854L696 533Z\"><\/path><\/svg>\t\t\t\t\t\t<\/div>\n\t\t\t\t\t\t\t\t\t\t\t\t\t\t\t\t<div class=\"swiper-pagination\"><\/div>\n\t\t\t\t\t\t\t\t\t\t\t\t<\/div>\n\t\t\t\t<\/div>\n\t\t\t\t\t\t\t\t<\/div>\n\t\t\t\t<\/div>\n\t\t\t\t\t<\/div>\n\t\t\t\t<\/div>\n\t\t<div class=\"elementor-element elementor-element-ea3e1f0 e-flex e-con-boxed e-con e-parent\" data-id=\"ea3e1f0\" data-element_type=\"container\" data-e-type=\"container\">\n\t\t\t\t\t<div class=\"e-con-inner\">\n\t\t\t\t<div class=\"elementor-element elementor-element-b573cb7 elementor-widget elementor-widget-text-editor\" data-id=\"b573cb7\" data-element_type=\"widget\" data-e-type=\"widget\" data-widget_type=\"text-editor.default\">\n\t\t\t\t<div class=\"elementor-widget-container\">\n\t\t\t\t\t\t\t\t\t<h3 style=\"text-align: center;\"><span style=\"color: #000000;\"><strong>O 2027 eGT1 World Endurance Challenge est\u00e1 desafiando o mundo a um desafio!<\/strong><\/span><\/h3><h3 style=\"text-align: center;\"><span style=\"color: #000000;\"><strong>Where Legends Are Born, Champions Are Crowned!<br \/>E onde recordes hist\u00f3ricos de velocidade e resist\u00eancia devem ser feitos e quebrados!<\/strong><\/span><\/h3>\t\t\t\t\t\t\t\t<\/div>\n\t\t\t\t<\/div>\n\t\t\t\t\t<\/div>\n\t\t\t\t<\/div>\n\t\t<div class=\"elementor-element elementor-element-e6dcf15 e-flex e-con-boxed e-con e-parent\" data-id=\"e6dcf15\" data-element_type=\"container\" data-e-type=\"container\">\n\t\t\t\t\t<div class=\"e-con-inner\">\n\t\t\t\t<div class=\"elementor-element elementor-element-4174c1c elementor-widget elementor-widget-text-editor\" data-id=\"4174c1c\" data-element_type=\"widget\" data-e-type=\"widget\" data-widget_type=\"text-editor.default\">\n\t\t\t\t<div class=\"elementor-widget-container\">\n\t\t\t\t\t\t\t\t\t<p><span style=\"color: black;\">A s\u00e9rie 2027 eGT1 World Speed Challenge tem como objetivo combinar a tecnologia do prot\u00f3tipo eGT2 com o desenvolvimento de inova\u00e7\u00f5es de desempenho incr\u00edveis e elevar a tecnologia para promover o mundo das corridas el\u00e9tricas e h\u00edbridas, criando essa s\u00e9rie de corridas definitiva que enfatiza o design, a engenharia, a seguran\u00e7a e a tecnologia dos carros de corrida de competi\u00e7\u00e3o el\u00e9tricos e h\u00edbridos de elite, o eGT1. Essa iniciativa ambiciosa tem como objetivo oferecer \u00e0s equipes profissionais e aos fabricantes uma plataforma de corrida que destaca o que h\u00e1 de melhor em tecnologia automotiva el\u00e9trica e h\u00edbrida de ponta em todo o mundo.<\/span><\/p>\t\t\t\t\t\t\t\t<\/div>\n\t\t\t\t<\/div>\n\t\t\t\t\t<\/div>\n\t\t\t\t<\/div>\n\t\t<div class=\"elementor-element elementor-element-de33cb2 e-flex e-con-boxed e-con e-parent\" data-id=\"de33cb2\" data-element_type=\"container\" data-e-type=\"container\">\n\t\t\t\t\t<div class=\"e-con-inner\">\n\t\t\t\t<div class=\"elementor-element elementor-element-d439705 elementor-widget elementor-widget-text-editor\" data-id=\"d439705\" data-element_type=\"widget\" data-e-type=\"widget\" data-widget_type=\"text-editor.default\">\n\t\t\t\t<div class=\"elementor-widget-container\">\n\t\t\t\t\t\t\t\t\t<h3><span style=\"color: #000000;\">Regulamento t\u00e9cnico do hipercarro 2027 eGT1 WEC:<\/span><\/h3>\t\t\t\t\t\t\t\t<\/div>\n\t\t\t\t<\/div>\n\t\t\t\t\t<\/div>\n\t\t\t\t<\/div>\n\t\t<div class=\"elementor-element elementor-element-1cd39a7 e-flex e-con-boxed e-con e-parent\" data-id=\"1cd39a7\" data-element_type=\"container\" data-e-type=\"container\">\n\t\t\t\t\t<div class=\"e-con-inner\">\n\t\t\t\t<div class=\"elementor-element elementor-element-37f80f7 elementor-widget elementor-widget-text-editor\" data-id=\"37f80f7\" data-element_type=\"widget\" data-e-type=\"widget\" data-widget_type=\"text-editor.default\">\n\t\t\t\t<div class=\"elementor-widget-container\">\n\t\t\t\t\t\t\t\t\t<p><span style=\"color: black;\">O regulamento t\u00e9cnico do 2027 eGT1 \u00e9 uma contribui\u00e7\u00e3o direta dos fabricantes e \u00e9 essencial para a seguran\u00e7a e a homologa\u00e7\u00e3o dos padr\u00f5es de desenvolvimento dos carros de corrida do 2027 eGT1 para competi\u00e7\u00e3o.<br \/><\/span><br \/><span style=\"color: black;\">The following information reflects the current situation regarding technical sporting and regulatory format regulation for the 2027 eGT2 WEC &amp; WSC &amp; E World Grand Prix season. It is subject to change at any time.<\/span><\/p><p><span style=\"color: black;\">2027 eGT2 technical sporting and regulatory format regulation: pdf will be posted soon.<\/span><\/p>\t\t\t\t\t\t\t\t<\/div>\n\t\t\t\t<\/div>\n\t\t\t\t\t<\/div>\n\t\t\t\t<\/div>\n\t\t<div class=\"elementor-element elementor-element-19b9f88 e-flex e-con-boxed e-con e-parent\" data-id=\"19b9f88\" data-element_type=\"container\" data-e-type=\"container\">\n\t\t\t\t\t<div class=\"e-con-inner\">\n\t\t\t\t<div class=\"elementor-element elementor-element-c7522dc elementor-widget elementor-widget-text-editor\" data-id=\"c7522dc\" data-element_type=\"widget\" data-e-type=\"widget\" data-widget_type=\"text-editor.default\">\n\t\t\t\t<div class=\"elementor-widget-container\">\n\t\t\t\t\t\t\t\t\t<h3><span style=\"color: #000000;\">Registro do hipercarro 2027 eGT1 WEC:<\/span><\/h3>\t\t\t\t\t\t\t\t<\/div>\n\t\t\t\t<\/div>\n\t\t\t\t\t<\/div>\n\t\t\t\t<\/div>\n\t\t<div class=\"elementor-element elementor-element-370f79c e-flex e-con-boxed e-con e-parent\" data-id=\"370f79c\" data-element_type=\"container\" data-e-type=\"container\">\n\t\t\t\t\t<div class=\"e-con-inner\">\n\t\t\t\t<div class=\"elementor-element elementor-element-14abc2c elementor-widget elementor-widget-text-editor\" data-id=\"14abc2c\" data-element_type=\"widget\" data-e-type=\"widget\" data-widget_type=\"text-editor.default\">\n\t\t\t\t<div class=\"elementor-widget-container\">\n\t\t\t\t\t\t\t\t\t<p>As inscri\u00e7\u00f5es para o eGT1 WEC 2027 ser\u00e3o abertas em breve<\/p>\t\t\t\t\t\t\t\t<\/div>\n\t\t\t\t<\/div>\n\t\t\t\t\t<\/div>\n\t\t\t\t<\/div>\n\t\t<div class=\"elementor-element elementor-element-5787e8f e-flex e-con-boxed e-con e-parent\" data-id=\"5787e8f\" data-element_type=\"container\" data-e-type=\"container\">\n\t\t\t\t\t<div class=\"e-con-inner\">\n\t\t\t\t<div class=\"elementor-element elementor-element-c2ace95 elementor-widget elementor-widget-text-editor\" data-id=\"c2ace95\" data-element_type=\"widget\" data-e-type=\"widget\" data-widget_type=\"text-editor.default\">\n\t\t\t\t<div class=\"elementor-widget-container\">\n\t\t\t\t\t\t\t\t\t<h3><span style=\"color: #000000;\">2027 Eventos eGT1 WEC:<\/span><\/h3>\t\t\t\t\t\t\t\t<\/div>\n\t\t\t\t<\/div>\n\t\t\t\t\t<\/div>\n\t\t\t\t<\/div>\n\t\t<div class=\"elementor-element elementor-element-728ccde e-flex e-con-boxed e-con e-parent\" data-id=\"728ccde\" data-element_type=\"container\" data-e-type=\"container\">\n\t\t\t\t\t<div class=\"e-con-inner\">\n\t\t\t\t<div class=\"elementor-element elementor-element-7de82f2 elementor-widget elementor-widget-text-editor\" data-id=\"7de82f2\" data-element_type=\"widget\" data-e-type=\"widget\" data-widget_type=\"text-editor.default\">\n\t\t\t\t<div class=\"elementor-widget-container\">\n\t\t\t\t\t\t\t\t\t<p><span style=\"color: #000000;\">2027 As datas e o local ser\u00e3o determinados.<\/span><\/p><p><span style=\"color: #000000;\">2027 Race Calendar<\/span><\/p>\t\t\t\t\t\t\t\t<\/div>\n\t\t\t\t<\/div>\n\t\t\t\t\t<\/div>\n\t\t\t\t<\/div>\n\t\t<div class=\"elementor-element elementor-element-eccfc33 e-flex e-con-boxed e-con e-parent\" data-id=\"eccfc33\" data-element_type=\"container\" data-e-type=\"container\">\n\t\t\t\t\t<div class=\"e-con-inner\">\n\t\t\t\t<div class=\"elementor-element elementor-element-1b7e48e elementor-widget elementor-widget-text-editor\" data-id=\"1b7e48e\" data-element_type=\"widget\" data-e-type=\"widget\" data-widget_type=\"text-editor.default\">\n\t\t\t\t<div class=\"elementor-widget-container\">\n\t\t\t\t\t\t\t\t\t<h3>2027 eGT1 WEC Patrocinadores:<\/h3>\t\t\t\t\t\t\t\t<\/div>\n\t\t\t\t<\/div>\n\t\t\t\t\t<\/div>\n\t\t\t\t<\/div>\n\t\t<div class=\"elementor-element elementor-element-b599498 e-grid e-con-boxed e-con e-parent\" data-id=\"b599498\" data-element_type=\"container\" data-e-type=\"container\">\n\t\t\t\t\t<div class=\"e-con-inner\">\n\t\t\t\t\t<\/div>\n\t\t\t\t<\/div>\n\t\t<div class=\"elementor-element elementor-element-bcbef9e e-flex e-con-boxed e-con e-parent\" data-id=\"bcbef9e\" data-element_type=\"container\" data-e-type=\"container\">\n\t\t\t\t\t<div class=\"e-con-inner\">\n\t\t\t\t<div class=\"elementor-element elementor-element-f7450f6 elementor-widget elementor-widget-text-editor\" data-id=\"f7450f6\" data-element_type=\"widget\" data-e-type=\"widget\" data-widget_type=\"text-editor.default\">\n\t\t\t\t<div class=\"elementor-widget-container\">\n\t\t\t\t\t\t\t\t\t<h3>2027 eGT1 WEC Hypercar Fabricante:<\/h3>\t\t\t\t\t\t\t\t<\/div>\n\t\t\t\t<\/div>\n\t\t\t\t\t<\/div>\n\t\t\t\t<\/div>\n\t\t<div class=\"elementor-element elementor-element-8b49f1c e-grid e-con-boxed e-con e-parent\" data-id=\"8b49f1c\" data-element_type=\"container\" data-e-type=\"container\">\n\t\t\t\t\t<div class=\"e-con-inner\">\n\t\t\t\t\t<\/div>\n\t\t\t\t<\/div>\n\t\t<div class=\"elementor-element elementor-element-caec149 e-flex e-con-boxed e-con e-parent\" data-id=\"caec149\" data-element_type=\"container\" data-e-type=\"container\">\n\t\t\t\t\t<div class=\"e-con-inner\">\n\t\t\t\t<div class=\"elementor-element elementor-element-ddbbc23 elementor-widget elementor-widget-text-editor\" data-id=\"ddbbc23\" data-element_type=\"widget\" data-e-type=\"widget\" data-widget_type=\"text-editor.default\">\n\t\t\t\t<div class=\"elementor-widget-container\">\n\t\t\t\t\t\t\t\t\t<h3>2027 Equipes de hipercarros do eGT1 WEC:<\/h3>\t\t\t\t\t\t\t\t<\/div>\n\t\t\t\t<\/div>\n\t\t\t\t\t<\/div>\n\t\t\t\t<\/div>\n\t\t<div class=\"elementor-element elementor-element-6c7e3f7 e-grid e-con-boxed e-con e-parent\" data-id=\"6c7e3f7\" data-element_type=\"container\" data-e-type=\"container\">\n\t\t\t\t\t<div class=\"e-con-inner\">\n\t\t\t\t\t<\/div>\n\t\t\t\t<\/div>\n\t\t<div class=\"elementor-element elementor-element-3b2745d e-flex e-con-boxed e-con e-parent\" data-id=\"3b2745d\" data-element_type=\"container\" data-e-type=\"container\">\n\t\t\t\t\t<div class=\"e-con-inner\">\n\t\t\t\t<div class=\"elementor-element elementor-element-71c8b1e elementor-widget elementor-widget-text-editor\" data-id=\"71c8b1e\" data-element_type=\"widget\" data-e-type=\"widget\" data-widget_type=\"text-editor.default\">\n\t\t\t\t<div class=\"elementor-widget-container\">\n\t\t\t\t\t\t\t\t\t<h3>Pilotos do hipercarro 2027 eGT1 WEC:<\/h3>\t\t\t\t\t\t\t\t<\/div>\n\t\t\t\t<\/div>\n\t\t\t\t\t<\/div>\n\t\t\t\t<\/div>\n\t\t<div class=\"elementor-element elementor-element-02e7f83 e-grid e-con-boxed e-con e-parent\" data-id=\"02e7f83\" data-element_type=\"container\" data-e-type=\"container\">\n\t\t\t\t\t<div class=\"e-con-inner\">\n\t\t\t\t\t<\/div>\n\t\t\t\t<\/div>\n\t\t<div class=\"elementor-element elementor-element-kLUSXAY e-flex e-con-boxed e-con e-parent\" data-id=\"kLUSXAY\" data-element_type=\"container\" data-e-type=\"container\">\n\t\t\t\t\t<div class=\"e-con-inner\">\n\t\t\t\t<div class=\"elementor-element elementor-element-HldSdiE elementor-cta--layout-image-left elementor-cta--valign-middle elementor-cta--mobile-layout-image-above elementor-cta--skin-classic elementor-animated-content elementor-bg-transform elementor-bg-transform-zoom-in elementor-widget elementor-widget-call-to-action\" data-id=\"HldSdiE\" data-element_type=\"widget\" data-e-type=\"widget\" data-widget_type=\"call-to-action.default\">\n\t\t\t\t<div class=\"elementor-widget-container\">\n\t\t\t\t\t\t\t<div class=\"elementor-cta\">\n\t\t\t\t\t\t\t<div class=\"elementor-cta__content\">\n\t\t\t\t\n\t\t\t\t\t\t\t\t\t<h2 class=\"elementor-cta__title elementor-cta__content-item elementor-content-item\">\n\t\t\t\t\t\tPrepare-se para participar do Desafio Mundial de Endurance eGT1 de 2027!\t\t\t\t\t<\/h2>\n\t\t\t\t\n\t\t\t\t\t\t\t\t\t<div class=\"elementor-cta__description elementor-cta__content-item elementor-content-item\">\n\t\t\t\t\t\tVoc\u00ea est\u00e1 pronto para o maior desafio de corrida? O 2027 eGT1 World Endurance Challenge \u00e9 a plataforma perfeita para mostrar seu talento e o desempenho de seu carro. Prepare-se para se juntar \u00e0 elite dos carros de corrida el\u00e9tricos e h\u00edbridos de competi\u00e7\u00e3o e competir contra os melhores do mundo. Com corridas que variam de 2 horas a 24 horas, voc\u00ea pode experimentar a emo\u00e7\u00e3o das corridas de resist\u00eancia como nunca antes. Mantenha-se conectado \u00e0 nossa comunidade eGT1 e seja o primeiro a saber sobre as \u00faltimas atualiza\u00e7\u00f5es, regulamentos t\u00e9cnicos e eventos futuros.\t\t\t\t\t<\/div>\n\t\t\t\t\n\t\t\t\t\t\t\t\t\t<div class=\"elementor-cta__button-wrapper elementor-cta__content-item elementor-content-item\">\n\t\t\t\t\t<a class=\"elementor-cta__button elementor-button elementor-size-md\">\n\t\t\t\t\t\tRegistre-se agora\t\t\t\t\t<\/a>\n\t\t\t\t\t<\/div>\n\t\t\t\t\t\t\t<\/div>\n\t\t\t\t\t\t<\/div>\n\t\t\t\t\t\t<\/div>\n\t\t\t\t<\/div>\n\t\t\t\t\t<\/div>\n\t\t\t\t<\/div>\n\t\t\t\t<\/div>","protected":false},"excerpt":{"rendered":"<p>2027 eGT1 O WEC 2027 World Endurance Challenge est\u00e1 desafiando o mundo para um desafio! Onde...<\/p>","protected":false},"author":165558846,"featured_media":0,"parent":0,"menu_order":0,"comment_status":"closed","ping_status":"closed","template":"","meta":{"_crdt_document":"","advanced_seo_description":"","jetpack_seo_html_title":"","jetpack_seo_noindex":false,"footnotes":""},"class_list":["post-82","page","type-page","status-publish","hentry"],"jetpack_likes_enabled":true,"jetpack_sharing_enabled":true,"jetpack_shortlink":"https:\/\/wp.me\/Pf1Pzv-1k","jetpack-related-posts":[],"_links":{"self":[{"href":"https:\/\/worldspeedchallenge.com\/pt\/wp-json\/wp\/v2\/pages\/82","targetHints":{"allow":["GET"]}}],"collection":[{"href":"https:\/\/worldspeedchallenge.com\/pt\/wp-json\/wp\/v2\/pages"}],"about":[{"href":"https:\/\/worldspeedchallenge.com\/pt\/wp-json\/wp\/v2\/types\/page"}],"author":[{"embeddable":true,"href":"https:\/\/worldspeedchallenge.com\/pt\/wp-json\/wp\/v2\/users\/165558846"}],"replies":[{"embeddable":true,"href":"https:\/\/worldspeedchallenge.com\/pt\/wp-json\/wp\/v2\/comments?post=82"}],"version-history":[{"count":54,"href":"https:\/\/worldspeedchallenge.com\/pt\/wp-json\/wp\/v2\/pages\/82\/revisions"}],"predecessor-version":[{"id":2301,"href":"https:\/\/worldspeedchallenge.com\/pt\/wp-json\/wp\/v2\/pages\/82\/revisions\/2301"}],"wp:attachment":[{"href":"https:\/\/worldspeedchallenge.com\/pt\/wp-json\/wp\/v2\/media?parent=82"}],"curies":[{"name":"wp","href":"https:\/\/api.w.org\/{rel}","templated":true}]}}