{"id":161,"date":"2023-11-22T14:54:35","date_gmt":"2023-11-22T22:54:35","guid":{"rendered":"https:\/\/worldspeedchallenge.com\/?page_id=161"},"modified":"2024-06-30T12:57:11","modified_gmt":"2024-06-30T19:57:11","slug":"wsc-wec-tech-safety","status":"publish","type":"page","link":"https:\/\/worldspeedchallenge.com\/pt\/wsc-wec-tech-safety\/","title":{"rendered":"WSC e WEC Tecnologia e Seguran\u00e7a"},"content":{"rendered":"<div data-elementor-type=\"wp-page\" data-elementor-id=\"161\" class=\"elementor elementor-161\" data-elementor-post-type=\"page\">\n\t\t\t\t<div class=\"elementor-element elementor-element-7a1a600 e-flex e-con-boxed e-con e-parent\" data-id=\"7a1a600\" data-element_type=\"container\" data-e-type=\"container\">\n\t\t\t\t\t<div class=\"e-con-inner\">\n\t\t\t\t<div class=\"elementor-element elementor-element-915009a elementor--h-position-center elementor--v-position-middle elementor-arrows-position-inside elementor-pagination-position-inside elementor-widget elementor-widget-slides\" data-id=\"915009a\" data-element_type=\"widget\" data-e-type=\"widget\" data-settings=\"{&quot;autoplay_speed&quot;:8000,&quot;transition&quot;:&quot;fade&quot;,&quot;navigation&quot;:&quot;both&quot;,&quot;autoplay&quot;:&quot;yes&quot;,&quot;pause_on_hover&quot;:&quot;yes&quot;,&quot;pause_on_interaction&quot;:&quot;yes&quot;,&quot;infinite&quot;:&quot;yes&quot;,&quot;transition_speed&quot;:500}\" data-widget_type=\"slides.default\">\n\t\t\t\t<div class=\"elementor-widget-container\">\n\t\t\t\t\t\t\t\t\t<div class=\"elementor-swiper\">\n\t\t\t\t\t<div class=\"elementor-slides-wrapper elementor-main-swiper swiper\" role=\"region\" aria-roledescription=\"carousel\" aria-label=\"\u30b9\u30e9\u30a4\u30c9\" dir=\"ltr\" data-animation=\"fadeInUp\">\n\t\t\t\t<div class=\"swiper-wrapper elementor-slides\">\n\t\t\t\t\t\t\t\t\t\t<div class=\"elementor-repeater-item-f2a57a3 swiper-slide\" role=\"group\" aria-roledescription=\"slide\"><div class=\"swiper-slide-bg\" role=\"img\" aria-label=\"Logotipo do Desafio Mundial de Velocidade WSC\"><\/div><div class=\"swiper-slide-inner\" ><div class=\"swiper-slide-contents\"><div class=\"elementor-slide-heading\">2027 WSC &amp; WEC Tech &amp; Safety<\/div><div class=\"elementor-slide-description\">WSC desafiando o mundo para um desafio\nOnde os recordes de velocidade e resist\u00eancia s\u00e3o feitos para serem quebrados!\n<\/div><div  class=\"elementor-button elementor-slide-button elementor-size-sm\">Click Here<\/div><\/div><\/div><\/div><div class=\"elementor-repeater-item-ab39739 swiper-slide\" role=\"group\" aria-roledescription=\"slide\"><div class=\"swiper-slide-bg\" role=\"img\" aria-label=\"Logotipo do World Endurance Challenge\"><\/div><div class=\"swiper-slide-inner\" ><div class=\"swiper-slide-contents\"><div class=\"elementor-slide-heading\">2027 WSC &amp; WEC Tech &amp; Safety<\/div><div class=\"elementor-slide-description\">WEC desafia o mundo para um desafio\nonde os recordes de velocidade e resist\u00eancia s\u00e3o feitos para serem quebrados!\n<\/div><div  class=\"elementor-button elementor-slide-button elementor-size-sm\">Click Here<\/div><\/div><\/div><\/div><div class=\"elementor-repeater-item-fa060d4 swiper-slide\" role=\"group\" aria-roledescription=\"slide\"><div class=\"swiper-slide-bg\"><\/div><div class=\"swiper-slide-inner\" ><div class=\"swiper-slide-contents\"><div class=\"elementor-slide-heading\">2027 WSC &amp; WEC Tech &amp; Safety<\/div><div class=\"elementor-slide-description\">WSC desafiando o mundo para um desafio\nOnde os recordes de velocidade e resist\u00eancia s\u00e3o feitos para serem quebrados!\n<\/div><div  class=\"elementor-button elementor-slide-button elementor-size-sm\">Click Here<\/div><\/div><\/div><\/div>\t\t\t\t<\/div>\n\t\t\t\t\t\t\t\t\t\t\t\t\t\t\t<div class=\"elementor-swiper-button elementor-swiper-button-prev\" role=\"button\" tabindex=\"0\" aria-label=\"\u524d\u306e\u30b9\u30e9\u30a4\u30c9\" data-no-translation-aria-label=\"\">\n\t\t\t\t\t\t\t<svg aria-hidden=\"true\" class=\"e-font-icon-svg e-eicon-chevron-left\" viewbox=\"0 0 1000 1000\" xmlns=\"http:\/\/www.w3.org\/2000\/svg\"><path d=\"M646 125C629 125 613 133 604 142L308 442C296 454 292 471 292 487 292 504 296 521 308 533L604 854C617 867 629 875 646 875 663 875 679 871 692 858 704 846 713 829 713 812 713 796 708 779 692 767L438 487 692 225C700 217 708 204 708 187 708 171 704 154 692 142 675 129 663 125 646 125Z\"><\/path><\/svg>\t\t\t\t\t\t<\/div>\n\t\t\t\t\t\t<div class=\"elementor-swiper-button elementor-swiper-button-next\" role=\"button\" tabindex=\"0\" aria-label=\"\u6b21\u306e\u30b9\u30e9\u30a4\u30c9\" data-no-translation-aria-label=\"\">\n\t\t\t\t\t\t\t<svg aria-hidden=\"true\" class=\"e-font-icon-svg e-eicon-chevron-right\" viewbox=\"0 0 1000 1000\" xmlns=\"http:\/\/www.w3.org\/2000\/svg\"><path d=\"M696 533C708 521 713 504 713 487 713 471 708 454 696 446L400 146C388 133 375 125 354 125 338 125 325 129 313 142 300 154 292 171 292 187 292 204 296 221 308 233L563 492 304 771C292 783 288 800 288 817 288 833 296 850 308 863 321 871 338 875 354 875 371 875 388 867 400 854L696 533Z\"><\/path><\/svg>\t\t\t\t\t\t<\/div>\n\t\t\t\t\t\t\t\t\t\t\t\t\t\t\t\t<div class=\"swiper-pagination\"><\/div>\n\t\t\t\t\t\t\t\t\t\t\t\t<\/div>\n\t\t\t\t<\/div>\n\t\t\t\t\t\t\t\t<\/div>\n\t\t\t\t<\/div>\n\t\t\t\t\t<\/div>\n\t\t\t\t<\/div>\n\t\t<div class=\"elementor-element elementor-element-092775b e-flex e-con-boxed e-con e-parent\" data-id=\"092775b\" data-element_type=\"container\" data-e-type=\"container\">\n\t\t\t\t\t<div class=\"e-con-inner\">\n\t\t\t\t<div class=\"elementor-element elementor-element-41856f3 elementor-widget elementor-widget-text-editor\" data-id=\"41856f3\" data-element_type=\"widget\" data-e-type=\"widget\" data-widget_type=\"text-editor.default\">\n\t\t\t\t<div class=\"elementor-widget-container\">\n\t\t\t\t\t\t\t\t\t<h3 style=\"text-align: center;\"><span style=\"color: #000000;\"><strong>2027 World Speed Challenge Is Challenging The World To A Challenge!<\/strong><\/span><\/h3><h3 style=\"text-align: center;\"><span style=\"color: #000000;\"><strong>Where Legends Are Born, Champions Are Crowned!<br \/>E onde recordes hist\u00f3ricos de velocidade e resist\u00eancia devem ser feitos e quebrados!<\/strong><\/span><\/h3>\t\t\t\t\t\t\t\t<\/div>\n\t\t\t\t<\/div>\n\t\t\t\t\t<\/div>\n\t\t\t\t<\/div>\n\t\t<div class=\"elementor-element elementor-element-e43fbd7 e-flex e-con-boxed e-con e-parent\" data-id=\"e43fbd7\" data-element_type=\"container\" data-e-type=\"container\">\n\t\t\t\t\t<div class=\"e-con-inner\">\n\t\t\t\t<div class=\"elementor-element elementor-element-3f43954 elementor-widget elementor-widget-text-editor\" data-id=\"3f43954\" data-element_type=\"widget\" data-e-type=\"widget\" data-widget_type=\"text-editor.default\">\n\t\t\t\t<div class=\"elementor-widget-container\">\n\t\t\t\t\t\t\t\t\t<h3 style=\"text-align: center;\"><span style=\"color: #000000;\">2027 Regulamento do formato t\u00e9cnico esportivo e regulat\u00f3rio da WSC e da WEC:<\/span><\/h3>\t\t\t\t\t\t\t\t<\/div>\n\t\t\t\t<\/div>\n\t\t\t\t\t<\/div>\n\t\t\t\t<\/div>\n\t\t<div class=\"elementor-element elementor-element-70c6705 e-flex e-con-boxed e-con e-parent\" data-id=\"70c6705\" data-element_type=\"container\" data-e-type=\"container\">\n\t\t\t\t\t<div class=\"e-con-inner\">\n\t\t\t\t<div class=\"elementor-element elementor-element-35bac7a elementor-widget elementor-widget-text-editor\" data-id=\"35bac7a\" data-element_type=\"widget\" data-e-type=\"widget\" data-widget_type=\"text-editor.default\">\n\t\t\t\t<div class=\"elementor-widget-container\">\n\t\t\t\t\t\t\t\t\t<h3><span style=\"color: #000000;\"><strong>Regulamento t\u00e9cnico do 2027 eTC Racing Academy WSC:<\/strong><\/span><\/h3><p><span style=\"color: #000000;\">O regulamento t\u00e9cnico da 2027 eTC Racing Academy \u00e9 uma contribui\u00e7\u00e3o direta dos fabricantes e \u00e9 essencial para a seguran\u00e7a e a homologa\u00e7\u00e3o dos padr\u00f5es de desenvolvimento dos carros de corrida da eTC Racing Academy para competi\u00e7\u00e3o.<\/span><\/p><p><span style=\"color: #000000;\">As informa\u00e7\u00f5es a seguir refletem a situa\u00e7\u00e3o atual em rela\u00e7\u00e3o ao regulamento t\u00e9cnico-esportivo e ao formato regulamentar para a temporada 2027 da eTC Racing Academy WSC. Elas est\u00e3o sujeitas a altera\u00e7\u00f5es a qualquer momento.<\/span><\/p><p><span style=\"color: #000000;\">2027 eTC Racing Academy regulamento t\u00e9cnico esportivo e formato regulamentar: pdf ser\u00e1 publicado em breve.<\/span><\/p>\t\t\t\t\t\t\t\t<\/div>\n\t\t\t\t<\/div>\n\t\t\t\t\t<\/div>\n\t\t\t\t<\/div>\n\t\t<div class=\"elementor-element elementor-element-0777b56 e-flex e-con-boxed e-con e-parent\" data-id=\"0777b56\" data-element_type=\"container\" data-e-type=\"container\">\n\t\t\t\t\t<div class=\"e-con-inner\">\n\t\t\t\t<div class=\"elementor-element elementor-element-6eb92bd elementor-widget elementor-widget-text-editor\" data-id=\"6eb92bd\" data-element_type=\"widget\" data-e-type=\"widget\" data-widget_type=\"text-editor.default\">\n\t\t\t\t<div class=\"elementor-widget-container\">\n\t\t\t\t\t\t\t\t\t<h3><span style=\"color: #000000;\"><strong>2027 eTC WSC Technical Regulation:<\/strong><\/span><\/h3><p><span style=\"color: #000000;\">O regulamento t\u00e9cnico do 2027 eTC WSC \u00e9 uma contribui\u00e7\u00e3o direta dos fabricantes e \u00e9 essencial para a seguran\u00e7a e a homologa\u00e7\u00e3o dos padr\u00f5es de desenvolvimento dos carros de corrida do eTC WSC para competi\u00e7\u00e3o.<\/span><\/p><p><span style=\"color: #000000;\">The following information reflects the current situation regarding technical sporting and regulatory format regulation for the 2027 eTC WSC\u00a0 season. It is subject to change at any time.<\/span><\/p><p><span style=\"color: #000000;\">2027 eGT2 technical sporting and regulatory format regulation: pdf will be posted soon.<\/span><\/p>\t\t\t\t\t\t\t\t<\/div>\n\t\t\t\t<\/div>\n\t\t\t\t\t<\/div>\n\t\t\t\t<\/div>\n\t\t<div class=\"elementor-element elementor-element-124a309 e-flex e-con-boxed e-con e-parent\" data-id=\"124a309\" data-element_type=\"container\" data-e-type=\"container\">\n\t\t\t\t\t<div class=\"e-con-inner\">\n\t\t\t\t<div class=\"elementor-element elementor-element-07373c4 elementor-widget elementor-widget-text-editor\" data-id=\"07373c4\" data-element_type=\"widget\" data-e-type=\"widget\" data-widget_type=\"text-editor.default\">\n\t\t\t\t<div class=\"elementor-widget-container\">\n\t\t\t\t\t\t\t\t\t<h3><span style=\"color: #000000;\"><strong>Regulamento t\u00e9cnico 2027 eGT4 WSC &amp; WEC:<\/strong><\/span><\/h3><p><span style=\"color: #000000;\">2027 eGT2 Technical regulation are direct input of the manufacturers and are essential for safety and homologation of the development standards of the 2027 eGT2 race cars for competition.<\/span><\/p><p><span style=\"color: #000000;\">The following information reflects the current situation regarding technical sporting and regulatory format regulation for the 2027 eGT2 WEC &amp; WSC &amp; E World Grand Prix season. It is subject to change at any time.<\/span><\/p><p><span style=\"color: #000000;\">2027 eGT2 technical sporting and regulatory format regulation: pdf will be posted soon.<\/span><\/p>\t\t\t\t\t\t\t\t<\/div>\n\t\t\t\t<\/div>\n\t\t\t\t\t<\/div>\n\t\t\t\t<\/div>\n\t\t<div class=\"elementor-element elementor-element-7f7f2bc e-flex e-con-boxed e-con e-parent\" data-id=\"7f7f2bc\" data-element_type=\"container\" data-e-type=\"container\">\n\t\t\t\t\t<div class=\"e-con-inner\">\n\t\t\t\t<div class=\"elementor-element elementor-element-a4fee48 elementor-widget elementor-widget-text-editor\" data-id=\"a4fee48\" data-element_type=\"widget\" data-e-type=\"widget\" data-widget_type=\"text-editor.default\">\n\t\t\t\t<div class=\"elementor-widget-container\">\n\t\t\t\t\t\t\t\t\t<h3><span style=\"color: #000000;\"><strong>Regulamento t\u00e9cnico 2027 eGT3 WSC &amp; WEC:<\/strong><\/span><\/h3><p><span style=\"color: #000000;\">2027 eGT3 Technical regulation are direct input of the manufacturers and are essential for safety and homologation of the development standards of the 2027 eGT3 race cars for competition.<\/span><\/p><p><span style=\"color: #000000;\">The following information reflects the current situation regarding technical sporting and regulatory format regulation for the 2027 eGT2 WEC &amp; WSC &amp; E World Grand Prix season. It is subject to change at any time.<\/span><\/p><p><span style=\"color: #000000;\">2027 eGT2 technical sporting and regulatory format regulation: pdf will be posted soon.<\/span><\/p>\t\t\t\t\t\t\t\t<\/div>\n\t\t\t\t<\/div>\n\t\t\t\t\t<\/div>\n\t\t\t\t<\/div>\n\t\t<div class=\"elementor-element elementor-element-e248a17 e-flex e-con-boxed e-con e-parent\" data-id=\"e248a17\" data-element_type=\"container\" data-e-type=\"container\">\n\t\t\t\t\t<div class=\"e-con-inner\">\n\t\t\t\t<div class=\"elementor-element elementor-element-b1403e6 elementor-widget elementor-widget-text-editor\" data-id=\"b1403e6\" data-element_type=\"widget\" data-e-type=\"widget\" data-widget_type=\"text-editor.default\">\n\t\t\t\t<div class=\"elementor-widget-container\">\n\t\t\t\t\t\t\t\t\t<h3><span style=\"color: #000000;\"><strong>Regulamento T\u00e9cnico 2027 eGT2 WSC &amp; WEC:<\/strong><\/span><\/h3><p><span style=\"color: #000000;\">2027 eGT2 Technical regulation are direct input of the manufacturers and are essential for safety and homologation of the development standards of the 2027 eGT2 race cars for competition.<\/span><\/p><p><span style=\"color: #000000;\">The following information reflects the current situation regarding technical sporting and regulatory format regulation for the 2027 eGT2 WEC &amp; WSC &amp; E World Grand Prix season. It is subject to change at any time.<\/span><\/p><p><span style=\"color: #000000;\">2027 eGT2 technical sporting and regulatory format regulation: pdf will be posted soon.<\/span><\/p>\t\t\t\t\t\t\t\t<\/div>\n\t\t\t\t<\/div>\n\t\t\t\t\t<\/div>\n\t\t\t\t<\/div>\n\t\t<div class=\"elementor-element elementor-element-cf2f966 e-flex e-con-boxed e-con e-parent\" data-id=\"cf2f966\" data-element_type=\"container\" data-e-type=\"container\">\n\t\t\t\t\t<div class=\"e-con-inner\">\n\t\t\t\t<div class=\"elementor-element elementor-element-ab2bc23 elementor-widget elementor-widget-text-editor\" data-id=\"ab2bc23\" data-element_type=\"widget\" data-e-type=\"widget\" data-widget_type=\"text-editor.default\">\n\t\t\t\t<div class=\"elementor-widget-container\">\n\t\t\t\t\t\t\t\t\t<h3><span style=\"color: #000000;\"><strong>2027 eGT1 Regulamento t\u00e9cnico do WSC e do WEC:<\/strong><\/span><\/h3><p><span style=\"color: #000000;\">O regulamento t\u00e9cnico do 2027 eGT1 \u00e9 uma contribui\u00e7\u00e3o direta dos fabricantes e \u00e9 essencial para a seguran\u00e7a e a homologa\u00e7\u00e3o dos padr\u00f5es de desenvolvimento dos carros de corrida do 2027 eGT1 para competi\u00e7\u00e3o.<\/span><\/p><p><span style=\"color: #000000;\">The following information reflects the current situation regarding technical sporting and regulatory format regulation for the 2027 eGT2 WEC &amp; WSC &amp; E World Grand Prix season. It is subject to change at any time.<\/span><\/p><p><span style=\"color: #000000;\">2027 eGT2 technical sporting and regulatory format regulation: pdf will be posted soon.<\/span><\/p>\t\t\t\t\t\t\t\t<\/div>\n\t\t\t\t<\/div>\n\t\t\t\t\t<\/div>\n\t\t\t\t<\/div>\n\t\t\t\t<\/div>","protected":false},"excerpt":{"rendered":"<p>2027 WSC &amp; WEC Tech &amp; SafetyWSC Desafiando o mundo para um desafio onde a velocidade...<\/p>","protected":false},"author":165558846,"featured_media":0,"parent":0,"menu_order":0,"comment_status":"closed","ping_status":"closed","template":"","meta":{"_crdt_document":"","advanced_seo_description":"","jetpack_seo_html_title":"","jetpack_seo_noindex":false,"jetpack_post_was_ever_published":false,"footnotes":""},"class_list":["post-161","page","type-page","status-publish","hentry"],"jetpack_likes_enabled":true,"jetpack_sharing_enabled":true,"jetpack_shortlink":"https:\/\/wp.me\/Pf1Pzv-2B","jetpack-related-posts":[],"_links":{"self":[{"href":"https:\/\/worldspeedchallenge.com\/pt\/wp-json\/wp\/v2\/pages\/161","targetHints":{"allow":["GET"]}}],"collection":[{"href":"https:\/\/worldspeedchallenge.com\/pt\/wp-json\/wp\/v2\/pages"}],"about":[{"href":"https:\/\/worldspeedchallenge.com\/pt\/wp-json\/wp\/v2\/types\/page"}],"author":[{"embeddable":true,"href":"https:\/\/worldspeedchallenge.com\/pt\/wp-json\/wp\/v2\/users\/165558846"}],"replies":[{"embeddable":true,"href":"https:\/\/worldspeedchallenge.com\/pt\/wp-json\/wp\/v2\/comments?post=161"}],"version-history":[{"count":31,"href":"https:\/\/worldspeedchallenge.com\/pt\/wp-json\/wp\/v2\/pages\/161\/revisions"}],"predecessor-version":[{"id":2169,"href":"https:\/\/worldspeedchallenge.com\/pt\/wp-json\/wp\/v2\/pages\/161\/revisions\/2169"}],"wp:attachment":[{"href":"https:\/\/worldspeedchallenge.com\/pt\/wp-json\/wp\/v2\/media?parent=161"}],"curies":[{"name":"wp","href":"https:\/\/api.w.org\/{rel}","templated":true}]}}