{"id":143,"date":"2023-11-22T13:57:55","date_gmt":"2023-11-22T21:57:55","guid":{"rendered":"https:\/\/worldspeedchallenge.com\/?page_id=143"},"modified":"2024-06-30T13:07:22","modified_gmt":"2024-06-30T20:07:22","slug":"wsc-wec-fan-team-gear","status":"publish","type":"page","link":"https:\/\/worldspeedchallenge.com\/pl\/wsc-wec-fan-team-gear\/","title":{"rendered":"Sprz\u0119t dla fan\u00f3w i zespo\u0142\u00f3w M\u015a i WEC"},"content":{"rendered":"<div data-elementor-type=\"wp-page\" data-elementor-id=\"143\" class=\"elementor elementor-143\" data-elementor-post-type=\"page\">\n\t\t\t\t<div class=\"elementor-element elementor-element-ed31cd2 e-flex e-con-boxed e-con e-parent\" data-id=\"ed31cd2\" data-element_type=\"container\" data-e-type=\"container\">\n\t\t\t\t\t<div class=\"e-con-inner\">\n\t\t\t\t<div class=\"elementor-element elementor-element-ad7ffb7 elementor--h-position-center elementor--v-position-middle elementor-arrows-position-inside elementor-pagination-position-inside elementor-widget elementor-widget-slides\" data-id=\"ad7ffb7\" data-element_type=\"widget\" data-e-type=\"widget\" data-settings=\"{&quot;autoplay_speed&quot;:8000,&quot;transition&quot;:&quot;fade&quot;,&quot;navigation&quot;:&quot;both&quot;,&quot;autoplay&quot;:&quot;yes&quot;,&quot;pause_on_hover&quot;:&quot;yes&quot;,&quot;pause_on_interaction&quot;:&quot;yes&quot;,&quot;infinite&quot;:&quot;yes&quot;,&quot;transition_speed&quot;:500}\" data-widget_type=\"slides.default\">\n\t\t\t\t<div class=\"elementor-widget-container\">\n\t\t\t\t\t\t\t\t\t<div class=\"elementor-swiper\">\n\t\t\t\t\t<div class=\"elementor-slides-wrapper elementor-main-swiper swiper\" role=\"region\" aria-roledescription=\"carousel\" aria-label=\"Diapozytywy\" dir=\"ltr\" data-animation=\"fadeInUp\">\n\t\t\t\t<div class=\"swiper-wrapper elementor-slides\">\n\t\t\t\t\t\t\t\t\t\t<div class=\"elementor-repeater-item-6d71005 swiper-slide\" role=\"group\" aria-roledescription=\"slide\"><div class=\"swiper-slide-bg\" role=\"img\" aria-label=\"Porsche 718 Ccayman gt4 e Performance\"><\/div><div class=\"swiper-slide-inner\" ><div class=\"swiper-slide-contents\"><div class=\"elementor-slide-heading\">2027 Sprz\u0119t dla kibic\u00f3w i zespo\u0142\u00f3w wy\u015bcigowych M\u015a i WEC<\/div><div class=\"elementor-slide-description\">M\u015a i WEC 2027 rzucaj\u0105 wyzwanie ca\u0142emu \u015bwiatu!\nGdzie rodz\u0105 si\u0119 legendy, koronowani s\u0105 mistrzowie!\nI gdzie historyczne rekordy pr\u0119dko\u015bci i wytrzyma\u0142o\u015bci b\u0119d\u0105 ustanawiane i bite!<\/div><div  class=\"elementor-button elementor-slide-button elementor-size-sm\">Kliknij tutaj<\/div><\/div><\/div><\/div><div class=\"elementor-repeater-item-5245272 swiper-slide\" role=\"group\" aria-roledescription=\"slide\"><div class=\"swiper-slide-bg\" role=\"img\" aria-label=\"Prototyp eGT1 z boku\"><\/div><div class=\"swiper-slide-inner\" ><div class=\"swiper-slide-contents\"><div class=\"elementor-slide-heading\">2027 Sprz\u0119t dla kibic\u00f3w i zespo\u0142\u00f3w wy\u015bcigowych M\u015a i WEC<\/div><div class=\"elementor-slide-description\">M\u015a i WEC 2027 rzucaj\u0105 wyzwanie ca\u0142emu \u015bwiatu!\nGdzie rodz\u0105 si\u0119 legendy, koronowani s\u0105 mistrzowie!\nI gdzie historyczne rekordy pr\u0119dko\u015bci i wytrzyma\u0142o\u015bci b\u0119d\u0105 ustanawiane i bite!<\/div><div  class=\"elementor-button elementor-slide-button elementor-size-sm\">Kliknij tutaj<\/div><\/div><\/div><\/div><div class=\"elementor-repeater-item-36404a1 swiper-slide\" role=\"group\" aria-roledescription=\"slide\"><div class=\"swiper-slide-bg\" role=\"img\" aria-label=\"Hyundai Ioniq 5 N eN1\"><\/div><div class=\"elementor-background-overlay\"><\/div><div class=\"swiper-slide-inner\" ><div class=\"swiper-slide-contents\"><div class=\"elementor-slide-heading\">2027 Sprz\u0119t dla kibic\u00f3w i zespo\u0142\u00f3w wy\u015bcigowych M\u015a i WEC<\/div><div class=\"elementor-slide-description\">M\u015a i WEC 2027 rzucaj\u0105 wyzwanie ca\u0142emu \u015bwiatu!\nGdzie rodz\u0105 si\u0119 legendy, koronowani s\u0105 mistrzowie!\nI gdzie historyczne rekordy pr\u0119dko\u015bci i wytrzyma\u0142o\u015bci b\u0119d\u0105 ustanawiane i bite!<\/div><div  class=\"elementor-button elementor-slide-button elementor-size-sm\">Kliknij tutaj<\/div><\/div><\/div><\/div>\t\t\t\t<\/div>\n\t\t\t\t\t\t\t\t\t\t\t\t\t\t\t<div class=\"elementor-swiper-button elementor-swiper-button-prev\" role=\"button\" tabindex=\"0\" aria-label=\"Diapositive pr\u00e9c\u00e9dente\">\n\t\t\t\t\t\t\t<svg aria-hidden=\"true\" class=\"e-font-icon-svg e-eicon-chevron-left\" viewbox=\"0 0 1000 1000\" xmlns=\"http:\/\/www.w3.org\/2000\/svg\"><path d=\"M646 125C629 125 613 133 604 142L308 442C296 454 292 471 292 487 292 504 296 521 308 533L604 854C617 867 629 875 646 875 663 875 679 871 692 858 704 846 713 829 713 812 713 796 708 779 692 767L438 487 692 225C700 217 708 204 708 187 708 171 704 154 692 142 675 129 663 125 646 125Z\"><\/path><\/svg>\t\t\t\t\t\t<\/div>\n\t\t\t\t\t\t<div class=\"elementor-swiper-button elementor-swiper-button-next\" role=\"button\" tabindex=\"0\" aria-label=\"Diapositive suivante\">\n\t\t\t\t\t\t\t<svg aria-hidden=\"true\" class=\"e-font-icon-svg e-eicon-chevron-right\" viewbox=\"0 0 1000 1000\" xmlns=\"http:\/\/www.w3.org\/2000\/svg\"><path d=\"M696 533C708 521 713 504 713 487 713 471 708 454 696 446L400 146C388 133 375 125 354 125 338 125 325 129 313 142 300 154 292 171 292 187 292 204 296 221 308 233L563 492 304 771C292 783 288 800 288 817 288 833 296 850 308 863 321 871 338 875 354 875 371 875 388 867 400 854L696 533Z\"><\/path><\/svg>\t\t\t\t\t\t<\/div>\n\t\t\t\t\t\t\t\t\t\t\t\t\t\t\t\t<div class=\"swiper-pagination\"><\/div>\n\t\t\t\t\t\t\t\t\t\t\t\t<\/div>\n\t\t\t\t<\/div>\n\t\t\t\t\t\t\t\t<\/div>\n\t\t\t\t<\/div>\n\t\t\t\t\t<\/div>\n\t\t\t\t<\/div>\n\t\t<div class=\"elementor-element elementor-element-978898d e-flex e-con-boxed e-con e-parent\" data-id=\"978898d\" data-element_type=\"container\" data-e-type=\"container\">\n\t\t\t\t\t<div class=\"e-con-inner\">\n\t\t\t\t<div class=\"elementor-element elementor-element-9312301 elementor-widget elementor-widget-text-editor\" data-id=\"9312301\" data-element_type=\"widget\" data-e-type=\"widget\" data-widget_type=\"text-editor.default\">\n\t\t\t\t<div class=\"elementor-widget-container\">\n\t\t\t\t\t\t\t\t\t<h3 style=\"text-align: center;\"><span style=\"color: #000000;\"><strong>2027 M\u015a i WEC rzucaj\u0105 wyzwanie ca\u0142emu \u015bwiatu!<\/strong><\/span><\/h3><h3 style=\"text-align: center;\"><span style=\"color: #000000;\"><strong>Gdzie rodz\u0105 si\u0119 legendy i koronowani s\u0105 mistrzowie!<br \/>I gdzie historyczne rekordy pr\u0119dko\u015bci i wytrzyma\u0142o\u015bci maj\u0105 by\u0107 tworzone i bite!<\/strong><\/span><\/h3><p style=\"text-align: left;\"><span style=\"color: #000000;\"><br \/>Kup oficjalne, licencjonowane gad\u017cety zespo\u0142\u00f3w wy\u015bcigowych WSC i WEC 6H, 12H, 24H swojego ulubionego zespo\u0142u wy\u015bcigowego i kierowc\u00f3w lub wydarzenia, w kt\u00f3rym uczestniczy\u0142e\u015b lub planujesz uczestniczy\u0107!<\/span><\/p>\t\t\t\t\t\t\t\t<\/div>\n\t\t\t\t<\/div>\n\t\t\t\t\t<\/div>\n\t\t\t\t<\/div>\n\t\t<div class=\"elementor-element elementor-element-f3a012a e-grid e-con-boxed e-con e-parent\" data-id=\"f3a012a\" data-element_type=\"container\" data-e-type=\"container\">\n\t\t\t\t\t<div class=\"e-con-inner\">\n\t\t\t\t\t<\/div>\n\t\t\t\t<\/div>\n\t\t<div class=\"elementor-element elementor-element-G1mBQgD e-flex e-con-boxed e-con e-parent\" data-id=\"G1mBQgD\" data-element_type=\"container\" data-e-type=\"container\" data-settings=\"{&quot;background_background&quot;:&quot;classic&quot;}\">\n\t\t\t\t\t<div class=\"e-con-inner\">\n\t\t<div class=\"elementor-element elementor-element-3byZ2Df e-con-full e-flex e-con e-child\" data-id=\"3byZ2Df\" data-element_type=\"container\" data-e-type=\"container\">\n\t\t\t\t<div class=\"elementor-element elementor-element-IsWDKkk elementor-widget-tablet__width-initial elementor-widget elementor-widget-image\" data-id=\"IsWDKkk\" data-element_type=\"widget\" data-e-type=\"widget\" data-widget_type=\"image.default\">\n\t\t\t\t<div class=\"elementor-widget-container\">\n\t\t\t\t\t\t\t\t\t\t\t\t\t\t\t<img fetchpriority=\"high\" decoding=\"async\" data-attachment-id=\"801\" data-permalink=\"https:\/\/worldspeedchallenge.com\/pl\/logo-world-endurance-challenge-s\/\" data-orig-file=\"https:\/\/i0.wp.com\/worldspeedchallenge.com\/wp-content\/uploads\/2024\/05\/World-Endurance-Challenge-Logo-s.webp?fit=554%2C336&amp;ssl=1\" data-orig-size=\"554,336\" data-comments-opened=\"1\" data-image-meta=\"{&quot;aperture&quot;:&quot;0&quot;,&quot;credit&quot;:&quot;&quot;,&quot;camera&quot;:&quot;&quot;,&quot;caption&quot;:&quot;&quot;,&quot;created_timestamp&quot;:&quot;0&quot;,&quot;copyright&quot;:&quot;&quot;,&quot;focal_length&quot;:&quot;0&quot;,&quot;iso&quot;:&quot;0&quot;,&quot;shutter_speed&quot;:&quot;0&quot;,&quot;title&quot;:&quot;&quot;,&quot;orientation&quot;:&quot;0&quot;}\" data-image-title=\"World Endurance Challenge Logo s\" data-image-description=\"\" data-image-caption=\"&lt;p&gt;World Endurance Challenge&lt;\/p&gt;\" data-large-file=\"https:\/\/i0.wp.com\/worldspeedchallenge.com\/wp-content\/uploads\/2024\/05\/World-Endurance-Challenge-Logo-s.webp?fit=554%2C336&amp;ssl=1\" width=\"554\" height=\"336\" src=\"https:\/\/i0.wp.com\/worldspeedchallenge.com\/wp-content\/uploads\/2024\/05\/World-Endurance-Challenge-Logo-s.webp?fit=554%2C336&amp;ssl=1\" class=\"attachment-large size-large wp-image-801\" alt=\"\" srcset=\"https:\/\/i0.wp.com\/worldspeedchallenge.com\/wp-content\/uploads\/2024\/05\/World-Endurance-Challenge-Logo-s.webp?w=554&amp;ssl=1 554w, https:\/\/i0.wp.com\/worldspeedchallenge.com\/wp-content\/uploads\/2024\/05\/World-Endurance-Challenge-Logo-s.webp?resize=300%2C182&amp;ssl=1 300w\" sizes=\"(max-width: 554px) 100vw, 554px\" \/>\t\t\t\t\t\t\t\t\t\t\t\t\t\t\t<\/div>\n\t\t\t\t<\/div>\n\t\t\t\t<\/div>\n\t\t<div class=\"elementor-element elementor-element-eyb4pOn e-con-full e-flex e-con e-child\" data-id=\"eyb4pOn\" data-element_type=\"container\" data-e-type=\"container\">\n\t\t\t\t<div class=\"elementor-element elementor-element-2YZc8t4 elementor-widget-tablet__width-initial elementor-widget elementor-widget-image\" data-id=\"2YZc8t4\" data-element_type=\"widget\" data-e-type=\"widget\" data-widget_type=\"image.default\">\n\t\t\t\t<div class=\"elementor-widget-container\">\n\t\t\t\t\t\t\t\t\t\t\t\t\t\t\t<img decoding=\"async\" data-attachment-id=\"800\" data-permalink=\"https:\/\/worldspeedchallenge.com\/pl\/glowne-logo-world-speed-challenge-s\/\" data-orig-file=\"https:\/\/i0.wp.com\/worldspeedchallenge.com\/wp-content\/uploads\/2024\/05\/World-Speed-Challenge-Main-Logo-s.webp?fit=541%2C336&amp;ssl=1\" data-orig-size=\"541,336\" data-comments-opened=\"1\" data-image-meta=\"{&quot;aperture&quot;:&quot;0&quot;,&quot;credit&quot;:&quot;&quot;,&quot;camera&quot;:&quot;&quot;,&quot;caption&quot;:&quot;&quot;,&quot;created_timestamp&quot;:&quot;0&quot;,&quot;copyright&quot;:&quot;&quot;,&quot;focal_length&quot;:&quot;0&quot;,&quot;iso&quot;:&quot;0&quot;,&quot;shutter_speed&quot;:&quot;0&quot;,&quot;title&quot;:&quot;&quot;,&quot;orientation&quot;:&quot;0&quot;}\" data-image-title=\"World Speed Challenge Main Logo s\" data-image-description=\"\" data-image-caption=\"&lt;p&gt;World Speed Challenge&lt;\/p&gt;\" data-large-file=\"https:\/\/i0.wp.com\/worldspeedchallenge.com\/wp-content\/uploads\/2024\/05\/World-Speed-Challenge-Main-Logo-s.webp?fit=541%2C336&amp;ssl=1\" width=\"541\" height=\"336\" src=\"https:\/\/i0.wp.com\/worldspeedchallenge.com\/wp-content\/uploads\/2024\/05\/World-Speed-Challenge-Main-Logo-s.webp?fit=541%2C336&amp;ssl=1\" class=\"attachment-large size-large wp-image-800\" alt=\"\" srcset=\"https:\/\/i0.wp.com\/worldspeedchallenge.com\/wp-content\/uploads\/2024\/05\/World-Speed-Challenge-Main-Logo-s.webp?w=541&amp;ssl=1 541w, https:\/\/i0.wp.com\/worldspeedchallenge.com\/wp-content\/uploads\/2024\/05\/World-Speed-Challenge-Main-Logo-s.webp?resize=300%2C186&amp;ssl=1 300w\" sizes=\"(max-width: 541px) 100vw, 541px\" \/>\t\t\t\t\t\t\t\t\t\t\t\t\t\t\t<\/div>\n\t\t\t\t<\/div>\n\t\t\t\t<\/div>\n\t\t<div class=\"elementor-element elementor-element-EWFnTCd e-con-full e-flex e-con e-child\" data-id=\"EWFnTCd\" data-element_type=\"container\" data-e-type=\"container\">\n\t\t\t\t<div class=\"elementor-element elementor-element-Qq8E3JC elementor-widget elementor-widget-heading\" data-id=\"Qq8E3JC\" data-element_type=\"widget\" data-e-type=\"widget\" data-widget_type=\"heading.default\">\n\t\t\t\t<div class=\"elementor-widget-container\">\n\t\t\t\t\t<h2 class=\"elementor-heading-title elementor-size-default\">Zdob\u0105d\u017a gad\u017cety zwi\u0105zane z M\u015a 2027 i WEC<\/h2>\t\t\t\t<\/div>\n\t\t\t\t<\/div>\n\t\t\t\t<div class=\"elementor-element elementor-element-oJCFaVF elementor-widget-mobile__width-inherit elementor-widget elementor-widget-text-editor\" data-id=\"oJCFaVF\" data-element_type=\"widget\" data-e-type=\"widget\" data-widget_type=\"text-editor.default\">\n\t\t\t\t<div class=\"elementor-widget-container\">\n\t\t\t\t\t\t\t\t\t<p>Chcesz pokaza\u0107 swoje wsparcie dla ulubionego zespo\u0142u lub kierowcy wy\u015bcigowego M\u015a i WEC 2027? Nie szukaj dalej ni\u017c nasz oficjalny sklep z towarami! Dzi\u0119ki najnowszym projektom i limitowanym edycjom nasze towary s\u0105 idealne dla ka\u017cdego oddanego fana wy\u015bcig\u00f3w. Dzi\u0119ki wysokiej jako\u015bci materia\u0142om i dba\u0142o\u015bci o szczeg\u00f3\u0142y, nasze towary s\u0105 nie tylko stylowe, ale tak\u017ce trwa\u0142e, dzi\u0119ki czemu mo\u017cna je nosi\u0107 wy\u015bcig po wy\u015bcigu. Nie czekaj d\u0142u\u017cej, aby zdoby\u0107 oficjalny licencjonowany sprz\u0119t zespo\u0142u wy\u015bcigowego 2027 WSC &amp; WEC 6H, 12H, 24H i do\u0142\u0105czy\u0107 do grona prawdziwych entuzjast\u00f3w wy\u015bcig\u00f3w!<\/p>\t\t\t\t\t\t\t\t<\/div>\n\t\t\t\t<\/div>\n\t\t\t\t<div class=\"elementor-element elementor-element-Tldcte0 elementor-widget__width-auto elementor-align-right elementor-widget elementor-widget-button\" data-id=\"Tldcte0\" data-element_type=\"widget\" data-e-type=\"widget\" data-widget_type=\"button.default\">\n\t\t\t\t<div class=\"elementor-widget-container\">\n\t\t\t\t\t\t\t\t\t<div class=\"elementor-button-wrapper\">\n\t\t\t\t\t<a class=\"elementor-button elementor-button-link elementor-size-sm\" href=\"#\">\n\t\t\t\t\t\t<span class=\"elementor-button-content-wrapper\">\n\t\t\t\t\t\t\t\t\t<span class=\"elementor-button-text\">Kup teraz<\/span>\n\t\t\t\t\t<\/span>\n\t\t\t\t\t<\/a>\n\t\t\t\t<\/div>\n\t\t\t\t\t\t\t\t<\/div>\n\t\t\t\t<\/div>\n\t\t\t\t<\/div>\n\t\t\t\t\t<\/div>\n\t\t\t\t<\/div>\n\t\t\t\t<\/div>","protected":false},"excerpt":{"rendered":"<p>2027 WSC &amp; WEC Fan &amp; Race Team Gear2027 WSC &amp; WEC rzuca wyzwanie...<\/p>","protected":false},"author":165558846,"featured_media":0,"parent":0,"menu_order":0,"comment_status":"closed","ping_status":"closed","template":"","meta":{"_crdt_document":"","advanced_seo_description":"","jetpack_seo_html_title":"","jetpack_seo_noindex":false,"footnotes":""},"class_list":["post-143","page","type-page","status-publish","hentry"],"jetpack_likes_enabled":true,"jetpack_sharing_enabled":true,"jetpack_shortlink":"https:\/\/wp.me\/Pf1Pzv-2j","jetpack-related-posts":[],"_links":{"self":[{"href":"https:\/\/worldspeedchallenge.com\/pl\/wp-json\/wp\/v2\/pages\/143","targetHints":{"allow":["GET"]}}],"collection":[{"href":"https:\/\/worldspeedchallenge.com\/pl\/wp-json\/wp\/v2\/pages"}],"about":[{"href":"https:\/\/worldspeedchallenge.com\/pl\/wp-json\/wp\/v2\/types\/page"}],"author":[{"embeddable":true,"href":"https:\/\/worldspeedchallenge.com\/pl\/wp-json\/wp\/v2\/users\/165558846"}],"replies":[{"embeddable":true,"href":"https:\/\/worldspeedchallenge.com\/pl\/wp-json\/wp\/v2\/comments?post=143"}],"version-history":[{"count":38,"href":"https:\/\/worldspeedchallenge.com\/pl\/wp-json\/wp\/v2\/pages\/143\/revisions"}],"predecessor-version":[{"id":2184,"href":"https:\/\/worldspeedchallenge.com\/pl\/wp-json\/wp\/v2\/pages\/143\/revisions\/2184"}],"wp:attachment":[{"href":"https:\/\/worldspeedchallenge.com\/pl\/wp-json\/wp\/v2\/media?parent=143"}],"curies":[{"name":"wp","href":"https:\/\/api.w.org\/{rel}","templated":true}]}}