{"id":2462,"date":"2024-09-01T19:23:19","date_gmt":"2024-09-02T02:23:19","guid":{"rendered":"https:\/\/worldspeedchallenge.com\/?page_id=2462"},"modified":"2024-09-01T21:20:20","modified_gmt":"2024-09-02T04:20:20","slug":"gt3-h-wsc","status":"publish","type":"page","link":"https:\/\/worldspeedchallenge.com\/nl\/gt3-h-wsc\/","title":{"rendered":"GT3 H WSC"},"content":{"rendered":"<div data-elementor-type=\"wp-page\" data-elementor-id=\"2462\" class=\"elementor elementor-2462\" data-elementor-post-type=\"page\">\n\t\t\t\t<div class=\"elementor-element elementor-element-38fcc5b e-flex e-con-boxed e-con e-parent\" data-id=\"38fcc5b\" data-element_type=\"container\" data-e-type=\"container\">\n\t\t\t\t\t<div class=\"e-con-inner\">\n\t\t\t\t<div class=\"elementor-element elementor-element-69d3386 elementor--h-position-center elementor--v-position-middle elementor-arrows-position-inside elementor-pagination-position-inside elementor-widget elementor-widget-slides\" data-id=\"69d3386\" data-element_type=\"widget\" data-e-type=\"widget\" data-settings=\"{&quot;transition&quot;:&quot;fade&quot;,&quot;transition_speed&quot;:800,&quot;navigation&quot;:&quot;both&quot;,&quot;autoplay&quot;:&quot;yes&quot;,&quot;pause_on_hover&quot;:&quot;yes&quot;,&quot;pause_on_interaction&quot;:&quot;yes&quot;,&quot;autoplay_speed&quot;:5000,&quot;infinite&quot;:&quot;yes&quot;}\" data-widget_type=\"slides.default\">\n\t\t\t\t<div class=\"elementor-widget-container\">\n\t\t\t\t\t\t\t\t\t<div class=\"elementor-swiper\">\n\t\t\t\t\t<div class=\"elementor-slides-wrapper elementor-main-swiper swiper\" role=\"region\" aria-roledescription=\"carousel\" aria-label=\"Dia&#039;s\" dir=\"ltr\" data-animation=\"fadeInUp\">\n\t\t\t\t<div class=\"swiper-wrapper elementor-slides\">\n\t\t\t\t\t\t\t\t\t\t<div class=\"elementor-repeater-item-27a2bce swiper-slide\" role=\"group\" aria-roledescription=\"slide\"><div class=\"swiper-slide-bg\" role=\"img\" aria-label=\"GT3 H Wereldsnelheidswedstrijd\"><\/div><div class=\"swiper-slide-inner\" ><div class=\"swiper-slide-contents\"><div class=\"elementor-slide-heading\">GT3 H WSC<\/div><div class=\"elementor-slide-description\">2027 GT3 H World Speed Challenge daagt de wereld uit om de uitdaging aan te gaan!\nWaar legendes worden geboren, kampioenen worden gekroond!\nEn waar historische snelheids- en uithoudingsrecords worden gevestigd en gebroken!\n<\/div><div  class=\"elementor-button elementor-slide-button elementor-size-sm\">Klik hier<\/div><\/div><\/div><\/div><div class=\"elementor-repeater-item-e3bdef5 swiper-slide\" role=\"group\" aria-roledescription=\"slide\"><div class=\"swiper-slide-bg\"><\/div><div class=\"swiper-slide-inner\" ><div class=\"swiper-slide-contents\"><div class=\"elementor-slide-heading\">GT3 H WSC<\/div><div class=\"elementor-slide-description\">2027 GT3 H World Speed Challenge daagt de wereld uit om de uitdaging aan te gaan!\nWaar legendes worden geboren, kampioenen worden gekroond!\nEn waar historische snelheids- en uithoudingsrecords worden gevestigd en gebroken!\n<\/div><div  class=\"elementor-button elementor-slide-button elementor-size-sm\">Klik hier<\/div><\/div><\/div><\/div><div class=\"elementor-repeater-item-6285494 swiper-slide\" role=\"group\" aria-roledescription=\"slide\"><div class=\"swiper-slide-bg\"><\/div><div class=\"swiper-slide-inner\" ><div class=\"swiper-slide-contents\"><div class=\"elementor-slide-heading\">GT3 H WSC<\/div><div class=\"elementor-slide-description\">2027 GT3 H World Speed Challenge daagt de wereld uit om de uitdaging aan te gaan!\nWaar legendes worden geboren, kampioenen worden gekroond!\nEn waar historische snelheids- en uithoudingsrecords worden gevestigd en gebroken!\n<\/div><div  class=\"elementor-button elementor-slide-button elementor-size-sm\">Klik hier<\/div><\/div><\/div><\/div>\t\t\t\t<\/div>\n\t\t\t\t\t\t\t\t\t\t\t\t\t\t\t<div class=\"elementor-swiper-button elementor-swiper-button-prev\" role=\"button\" tabindex=\"0\" aria-label=\"Vorige dia\">\n\t\t\t\t\t\t\t<svg aria-hidden=\"true\" class=\"e-font-icon-svg e-eicon-chevron-left\" viewbox=\"0 0 1000 1000\" xmlns=\"http:\/\/www.w3.org\/2000\/svg\"><path d=\"M646 125C629 125 613 133 604 142L308 442C296 454 292 471 292 487 292 504 296 521 308 533L604 854C617 867 629 875 646 875 663 875 679 871 692 858 704 846 713 829 713 812 713 796 708 779 692 767L438 487 692 225C700 217 708 204 708 187 708 171 704 154 692 142 675 129 663 125 646 125Z\"><\/path><\/svg>\t\t\t\t\t\t<\/div>\n\t\t\t\t\t\t<div class=\"elementor-swiper-button elementor-swiper-button-next\" role=\"button\" tabindex=\"0\" aria-label=\"Volgende dia\">\n\t\t\t\t\t\t\t<svg aria-hidden=\"true\" class=\"e-font-icon-svg e-eicon-chevron-right\" viewbox=\"0 0 1000 1000\" xmlns=\"http:\/\/www.w3.org\/2000\/svg\"><path d=\"M696 533C708 521 713 504 713 487 713 471 708 454 696 446L400 146C388 133 375 125 354 125 338 125 325 129 313 142 300 154 292 171 292 187 292 204 296 221 308 233L563 492 304 771C292 783 288 800 288 817 288 833 296 850 308 863 321 871 338 875 354 875 371 875 388 867 400 854L696 533Z\"><\/path><\/svg>\t\t\t\t\t\t<\/div>\n\t\t\t\t\t\t\t\t\t\t\t\t\t\t\t\t<div class=\"swiper-pagination\"><\/div>\n\t\t\t\t\t\t\t\t\t\t\t\t<\/div>\n\t\t\t\t<\/div>\n\t\t\t\t\t\t\t\t<\/div>\n\t\t\t\t<\/div>\n\t\t\t\t\t<\/div>\n\t\t\t\t<\/div>\n\t\t<div class=\"elementor-element elementor-element-b410817 e-flex e-con-boxed e-con e-parent\" data-id=\"b410817\" data-element_type=\"container\" data-e-type=\"container\">\n\t\t\t\t\t<div class=\"e-con-inner\">\n\t\t\t\t<div class=\"elementor-element elementor-element-ba87047 elementor-widget elementor-widget-text-editor\" data-id=\"ba87047\" data-element_type=\"widget\" data-e-type=\"widget\" data-widget_type=\"text-editor.default\">\n\t\t\t\t<div class=\"elementor-widget-container\">\n\t\t\t\t\t\t\t\t\t<h4 style=\"text-align: center;\"><span style=\"color: #000000;\"><strong>2027 GT3 H Wereldsnelheidsuitdaging daagt de wereld uit!<\/strong><\/span><\/h4><h4 style=\"text-align: center;\"><span style=\"color: #000000;\"><strong>Waar legendes worden geboren, worden kampioenen gekroond!<br \/>En waar historische snelheids- en uithoudingsrecords worden gemaakt en gebroken!<\/strong><\/span><\/h4>\t\t\t\t\t\t\t\t<\/div>\n\t\t\t\t<\/div>\n\t\t\t\t\t<\/div>\n\t\t\t\t<\/div>\n\t\t<div class=\"elementor-element elementor-element-1fbc41c e-flex e-con-boxed e-con e-parent\" data-id=\"1fbc41c\" data-element_type=\"container\" data-e-type=\"container\">\n\t\t\t\t\t<div class=\"e-con-inner\">\n\t\t\t\t<div class=\"elementor-element elementor-element-92e1ef3 elementor-widget elementor-widget-text-editor\" data-id=\"92e1ef3\" data-element_type=\"widget\" data-e-type=\"widget\" data-widget_type=\"text-editor.default\">\n\t\t\t\t<div class=\"elementor-widget-container\">\n\t\t\t\t\t\t\t\t\t<p><span style=\"color: #000000;\">De 2027 eGT3 World Endurance Challenge (WEC) series van 2 uur tot 24 uur trekt de deelname van professionele raceteams en fabrikanten, het cre\u00ebren van een hoog competitieniveau op het circuit en het laten zien van geavanceerde engineering en racestrategie\u00ebn in de autosport, met de nadruk op elektrische sportauto's en hybride sportauto's racen. Als professioneel geori\u00ebnteerde serie streeft het 2027 eGT3 WEC ernaar om een platform te cre\u00ebren dat zowel inclusief als zeer competitief is, zodat fabrikanten de kans krijgen om de prestaties te demonstreren en de elektrische en hybride technologie in high-performance endurance e-races onder de aandacht te brengen.<\/span><\/p>\t\t\t\t\t\t\t\t<\/div>\n\t\t\t\t<\/div>\n\t\t\t\t\t<\/div>\n\t\t\t\t<\/div>\n\t\t<div class=\"elementor-element elementor-element-7464a14 e-flex e-con-boxed e-con e-parent\" data-id=\"7464a14\" data-element_type=\"container\" data-e-type=\"container\">\n\t\t\t\t\t<div class=\"e-con-inner\">\n\t\t\t\t<div class=\"elementor-element elementor-element-e556984 elementor-widget elementor-widget-text-editor\" data-id=\"e556984\" data-element_type=\"widget\" data-e-type=\"widget\" data-widget_type=\"text-editor.default\">\n\t\t\t\t<div class=\"elementor-widget-container\">\n\t\t\t\t\t\t\t\t\t<h4><strong>2027 GT3 H Technisch reglement:<br \/><\/strong><\/h4><p><span style=\"color: #000000;\">2027 eGT3 Technical regulation is direct input of the manufacturers and are essential for safety and homologation of the development standards of the eGT3 race cars for competition.<\/span><\/p><p><span style=\"color: #000000;\">The following information reflects the current situation regarding technical sporting and regulatory format regulation for the eGT4 WSC &amp; WEC &amp; E World Grand Prix season. It is subject to change at any time.<\/span><\/p><p><span style=\"color: #000000;\">2027 GT3 H technisch sportief en reglementair formaat: pdf wordt binnenkort gepost.<\/span><\/p><h4><strong>\u00a0<\/strong><\/h4>\t\t\t\t\t\t\t\t<\/div>\n\t\t\t\t<\/div>\n\t\t\t\t\t<\/div>\n\t\t\t\t<\/div>\n\t\t<div class=\"elementor-element elementor-element-2d6d6b3 e-flex e-con-boxed e-con e-parent\" data-id=\"2d6d6b3\" data-element_type=\"container\" data-e-type=\"container\">\n\t\t\t\t\t<div class=\"e-con-inner\">\n\t\t\t\t<div class=\"elementor-element elementor-element-6151e03 elementor-widget elementor-widget-text-editor\" data-id=\"6151e03\" data-element_type=\"widget\" data-e-type=\"widget\" data-widget_type=\"text-editor.default\">\n\t\t\t\t<div class=\"elementor-widget-container\">\n\t\t\t\t\t\t\t\t\t<h4><strong>2027 GT3 H WSC Inschrijving:<br \/><\/strong><\/h4><p><span style=\"color: #000000;\">2027 eGT1 registratie is binnenkort open.<\/span><\/p><h4><strong>\u00a0<\/strong><\/h4>\t\t\t\t\t\t\t\t<\/div>\n\t\t\t\t<\/div>\n\t\t\t\t\t<\/div>\n\t\t\t\t<\/div>\n\t\t<div class=\"elementor-element elementor-element-a697d60 e-flex e-con-boxed e-con e-parent\" data-id=\"a697d60\" data-element_type=\"container\" data-e-type=\"container\">\n\t\t\t\t\t<div class=\"e-con-inner\">\n\t\t\t\t<div class=\"elementor-element elementor-element-e7b259b elementor-widget elementor-widget-text-editor\" data-id=\"e7b259b\" data-element_type=\"widget\" data-e-type=\"widget\" data-widget_type=\"text-editor.default\">\n\t\t\t\t<div class=\"elementor-widget-container\">\n\t\t\t\t\t\t\t\t\t<h4><strong>2027 GT3 H WSC-evenementen:<br \/><\/strong><\/h4><p><span style=\"color: #000000;\">2027 Datum en locatie worden nog bepaald.<\/span><\/p><p><span style=\"color: #000000;\">2027 Racekalender.<\/span><\/p><h4><strong>\u00a0<\/strong><\/h4>\t\t\t\t\t\t\t\t<\/div>\n\t\t\t\t<\/div>\n\t\t\t\t\t<\/div>\n\t\t\t\t<\/div>\n\t\t<div class=\"elementor-element elementor-element-ccdc9c8 e-flex e-con-boxed e-con e-parent\" data-id=\"ccdc9c8\" data-element_type=\"container\" data-e-type=\"container\">\n\t\t\t\t\t<div class=\"e-con-inner\">\n\t\t\t\t<div class=\"elementor-element elementor-element-45c80bc elementor-widget elementor-widget-text-editor\" data-id=\"45c80bc\" data-element_type=\"widget\" data-e-type=\"widget\" data-widget_type=\"text-editor.default\">\n\t\t\t\t<div class=\"elementor-widget-container\">\n\t\t\t\t\t\t\t\t\t<h4><strong>2027 GT3 H WSC Sponsors:\u00a0<\/strong><\/h4>\t\t\t\t\t\t\t\t<\/div>\n\t\t\t\t<\/div>\n\t\t\t\t\t<\/div>\n\t\t\t\t<\/div>\n\t\t<div class=\"elementor-element elementor-element-2b671f8 e-grid e-con-boxed e-con e-parent\" data-id=\"2b671f8\" data-element_type=\"container\" data-e-type=\"container\">\n\t\t\t\t\t<div class=\"e-con-inner\">\n\t\t\t\t\t<\/div>\n\t\t\t\t<\/div>\n\t\t<div class=\"elementor-element elementor-element-80360b4 e-flex e-con-boxed e-con e-parent\" data-id=\"80360b4\" data-element_type=\"container\" data-e-type=\"container\">\n\t\t\t\t\t<div class=\"e-con-inner\">\n\t\t\t\t<div class=\"elementor-element elementor-element-f5a73af elementor-widget elementor-widget-text-editor\" data-id=\"f5a73af\" data-element_type=\"widget\" data-e-type=\"widget\" data-widget_type=\"text-editor.default\">\n\t\t\t\t<div class=\"elementor-widget-container\">\n\t\t\t\t\t\t\t\t\t<h4><strong>2027 GT3 H WSC Fabrikant:<\/strong><\/h4>\t\t\t\t\t\t\t\t<\/div>\n\t\t\t\t<\/div>\n\t\t\t\t\t<\/div>\n\t\t\t\t<\/div>\n\t\t<div class=\"elementor-element elementor-element-20c4cfb e-grid e-con-boxed e-con e-parent\" data-id=\"20c4cfb\" data-element_type=\"container\" data-e-type=\"container\">\n\t\t\t\t\t<div class=\"e-con-inner\">\n\t\t\t\t\t<\/div>\n\t\t\t\t<\/div>\n\t\t<div class=\"elementor-element elementor-element-a688544 e-flex e-con-boxed e-con e-parent\" data-id=\"a688544\" data-element_type=\"container\" data-e-type=\"container\">\n\t\t\t\t\t<div class=\"e-con-inner\">\n\t\t\t\t<div class=\"elementor-element elementor-element-2712f84 elementor-widget elementor-widget-text-editor\" data-id=\"2712f84\" data-element_type=\"widget\" data-e-type=\"widget\" data-widget_type=\"text-editor.default\">\n\t\t\t\t<div class=\"elementor-widget-container\">\n\t\t\t\t\t\t\t\t\t<h4><strong>2027 GT3 H WSC Teams:<\/strong><\/h4>\t\t\t\t\t\t\t\t<\/div>\n\t\t\t\t<\/div>\n\t\t\t\t\t<\/div>\n\t\t\t\t<\/div>\n\t\t<div class=\"elementor-element elementor-element-d26fdb3 e-grid e-con-boxed e-con e-parent\" data-id=\"d26fdb3\" data-element_type=\"container\" data-e-type=\"container\">\n\t\t\t\t\t<div class=\"e-con-inner\">\n\t\t\t\t\t<\/div>\n\t\t\t\t<\/div>\n\t\t<div class=\"elementor-element elementor-element-07aa1ab e-flex e-con-boxed e-con e-parent\" data-id=\"07aa1ab\" data-element_type=\"container\" data-e-type=\"container\">\n\t\t\t\t\t<div class=\"e-con-inner\">\n\t\t\t\t<div class=\"elementor-element elementor-element-52aea7b elementor-widget elementor-widget-text-editor\" data-id=\"52aea7b\" data-element_type=\"widget\" data-e-type=\"widget\" data-widget_type=\"text-editor.default\">\n\t\t\t\t<div class=\"elementor-widget-container\">\n\t\t\t\t\t\t\t\t\t<h4><strong>2027 GT3 H Coureurs:<\/strong><\/h4>\t\t\t\t\t\t\t\t<\/div>\n\t\t\t\t<\/div>\n\t\t\t\t\t<\/div>\n\t\t\t\t<\/div>\n\t\t<div class=\"elementor-element elementor-element-9c8353c e-grid e-con-boxed e-con e-parent\" data-id=\"9c8353c\" data-element_type=\"container\" data-e-type=\"container\">\n\t\t\t\t\t<div class=\"e-con-inner\">\n\t\t\t\t\t<\/div>\n\t\t\t\t<\/div>\n\t\t\t\t<\/div>","protected":false},"excerpt":{"rendered":"<p>GT3 H WSC2027 GT3 H World Speed Challenge Is Challenging The World to Challenge! Where&#8230;<\/p>","protected":false},"author":165558846,"featured_media":0,"parent":0,"menu_order":0,"comment_status":"closed","ping_status":"closed","template":"","meta":{"_crdt_document":"","advanced_seo_description":"","jetpack_seo_html_title":"","jetpack_seo_noindex":false,"footnotes":""},"class_list":["post-2462","page","type-page","status-publish","hentry"],"jetpack_likes_enabled":true,"jetpack_sharing_enabled":true,"jetpack_shortlink":"https:\/\/wp.me\/Pf1Pzv-DI","jetpack-related-posts":[],"_links":{"self":[{"href":"https:\/\/worldspeedchallenge.com\/nl\/wp-json\/wp\/v2\/pages\/2462","targetHints":{"allow":["GET"]}}],"collection":[{"href":"https:\/\/worldspeedchallenge.com\/nl\/wp-json\/wp\/v2\/pages"}],"about":[{"href":"https:\/\/worldspeedchallenge.com\/nl\/wp-json\/wp\/v2\/types\/page"}],"author":[{"embeddable":true,"href":"https:\/\/worldspeedchallenge.com\/nl\/wp-json\/wp\/v2\/users\/165558846"}],"replies":[{"embeddable":true,"href":"https:\/\/worldspeedchallenge.com\/nl\/wp-json\/wp\/v2\/comments?post=2462"}],"version-history":[{"count":7,"href":"https:\/\/worldspeedchallenge.com\/nl\/wp-json\/wp\/v2\/pages\/2462\/revisions"}],"predecessor-version":[{"id":2530,"href":"https:\/\/worldspeedchallenge.com\/nl\/wp-json\/wp\/v2\/pages\/2462\/revisions\/2530"}],"wp:attachment":[{"href":"https:\/\/worldspeedchallenge.com\/nl\/wp-json\/wp\/v2\/media?parent=2462"}],"curies":[{"name":"wp","href":"https:\/\/api.w.org\/{rel}","templated":true}]}}