{"id":141,"date":"2023-11-22T13:53:09","date_gmt":"2023-11-22T21:53:09","guid":{"rendered":"https:\/\/worldspeedchallenge.com\/?page_id=141"},"modified":"2024-09-01T10:03:24","modified_gmt":"2024-09-01T17:03:24","slug":"wsc-resultaten","status":"publish","type":"page","link":"https:\/\/worldspeedchallenge.com\/nl\/wsc-resultaten\/","title":{"rendered":"WSC resultaten"},"content":{"rendered":"<div data-elementor-type=\"wp-page\" data-elementor-id=\"141\" class=\"elementor elementor-141\" data-elementor-post-type=\"page\">\n\t\t\t\t<div class=\"elementor-element elementor-element-e858eea e-flex e-con-boxed e-con e-parent\" data-id=\"e858eea\" data-element_type=\"container\" data-e-type=\"container\">\n\t\t\t\t\t<div class=\"e-con-inner\">\n\t\t\t\t<div class=\"elementor-element elementor-element-1617837 elementor--h-position-center elementor--v-position-middle elementor-arrows-position-inside elementor-pagination-position-inside elementor-widget elementor-widget-slides\" data-id=\"1617837\" data-element_type=\"widget\" data-e-type=\"widget\" data-settings=\"{&quot;autoplay_speed&quot;:8000,&quot;transition&quot;:&quot;fade&quot;,&quot;navigation&quot;:&quot;both&quot;,&quot;autoplay&quot;:&quot;yes&quot;,&quot;pause_on_hover&quot;:&quot;yes&quot;,&quot;pause_on_interaction&quot;:&quot;yes&quot;,&quot;infinite&quot;:&quot;yes&quot;,&quot;transition_speed&quot;:500}\" data-widget_type=\"slides.default\">\n\t\t\t\t<div class=\"elementor-widget-container\">\n\t\t\t\t\t\t\t\t\t<div class=\"elementor-swiper\">\n\t\t\t\t\t<div class=\"elementor-slides-wrapper elementor-main-swiper swiper\" role=\"region\" aria-roledescription=\"carousel\" aria-label=\"Dia&#039;s\" dir=\"ltr\" data-animation=\"fadeInUp\">\n\t\t\t\t<div class=\"swiper-wrapper elementor-slides\">\n\t\t\t\t\t\t\t\t\t\t<div class=\"elementor-repeater-item-807baaf swiper-slide\" role=\"group\" aria-roledescription=\"slide\"><div class=\"swiper-slide-bg\" role=\"img\" aria-label=\"Prototype eGT1\"><\/div><div class=\"swiper-slide-inner\" ><div class=\"swiper-slide-contents\"><div class=\"elementor-slide-heading\">2027 eGT1 WSC Race Results<\/div><div class=\"elementor-slide-description\">2027 e GT1 World Speed Challenge daagt de wereld uit voor een uitdaging!\nWaar legendes worden geboren, kampioenen worden gekroond!\nEn waar historische snelheids- en uithoudingsrecords worden gevestigd en gebroken!\n<\/div><div  class=\"elementor-button elementor-slide-button elementor-size-sm\">Klik hier<\/div><\/div><\/div><\/div><div class=\"elementor-repeater-item-8691782 swiper-slide\" role=\"group\" aria-roledescription=\"slide\"><div class=\"swiper-slide-bg\"><\/div><div class=\"swiper-slide-inner\" ><div class=\"swiper-slide-contents\"><div class=\"elementor-slide-heading\">2027 eGT2 WSC Race Results<\/div><div class=\"elementor-slide-description\">2027 eGT2 World Speed Challenge daagt de wereld uit voor een uitdaging!\nWaar legendes worden geboren, kampioenen worden gekroond!\nEn waar historische snelheids- en uithoudingsrecords worden gemaakt en gebroken!\n<\/div><div  class=\"elementor-button elementor-slide-button elementor-size-sm\">Klik hier<\/div><\/div><\/div><\/div><div class=\"elementor-repeater-item-34e53e6 swiper-slide\" role=\"group\" aria-roledescription=\"slide\"><div class=\"swiper-slide-bg\"><\/div><div class=\"swiper-slide-inner\" ><div class=\"swiper-slide-contents\"><div class=\"elementor-slide-heading\">2027 eGT3 WSC Race Results<\/div><div class=\"elementor-slide-description\">2027 eGT3 World Speed Challenge daagt de wereld uit voor een uitdaging!\nWaar legendes worden geboren, kampioenen worden gekroond!\nEn waar historische snelheids- en uithoudingsrecords worden gemaakt en gebroken!\n<\/div><div  class=\"elementor-button elementor-slide-button elementor-size-sm\">Klik hier<\/div><\/div><\/div><\/div><div class=\"elementor-repeater-item-e447dcd swiper-slide\" role=\"group\" aria-roledescription=\"slide\"><div class=\"swiper-slide-bg\" role=\"img\" aria-label=\"Porsche 718 Ccayman gt4 e Prestaties\"><\/div><div class=\"swiper-slide-inner\" ><div class=\"swiper-slide-contents\"><div class=\"elementor-slide-heading\">2027 eGT4 WSC Race Results<\/div><div class=\"elementor-slide-description\">2027 eGt4 World Speed Challenge daagt de wereld uit voor een uitdaging!\nWaar legendes worden geboren, kampioenen worden gekroond!\nEn waar historische snelheids- en uithoudingsrecords worden gemaakt en gebroken!\n<\/div><div  class=\"elementor-button elementor-slide-button elementor-size-sm\">Klik hier<\/div><\/div><\/div><\/div><div class=\"elementor-repeater-item-3849a2a swiper-slide\" role=\"group\" aria-roledescription=\"slide\"><div class=\"swiper-slide-bg\" role=\"img\" aria-label=\"Hyundai Ioniq 5 N eN1\"><\/div><div class=\"swiper-slide-inner\" ><div class=\"swiper-slide-contents\"><div class=\"elementor-slide-heading\">2027 eTC WSC Race Results<\/div><div class=\"elementor-slide-description\">2027 eTC World Speed Challenge daagt de wereld uit voor een uitdaging!\nWaar legendes worden geboren, kampioenen worden gekroond!\nEn waar historische snelheids- en uithoudingsrecords worden gemaakt en gebroken!\n<\/div><div  class=\"elementor-button elementor-slide-button elementor-size-sm\">Klik hier<\/div><\/div><\/div><\/div><div class=\"elementor-repeater-item-3923005 swiper-slide\" role=\"group\" aria-roledescription=\"slide\"><div class=\"swiper-slide-bg\" role=\"img\" aria-label=\"Hyundai Ioniq 5 N eN1\"><\/div><div class=\"swiper-slide-inner\" ><div class=\"swiper-slide-contents\"><div class=\"elementor-slide-heading\">2027 eTC Racing Academy Race Results<\/div><div class=\"elementor-slide-description\">2027 eTCRA World Speed Challenge daagt de wereld uit voor een uitdaging!\nWaar legendes worden geboren, kampioenen worden gekroond!\nEn waar historische snelheids- en uithoudingsrecords worden gemaakt en gebroken!\n<\/div><div  class=\"elementor-button elementor-slide-button elementor-size-sm\">Klik hier<\/div><\/div><\/div><\/div><div class=\"elementor-repeater-item-c4e4b02 swiper-slide\" role=\"group\" aria-roledescription=\"slide\"><div class=\"swiper-slide-bg\"><\/div><div class=\"swiper-slide-inner\" ><div class=\"swiper-slide-contents\"><div class=\"elementor-slide-heading\">2027 GT1 H WSC Wedstrijdresultaten<\/div><div class=\"elementor-slide-description\">2027 GT1 H World Speed Challenge daagt de wereld uit voor een uitdaging!\nWaar legendes worden geboren, kampioenen worden gekroond!\nEn waar historische snelheids- en uithoudingsrecords worden gevestigd en gebroken!\n<\/div><div  class=\"elementor-button elementor-slide-button elementor-size-sm\">Klik hier<\/div><\/div><\/div><\/div><div class=\"elementor-repeater-item-c36a612 swiper-slide\" role=\"group\" aria-roledescription=\"slide\"><div class=\"swiper-slide-bg\"><\/div><div class=\"swiper-slide-inner\" ><div class=\"swiper-slide-contents\"><div class=\"elementor-slide-heading\">2027 GT2 H WSC Wedstrijdresultaten<\/div><div class=\"elementor-slide-description\">2027 GT2 H Wereldsnelheidsuitdaging daagt de wereld uit!\nWaar legendes worden geboren, kampioenen worden gekroond!\nEn waar historische snelheids- en uithoudingsrecords worden gevestigd en gebroken!\n<\/div><div  class=\"elementor-button elementor-slide-button elementor-size-sm\">Klik hier<\/div><\/div><\/div><\/div><div class=\"elementor-repeater-item-ef67090 swiper-slide\" role=\"group\" aria-roledescription=\"slide\"><div class=\"swiper-slide-bg\"><\/div><div class=\"swiper-slide-inner\" ><div class=\"swiper-slide-contents\"><div class=\"elementor-slide-heading\">2027 GT3 H WSC-Resultaten<\/div><div class=\"elementor-slide-description\">2027 GT3 H World Speed Challenge daagt de wereld uit voor een uitdaging!\nWaar legendes worden geboren, kampioenen worden gekroond!\nEn waar historische snelheids- en uithoudingsrecords worden gevestigd en gebroken!\n<\/div><div  class=\"elementor-button elementor-slide-button elementor-size-sm\">Klik hier<\/div><\/div><\/div><\/div><div class=\"elementor-repeater-item-1d7d746 swiper-slide\" role=\"group\" aria-roledescription=\"slide\"><div class=\"swiper-slide-bg\"><\/div><div class=\"swiper-slide-inner\" ><div class=\"swiper-slide-contents\"><div class=\"elementor-slide-heading\">2027 GT4 H WSC Wedstrijdresultaten<\/div><div class=\"elementor-slide-description\">2027 GT4 H World Speed Challenge daagt de wereld uit voor een uitdaging!\nWaar legendes worden geboren, kampioenen worden gekroond!\nEn waar historische snelheids- en uithoudingsrecords worden gevestigd en gebroken!\n.<\/div><div  class=\"elementor-button elementor-slide-button elementor-size-sm\">Klik hier<\/div><\/div><\/div><\/div>\t\t\t\t<\/div>\n\t\t\t\t\t\t\t\t\t\t\t\t\t\t\t<div class=\"elementor-swiper-button elementor-swiper-button-prev\" role=\"button\" tabindex=\"0\" aria-label=\"Previous slide\" data-no-translation-aria-label=\"\">\n\t\t\t\t\t\t\t<svg aria-hidden=\"true\" class=\"e-font-icon-svg e-eicon-chevron-left\" viewbox=\"0 0 1000 1000\" xmlns=\"http:\/\/www.w3.org\/2000\/svg\"><path d=\"M646 125C629 125 613 133 604 142L308 442C296 454 292 471 292 487 292 504 296 521 308 533L604 854C617 867 629 875 646 875 663 875 679 871 692 858 704 846 713 829 713 812 713 796 708 779 692 767L438 487 692 225C700 217 708 204 708 187 708 171 704 154 692 142 675 129 663 125 646 125Z\"><\/path><\/svg>\t\t\t\t\t\t<\/div>\n\t\t\t\t\t\t<div class=\"elementor-swiper-button elementor-swiper-button-next\" role=\"button\" tabindex=\"0\" aria-label=\"Next slide\" data-no-translation-aria-label=\"\">\n\t\t\t\t\t\t\t<svg aria-hidden=\"true\" class=\"e-font-icon-svg e-eicon-chevron-right\" viewbox=\"0 0 1000 1000\" xmlns=\"http:\/\/www.w3.org\/2000\/svg\"><path d=\"M696 533C708 521 713 504 713 487 713 471 708 454 696 446L400 146C388 133 375 125 354 125 338 125 325 129 313 142 300 154 292 171 292 187 292 204 296 221 308 233L563 492 304 771C292 783 288 800 288 817 288 833 296 850 308 863 321 871 338 875 354 875 371 875 388 867 400 854L696 533Z\"><\/path><\/svg>\t\t\t\t\t\t<\/div>\n\t\t\t\t\t\t\t\t\t\t\t\t\t\t\t\t<div class=\"swiper-pagination\"><\/div>\n\t\t\t\t\t\t\t\t\t\t\t\t<\/div>\n\t\t\t\t<\/div>\n\t\t\t\t\t\t\t\t<\/div>\n\t\t\t\t<\/div>\n\t\t\t\t\t<\/div>\n\t\t\t\t<\/div>\n\t\t<div class=\"elementor-element elementor-element-02a4585 e-flex e-con-boxed e-con e-parent\" data-id=\"02a4585\" data-element_type=\"container\" data-e-type=\"container\">\n\t\t\t\t\t<div class=\"e-con-inner\">\n\t\t\t\t<div class=\"elementor-element elementor-element-8941952 elementor-widget elementor-widget-text-editor\" data-id=\"8941952\" data-element_type=\"widget\" data-e-type=\"widget\" data-widget_type=\"text-editor.default\">\n\t\t\t\t<div class=\"elementor-widget-container\">\n\t\t\t\t\t\t\t\t\t<h3 style=\"text-align: center;\"><span style=\"color: #000000;\"><strong>2027 World Speed Challenge Is Challenging The World To A Challenge!<\/strong><\/span><\/h3><h3 style=\"text-align: center;\"><span style=\"color: #000000;\"><strong>Waar legendes worden geboren, worden kampioenen gekroond!<br \/>En waar historische snelheids- en uithoudingsrecords worden gemaakt en gebroken!<\/strong><\/span><\/h3>\t\t\t\t\t\t\t\t<\/div>\n\t\t\t\t<\/div>\n\t\t\t\t\t<\/div>\n\t\t\t\t<\/div>\n\t\t<div class=\"elementor-element elementor-element-258b70a e-flex e-con-boxed e-con e-parent\" data-id=\"258b70a\" data-element_type=\"container\" data-e-type=\"container\">\n\t\t\t\t\t<div class=\"e-con-inner\">\n\t\t\t\t<div class=\"elementor-element elementor-element-fbfed53 elementor-widget elementor-widget-text-editor\" data-id=\"fbfed53\" data-element_type=\"widget\" data-e-type=\"widget\" data-widget_type=\"text-editor.default\">\n\t\t\t\t<div class=\"elementor-widget-container\">\n\t\t\t\t\t\t\t\t\t<p><span style=\"color: #000000;\">At 2027 World Speed Challenge, we take pride in the fact that several speed lap world records will be broken in the World Speed Challenge (WSC). Racers will be pushing the technology limits of electric vehicles and hybrids to achieve new milestones in speed and endurance. From the fastest lap time to completing sprint race distance to longest continuous drive, we will celebrate every achievement at 2027 WSC. <\/span><\/p>\t\t\t\t\t\t\t\t<\/div>\n\t\t\t\t<\/div>\n\t\t\t\t\t<\/div>\n\t\t\t\t<\/div>\n\t\t<div class=\"elementor-element elementor-element-5f90fc8 e-flex e-con-boxed e-con e-parent\" data-id=\"5f90fc8\" data-element_type=\"container\" data-e-type=\"container\">\n\t\t\t\t\t<div class=\"e-con-inner\">\n\t\t\t\t<div class=\"elementor-element elementor-element-159c12a elementor-widget elementor-widget-text-editor\" data-id=\"159c12a\" data-element_type=\"widget\" data-e-type=\"widget\" data-widget_type=\"text-editor.default\">\n\t\t\t\t<div class=\"elementor-widget-container\">\n\t\t\t\t\t\t\t\t\t<h3><span style=\"color: #000000;\">2027 E WSC\u00a0<\/span><span style=\"color: #000000;\">Serie\u00a0\u00a0<\/span><span style=\"color: #000000;\">Race-resultaten:<\/span><\/h3>\t\t\t\t\t\t\t\t<\/div>\n\t\t\t\t<\/div>\n\t\t\t\t\t<\/div>\n\t\t\t\t<\/div>\n\t\t<div class=\"elementor-element elementor-element-3fe7f16 e-flex e-con-boxed e-con e-parent\" data-id=\"3fe7f16\" data-element_type=\"container\" data-e-type=\"container\">\n\t\t\t\t\t<div class=\"e-con-inner\">\n\t\t\t\t<div class=\"elementor-element elementor-element-21cb6bb elementor-widget elementor-widget-text-editor\" data-id=\"21cb6bb\" data-element_type=\"widget\" data-e-type=\"widget\" data-widget_type=\"text-editor.default\">\n\t\t\t\t<div class=\"elementor-widget-container\">\n\t\t\t\t\t\t\t\t\t<p><span style=\"color: #000000;\">2027 eGT1 WSC Race Result:<\/span><\/p><p><span style=\"color: #000000;\">2027 eGT2 WSC Race Results:<\/span><\/p><p><span style=\"color: #000000;\">2027 eGT3 WSC Race Results:<\/span><\/p><p><span style=\"color: #000000;\">2027 eGT4 WSC Race Results:<\/span><\/p><p><span style=\"color: #000000;\">2027 eTC WSC Wedstrijdresultaten:<\/span><\/p><p><span style=\"color: #000000;\">2027 eTC Racing Academy WSC Race Results:<\/span><\/p><h3><span style=\"color: #000000;\">2027 H WSC\u00a0<\/span><span style=\"color: #000000;\">Serie\u00a0<\/span><span style=\"color: #000000;\">Race-resultaten:<\/span><\/h3><p><span style=\"color: #000000;\">2027 GT1H WSC Race-uitslag:<\/span><\/p><p><span style=\"color: #000000;\">2027 GT2H WSC Race-uitslag:<\/span><\/p><p><span style=\"color: #000000;\">2027 GT3H WSC Race-uitslag:<\/span><\/p><p><span style=\"color: #000000;\">2027 GT4H WSC Race-uitslag:<\/span><\/p>\t\t\t\t\t\t\t\t<\/div>\n\t\t\t\t<\/div>\n\t\t\t\t\t<\/div>\n\t\t\t\t<\/div>\n\t\t<div class=\"elementor-element elementor-element-NplC6yd e-flex e-con-boxed e-con e-parent\" data-id=\"NplC6yd\" data-element_type=\"container\" data-e-type=\"container\" data-settings=\"{&quot;background_background&quot;:&quot;classic&quot;}\">\n\t\t\t\t\t<div class=\"e-con-inner\">\n\t\t<div class=\"elementor-element elementor-element-gebO3YL e-con-full e-flex e-con e-child\" data-id=\"gebO3YL\" data-element_type=\"container\" data-e-type=\"container\">\n\t\t<div class=\"elementor-element elementor-element-VVejIdO e-con-full e-flex e-con e-child\" data-id=\"VVejIdO\" data-element_type=\"container\" data-e-type=\"container\">\n\t\t\t\t<div class=\"elementor-element elementor-element-VX4t2tX elementor-widget elementor-widget-heading\" data-id=\"VX4t2tX\" data-element_type=\"widget\" data-e-type=\"widget\" data-widget_type=\"heading.default\">\n\t\t\t\t<div class=\"elementor-widget-container\">\n\t\t\t\t\t<h2 class=\"elementor-heading-title elementor-size-default\">Discover The Latest 2027 WSC Race Results<\/h2>\t\t\t\t<\/div>\n\t\t\t\t<\/div>\n\t\t\t\t<div class=\"elementor-element elementor-element-oeE0hAZ elementor-widget elementor-widget-text-editor\" data-id=\"oeE0hAZ\" data-element_type=\"widget\" data-e-type=\"widget\" data-widget_type=\"text-editor.default\">\n\t\t\t\t<div class=\"elementor-widget-container\">\n\t\t\t\t\t\t\t\t\t<p><span style=\"color: #000000;\">Stay up to date with the latest winners and record breakers from the 2027 World Speed Challenge (WSC). Our results page is updated as soon as each race is complete, so you can easily find all the latest results for electric vehicles and hybrids. Don\u2019t miss out on any of the excitement, view the latest 2027 WSC results now!<\/span><\/p>\t\t\t\t\t\t\t\t<\/div>\n\t\t\t\t<\/div>\n\t\t<div class=\"elementor-element elementor-element-tRo2U5B e-flex e-con-boxed e-con e-child\" data-id=\"tRo2U5B\" data-element_type=\"container\" data-e-type=\"container\">\n\t\t\t\t\t<div class=\"e-con-inner\">\n\t\t\t\t<div class=\"elementor-element elementor-element-nUYP9c6 elementor-widget__width-auto elementor-align-right elementor-widget elementor-widget-button\" data-id=\"nUYP9c6\" data-element_type=\"widget\" data-e-type=\"widget\" data-widget_type=\"button.default\">\n\t\t\t\t<div class=\"elementor-widget-container\">\n\t\t\t\t\t\t\t\t\t<div class=\"elementor-button-wrapper\">\n\t\t\t\t\t<a class=\"elementor-button elementor-button-link elementor-size-sm\" href=\"#\">\n\t\t\t\t\t\t<span class=\"elementor-button-content-wrapper\">\n\t\t\t\t\t\t\t\t\t<span class=\"elementor-button-text\">View Now<\/span>\n\t\t\t\t\t<\/span>\n\t\t\t\t\t<\/a>\n\t\t\t\t<\/div>\n\t\t\t\t\t\t\t\t<\/div>\n\t\t\t\t<\/div>\n\t\t\t\t<div class=\"elementor-element elementor-element-mGQieQb elementor-widget__width-auto elementor-align-right elementor-widget elementor-widget-button\" data-id=\"mGQieQb\" data-element_type=\"widget\" data-e-type=\"widget\" data-widget_type=\"button.default\">\n\t\t\t\t<div class=\"elementor-widget-container\">\n\t\t\t\t\t\t\t\t\t<div class=\"elementor-button-wrapper\">\n\t\t\t\t\t<a class=\"elementor-button elementor-button-link elementor-size-sm\" href=\"#\">\n\t\t\t\t\t\t<span class=\"elementor-button-content-wrapper\">\n\t\t\t\t\t\t\t\t\t<span class=\"elementor-button-text\">View Now<\/span>\n\t\t\t\t\t<\/span>\n\t\t\t\t\t<\/a>\n\t\t\t\t<\/div>\n\t\t\t\t\t\t\t\t<\/div>\n\t\t\t\t<\/div>\n\t\t\t\t\t<\/div>\n\t\t\t\t<\/div>\n\t\t\t\t<\/div>\n\t\t\t\t<\/div>\n\t\t<div class=\"elementor-element elementor-element-R7WgMHF e-flex e-con-boxed e-con e-child\" data-id=\"R7WgMHF\" data-element_type=\"container\" data-e-type=\"container\" data-settings=\"{&quot;background_background&quot;:&quot;classic&quot;}\">\n\t\t\t\t\t<div class=\"e-con-inner\">\n\t\t<div class=\"elementor-element elementor-element-dwBtSgW e-flex e-con-boxed e-con e-child\" data-id=\"dwBtSgW\" data-element_type=\"container\" data-e-type=\"container\">\n\t\t\t\t\t<div class=\"e-con-inner\">\n\t\t<div class=\"elementor-element elementor-element-7mHUhrS e-con-full e-flex e-con e-child\" data-id=\"7mHUhrS\" data-element_type=\"container\" data-e-type=\"container\">\n\t\t\t\t<div class=\"elementor-element elementor-element-VYy9VDv elementor-widget elementor-widget-image-carousel\" data-id=\"VYy9VDv\" data-element_type=\"widget\" data-e-type=\"widget\" data-settings=\"{&quot;slides_to_show&quot;:&quot;1&quot;,&quot;navigation&quot;:&quot;none&quot;,&quot;pause_on_hover&quot;:&quot;no&quot;,&quot;pause_on_interaction&quot;:&quot;no&quot;,&quot;autoplay_speed&quot;:8000,&quot;speed&quot;:1000,&quot;autoplay&quot;:&quot;yes&quot;,&quot;infinite&quot;:&quot;yes&quot;,&quot;effect&quot;:&quot;slide&quot;}\" data-widget_type=\"image-carousel.default\">\n\t\t\t\t<div class=\"elementor-widget-container\">\n\t\t\t\t\t\t\t<div class=\"elementor-image-carousel-wrapper swiper\" role=\"region\" aria-roledescription=\"carousel\" aria-label=\"Obr\u00e1zkov\u00fd koloto\u010d\" dir=\"ltr\">\n\t\t\t<div class=\"elementor-image-carousel swiper-wrapper\" aria-live=\"off\">\n\t\t\t\t\t\t\t\t<div class=\"swiper-slide\" role=\"group\" aria-roledescription=\"slide\" aria-label=\"1 z 2\" data-no-translation-aria-label=\"\"><figure class=\"swiper-slide-inner\"><img decoding=\"async\" class=\"swiper-slide-image\" src=\"https:\/\/i0.wp.com\/worldspeedchallenge.com\/wp-content\/uploads\/2024\/05\/World-Speed-Challenge-Logo-WSC-1.webp?fit=640%2C306&amp;ssl=1\" alt=\"World Speed Challenge\" \/><\/figure><\/div><div class=\"swiper-slide\" role=\"group\" aria-roledescription=\"slide\" aria-label=\"2 z 2\" data-no-translation-aria-label=\"\"><figure class=\"swiper-slide-inner\"><img decoding=\"async\" class=\"swiper-slide-image\" src=\"https:\/\/i0.wp.com\/worldspeedchallenge.com\/wp-content\/uploads\/2024\/05\/EV-World-Racing-Association-Corporate-Logo-1-1.webp?fit=376%2C348&amp;ssl=1\" alt=\"EV World Racing Association\" \/><\/figure><\/div>\t\t\t<\/div>\n\t\t\t\t\t\t\t\n\t\t\t\t\t\t\t\t\t<\/div>\n\t\t\t\t\t\t<\/div>\n\t\t\t\t<\/div>\n\t\t\t\t<\/div>\n\t\t\t\t\t<\/div>\n\t\t\t\t<\/div>\n\t\t<div class=\"elementor-element elementor-element-3neNzpm e-flex e-con-boxed e-con e-child\" data-id=\"3neNzpm\" data-element_type=\"container\" data-e-type=\"container\">\n\t\t\t\t\t<div class=\"e-con-inner\">\n\t\t<div class=\"elementor-element elementor-element-ow7wj03 e-con-full e-flex e-con e-child\" data-id=\"ow7wj03\" data-element_type=\"container\" data-e-type=\"container\">\n\t\t\t\t<div class=\"elementor-element elementor-element-q9TgaB8 elementor-widget elementor-widget-image-carousel\" data-id=\"q9TgaB8\" data-element_type=\"widget\" data-e-type=\"widget\" data-settings=\"{&quot;slides_to_show&quot;:&quot;1&quot;,&quot;navigation&quot;:&quot;none&quot;,&quot;pause_on_hover&quot;:&quot;no&quot;,&quot;pause_on_interaction&quot;:&quot;no&quot;,&quot;autoplay_speed&quot;:8000,&quot;speed&quot;:1000,&quot;autoplay&quot;:&quot;yes&quot;,&quot;infinite&quot;:&quot;yes&quot;,&quot;effect&quot;:&quot;slide&quot;}\" data-widget_type=\"image-carousel.default\">\n\t\t\t\t<div class=\"elementor-widget-container\">\n\t\t\t\t\t\t\t<div class=\"elementor-image-carousel-wrapper swiper\" role=\"region\" aria-roledescription=\"carousel\" aria-label=\"Obr\u00e1zkov\u00fd koloto\u010d\" dir=\"ltr\">\n\t\t\t<div class=\"elementor-image-carousel swiper-wrapper\" aria-live=\"off\">\n\t\t\t\t\t\t\t\t<div class=\"swiper-slide\" role=\"group\" aria-roledescription=\"slide\" aria-label=\"1 z 6\" data-no-translation-aria-label=\"\"><figure class=\"swiper-slide-inner\"><img decoding=\"async\" class=\"swiper-slide-image\" src=\"https:\/\/i0.wp.com\/worldspeedchallenge.com\/wp-content\/uploads\/2024\/05\/WSC-eTC-Racing-Academy.webp?fit=640%2C306&amp;ssl=1\" alt=\"eTC Racing Academy WSC\" \/><\/figure><\/div><div class=\"swiper-slide\" role=\"group\" aria-roledescription=\"slide\" aria-label=\"2 z 6\" data-no-translation-aria-label=\"\"><figure class=\"swiper-slide-inner\"><img decoding=\"async\" class=\"swiper-slide-image\" src=\"https:\/\/i0.wp.com\/worldspeedchallenge.com\/wp-content\/uploads\/2024\/05\/World-Speed-Challenge-eTC.webp?fit=640%2C306&amp;ssl=1\" alt=\"eTC WSC\" \/><\/figure><\/div><div class=\"swiper-slide\" role=\"group\" aria-roledescription=\"slide\" aria-label=\"3 z 6\" data-no-translation-aria-label=\"\"><figure class=\"swiper-slide-inner\"><img decoding=\"async\" class=\"swiper-slide-image\" src=\"https:\/\/i0.wp.com\/worldspeedchallenge.com\/wp-content\/uploads\/2024\/05\/World-Speed-Challenge-E-GT4.webp?fit=640%2C306&amp;ssl=1\" alt=\"eGT4 WSC\" \/><\/figure><\/div><div class=\"swiper-slide\" role=\"group\" aria-roledescription=\"slide\" aria-label=\"4 z 6\" data-no-translation-aria-label=\"\"><figure class=\"swiper-slide-inner\"><img decoding=\"async\" class=\"swiper-slide-image\" src=\"https:\/\/i0.wp.com\/worldspeedchallenge.com\/wp-content\/uploads\/2024\/05\/World-Speed-Challenge-E-GT3-1.webp?fit=640%2C306&amp;ssl=1\" alt=\"e GT3 WSC\" \/><\/figure><\/div><div class=\"swiper-slide\" role=\"group\" aria-roledescription=\"slide\" aria-label=\"5 z 6\" data-no-translation-aria-label=\"\"><figure class=\"swiper-slide-inner\"><img decoding=\"async\" class=\"swiper-slide-image\" src=\"https:\/\/i0.wp.com\/worldspeedchallenge.com\/wp-content\/uploads\/2024\/05\/World-Speed-Challenge-E-GT2.webp?fit=640%2C306&amp;ssl=1\" alt=\"eGT2 WSC\" \/><\/figure><\/div><div class=\"swiper-slide\" role=\"group\" aria-roledescription=\"slide\" aria-label=\"6 z 6\" data-no-translation-aria-label=\"\"><figure class=\"swiper-slide-inner\"><img decoding=\"async\" class=\"swiper-slide-image\" src=\"https:\/\/i0.wp.com\/worldspeedchallenge.com\/wp-content\/uploads\/2024\/05\/World-Speed-Challenge-E-GT1-event-logo.webp?fit=640%2C306&amp;ssl=1\" alt=\"eGT1 WSC\" \/><\/figure><\/div>\t\t\t<\/div>\n\t\t\t\t\t\t\t\n\t\t\t\t\t\t\t\t\t<\/div>\n\t\t\t\t\t\t<\/div>\n\t\t\t\t<\/div>\n\t\t\t\t<\/div>\n\t\t\t\t\t<\/div>\n\t\t\t\t<\/div>\n\t\t\t\t\t<\/div>\n\t\t\t\t<\/div>\n\t\t\t\t\t<\/div>\n\t\t\t\t<\/div>\n\t\t\t\t<\/div>","protected":false},"excerpt":{"rendered":"<p>2027 e GT1 WSC Race Results2027 e GT1 World Speed Challenge daagt de wereld uit om...<\/p>","protected":false},"author":165558846,"featured_media":0,"parent":0,"menu_order":0,"comment_status":"closed","ping_status":"closed","template":"","meta":{"_crdt_document":"","advanced_seo_description":"","jetpack_seo_html_title":"","jetpack_seo_noindex":false,"footnotes":""},"class_list":["post-141","page","type-page","status-publish","hentry"],"jetpack_likes_enabled":true,"jetpack_sharing_enabled":true,"jetpack_shortlink":"https:\/\/wp.me\/Pf1Pzv-2h","jetpack-related-posts":[],"_links":{"self":[{"href":"https:\/\/worldspeedchallenge.com\/nl\/wp-json\/wp\/v2\/pages\/141","targetHints":{"allow":["GET"]}}],"collection":[{"href":"https:\/\/worldspeedchallenge.com\/nl\/wp-json\/wp\/v2\/pages"}],"about":[{"href":"https:\/\/worldspeedchallenge.com\/nl\/wp-json\/wp\/v2\/types\/page"}],"author":[{"embeddable":true,"href":"https:\/\/worldspeedchallenge.com\/nl\/wp-json\/wp\/v2\/users\/165558846"}],"replies":[{"embeddable":true,"href":"https:\/\/worldspeedchallenge.com\/nl\/wp-json\/wp\/v2\/comments?post=141"}],"version-history":[{"count":54,"href":"https:\/\/worldspeedchallenge.com\/nl\/wp-json\/wp\/v2\/pages\/141\/revisions"}],"predecessor-version":[{"id":2426,"href":"https:\/\/worldspeedchallenge.com\/nl\/wp-json\/wp\/v2\/pages\/141\/revisions\/2426"}],"wp:attachment":[{"href":"https:\/\/worldspeedchallenge.com\/nl\/wp-json\/wp\/v2\/media?parent=141"}],"curies":[{"name":"wp","href":"https:\/\/api.w.org\/{rel}","templated":true}]}}