{"id":2433,"date":"2024-09-01T21:15:21","date_gmt":"2024-09-02T04:15:21","guid":{"rendered":"https:\/\/worldspeedchallenge.com\/?page_id=2433"},"modified":"2024-09-01T21:16:44","modified_gmt":"2024-09-02T04:16:44","slug":"gt1-h-wsc","status":"publish","type":"page","link":"https:\/\/worldspeedchallenge.com\/fr\/gt1-h-wsc\/","title":{"rendered":"GT1 H CSM"},"content":{"rendered":"<div data-elementor-type=\"wp-page\" data-elementor-id=\"2433\" class=\"elementor elementor-2433\" data-elementor-post-type=\"page\">\n\t\t\t\t<div class=\"elementor-element elementor-element-b58b691 e-flex e-con-boxed e-con e-parent\" data-id=\"b58b691\" data-element_type=\"container\" data-e-type=\"container\">\n\t\t\t\t\t<div class=\"e-con-inner\">\n\t\t\t\t<div class=\"elementor-element elementor-element-501f59a elementor--h-position-center elementor--v-position-middle elementor-arrows-position-inside elementor-pagination-position-inside elementor-widget elementor-widget-slides\" data-id=\"501f59a\" data-element_type=\"widget\" data-e-type=\"widget\" data-settings=\"{&quot;autoplay_speed&quot;:8000,&quot;transition&quot;:&quot;fade&quot;,&quot;navigation&quot;:&quot;both&quot;,&quot;autoplay&quot;:&quot;yes&quot;,&quot;pause_on_hover&quot;:&quot;yes&quot;,&quot;pause_on_interaction&quot;:&quot;yes&quot;,&quot;infinite&quot;:&quot;yes&quot;,&quot;transition_speed&quot;:500}\" data-widget_type=\"slides.default\">\n\t\t\t\t<div class=\"elementor-widget-container\">\n\t\t\t\t\t\t\t\t\t<div class=\"elementor-swiper\">\n\t\t\t\t\t<div class=\"elementor-slides-wrapper elementor-main-swiper swiper\" role=\"region\" aria-roledescription=\"carousel\" aria-label=\"Folien\" dir=\"ltr\" data-animation=\"fadeInUp\" data-no-translation-aria-label=\"\">\n\t\t\t\t<div class=\"swiper-wrapper elementor-slides\">\n\t\t\t\t\t\t\t\t\t\t<div class=\"elementor-repeater-item-c599a84 swiper-slide\" role=\"group\" aria-roledescription=\"slide\"><div class=\"swiper-slide-bg\" role=\"img\" aria-label=\"GT1 H World Speed Challenge Series\"><\/div><div class=\"swiper-slide-inner\" ><div class=\"swiper-slide-contents\"><div class=\"elementor-slide-heading\">GT1 H CSM<\/div><div class=\"elementor-slide-description\">2027 GT1 H World Speed Challenge met le monde au d\u00e9fi !\nL\u00e0 o\u00f9 les l\u00e9gendes naissent, les champions sont couronn\u00e9s !\nEt o\u00f9 les records historiques de vitesse et d'endurance doivent \u00eatre \u00e9tablis et battus !\n<\/div><div  class=\"elementor-button elementor-slide-button elementor-size-sm\">Cliquez ici<\/div><\/div><\/div><\/div><div class=\"elementor-repeater-item-bba6f25 swiper-slide\" role=\"group\" aria-roledescription=\"slide\"><div class=\"swiper-slide-bg\" role=\"img\" aria-label=\"GT1 H World Speed Challenge Series\"><\/div><div class=\"swiper-slide-inner\" ><div class=\"swiper-slide-contents\"><div class=\"elementor-slide-heading\">GT1 H CSM<\/div><div class=\"elementor-slide-description\">2027 GT1 H World Speed Challenge met le monde au d\u00e9fi !\nL\u00e0 o\u00f9 les l\u00e9gendes naissent, les champions sont couronn\u00e9s !\nEt o\u00f9 les records historiques de vitesse et d'endurance doivent \u00eatre \u00e9tablis et battus !\n<\/div><div  class=\"elementor-button elementor-slide-button elementor-size-sm\">Cliquez ici<\/div><\/div><\/div><\/div><div class=\"elementor-repeater-item-da8bd34 swiper-slide\" role=\"group\" aria-roledescription=\"slide\"><div class=\"swiper-slide-bg\" role=\"img\" aria-label=\"GT1 H World Speed Challenge Series\"><\/div><div class=\"swiper-slide-inner\" ><div class=\"swiper-slide-contents\"><div class=\"elementor-slide-heading\">GT1 H CSM<\/div><div class=\"elementor-slide-description\">2027 GT1 H World Speed Challenge met le monde au d\u00e9fi !\nL\u00e0 o\u00f9 les l\u00e9gendes naissent, les champions sont couronn\u00e9s !\nEt o\u00f9 les records historiques de vitesse et d'endurance doivent \u00eatre \u00e9tablis et battus !\n<\/div><div  class=\"elementor-button elementor-slide-button elementor-size-sm\">Cliquez ici<\/div><\/div><\/div><\/div>\t\t\t\t<\/div>\n\t\t\t\t\t\t\t\t\t\t\t\t\t\t\t<div class=\"elementor-swiper-button elementor-swiper-button-prev\" role=\"button\" tabindex=\"0\" aria-label=\"Vorheriges Dia\" data-no-translation-aria-label=\"\">\n\t\t\t\t\t\t\t<svg aria-hidden=\"true\" class=\"e-font-icon-svg e-eicon-chevron-left\" viewbox=\"0 0 1000 1000\" xmlns=\"http:\/\/www.w3.org\/2000\/svg\"><path d=\"M646 125C629 125 613 133 604 142L308 442C296 454 292 471 292 487 292 504 296 521 308 533L604 854C617 867 629 875 646 875 663 875 679 871 692 858 704 846 713 829 713 812 713 796 708 779 692 767L438 487 692 225C700 217 708 204 708 187 708 171 704 154 692 142 675 129 663 125 646 125Z\"><\/path><\/svg>\t\t\t\t\t\t<\/div>\n\t\t\t\t\t\t<div class=\"elementor-swiper-button elementor-swiper-button-next\" role=\"button\" tabindex=\"0\" aria-label=\"N\u00e4chste Folie\" data-no-translation-aria-label=\"\">\n\t\t\t\t\t\t\t<svg aria-hidden=\"true\" class=\"e-font-icon-svg e-eicon-chevron-right\" viewbox=\"0 0 1000 1000\" xmlns=\"http:\/\/www.w3.org\/2000\/svg\"><path d=\"M696 533C708 521 713 504 713 487 713 471 708 454 696 446L400 146C388 133 375 125 354 125 338 125 325 129 313 142 300 154 292 171 292 187 292 204 296 221 308 233L563 492 304 771C292 783 288 800 288 817 288 833 296 850 308 863 321 871 338 875 354 875 371 875 388 867 400 854L696 533Z\"><\/path><\/svg>\t\t\t\t\t\t<\/div>\n\t\t\t\t\t\t\t\t\t\t\t\t\t\t\t\t<div class=\"swiper-pagination\"><\/div>\n\t\t\t\t\t\t\t\t\t\t\t\t<\/div>\n\t\t\t\t<\/div>\n\t\t\t\t\t\t\t\t<\/div>\n\t\t\t\t<\/div>\n\t\t\t\t\t<\/div>\n\t\t\t\t<\/div>\n\t\t<div class=\"elementor-element elementor-element-6b19cc1 e-flex e-con-boxed e-con e-parent\" data-id=\"6b19cc1\" data-element_type=\"container\" data-e-type=\"container\">\n\t\t\t\t\t<div class=\"e-con-inner\">\n\t\t\t\t<div class=\"elementor-element elementor-element-7123954 elementor-widget elementor-widget-text-editor\" data-id=\"7123954\" data-element_type=\"widget\" data-e-type=\"widget\" data-widget_type=\"text-editor.default\">\n\t\t\t\t<div class=\"elementor-widget-container\">\n\t\t\t\t\t\t\t\t\t<h4 style=\"text-align: center;\"><strong>2027 GT1 H World Speed Challenge met le monde au d\u00e9fi !<\/strong><\/h4><h4 style=\"text-align: center;\"><strong>Where Legends Are Born, Champions Are Crowned! <br \/>Et o\u00f9 les records historiques de vitesse et d'endurance peuvent \u00eatre \u00e9tablis et battus<\/strong><\/h4>\t\t\t\t\t\t\t\t<\/div>\n\t\t\t\t<\/div>\n\t\t\t\t\t<\/div>\n\t\t\t\t<\/div>\n\t\t<div class=\"elementor-element elementor-element-6a370e8 e-flex e-con-boxed e-con e-parent\" data-id=\"6a370e8\" data-element_type=\"container\" data-e-type=\"container\">\n\t\t\t\t\t<div class=\"e-con-inner\">\n\t\t\t\t<div class=\"elementor-element elementor-element-97443e9 elementor-widget elementor-widget-text-editor\" data-id=\"97443e9\" data-element_type=\"widget\" data-e-type=\"widget\" data-widget_type=\"text-editor.default\">\n\t\t\t\t<div class=\"elementor-widget-container\">\n\t\t\t\t\t\t\t\t\t<p><span style=\"color: #000000;\">La s\u00e9rie 2027 GT1H World Speed Challenge a pour objectif de combiner la technologie du prototype GT2 H avec l'incroyable d\u00e9veloppement de l'innovation en mati\u00e8re de performance et d'\u00e9lever la technologie pour promouvoir le monde des courses d'hypercars hybrides en cr\u00e9ant cette s\u00e9rie de courses ultime qui met l'accent sur la conception, l'ing\u00e9nierie, la s\u00e9curit\u00e9 et la technologie des voitures de course d'hypercars hybrides d'\u00e9lite, les GT1 H. Cette initiative ambitieuse vise \u00e0 offrir aux \u00e9quipes professionnelles et aux fabricants une plate-forme de course qui met en \u00e9vidence le meilleur de la technologie de pointe des hypercars hybrides automobiles dans le monde entier.<\/span><\/p>\t\t\t\t\t\t\t\t<\/div>\n\t\t\t\t<\/div>\n\t\t\t\t\t<\/div>\n\t\t\t\t<\/div>\n\t\t<div class=\"elementor-element elementor-element-541c207 e-flex e-con-boxed e-con e-parent\" data-id=\"541c207\" data-element_type=\"container\" data-e-type=\"container\">\n\t\t\t\t\t<div class=\"e-con-inner\">\n\t\t\t\t<div class=\"elementor-element elementor-element-00ed394 elementor-widget elementor-widget-text-editor\" data-id=\"00ed394\" data-element_type=\"widget\" data-e-type=\"widget\" data-widget_type=\"text-editor.default\">\n\t\t\t\t<div class=\"elementor-widget-container\">\n\t\t\t\t\t\t\t\t\t<h4><span style=\"color: #000000;\"><strong>2027 GT1 H WSC Hybrid Hypercar R\u00e8glement technique :<\/strong><\/span><\/h4><p><span style=\"color: #000000;\">2027 GT1 H WSC : les inscriptions seront bient\u00f4t ouvertes<\/span><\/p>\t\t\t\t\t\t\t\t<\/div>\n\t\t\t\t<\/div>\n\t\t\t\t\t<\/div>\n\t\t\t\t<\/div>\n\t\t<div class=\"elementor-element elementor-element-2581d12 e-flex e-con-boxed e-con e-parent\" data-id=\"2581d12\" data-element_type=\"container\" data-e-type=\"container\">\n\t\t\t\t\t<div class=\"e-con-inner\">\n\t\t\t\t<div class=\"elementor-element elementor-element-6085f5e elementor-widget elementor-widget-text-editor\" data-id=\"6085f5e\" data-element_type=\"widget\" data-e-type=\"widget\" data-widget_type=\"text-editor.default\">\n\t\t\t\t<div class=\"elementor-widget-container\">\n\t\t\t\t\t\t\t\t\t<h4><strong><span style=\"color: #000000;\">2027 GT1 H WSC Events :<\/span><br \/><\/strong><\/h4><p><span style=\"color: #000000;\">2027 Race Calendar<\/span><\/p>\t\t\t\t\t\t\t\t<\/div>\n\t\t\t\t<\/div>\n\t\t\t\t\t<\/div>\n\t\t\t\t<\/div>\n\t\t<div class=\"elementor-element elementor-element-20437c6 e-flex e-con-boxed e-con e-parent\" data-id=\"20437c6\" data-element_type=\"container\" data-e-type=\"container\">\n\t\t\t\t\t<div class=\"e-con-inner\">\n\t\t\t\t<div class=\"elementor-element elementor-element-f001274 elementor-widget elementor-widget-text-editor\" data-id=\"f001274\" data-element_type=\"widget\" data-e-type=\"widget\" data-widget_type=\"text-editor.default\">\n\t\t\t\t<div class=\"elementor-widget-container\">\n\t\t\t\t\t\t\t\t\t<h4><span style=\"color: #000000;\"><strong>2027 GT1 H WSC Sponsors :<\/strong><\/span><\/h4>\t\t\t\t\t\t\t\t<\/div>\n\t\t\t\t<\/div>\n\t\t\t\t\t<\/div>\n\t\t\t\t<\/div>\n\t\t<div class=\"elementor-element elementor-element-08ff73e e-grid e-con-boxed e-con e-parent\" data-id=\"08ff73e\" data-element_type=\"container\" data-e-type=\"container\">\n\t\t\t\t\t<div class=\"e-con-inner\">\n\t\t\t\t\t<\/div>\n\t\t\t\t<\/div>\n\t\t<div class=\"elementor-element elementor-element-33f8b2d e-flex e-con-boxed e-con e-parent\" data-id=\"33f8b2d\" data-element_type=\"container\" data-e-type=\"container\">\n\t\t\t\t\t<div class=\"e-con-inner\">\n\t\t\t\t<div class=\"elementor-element elementor-element-b5114cf elementor-widget elementor-widget-text-editor\" data-id=\"b5114cf\" data-element_type=\"widget\" data-e-type=\"widget\" data-widget_type=\"text-editor.default\">\n\t\t\t\t<div class=\"elementor-widget-container\">\n\t\t\t\t\t\t\t\t\t<h4><span style=\"color: #000000;\"><strong>2027 GT1 H WSC Hybrid Hypercar Fabricants :<\/strong><\/span><\/h4>\t\t\t\t\t\t\t\t<\/div>\n\t\t\t\t<\/div>\n\t\t\t\t\t<\/div>\n\t\t\t\t<\/div>\n\t\t<div class=\"elementor-element elementor-element-ffc252a e-grid e-con-boxed e-con e-parent\" data-id=\"ffc252a\" data-element_type=\"container\" data-e-type=\"container\">\n\t\t\t\t\t<div class=\"e-con-inner\">\n\t\t\t\t\t<\/div>\n\t\t\t\t<\/div>\n\t\t<div class=\"elementor-element elementor-element-ff9d8cf e-flex e-con-boxed e-con e-parent\" data-id=\"ff9d8cf\" data-element_type=\"container\" data-e-type=\"container\">\n\t\t\t\t\t<div class=\"e-con-inner\">\n\t\t\t\t<div class=\"elementor-element elementor-element-aeca61b elementor-widget elementor-widget-text-editor\" data-id=\"aeca61b\" data-element_type=\"widget\" data-e-type=\"widget\" data-widget_type=\"text-editor.default\">\n\t\t\t\t<div class=\"elementor-widget-container\">\n\t\t\t\t\t\t\t\t\t<h4><span style=\"color: #000000;\"><strong>2027 GT1 H WSC Hybrid Hypercar Teams :<\/strong><\/span><\/h4>\t\t\t\t\t\t\t\t<\/div>\n\t\t\t\t<\/div>\n\t\t\t\t\t<\/div>\n\t\t\t\t<\/div>\n\t\t<div class=\"elementor-element elementor-element-ec21f92 e-grid e-con-boxed e-con e-parent\" data-id=\"ec21f92\" data-element_type=\"container\" data-e-type=\"container\">\n\t\t\t\t\t<div class=\"e-con-inner\">\n\t\t\t\t\t<\/div>\n\t\t\t\t<\/div>\n\t\t<div class=\"elementor-element elementor-element-e4c73ab e-flex e-con-boxed e-con e-parent\" data-id=\"e4c73ab\" data-element_type=\"container\" data-e-type=\"container\">\n\t\t\t\t\t<div class=\"e-con-inner\">\n\t\t\t\t<div class=\"elementor-element elementor-element-7d2fcb9 elementor-widget elementor-widget-text-editor\" data-id=\"7d2fcb9\" data-element_type=\"widget\" data-e-type=\"widget\" data-widget_type=\"text-editor.default\">\n\t\t\t\t<div class=\"elementor-widget-container\">\n\t\t\t\t\t\t\t\t\t<h4><span style=\"color: #000000;\"><strong>2027 GT1 H WSC Hybrid Hypercar Drivers :<\/strong><\/span><\/h4>\t\t\t\t\t\t\t\t<\/div>\n\t\t\t\t<\/div>\n\t\t\t\t\t<\/div>\n\t\t\t\t<\/div>\n\t\t<div class=\"elementor-element elementor-element-02501d5 e-grid e-con-boxed e-con e-parent\" data-id=\"02501d5\" data-element_type=\"container\" data-e-type=\"container\">\n\t\t\t\t\t<div class=\"e-con-inner\">\n\t\t\t\t\t<\/div>\n\t\t\t\t<\/div>\n\t\t\t\t<\/div>","protected":false},"excerpt":{"rendered":"<p>GT1 H WSC2027 GT1 H World Speed Challenge Is Challenging The World to Challenge! Where&#8230;<\/p>","protected":false},"author":165558846,"featured_media":0,"parent":0,"menu_order":0,"comment_status":"closed","ping_status":"closed","template":"","meta":{"_crdt_document":"","advanced_seo_description":"","jetpack_seo_html_title":"","jetpack_seo_noindex":false,"footnotes":""},"class_list":["post-2433","page","type-page","status-publish","hentry"],"jetpack_likes_enabled":true,"jetpack_sharing_enabled":true,"jetpack_shortlink":"https:\/\/wp.me\/Pf1Pzv-Df","jetpack-related-posts":[],"_links":{"self":[{"href":"https:\/\/worldspeedchallenge.com\/fr\/wp-json\/wp\/v2\/pages\/2433","targetHints":{"allow":["GET"]}}],"collection":[{"href":"https:\/\/worldspeedchallenge.com\/fr\/wp-json\/wp\/v2\/pages"}],"about":[{"href":"https:\/\/worldspeedchallenge.com\/fr\/wp-json\/wp\/v2\/types\/page"}],"author":[{"embeddable":true,"href":"https:\/\/worldspeedchallenge.com\/fr\/wp-json\/wp\/v2\/users\/165558846"}],"replies":[{"embeddable":true,"href":"https:\/\/worldspeedchallenge.com\/fr\/wp-json\/wp\/v2\/comments?post=2433"}],"version-history":[{"count":11,"href":"https:\/\/worldspeedchallenge.com\/fr\/wp-json\/wp\/v2\/pages\/2433\/revisions"}],"predecessor-version":[{"id":2518,"href":"https:\/\/worldspeedchallenge.com\/fr\/wp-json\/wp\/v2\/pages\/2433\/revisions\/2518"}],"wp:attachment":[{"href":"https:\/\/worldspeedchallenge.com\/fr\/wp-json\/wp\/v2\/media?parent=2433"}],"curies":[{"name":"wp","href":"https:\/\/api.w.org\/{rel}","templated":true}]}}