{"id":78,"date":"2023-09-22T18:08:25","date_gmt":"2023-09-23T01:08:25","guid":{"rendered":"https:\/\/worldspeedchallenge.com\/?page_id=78"},"modified":"2024-07-12T17:32:49","modified_gmt":"2024-07-13T00:32:49","slug":"egt1_wsc","status":"publish","type":"page","link":"https:\/\/worldspeedchallenge.com\/fi\/egt1_wsc\/","title":{"rendered":"eGT1 WSC"},"content":{"rendered":"<div data-elementor-type=\"wp-page\" data-elementor-id=\"78\" class=\"elementor elementor-78\" data-elementor-post-type=\"page\">\n\t\t\t\t<div class=\"elementor-element elementor-element-2156597 e-flex e-con-boxed e-con e-parent\" data-id=\"2156597\" data-element_type=\"container\" data-e-type=\"container\">\n\t\t\t\t\t<div class=\"e-con-inner\">\n\t\t\t\t<div class=\"elementor-element elementor-element-16673a0 elementor--h-position-center elementor--v-position-middle elementor-arrows-position-inside elementor-pagination-position-inside elementor-widget elementor-widget-slides\" data-id=\"16673a0\" data-element_type=\"widget\" data-e-type=\"widget\" data-settings=\"{&quot;autoplay_speed&quot;:8000,&quot;transition&quot;:&quot;fade&quot;,&quot;navigation&quot;:&quot;both&quot;,&quot;autoplay&quot;:&quot;yes&quot;,&quot;pause_on_hover&quot;:&quot;yes&quot;,&quot;pause_on_interaction&quot;:&quot;yes&quot;,&quot;infinite&quot;:&quot;yes&quot;,&quot;transition_speed&quot;:500}\" data-widget_type=\"slides.default\">\n\t\t\t\t<div class=\"elementor-widget-container\">\n\t\t\t\t\t\t\t\t\t<div class=\"elementor-swiper\">\n\t\t\t\t\t<div class=\"elementor-slides-wrapper elementor-main-swiper swiper\" role=\"region\" aria-roledescription=\"carousel\" aria-label=\"Dioja\" dir=\"ltr\" data-animation=\"fadeInUp\">\n\t\t\t\t<div class=\"swiper-wrapper elementor-slides\">\n\t\t\t\t\t\t\t\t\t\t<div class=\"elementor-repeater-item-1d1a8c5 swiper-slide\" role=\"group\" aria-roledescription=\"slide\"><div class=\"swiper-slide-bg\" role=\"img\" aria-label=\"eGT1 WSC\"><\/div><div class=\"swiper-slide-inner\" ><div class=\"swiper-slide-contents\"><div class=\"elementor-slide-heading\">2027 eGT1 WSC <\/div><div class=\"elementor-slide-description\">2027 eGT1 World Speed Challenge WSC -sarja on nostanut innovatiivista kehityst\u00e4 ja edist\u00e4nyt s\u00e4hk\u00f6- ja hybridihyperautojen kilpa-autoilua luomalla t\u00e4m\u00e4n lopullisen kilpasarjan, jossa korostetaan s\u00e4hk\u00f6- ja hybridihyperautojen huippuluokan kilpa-autojen suunnittelua, suunnittelua, turvallisuutta ja teknologiaa. <\/div><div  class=\"elementor-button elementor-slide-button elementor-size-sm\">Click Here<\/div><\/div><\/div><\/div><div class=\"elementor-repeater-item-21baec5 swiper-slide\" role=\"group\" aria-roledescription=\"slide\"><div class=\"swiper-slide-bg\" role=\"img\" aria-label=\"Prototyyppi eGT1 sivukuva\"><\/div><div class=\"swiper-slide-inner\" ><div class=\"swiper-slide-contents\"><div class=\"elementor-slide-heading\">2027 eGT1 WSC<\/div><div class=\"elementor-slide-description\">2027 eGT1 World Speed Challenge WSC -sarja on nostanut innovatiivista kehityst\u00e4 ja edist\u00e4nyt s\u00e4hk\u00f6- ja hybridihyperautojen kilpa-autoilua luomalla t\u00e4m\u00e4n lopullisen kilpasarjan, jossa korostetaan s\u00e4hk\u00f6- ja hybridihyperautojen huippuluokan kilpa-autojen suunnittelua, suunnittelua, turvallisuutta ja teknologiaa. <\/div><div  class=\"elementor-button elementor-slide-button elementor-size-sm\">Click Here<\/div><\/div><\/div><\/div><div class=\"elementor-repeater-item-622ddeb swiper-slide\" role=\"group\" aria-roledescription=\"slide\"><div class=\"swiper-slide-bg\" role=\"img\" aria-label=\"World Speed Challenge -logo WSC\"><\/div><div class=\"swiper-slide-inner\" ><div class=\"swiper-slide-contents\"><div class=\"elementor-slide-heading\">2027 eGT1 WSC<\/div><div class=\"elementor-slide-description\">2027 eGT1 World Speed Challenge WSC -sarja on nostanut innovatiivista kehityst\u00e4 ja edist\u00e4nyt s\u00e4hk\u00f6- ja hybridihyperautojen kilpa-autoilua luomalla t\u00e4m\u00e4n lopullisen kilpasarjan, jossa korostetaan s\u00e4hk\u00f6- ja hybridihyperautojen huippuluokan kilpa-autojen suunnittelua, suunnittelua, turvallisuutta ja teknologiaa. <\/div><div  class=\"elementor-button elementor-slide-button elementor-size-sm\">Click Here<\/div><\/div><\/div><\/div><div class=\"elementor-repeater-item-f892066 swiper-slide\" role=\"group\" aria-roledescription=\"slide\"><div class=\"swiper-slide-bg\" role=\"img\" aria-label=\"Prototyyppi eGT1\"><\/div><div class=\"swiper-slide-inner\" ><div class=\"swiper-slide-contents\"><div class=\"elementor-slide-heading\">2027 eGT1 WSC<\/div><div class=\"elementor-slide-description\">2027 eGT1 World Speed Challenge WSC -sarja on nostanut innovatiivista kehityst\u00e4 ja edist\u00e4nyt s\u00e4hk\u00f6- ja hybridihyperautojen kilpa-autoilua luomalla t\u00e4m\u00e4n lopullisen kilpasarjan, jossa korostetaan s\u00e4hk\u00f6- ja hybridihyperautojen huippuluokan kilpa-autojen suunnittelua, suunnittelua, turvallisuutta ja teknologiaa. <\/div><div  class=\"elementor-button elementor-slide-button elementor-size-sm\">Click Here<\/div><\/div><\/div><\/div><div class=\"elementor-repeater-item-30fe383 swiper-slide\" role=\"group\" aria-roledescription=\"slide\"><div class=\"swiper-slide-bg\" role=\"img\" aria-label=\"Prototyyppi eGT1 ylh\u00e4\u00e4lt\u00e4 katsottuna\"><\/div><div class=\"swiper-slide-inner\" ><div class=\"swiper-slide-contents\"><div class=\"elementor-slide-heading\">2027 eGT1 WSC<\/div><div class=\"elementor-slide-description\">2027 eGT1 World Speed Challenge WSC -sarja on nostanut innovatiivista kehityst\u00e4 ja edist\u00e4nyt s\u00e4hk\u00f6- ja hybridihyperautojen kilpa-autoilua luomalla t\u00e4m\u00e4n lopullisen kilpasarjan, jossa korostetaan s\u00e4hk\u00f6- ja hybridihyperautojen huippuluokan kilpa-autojen suunnittelua, suunnittelua, turvallisuutta ja teknologiaa. <\/div><div  class=\"elementor-button elementor-slide-button elementor-size-sm\">Click Here<\/div><\/div><\/div><\/div>\t\t\t\t<\/div>\n\t\t\t\t\t\t\t\t\t\t\t\t\t\t\t<div class=\"elementor-swiper-button elementor-swiper-button-prev\" role=\"button\" tabindex=\"0\" aria-label=\"\uc774\uc804 \uc2ac\ub77c\uc774\ub4dc\" data-no-translation-aria-label=\"\">\n\t\t\t\t\t\t\t<svg aria-hidden=\"true\" class=\"e-font-icon-svg e-eicon-chevron-left\" viewbox=\"0 0 1000 1000\" xmlns=\"http:\/\/www.w3.org\/2000\/svg\"><path d=\"M646 125C629 125 613 133 604 142L308 442C296 454 292 471 292 487 292 504 296 521 308 533L604 854C617 867 629 875 646 875 663 875 679 871 692 858 704 846 713 829 713 812 713 796 708 779 692 767L438 487 692 225C700 217 708 204 708 187 708 171 704 154 692 142 675 129 663 125 646 125Z\"><\/path><\/svg>\t\t\t\t\t\t<\/div>\n\t\t\t\t\t\t<div class=\"elementor-swiper-button elementor-swiper-button-next\" role=\"button\" tabindex=\"0\" aria-label=\"\ub2e4\uc74c \uc2ac\ub77c\uc774\ub4dc\" data-no-translation-aria-label=\"\">\n\t\t\t\t\t\t\t<svg aria-hidden=\"true\" class=\"e-font-icon-svg e-eicon-chevron-right\" viewbox=\"0 0 1000 1000\" xmlns=\"http:\/\/www.w3.org\/2000\/svg\"><path d=\"M696 533C708 521 713 504 713 487 713 471 708 454 696 446L400 146C388 133 375 125 354 125 338 125 325 129 313 142 300 154 292 171 292 187 292 204 296 221 308 233L563 492 304 771C292 783 288 800 288 817 288 833 296 850 308 863 321 871 338 875 354 875 371 875 388 867 400 854L696 533Z\"><\/path><\/svg>\t\t\t\t\t\t<\/div>\n\t\t\t\t\t\t\t\t\t\t\t\t\t\t\t\t<div class=\"swiper-pagination\"><\/div>\n\t\t\t\t\t\t\t\t\t\t\t\t<\/div>\n\t\t\t\t<\/div>\n\t\t\t\t\t\t\t\t<\/div>\n\t\t\t\t<\/div>\n\t\t\t\t\t<\/div>\n\t\t\t\t<\/div>\n\t\t<div class=\"elementor-element elementor-element-3ab414c e-flex e-con-boxed e-con e-parent\" data-id=\"3ab414c\" data-element_type=\"container\" data-e-type=\"container\">\n\t\t\t\t\t<div class=\"e-con-inner\">\n\t\t\t\t<div class=\"elementor-element elementor-element-dc8b612 elementor-widget elementor-widget-text-editor\" data-id=\"dc8b612\" data-element_type=\"widget\" data-e-type=\"widget\" data-widget_type=\"text-editor.default\">\n\t\t\t\t<div class=\"elementor-widget-container\">\n\t\t\t\t\t\t\t\t\t<h3 style=\"text-align: center;\"><span style=\"color: #000000;\"><strong>2027 eGT1 World Speed Challenge haastaa koko maailman haasteeseen!<\/strong><\/span><\/h3><h3 style=\"text-align: center;\"><span style=\"color: #000000;\"><strong>Where Legends Are Born, Champions Are Crowned!<br \/>Ja jossa tehd\u00e4\u00e4n ja rikotaan historiallisia nopeus- ja kest\u00e4vyysenn\u00e4tyksi\u00e4!<\/strong><\/span><\/h3>\t\t\t\t\t\t\t\t<\/div>\n\t\t\t\t<\/div>\n\t\t\t\t\t<\/div>\n\t\t\t\t<\/div>\n\t\t<div class=\"elementor-element elementor-element-c23601a e-flex e-con-boxed e-con e-parent\" data-id=\"c23601a\" data-element_type=\"container\" data-e-type=\"container\">\n\t\t\t\t\t<div class=\"e-con-inner\">\n\t\t\t\t<div class=\"elementor-element elementor-element-5de2416 elementor-widget elementor-widget-text-editor\" data-id=\"5de2416\" data-element_type=\"widget\" data-e-type=\"widget\" data-widget_type=\"text-editor.default\">\n\t\t\t\t<div class=\"elementor-widget-container\">\n\t\t\t\t\t\t\t\t\t<p><span style=\"color: #000000;\">Vuoden 2027 eGT1 World Speed Challenge -sarjan tavoitteena on yhdist\u00e4\u00e4 eGT2-prototyyppitekniikka uskomattoman suorituskyvyn innovaatiokehitys ja nostaa teknologiaa edist\u00e4m\u00e4\u00e4n s\u00e4hk\u00f6- ja hybridikilpailujen maailmaa luomalla t\u00e4m\u00e4 perimm\u00e4inen kilpa-sarja, jossa korostetaan s\u00e4hk\u00f6- ja hybridikilpailujen eliittikilpailuautojen suunnittelua, suunnittelua, turvallisuutta ja teknologiaa eGT1. T\u00e4m\u00e4n kunnianhimoisen aloitteen tavoitteena on tarjota ammattilaistiimeille ja -valmistajille kilpa-alusta, joka korostaa autojen s\u00e4hk\u00f6- ja hybriditeknologian huippuluokan parhaimmistoa kaikkialla maailmassa.<\/span><\/p>\t\t\t\t\t\t\t\t<\/div>\n\t\t\t\t<\/div>\n\t\t\t\t\t<\/div>\n\t\t\t\t<\/div>\n\t\t<div class=\"elementor-element elementor-element-8a204b9 e-flex e-con-boxed e-con e-parent\" data-id=\"8a204b9\" data-element_type=\"container\" data-e-type=\"container\">\n\t\t\t\t\t<div class=\"e-con-inner\">\n\t\t\t\t<div class=\"elementor-element elementor-element-0ac74d2 elementor-widget elementor-widget-text-editor\" data-id=\"0ac74d2\" data-element_type=\"widget\" data-e-type=\"widget\" data-widget_type=\"text-editor.default\">\n\t\t\t\t<div class=\"elementor-widget-container\">\n\t\t\t\t\t\t\t\t\t<h3><span style=\"color: #000000;\">2027 eGT1 WSC Hypercar Tekninen m\u00e4\u00e4r\u00e4ys:<\/span><\/h3>\t\t\t\t\t\t\t\t<\/div>\n\t\t\t\t<\/div>\n\t\t\t\t\t<\/div>\n\t\t\t\t<\/div>\n\t\t<div class=\"elementor-element elementor-element-0d6c16c e-flex e-con-boxed e-con e-parent\" data-id=\"0d6c16c\" data-element_type=\"container\" data-e-type=\"container\">\n\t\t\t\t\t<div class=\"e-con-inner\">\n\t\t\t\t<div class=\"elementor-element elementor-element-5b727c9 elementor-widget elementor-widget-text-editor\" data-id=\"5b727c9\" data-element_type=\"widget\" data-e-type=\"widget\" data-widget_type=\"text-editor.default\">\n\t\t\t\t<div class=\"elementor-widget-container\">\n\t\t\t\t\t\t\t\t\t<p><span style=\"color: #000000;\">2027 eGT1-luokan tekniset s\u00e4\u00e4nn\u00f6t ovat valmistajien suora panos, ja ne ovat v\u00e4ltt\u00e4m\u00e4tt\u00f6mi\u00e4 2027 eGT1-luokan kilpa-autojen turvallisuudelle ja kehitysstandardien homologoinnille kilpailua varten.<\/span><\/p><p><span style=\"color: #000000;\">The following information reflects the current situation regarding technical sporting and regulatory format regulation for the 2027 eGT2 WEC &amp; WSC &amp; E World Grand Prix season. It is subject to change at any time.<\/span><\/p><p><span style=\"color: #000000;\">2027 eGT2 technical sporting and regulatory format regulation: pdf will be posted soon.<\/span><\/p>\t\t\t\t\t\t\t\t<\/div>\n\t\t\t\t<\/div>\n\t\t\t\t\t<\/div>\n\t\t\t\t<\/div>\n\t\t<div class=\"elementor-element elementor-element-48fa219 e-flex e-con-boxed e-con e-parent\" data-id=\"48fa219\" data-element_type=\"container\" data-e-type=\"container\">\n\t\t\t\t\t<div class=\"e-con-inner\">\n\t\t\t\t<div class=\"elementor-element elementor-element-d2f2d36 elementor-widget elementor-widget-text-editor\" data-id=\"d2f2d36\" data-element_type=\"widget\" data-e-type=\"widget\" data-widget_type=\"text-editor.default\">\n\t\t\t\t<div class=\"elementor-widget-container\">\n\t\t\t\t\t\t\t\t\t<h3><span style=\"color: #000000;\">2027 eGT1 WSC Hypercar Rekister\u00f6inti:<\/span><\/h3>\t\t\t\t\t\t\t\t<\/div>\n\t\t\t\t<\/div>\n\t\t\t\t\t<\/div>\n\t\t\t\t<\/div>\n\t\t<div class=\"elementor-element elementor-element-d56a1e7 e-flex e-con-boxed e-con e-parent\" data-id=\"d56a1e7\" data-element_type=\"container\" data-e-type=\"container\">\n\t\t\t\t\t<div class=\"e-con-inner\">\n\t\t\t\t<div class=\"elementor-element elementor-element-81c0034 elementor-widget elementor-widget-text-editor\" data-id=\"81c0034\" data-element_type=\"widget\" data-e-type=\"widget\" data-widget_type=\"text-editor.default\">\n\t\t\t\t<div class=\"elementor-widget-container\">\n\t\t\t\t\t\t\t\t\t<p><span style=\"color: #000000;\">2027 eGT1 WSC -rekister\u00f6inti on pian avoinna.<\/span><\/p>\t\t\t\t\t\t\t\t<\/div>\n\t\t\t\t<\/div>\n\t\t\t\t\t<\/div>\n\t\t\t\t<\/div>\n\t\t<div class=\"elementor-element elementor-element-d7a967d e-flex e-con-boxed e-con e-parent\" data-id=\"d7a967d\" data-element_type=\"container\" data-e-type=\"container\">\n\t\t\t\t\t<div class=\"e-con-inner\">\n\t\t\t\t<div class=\"elementor-element elementor-element-fddb8d2 elementor-widget elementor-widget-text-editor\" data-id=\"fddb8d2\" data-element_type=\"widget\" data-e-type=\"widget\" data-widget_type=\"text-editor.default\">\n\t\t\t\t<div class=\"elementor-widget-container\">\n\t\t\t\t\t\t\t\t\t<h3><span style=\"color: #000000;\">2027 eGT1 WSC-tapahtumat:<\/span><\/h3>\t\t\t\t\t\t\t\t<\/div>\n\t\t\t\t<\/div>\n\t\t\t\t\t<\/div>\n\t\t\t\t<\/div>\n\t\t<div class=\"elementor-element elementor-element-5caf7b0 e-flex e-con-boxed e-con e-parent\" data-id=\"5caf7b0\" data-element_type=\"container\" data-e-type=\"container\">\n\t\t\t\t\t<div class=\"e-con-inner\">\n\t\t\t\t<div class=\"elementor-element elementor-element-0510f1b elementor-widget elementor-widget-text-editor\" data-id=\"0510f1b\" data-element_type=\"widget\" data-e-type=\"widget\" data-widget_type=\"text-editor.default\">\n\t\t\t\t<div class=\"elementor-widget-container\">\n\t\t\t\t\t\t\t\t\t<p><span style=\"color: #000000;\">2027 Race Calendar<\/span><\/p>\t\t\t\t\t\t\t\t<\/div>\n\t\t\t\t<\/div>\n\t\t\t\t\t<\/div>\n\t\t\t\t<\/div>\n\t\t<div class=\"elementor-element elementor-element-ef4057f e-flex e-con-boxed e-con e-parent\" data-id=\"ef4057f\" data-element_type=\"container\" data-e-type=\"container\">\n\t\t\t\t\t<div class=\"e-con-inner\">\n\t\t\t\t<div class=\"elementor-element elementor-element-9390a32 elementor-widget elementor-widget-text-editor\" data-id=\"9390a32\" data-element_type=\"widget\" data-e-type=\"widget\" data-widget_type=\"text-editor.default\">\n\t\t\t\t<div class=\"elementor-widget-container\">\n\t\t\t\t\t\t\t\t\t<h3><span style=\"color: #000000;\">2027 eGT1 WSC Sponsorit:<\/span><\/h3>\t\t\t\t\t\t\t\t<\/div>\n\t\t\t\t<\/div>\n\t\t\t\t\t<\/div>\n\t\t\t\t<\/div>\n\t\t<div class=\"elementor-element elementor-element-03ababa e-grid e-con-boxed e-con e-parent\" data-id=\"03ababa\" data-element_type=\"container\" data-e-type=\"container\">\n\t\t\t\t\t<div class=\"e-con-inner\">\n\t\t\t\t\t<\/div>\n\t\t\t\t<\/div>\n\t\t<div class=\"elementor-element elementor-element-54d36b1 e-flex e-con-boxed e-con e-parent\" data-id=\"54d36b1\" data-element_type=\"container\" data-e-type=\"container\">\n\t\t\t\t\t<div class=\"e-con-inner\">\n\t\t\t\t<div class=\"elementor-element elementor-element-d30a3ab elementor-widget elementor-widget-text-editor\" data-id=\"d30a3ab\" data-element_type=\"widget\" data-e-type=\"widget\" data-widget_type=\"text-editor.default\">\n\t\t\t\t<div class=\"elementor-widget-container\">\n\t\t\t\t\t\t\t\t\t<h3><span style=\"color: #000000;\">2027 eGT1 WSC Hypercar Valmistajat:<\/span><\/h3>\t\t\t\t\t\t\t\t<\/div>\n\t\t\t\t<\/div>\n\t\t\t\t\t<\/div>\n\t\t\t\t<\/div>\n\t\t<div class=\"elementor-element elementor-element-9f13c41 e-grid e-con-boxed e-con e-parent\" data-id=\"9f13c41\" data-element_type=\"container\" data-e-type=\"container\">\n\t\t\t\t\t<div class=\"e-con-inner\">\n\t\t\t\t\t<\/div>\n\t\t\t\t<\/div>\n\t\t<div class=\"elementor-element elementor-element-ac5bae3 e-flex e-con-boxed e-con e-parent\" data-id=\"ac5bae3\" data-element_type=\"container\" data-e-type=\"container\">\n\t\t\t\t\t<div class=\"e-con-inner\">\n\t\t\t\t<div class=\"elementor-element elementor-element-5858c9b elementor-widget elementor-widget-text-editor\" data-id=\"5858c9b\" data-element_type=\"widget\" data-e-type=\"widget\" data-widget_type=\"text-editor.default\">\n\t\t\t\t<div class=\"elementor-widget-container\">\n\t\t\t\t\t\t\t\t\t<h3><span style=\"color: #000000;\">2027 eGT1 WSC Hypercar Teams:<\/span><\/h3>\t\t\t\t\t\t\t\t<\/div>\n\t\t\t\t<\/div>\n\t\t\t\t\t<\/div>\n\t\t\t\t<\/div>\n\t\t<div class=\"elementor-element elementor-element-3c60e72 e-grid e-con-boxed e-con e-parent\" data-id=\"3c60e72\" data-element_type=\"container\" data-e-type=\"container\">\n\t\t\t\t\t<div class=\"e-con-inner\">\n\t\t\t\t\t<\/div>\n\t\t\t\t<\/div>\n\t\t<div class=\"elementor-element elementor-element-905d743 e-flex e-con-boxed e-con e-parent\" data-id=\"905d743\" data-element_type=\"container\" data-e-type=\"container\">\n\t\t\t\t\t<div class=\"e-con-inner\">\n\t\t\t\t<div class=\"elementor-element elementor-element-3e36603 elementor-widget elementor-widget-text-editor\" data-id=\"3e36603\" data-element_type=\"widget\" data-e-type=\"widget\" data-widget_type=\"text-editor.default\">\n\t\t\t\t<div class=\"elementor-widget-container\">\n\t\t\t\t\t\t\t\t\t<h3><span style=\"color: #000000;\">2027 eGT1 WSC Hypercar -kuljettajat:<\/span><\/h3>\t\t\t\t\t\t\t\t<\/div>\n\t\t\t\t<\/div>\n\t\t\t\t\t<\/div>\n\t\t\t\t<\/div>\n\t\t<div class=\"elementor-element elementor-element-913cd8e e-grid e-con-boxed e-con e-parent\" data-id=\"913cd8e\" data-element_type=\"container\" data-e-type=\"container\">\n\t\t\t\t\t<div class=\"e-con-inner\">\n\t\t\t\t\t<\/div>\n\t\t\t\t<\/div>\n\t\t<div class=\"elementor-element elementor-element-deYRvlv e-flex e-con-boxed e-con e-parent\" data-id=\"deYRvlv\" data-element_type=\"container\" data-e-type=\"container\" data-settings=\"{&quot;background_background&quot;:&quot;classic&quot;}\">\n\t\t\t\t\t<div class=\"e-con-inner\">\n\t\t\t\t<div class=\"elementor-element elementor-element-VkpOzKi elementor-widget__width-initial elementor-widget elementor-widget-heading\" data-id=\"VkpOzKi\" data-element_type=\"widget\" data-e-type=\"widget\" data-widget_type=\"heading.default\">\n\t\t\t\t<div class=\"elementor-widget-container\">\n\t\t\t\t\t<h2 class=\"elementor-heading-title elementor-size-default\">Liity vuoden 2027 vallankumoukseen ja haasta maailma haasteeseen!<\/h2>\t\t\t\t<\/div>\n\t\t\t\t<\/div>\n\t\t\t\t<div class=\"elementor-element elementor-element-yaunQyt elementor-widget elementor-widget-heading\" data-id=\"yaunQyt\" data-element_type=\"widget\" data-e-type=\"widget\" data-widget_type=\"heading.default\">\n\t\t\t\t<div class=\"elementor-widget-container\">\n\t\t\t\t\t<h5 class=\"elementor-heading-title elementor-size-default\">Vuoden 2027 eGT1 World Speed Challenge -sarjassa ei ole kyse vain nopeudesta ja kest\u00e4vyydest\u00e4, vaan my\u00f6s siit\u00e4, ett\u00e4 se mullistaa tavan, jolla s\u00e4hk\u00f6- ja hybridikilpailuja tarkastellaan. Kutsumme sinut mukaan t\u00e4h\u00e4n vallankumoukseen ja kokemaan s\u00e4hk\u00f6- ja hybridikilpailujen j\u00e4nnityksen. Olitpa sitten ammattikuljettaja tai kilpaurheilun harrastaja, 2027 eGT1 WSC tarjoaa vertaansa vailla olevan kilpa-ajokokemuksen, jota et halua j\u00e4tt\u00e4\u00e4 v\u00e4liin. Miksi siis odottaa? Liity meihin ja tule osaksi eGT1 WSC -kilpailujen tulevaisuutta!<\/h5>\t\t\t\t<\/div>\n\t\t\t\t<\/div>\n\t\t\t\t<div class=\"elementor-element elementor-element-o3fJUO9 elementor-widget__width-auto elementor-align-right elementor-widget elementor-widget-button\" data-id=\"o3fJUO9\" data-element_type=\"widget\" data-e-type=\"widget\" data-widget_type=\"button.default\">\n\t\t\t\t<div class=\"elementor-widget-container\">\n\t\t\t\t\t\t\t\t\t<div class=\"elementor-button-wrapper\">\n\t\t\t\t\t<a class=\"elementor-button elementor-button-link elementor-size-sm\" href=\"#\">\n\t\t\t\t\t\t<span class=\"elementor-button-content-wrapper\">\n\t\t\t\t\t\t\t\t\t<span class=\"elementor-button-text\">Liity vallankumoukseen<\/span>\n\t\t\t\t\t<\/span>\n\t\t\t\t\t<\/a>\n\t\t\t\t<\/div>\n\t\t\t\t\t\t\t\t<\/div>\n\t\t\t\t<\/div>\n\t\t\t\t\t<\/div>\n\t\t\t\t<\/div>\n\t\t\t\t<\/div>","protected":false},"excerpt":{"rendered":"<p>2027 eGT1 WSC 2027 eGT1 World Speed Challenge WSC -sarjan innovatiivinen kehitys ja...<\/p>","protected":false},"author":165558846,"featured_media":0,"parent":0,"menu_order":0,"comment_status":"closed","ping_status":"closed","template":"","meta":{"_crdt_document":"","advanced_seo_description":"","jetpack_seo_html_title":"","jetpack_seo_noindex":false,"footnotes":""},"class_list":["post-78","page","type-page","status-publish","hentry"],"jetpack_likes_enabled":true,"jetpack_sharing_enabled":true,"jetpack_shortlink":"https:\/\/wp.me\/Pf1Pzv-1g","jetpack-related-posts":[],"_links":{"self":[{"href":"https:\/\/worldspeedchallenge.com\/fi\/wp-json\/wp\/v2\/pages\/78","targetHints":{"allow":["GET"]}}],"collection":[{"href":"https:\/\/worldspeedchallenge.com\/fi\/wp-json\/wp\/v2\/pages"}],"about":[{"href":"https:\/\/worldspeedchallenge.com\/fi\/wp-json\/wp\/v2\/types\/page"}],"author":[{"embeddable":true,"href":"https:\/\/worldspeedchallenge.com\/fi\/wp-json\/wp\/v2\/users\/165558846"}],"replies":[{"embeddable":true,"href":"https:\/\/worldspeedchallenge.com\/fi\/wp-json\/wp\/v2\/comments?post=78"}],"version-history":[{"count":100,"href":"https:\/\/worldspeedchallenge.com\/fi\/wp-json\/wp\/v2\/pages\/78\/revisions"}],"predecessor-version":[{"id":2306,"href":"https:\/\/worldspeedchallenge.com\/fi\/wp-json\/wp\/v2\/pages\/78\/revisions\/2306"}],"wp:attachment":[{"href":"https:\/\/worldspeedchallenge.com\/fi\/wp-json\/wp\/v2\/media?parent=78"}],"curies":[{"name":"wp","href":"https:\/\/api.w.org\/{rel}","templated":true}]}}