{"id":2455,"date":"2024-09-01T19:09:30","date_gmt":"2024-09-02T02:09:30","guid":{"rendered":"https:\/\/worldspeedchallenge.com\/?page_id=2455"},"modified":"2024-09-01T21:19:05","modified_gmt":"2024-09-02T04:19:05","slug":"gt2-h-wsc","status":"publish","type":"page","link":"https:\/\/worldspeedchallenge.com\/fi\/gt2-h-wsc\/","title":{"rendered":"GT2 H WSC"},"content":{"rendered":"<div data-elementor-type=\"wp-page\" data-elementor-id=\"2455\" class=\"elementor elementor-2455\" data-elementor-post-type=\"page\">\n\t\t\t\t<div class=\"elementor-element elementor-element-05d34aa e-flex e-con-boxed e-con e-parent\" data-id=\"05d34aa\" data-element_type=\"container\" data-e-type=\"container\">\n\t\t\t\t\t<div class=\"e-con-inner\">\n\t\t\t\t<div class=\"elementor-element elementor-element-8b095fb elementor--h-position-center elementor--v-position-middle elementor-arrows-position-inside elementor-pagination-position-inside elementor-widget elementor-widget-slides\" data-id=\"8b095fb\" data-element_type=\"widget\" data-e-type=\"widget\" data-settings=\"{&quot;transition&quot;:&quot;fade&quot;,&quot;transition_speed&quot;:800,&quot;navigation&quot;:&quot;both&quot;,&quot;autoplay&quot;:&quot;yes&quot;,&quot;pause_on_hover&quot;:&quot;yes&quot;,&quot;pause_on_interaction&quot;:&quot;yes&quot;,&quot;autoplay_speed&quot;:5000,&quot;infinite&quot;:&quot;yes&quot;}\" data-widget_type=\"slides.default\">\n\t\t\t\t<div class=\"elementor-widget-container\">\n\t\t\t\t\t\t\t\t\t<div class=\"elementor-swiper\">\n\t\t\t\t\t<div class=\"elementor-slides-wrapper elementor-main-swiper swiper\" role=\"region\" aria-roledescription=\"carousel\" aria-label=\"Dioja\" dir=\"rtl\" data-animation=\"fadeInUp\">\n\t\t\t\t<div class=\"swiper-wrapper elementor-slides\">\n\t\t\t\t\t\t\t\t\t\t<div class=\"elementor-repeater-item-2faeb54 swiper-slide\" role=\"group\" aria-roledescription=\"slide\"><div class=\"swiper-slide-bg\" role=\"img\" aria-label=\"GT2 H World Speed Challenge -sarja\"><\/div><div class=\"swiper-slide-inner\" ><div class=\"swiper-slide-contents\"><div class=\"elementor-slide-heading\">GT2 H WSC<\/div><div class=\"elementor-slide-description\">2027 GT2 H World Speed Challenge haastaa maailman haastamaan!\nMiss\u00e4 legendat syntyv\u00e4t ja mestarit kruunataan!\nJa jossa tehd\u00e4\u00e4n ja rikotaan historiallisia nopeus- ja kest\u00e4vyysenn\u00e4tyksi\u00e4!\n<\/div><div  class=\"elementor-button elementor-slide-button elementor-size-sm\">Click Here<\/div><\/div><\/div><\/div><div class=\"elementor-repeater-item-0fb2ad5 swiper-slide\" role=\"group\" aria-roledescription=\"slide\"><div class=\"swiper-slide-bg\"><\/div><div class=\"swiper-slide-inner\" ><div class=\"swiper-slide-contents\"><div class=\"elementor-slide-heading\">GT2 H WSC<\/div><div class=\"elementor-slide-description\">2027 GT2 H World Speed Challenge haastaa maailman haastamaan!\nMiss\u00e4 legendat syntyv\u00e4t ja mestarit kruunataan!\nJa jossa tehd\u00e4\u00e4n ja rikotaan historiallisia nopeus- ja kest\u00e4vyysenn\u00e4tyksi\u00e4!\n<\/div><div  class=\"elementor-button elementor-slide-button elementor-size-sm\">Click Here<\/div><\/div><\/div><\/div><div class=\"elementor-repeater-item-af96e91 swiper-slide\" role=\"group\" aria-roledescription=\"slide\"><div class=\"swiper-slide-bg\"><\/div><div class=\"swiper-slide-inner\" ><div class=\"swiper-slide-contents\"><div class=\"elementor-slide-heading\">GT2 H WSC<\/div><div class=\"elementor-slide-description\">2027 GT2 H World Speed Challenge haastaa maailman haastamaan!\nMiss\u00e4 legendat syntyv\u00e4t ja mestarit kruunataan!\nJa jossa tehd\u00e4\u00e4n ja rikotaan historiallisia nopeus- ja kest\u00e4vyysenn\u00e4tyksi\u00e4!\n<\/div><div  class=\"elementor-button elementor-slide-button elementor-size-sm\">Click Here<\/div><\/div><\/div><\/div>\t\t\t\t<\/div>\n\t\t\t\t\t\t\t\t\t\t\t\t\t\t\t<div class=\"elementor-swiper-button elementor-swiper-button-prev\" role=\"button\" tabindex=\"0\" aria-label=\"Previous slide\" data-no-translation-aria-label=\"\">\n\t\t\t\t\t\t\t<svg aria-hidden=\"true\" class=\"e-font-icon-svg e-eicon-chevron-right\" viewbox=\"0 0 1000 1000\" xmlns=\"http:\/\/www.w3.org\/2000\/svg\"><path d=\"M696 533C708 521 713 504 713 487 713 471 708 454 696 446L400 146C388 133 375 125 354 125 338 125 325 129 313 142 300 154 292 171 292 187 292 204 296 221 308 233L563 492 304 771C292 783 288 800 288 817 288 833 296 850 308 863 321 871 338 875 354 875 371 875 388 867 400 854L696 533Z\"><\/path><\/svg>\t\t\t\t\t\t<\/div>\n\t\t\t\t\t\t<div class=\"elementor-swiper-button elementor-swiper-button-next\" role=\"button\" tabindex=\"0\" aria-label=\"Next slide\" data-no-translation-aria-label=\"\">\n\t\t\t\t\t\t\t<svg aria-hidden=\"true\" class=\"e-font-icon-svg e-eicon-chevron-left\" viewbox=\"0 0 1000 1000\" xmlns=\"http:\/\/www.w3.org\/2000\/svg\"><path d=\"M646 125C629 125 613 133 604 142L308 442C296 454 292 471 292 487 292 504 296 521 308 533L604 854C617 867 629 875 646 875 663 875 679 871 692 858 704 846 713 829 713 812 713 796 708 779 692 767L438 487 692 225C700 217 708 204 708 187 708 171 704 154 692 142 675 129 663 125 646 125Z\"><\/path><\/svg>\t\t\t\t\t\t<\/div>\n\t\t\t\t\t\t\t\t\t\t\t\t\t\t\t\t<div class=\"swiper-pagination\"><\/div>\n\t\t\t\t\t\t\t\t\t\t\t\t<\/div>\n\t\t\t\t<\/div>\n\t\t\t\t\t\t\t\t<\/div>\n\t\t\t\t<\/div>\n\t\t\t\t\t<\/div>\n\t\t\t\t<\/div>\n\t\t<div class=\"elementor-element elementor-element-cad3024 e-flex e-con-boxed e-con e-parent\" data-id=\"cad3024\" data-element_type=\"container\" data-e-type=\"container\">\n\t\t\t\t\t<div class=\"e-con-inner\">\n\t\t\t\t<div class=\"elementor-element elementor-element-b21e23f elementor-widget elementor-widget-text-editor\" data-id=\"b21e23f\" data-element_type=\"widget\" data-e-type=\"widget\" data-widget_type=\"text-editor.default\">\n\t\t\t\t<div class=\"elementor-widget-container\">\n\t\t\t\t\t\t\t\t\t<h4 style=\"text-align: center;\"><strong>2027 GT2 H World Speed Challenge haastaa maailman haastamaan!<\/strong><\/h4><h4 style=\"text-align: center;\"><strong>Where Legends Are Born, Champions Are Crowned!<br \/>Ja jossa tehd\u00e4\u00e4n ja rikotaan historiallisia nopeus- ja kest\u00e4vyysenn\u00e4tyksi\u00e4!<\/strong><\/h4>\t\t\t\t\t\t\t\t<\/div>\n\t\t\t\t<\/div>\n\t\t\t\t\t<\/div>\n\t\t\t\t<\/div>\n\t\t<div class=\"elementor-element elementor-element-f4e1f6f e-flex e-con-boxed e-con e-parent\" data-id=\"f4e1f6f\" data-element_type=\"container\" data-e-type=\"container\">\n\t\t\t\t\t<div class=\"e-con-inner\">\n\t\t\t\t<div class=\"elementor-element elementor-element-4e19d90 elementor-widget elementor-widget-text-editor\" data-id=\"4e19d90\" data-element_type=\"widget\" data-e-type=\"widget\" data-widget_type=\"text-editor.default\">\n\t\t\t\t<div class=\"elementor-widget-container\">\n\t\t\t\t\t\t\t\t\t<p><span style=\"color: #000000;\">Vuoden 2027 eGT2 World Endurance Challenge (WEC) 2 tunnista 24 tuntiin -sarja on johtava nelivetokilpailu, joka nostaa moottoriurheilun standardeja keskittym\u00e4ll\u00e4 s\u00e4hk\u00f6isten urheiluautojen ja hybridikilpailujen huipputeknologiaan ja suorituskykyyn. T\u00e4m\u00e4 sarja on tunnettu siit\u00e4, ett\u00e4 se on kilpailukykyisempi kuin eGT3-sarja, sill\u00e4 se ponnistaa suorituskyvyn ja innovaation rajoille ja tarjoaa ammattilaistiimeille ja -valmistajille foorumin, jossa ne voivat esitell\u00e4 s\u00e4hk\u00f6- ja hybriditeknologian kehittyneit\u00e4 ominaisuuksia huippusuorituskilpailuissa.<\/span><\/p>\t\t\t\t\t\t\t\t<\/div>\n\t\t\t\t<\/div>\n\t\t\t\t\t<\/div>\n\t\t\t\t<\/div>\n\t\t<div class=\"elementor-element elementor-element-a71bfdd e-flex e-con-boxed e-con e-parent\" data-id=\"a71bfdd\" data-element_type=\"container\" data-e-type=\"container\">\n\t\t\t\t\t<div class=\"e-con-inner\">\n\t\t\t\t<div class=\"elementor-element elementor-element-56e5cda elementor-widget elementor-widget-text-editor\" data-id=\"56e5cda\" data-element_type=\"widget\" data-e-type=\"widget\" data-widget_type=\"text-editor.default\">\n\t\t\t\t<div class=\"elementor-widget-container\">\n\t\t\t\t\t\t\t\t\t<h4><strong>2027 GT2 H WSC Tekninen s\u00e4\u00e4nt\u00f6:<br \/><br \/><\/strong><\/h4><p><span style=\"color: #000000;\">2027 eGT1-luokan tekniset s\u00e4\u00e4nn\u00f6t ovat valmistajien suora panos, ja ne ovat v\u00e4ltt\u00e4m\u00e4tt\u00f6mi\u00e4 2027 eGT1-luokan kilpa-autojen turvallisuudelle ja kehitysstandardien homologoinnille kilpailua varten.<\/span><\/p><p><span style=\"color: #000000;\">The following information reflects the current situation regarding technical sporting and regulatory format regulation for the 2027 eGT2 WEC &amp; WSC &amp; E World Grand Prix season. It is subject to change at any time.<\/span><\/p><p><span style=\"color: #000000;\">2027 GT2 H tekninen urheilu- ja s\u00e4\u00e4ntelymuoto asetus: pdf l\u00e4hetet\u00e4\u00e4n pian.<\/span><\/p><h4><strong>\u00a0<\/strong><\/h4>\t\t\t\t\t\t\t\t<\/div>\n\t\t\t\t<\/div>\n\t\t\t\t\t<\/div>\n\t\t\t\t<\/div>\n\t\t<div class=\"elementor-element elementor-element-28b8dd9 e-flex e-con-boxed e-con e-parent\" data-id=\"28b8dd9\" data-element_type=\"container\" data-e-type=\"container\">\n\t\t\t\t\t<div class=\"e-con-inner\">\n\t\t\t\t<div class=\"elementor-element elementor-element-bfb69fb elementor-widget elementor-widget-text-editor\" data-id=\"bfb69fb\" data-element_type=\"widget\" data-e-type=\"widget\" data-widget_type=\"text-editor.default\">\n\t\t\t\t<div class=\"elementor-widget-container\">\n\t\t\t\t\t\t\t\t\t<h4><strong>2027 GT2H WSC Rekister\u00f6inti:<br \/><\/strong><\/h4><p><span style=\"color: #000000;\">Vuoden 2027 GT2 H:n rekister\u00f6inti avataan pian.<\/span><\/p><h4><strong>\u00a0<\/strong><\/h4>\t\t\t\t\t\t\t\t<\/div>\n\t\t\t\t<\/div>\n\t\t\t\t\t<\/div>\n\t\t\t\t<\/div>\n\t\t<div class=\"elementor-element elementor-element-5a0b010 e-flex e-con-boxed e-con e-parent\" data-id=\"5a0b010\" data-element_type=\"container\" data-e-type=\"container\">\n\t\t\t\t\t<div class=\"e-con-inner\">\n\t\t\t\t<div class=\"elementor-element elementor-element-91e4651 elementor-widget elementor-widget-text-editor\" data-id=\"91e4651\" data-element_type=\"widget\" data-e-type=\"widget\" data-widget_type=\"text-editor.default\">\n\t\t\t\t<div class=\"elementor-widget-container\">\n\t\t\t\t\t\t\t\t\t<h4><strong>2027 GT2 H WSC Tapahtumat:<br \/><br \/><\/strong><\/h4><p><span style=\"color: #000000;\">2027 Date and location will be determined<\/span><\/p><p><span style=\"color: #000000;\">2027 Race Calendar<\/span>\u00a0<\/p><h4><strong>\u00a0<\/strong><\/h4>\t\t\t\t\t\t\t\t<\/div>\n\t\t\t\t<\/div>\n\t\t\t\t\t<\/div>\n\t\t\t\t<\/div>\n\t\t<div class=\"elementor-element elementor-element-1098f1e e-flex e-con-boxed e-con e-parent\" data-id=\"1098f1e\" data-element_type=\"container\" data-e-type=\"container\">\n\t\t\t\t\t<div class=\"e-con-inner\">\n\t\t\t\t<div class=\"elementor-element elementor-element-02e8023 elementor-widget elementor-widget-text-editor\" data-id=\"02e8023\" data-element_type=\"widget\" data-e-type=\"widget\" data-widget_type=\"text-editor.default\">\n\t\t\t\t<div class=\"elementor-widget-container\">\n\t\t\t\t\t\t\t\t\t<h4><strong>2027 GT2 H WSC Sponsorit:<\/strong><\/h4>\t\t\t\t\t\t\t\t<\/div>\n\t\t\t\t<\/div>\n\t\t\t\t\t<\/div>\n\t\t\t\t<\/div>\n\t\t<div class=\"elementor-element elementor-element-2f5cbda e-grid e-con-boxed e-con e-parent\" data-id=\"2f5cbda\" data-element_type=\"container\" data-e-type=\"container\">\n\t\t\t\t\t<div class=\"e-con-inner\">\n\t\t\t\t\t<\/div>\n\t\t\t\t<\/div>\n\t\t<div class=\"elementor-element elementor-element-9364ecb e-flex e-con-boxed e-con e-parent\" data-id=\"9364ecb\" data-element_type=\"container\" data-e-type=\"container\">\n\t\t\t\t\t<div class=\"e-con-inner\">\n\t\t\t\t<div class=\"elementor-element elementor-element-d908855 elementor-widget elementor-widget-text-editor\" data-id=\"d908855\" data-element_type=\"widget\" data-e-type=\"widget\" data-widget_type=\"text-editor.default\">\n\t\t\t\t<div class=\"elementor-widget-container\">\n\t\t\t\t\t\t\t\t\t<h4><strong>2027 GT2 H WSC Valmistajat:<\/strong><\/h4>\t\t\t\t\t\t\t\t<\/div>\n\t\t\t\t<\/div>\n\t\t\t\t\t<\/div>\n\t\t\t\t<\/div>\n\t\t<div class=\"elementor-element elementor-element-2991b8f e-grid e-con-boxed e-con e-parent\" data-id=\"2991b8f\" data-element_type=\"container\" data-e-type=\"container\">\n\t\t\t\t\t<div class=\"e-con-inner\">\n\t\t\t\t\t<\/div>\n\t\t\t\t<\/div>\n\t\t<div class=\"elementor-element elementor-element-235d667 e-flex e-con-boxed e-con e-parent\" data-id=\"235d667\" data-element_type=\"container\" data-e-type=\"container\">\n\t\t\t\t\t<div class=\"e-con-inner\">\n\t\t\t\t<div class=\"elementor-element elementor-element-5fe30aa elementor-widget elementor-widget-text-editor\" data-id=\"5fe30aa\" data-element_type=\"widget\" data-e-type=\"widget\" data-widget_type=\"text-editor.default\">\n\t\t\t\t<div class=\"elementor-widget-container\">\n\t\t\t\t\t\t\t\t\t<h4><strong>2027 GT2 H WSC Joukkueet:<\/strong><\/h4>\t\t\t\t\t\t\t\t<\/div>\n\t\t\t\t<\/div>\n\t\t\t\t\t<\/div>\n\t\t\t\t<\/div>\n\t\t<div class=\"elementor-element elementor-element-857107b e-grid e-con-boxed e-con e-parent\" data-id=\"857107b\" data-element_type=\"container\" data-e-type=\"container\">\n\t\t\t\t\t<div class=\"e-con-inner\">\n\t\t\t\t\t<\/div>\n\t\t\t\t<\/div>\n\t\t<div class=\"elementor-element elementor-element-21b129b e-flex e-con-boxed e-con e-parent\" data-id=\"21b129b\" data-element_type=\"container\" data-e-type=\"container\">\n\t\t\t\t\t<div class=\"e-con-inner\">\n\t\t\t\t<div class=\"elementor-element elementor-element-027576b elementor-widget elementor-widget-text-editor\" data-id=\"027576b\" data-element_type=\"widget\" data-e-type=\"widget\" data-widget_type=\"text-editor.default\">\n\t\t\t\t<div class=\"elementor-widget-container\">\n\t\t\t\t\t\t\t\t\t<h4><strong>2027 GT2 H WSC Kuljettajat:<\/strong><\/h4>\t\t\t\t\t\t\t\t<\/div>\n\t\t\t\t<\/div>\n\t\t\t\t\t<\/div>\n\t\t\t\t<\/div>\n\t\t<div class=\"elementor-element elementor-element-0121bc2 e-grid e-con-boxed e-con e-parent\" data-id=\"0121bc2\" data-element_type=\"container\" data-e-type=\"container\">\n\t\t\t\t\t<div class=\"e-con-inner\">\n\t\t\t\t\t<\/div>\n\t\t\t\t<\/div>\n\t\t\t\t<\/div>","protected":false},"excerpt":{"rendered":"<p>GT2 H WSC2027 GT2 H World Speed Challenge Is Challenging The World to Challenge! Where&#8230;<\/p>","protected":false},"author":165558846,"featured_media":0,"parent":0,"menu_order":0,"comment_status":"closed","ping_status":"closed","template":"","meta":{"_crdt_document":"","advanced_seo_description":"","jetpack_seo_html_title":"","jetpack_seo_noindex":false,"footnotes":""},"class_list":["post-2455","page","type-page","status-publish","hentry"],"jetpack_likes_enabled":true,"jetpack_sharing_enabled":true,"jetpack_shortlink":"https:\/\/wp.me\/Pf1Pzv-DB","jetpack-related-posts":[],"_links":{"self":[{"href":"https:\/\/worldspeedchallenge.com\/fi\/wp-json\/wp\/v2\/pages\/2455","targetHints":{"allow":["GET"]}}],"collection":[{"href":"https:\/\/worldspeedchallenge.com\/fi\/wp-json\/wp\/v2\/pages"}],"about":[{"href":"https:\/\/worldspeedchallenge.com\/fi\/wp-json\/wp\/v2\/types\/page"}],"author":[{"embeddable":true,"href":"https:\/\/worldspeedchallenge.com\/fi\/wp-json\/wp\/v2\/users\/165558846"}],"replies":[{"embeddable":true,"href":"https:\/\/worldspeedchallenge.com\/fi\/wp-json\/wp\/v2\/comments?post=2455"}],"version-history":[{"count":7,"href":"https:\/\/worldspeedchallenge.com\/fi\/wp-json\/wp\/v2\/pages\/2455\/revisions"}],"predecessor-version":[{"id":2524,"href":"https:\/\/worldspeedchallenge.com\/fi\/wp-json\/wp\/v2\/pages\/2455\/revisions\/2524"}],"wp:attachment":[{"href":"https:\/\/worldspeedchallenge.com\/fi\/wp-json\/wp\/v2\/media?parent=2455"}],"curies":[{"name":"wp","href":"https:\/\/api.w.org\/{rel}","templated":true}]}}