{"id":139,"date":"2023-11-22T13:52:14","date_gmt":"2023-11-22T21:52:14","guid":{"rendered":"https:\/\/worldspeedchallenge.com\/?page_id=139"},"modified":"2024-09-01T10:36:01","modified_gmt":"2024-09-01T17:36:01","slug":"wec-tulokset","status":"publish","type":"page","link":"https:\/\/worldspeedchallenge.com\/fi\/wec-tulokset\/","title":{"rendered":"WEC tulokset"},"content":{"rendered":"<div data-elementor-type=\"wp-page\" data-elementor-id=\"139\" class=\"elementor elementor-139\" data-elementor-post-type=\"page\">\n\t\t\t\t<div class=\"elementor-element elementor-element-e222ff6 e-flex e-con-boxed e-con e-parent\" data-id=\"e222ff6\" data-element_type=\"container\" data-e-type=\"container\">\n\t\t\t\t\t<div class=\"e-con-inner\">\n\t\t\t\t<div class=\"elementor-element elementor-element-da6bff4 elementor--h-position-center elementor--v-position-middle elementor-arrows-position-inside elementor-pagination-position-inside elementor-widget elementor-widget-slides\" data-id=\"da6bff4\" data-element_type=\"widget\" data-e-type=\"widget\" data-settings=\"{&quot;autoplay_speed&quot;:8000,&quot;transition&quot;:&quot;fade&quot;,&quot;navigation&quot;:&quot;both&quot;,&quot;autoplay&quot;:&quot;yes&quot;,&quot;pause_on_hover&quot;:&quot;yes&quot;,&quot;pause_on_interaction&quot;:&quot;yes&quot;,&quot;infinite&quot;:&quot;yes&quot;,&quot;transition_speed&quot;:500}\" data-widget_type=\"slides.default\">\n\t\t\t\t<div class=\"elementor-widget-container\">\n\t\t\t\t\t\t\t\t\t<div class=\"elementor-swiper\">\n\t\t\t\t\t<div class=\"elementor-slides-wrapper elementor-main-swiper swiper\" role=\"region\" aria-roledescription=\"carousel\" aria-label=\"Dioja\" dir=\"ltr\" data-animation=\"fadeInUp\">\n\t\t\t\t<div class=\"swiper-wrapper elementor-slides\">\n\t\t\t\t\t\t\t\t\t\t<div class=\"elementor-repeater-item-ced367e swiper-slide\" role=\"group\" aria-roledescription=\"slide\"><div class=\"swiper-slide-bg\" role=\"img\" aria-label=\"Prototyyppi eGT1 ylh\u00e4\u00e4lt\u00e4 katsottuna\"><\/div><div class=\"swiper-slide-inner\" ><div class=\"swiper-slide-contents\"><div class=\"elementor-slide-heading\">2027 eGT1 WEC -kilpailun tulokset<\/div><div class=\"elementor-slide-description\">2027 eGT1 World Endurance Challenge haastaa maailman haastamaan!\nMiss\u00e4 legendat syntyv\u00e4t ja mestarit kruunataan!\nJa jossa tehd\u00e4\u00e4n ja rikotaan historiallisia nopeus- ja kest\u00e4vyysenn\u00e4tyksi\u00e4!<\/div><div  class=\"elementor-button elementor-slide-button elementor-size-sm\">Click Here<\/div><\/div><\/div><\/div><div class=\"elementor-repeater-item-1cd6d41 swiper-slide\" role=\"group\" aria-roledescription=\"slide\"><div class=\"swiper-slide-bg\"><\/div><div class=\"swiper-slide-inner\" ><div class=\"swiper-slide-contents\"><div class=\"elementor-slide-heading\">2027 eGT2 WEC -kilpailun tulokset<\/div><div class=\"elementor-slide-description\">2027 eGT2 World Endurance Challenge haastaa maailman haastamaan!\nMiss\u00e4 legendat syntyv\u00e4t ja mestarit kruunataan!\nJa jossa tehd\u00e4\u00e4n ja rikotaan historiallisia nopeus- ja kest\u00e4vyysenn\u00e4tyksi\u00e4!<\/div><div  class=\"elementor-button elementor-slide-button elementor-size-sm\">Click Here<\/div><\/div><\/div><\/div><div class=\"elementor-repeater-item-6f8c037 swiper-slide\" role=\"group\" aria-roledescription=\"slide\"><div class=\"swiper-slide-bg\"><\/div><div class=\"swiper-slide-inner\" ><div class=\"swiper-slide-contents\"><div class=\"elementor-slide-heading\">2027 eGT3 WEC -kilpailun tulokset<\/div><div class=\"elementor-slide-description\">2027 eGT3 World Endurance Challenge haastaa maailman haastamaan!\nMiss\u00e4 legendat syntyv\u00e4t ja mestarit kruunataan!\nJa jossa tehd\u00e4\u00e4n ja rikotaan historiallisia nopeus- ja kest\u00e4vyysenn\u00e4tyksi\u00e4!<\/div><div  class=\"elementor-button elementor-slide-button elementor-size-sm\">Click Here<\/div><\/div><\/div><\/div><div class=\"elementor-repeater-item-a0d2313 swiper-slide\" role=\"group\" aria-roledescription=\"slide\"><div class=\"swiper-slide-bg\" role=\"img\" aria-label=\"Porsche 718 Ccayman gt4 e Suorituskyky\"><\/div><div class=\"swiper-slide-inner\" ><div class=\"swiper-slide-contents\"><div class=\"elementor-slide-heading\">2027 eGT4 WEC -kilpailun tulokset<\/div><div class=\"elementor-slide-description\">2027 eGT4 World Endurance Challenge haastaa maailman haastamaan!\nMiss\u00e4 legendat syntyv\u00e4t ja mestarit kruunataan!\nJa jossa tehd\u00e4\u00e4n ja rikotaan historiallisia nopeus- ja kest\u00e4vyysenn\u00e4tyksi\u00e4!<\/div><div  class=\"elementor-button elementor-slide-button elementor-size-sm\">Click Here<\/div><\/div><\/div><\/div><div class=\"elementor-repeater-item-db6bd39 swiper-slide\" role=\"group\" aria-roledescription=\"slide\"><div class=\"swiper-slide-bg\"><\/div><div class=\"swiper-slide-inner\" ><div class=\"swiper-slide-contents\"><div class=\"elementor-slide-heading\">2027 GT1 H WEC-kilpailun tulokset<\/div><div class=\"elementor-slide-description\">2027 GT1 H World Endurance Challenge haastaa maailman haastamaan!\nMiss\u00e4 legendat syntyv\u00e4t ja mestarit kruunataan!\nJa jossa tehd\u00e4\u00e4n ja rikotaan historiallisia nopeus- ja kest\u00e4vyysenn\u00e4tyksi\u00e4!<\/div><div  class=\"elementor-button elementor-slide-button elementor-size-sm\">Click Here<\/div><\/div><\/div><\/div><div class=\"elementor-repeater-item-81e7362 swiper-slide\" role=\"group\" aria-roledescription=\"slide\"><div class=\"swiper-slide-bg\"><\/div><div class=\"swiper-slide-inner\" ><div class=\"swiper-slide-contents\"><div class=\"elementor-slide-heading\">2027 GT2 H WEC-kilpailun tulokset<\/div><div class=\"elementor-slide-description\">2027 GT1 H World Endurance Challenge haastaa maailman haastamaan!\nMiss\u00e4 legendat syntyv\u00e4t ja mestarit kruunataan!\nJa jossa tehd\u00e4\u00e4n ja rikotaan historiallisia nopeus- ja kest\u00e4vyysenn\u00e4tyksi\u00e4!<\/div><div  class=\"elementor-button elementor-slide-button elementor-size-sm\">Click Here<\/div><\/div><\/div><\/div><div class=\"elementor-repeater-item-dbdd3b0 swiper-slide\" role=\"group\" aria-roledescription=\"slide\"><div class=\"swiper-slide-bg\"><\/div><div class=\"swiper-slide-inner\" ><div class=\"swiper-slide-contents\"><div class=\"elementor-slide-heading\">2027 GT3 H WEC-kilpailun tulokset<\/div><div class=\"elementor-slide-description\">2027 GT3 H World Endurance Challenge haastaa maailman haastamaan!\nMiss\u00e4 legendat syntyv\u00e4t ja mestarit kruunataan!\nJa jossa tehd\u00e4\u00e4n ja rikotaan historiallisia nopeus- ja kest\u00e4vyysenn\u00e4tyksi\u00e4!<\/div><div  class=\"elementor-button elementor-slide-button elementor-size-sm\">Click Here<\/div><\/div><\/div><\/div><div class=\"elementor-repeater-item-790b724 swiper-slide\" role=\"group\" aria-roledescription=\"slide\"><div class=\"swiper-slide-bg\"><\/div><div class=\"swiper-slide-inner\" ><div class=\"swiper-slide-contents\"><div class=\"elementor-slide-heading\">2027 GT4 H WEC-kilpailun tulokset<\/div><div class=\"elementor-slide-description\">2027 GT4 H World Endurance Challenge haastaa maailman haastamaan!\nMiss\u00e4 legendat syntyv\u00e4t ja mestarit kruunataan!\nJa jossa tehd\u00e4\u00e4n ja rikotaan historiallisia nopeus- ja kest\u00e4vyysenn\u00e4tyksi\u00e4!<\/div><div  class=\"elementor-button elementor-slide-button elementor-size-sm\">Click Here<\/div><\/div><\/div><\/div>\t\t\t\t<\/div>\n\t\t\t\t\t\t\t\t\t\t\t\t\t\t\t<div class=\"elementor-swiper-button elementor-swiper-button-prev\" role=\"button\" tabindex=\"0\" aria-label=\"\u4e0a\u4e00\u5f20\u5e7b\u706f\u7247\" data-no-translation-aria-label=\"\">\n\t\t\t\t\t\t\t<svg aria-hidden=\"true\" class=\"e-font-icon-svg e-eicon-chevron-left\" viewbox=\"0 0 1000 1000\" xmlns=\"http:\/\/www.w3.org\/2000\/svg\"><path d=\"M646 125C629 125 613 133 604 142L308 442C296 454 292 471 292 487 292 504 296 521 308 533L604 854C617 867 629 875 646 875 663 875 679 871 692 858 704 846 713 829 713 812 713 796 708 779 692 767L438 487 692 225C700 217 708 204 708 187 708 171 704 154 692 142 675 129 663 125 646 125Z\"><\/path><\/svg>\t\t\t\t\t\t<\/div>\n\t\t\t\t\t\t<div class=\"elementor-swiper-button elementor-swiper-button-next\" role=\"button\" tabindex=\"0\" aria-label=\"\u4e0b\u4e00\u5f20\u5e7b\u706f\u7247\" data-no-translation-aria-label=\"\">\n\t\t\t\t\t\t\t<svg aria-hidden=\"true\" class=\"e-font-icon-svg e-eicon-chevron-right\" viewbox=\"0 0 1000 1000\" xmlns=\"http:\/\/www.w3.org\/2000\/svg\"><path d=\"M696 533C708 521 713 504 713 487 713 471 708 454 696 446L400 146C388 133 375 125 354 125 338 125 325 129 313 142 300 154 292 171 292 187 292 204 296 221 308 233L563 492 304 771C292 783 288 800 288 817 288 833 296 850 308 863 321 871 338 875 354 875 371 875 388 867 400 854L696 533Z\"><\/path><\/svg>\t\t\t\t\t\t<\/div>\n\t\t\t\t\t\t\t\t\t\t\t\t\t\t\t\t<div class=\"swiper-pagination\"><\/div>\n\t\t\t\t\t\t\t\t\t\t\t\t<\/div>\n\t\t\t\t<\/div>\n\t\t\t\t\t\t\t\t<\/div>\n\t\t\t\t<\/div>\n\t\t\t\t\t<\/div>\n\t\t\t\t<\/div>\n\t\t<div class=\"elementor-element elementor-element-bd4dbfe e-flex e-con-boxed e-con e-parent\" data-id=\"bd4dbfe\" data-element_type=\"container\" data-e-type=\"container\">\n\t\t\t\t\t<div class=\"e-con-inner\">\n\t\t\t\t<div class=\"elementor-element elementor-element-b98984f elementor-widget elementor-widget-text-editor\" data-id=\"b98984f\" data-element_type=\"widget\" data-e-type=\"widget\" data-widget_type=\"text-editor.default\">\n\t\t\t\t<div class=\"elementor-widget-container\">\n\t\t\t\t\t\t\t\t\t<h3 style=\"text-align: center;\"><span style=\"color: #000000;\"><strong>2027 World Endurance Challenge Is Challenging The World To A Challenge!<\/strong><\/span><\/h3><h3 style=\"text-align: center;\"><span style=\"color: #000000;\"><strong>Where Legends Are Born, Champions Are Crowned!<br \/>Ja jossa tehd\u00e4\u00e4n ja rikotaan historiallisia nopeus- ja kest\u00e4vyysenn\u00e4tyksi\u00e4!<\/strong><\/span><\/h3>\t\t\t\t\t\t\t\t<\/div>\n\t\t\t\t<\/div>\n\t\t\t\t\t<\/div>\n\t\t\t\t<\/div>\n\t\t<div class=\"elementor-element elementor-element-e8fa373 e-flex e-con-boxed e-con e-parent\" data-id=\"e8fa373\" data-element_type=\"container\" data-e-type=\"container\">\n\t\t\t\t\t<div class=\"e-con-inner\">\n\t\t\t\t<div class=\"elementor-element elementor-element-3739c90 elementor-widget elementor-widget-text-editor\" data-id=\"3739c90\" data-element_type=\"widget\" data-e-type=\"widget\" data-widget_type=\"text-editor.default\">\n\t\t\t\t<div class=\"elementor-widget-container\">\n\t\t\t\t\t\t\t\t\t<p><span style=\"color: #000000;\">World Endurance Challenge 2027 -tapahtumassa olemme ylpeit\u00e4 siit\u00e4, ett\u00e4 World Endurance Challenge (WEC) -kilpailussa rikotaan useita maailmanenn\u00e4tyksi\u00e4. Kilpailijat punnitsevat s\u00e4hk\u00f6ajoneuvojen ja hybridien teknologiarajoja saavuttaakseen uusia virstanpylv\u00e4it\u00e4 nopeudessa ja kest\u00e4vyydess\u00e4. WEC:ss\u00e4 juhlitaan jokaista saavutusta aina nopeimmasta ajasta 6 tunnin, 12 tunnin tai 24 tunnin kilpailumatkan suorittamiseen ja pisimp\u00e4\u00e4n yht\u00e4jaksoiseen ajoon.<\/span><\/p>\t\t\t\t\t\t\t\t<\/div>\n\t\t\t\t<\/div>\n\t\t\t\t\t<\/div>\n\t\t\t\t<\/div>\n\t\t<div class=\"elementor-element elementor-element-0ee1ae1 e-flex e-con-boxed e-con e-parent\" data-id=\"0ee1ae1\" data-element_type=\"container\" data-e-type=\"container\">\n\t\t\t\t\t<div class=\"e-con-inner\">\n\t\t\t\t<div class=\"elementor-element elementor-element-1d8793b elementor-widget elementor-widget-text-editor\" data-id=\"1d8793b\" data-element_type=\"widget\" data-e-type=\"widget\" data-widget_type=\"text-editor.default\">\n\t\t\t\t<div class=\"elementor-widget-container\">\n\t\t\t\t\t\t\t\t\t<h3><span style=\"color: #000000;\">2027 WEC-kilpailun tulokset<\/span><\/h3>\t\t\t\t\t\t\t\t<\/div>\n\t\t\t\t<\/div>\n\t\t\t\t\t<\/div>\n\t\t\t\t<\/div>\n\t\t<div class=\"elementor-element elementor-element-702bf56 e-flex e-con-boxed e-con e-parent\" data-id=\"702bf56\" data-element_type=\"container\" data-e-type=\"container\">\n\t\t\t\t\t<div class=\"e-con-inner\">\n\t\t\t\t<div class=\"elementor-element elementor-element-2a3a31b elementor-widget elementor-widget-text-editor\" data-id=\"2a3a31b\" data-element_type=\"widget\" data-e-type=\"widget\" data-widget_type=\"text-editor.default\">\n\t\t\t\t<div class=\"elementor-widget-container\">\n\t\t\t\t\t\t\t\t\t<p><span style=\"color: #000000;\">2027 eGT1 WEC -kilpailun tulos:<\/span><\/p><p><span style=\"color: #000000;\">2027 eGT2 WEC -kilpailun tulokset:<\/span><\/p><p><span style=\"color: #000000;\">2027 eGT3 WEC -kilpailun tulokset:<\/span><\/p><p><span style=\"color: #000000;\">2027 eGT4 WEC -kilpailun tulokset:\u00a0<\/span><\/p><p><span style=\"color: #000000;\">2027 GT1 H WEC-kilpailun tulokset:<\/span><\/p><p><span style=\"color: #000000;\">2027 GT2 H WEC-kilpailun tulokset:<\/span><\/p><p><span style=\"color: #000000;\">2027 GT3 H WEC-kilpailun tulokset:<\/span><\/p><p><span style=\"color: #000000;\">2027 GT4 H WEC-kilpailun tulokset:\u00a0 \u00a0<\/span><\/p><h4><span style=\"color: #000000;\">E World Grand Prix -kilpailun tulokset:<\/span><\/h4>\t\t\t\t\t\t\t\t<\/div>\n\t\t\t\t<\/div>\n\t\t\t\t\t<\/div>\n\t\t\t\t<\/div>\n\t\t<div class=\"elementor-element elementor-element-36cfb52 e-flex e-con-boxed e-con e-parent\" data-id=\"36cfb52\" data-element_type=\"container\" data-e-type=\"container\" data-settings=\"{&quot;background_background&quot;:&quot;classic&quot;}\">\n\t\t\t\t\t<div class=\"e-con-inner\">\n\t\t<div class=\"elementor-element elementor-element-599668c e-con-full e-flex e-con e-child\" data-id=\"599668c\" data-element_type=\"container\" data-e-type=\"container\">\n\t\t<div class=\"elementor-element elementor-element-ddde3b6 e-con-full e-flex e-con e-child\" data-id=\"ddde3b6\" data-element_type=\"container\" data-e-type=\"container\">\n\t\t\t\t<div class=\"elementor-element elementor-element-8594700 elementor-widget elementor-widget-heading\" data-id=\"8594700\" data-element_type=\"widget\" data-e-type=\"widget\" data-widget_type=\"heading.default\">\n\t\t\t\t<div class=\"elementor-widget-container\">\n\t\t\t\t\t<h2 class=\"elementor-heading-title elementor-size-default\">Tutustu uusimpiin 2027 WEC-kilpailutuloksiin<\/h2>\t\t\t\t<\/div>\n\t\t\t\t<\/div>\n\t\t\t\t<div class=\"elementor-element elementor-element-f35e815 elementor-widget elementor-widget-text-editor\" data-id=\"f35e815\" data-element_type=\"widget\" data-e-type=\"widget\" data-widget_type=\"text-editor.default\">\n\t\t\t\t<div class=\"elementor-widget-container\">\n\t\t\t\t\t\t\t\t\t<p>Pysy ajan tasalla vuoden 2027 World Endurance Challengen (WEC) uusimmista voittajista ja enn\u00e4tysten rikkojista. Tulossivumme p\u00e4ivittyy heti, kun kukin kilpailu on p\u00e4\u00e4ttynyt, joten l\u00f6yd\u00e4t helposti kaikki uusimmat s\u00e4hk\u00f6autojen ja hybridien tulokset. \u00c4l\u00e4 j\u00e4\u00e4 paitsi j\u00e4nnityksest\u00e4, katso uusimmat 2027 WEC -tulokset nyt!<\/p>\t\t\t\t\t\t\t\t<\/div>\n\t\t\t\t<\/div>\n\t\t<div class=\"elementor-element elementor-element-26931ea e-flex e-con-boxed e-con e-child\" data-id=\"26931ea\" data-element_type=\"container\" data-e-type=\"container\">\n\t\t\t\t\t<div class=\"e-con-inner\">\n\t\t\t\t<div class=\"elementor-element elementor-element-c78d222 elementor-widget__width-auto elementor-align-right elementor-widget elementor-widget-button\" data-id=\"c78d222\" data-element_type=\"widget\" data-e-type=\"widget\" data-widget_type=\"button.default\">\n\t\t\t\t<div class=\"elementor-widget-container\">\n\t\t\t\t\t\t\t\t\t<div class=\"elementor-button-wrapper\">\n\t\t\t\t\t<a class=\"elementor-button elementor-button-link elementor-size-sm\" href=\"#\">\n\t\t\t\t\t\t<span class=\"elementor-button-content-wrapper\">\n\t\t\t\t\t\t\t\t\t<span class=\"elementor-button-text\">N\u00e4yt\u00e4 nyt<\/span>\n\t\t\t\t\t<\/span>\n\t\t\t\t\t<\/a>\n\t\t\t\t<\/div>\n\t\t\t\t\t\t\t\t<\/div>\n\t\t\t\t<\/div>\n\t\t\t\t<div class=\"elementor-element elementor-element-482d655 elementor-widget__width-auto elementor-align-right elementor-widget elementor-widget-button\" data-id=\"482d655\" data-element_type=\"widget\" data-e-type=\"widget\" data-widget_type=\"button.default\">\n\t\t\t\t<div class=\"elementor-widget-container\">\n\t\t\t\t\t\t\t\t\t<div class=\"elementor-button-wrapper\">\n\t\t\t\t\t<a class=\"elementor-button elementor-button-link elementor-size-sm\" href=\"#\">\n\t\t\t\t\t\t<span class=\"elementor-button-content-wrapper\">\n\t\t\t\t\t\t\t\t\t<span class=\"elementor-button-text\">N\u00e4yt\u00e4 nyt<\/span>\n\t\t\t\t\t<\/span>\n\t\t\t\t\t<\/a>\n\t\t\t\t<\/div>\n\t\t\t\t\t\t\t\t<\/div>\n\t\t\t\t<\/div>\n\t\t\t\t\t<\/div>\n\t\t\t\t<\/div>\n\t\t\t\t<\/div>\n\t\t\t\t<\/div>\n\t\t<div class=\"elementor-element elementor-element-3785bf7 e-flex e-con-boxed e-con e-child\" data-id=\"3785bf7\" data-element_type=\"container\" data-e-type=\"container\" data-settings=\"{&quot;background_background&quot;:&quot;classic&quot;}\">\n\t\t\t\t\t<div class=\"e-con-inner\">\n\t\t<div class=\"elementor-element elementor-element-54bfba5 e-flex e-con-boxed e-con e-child\" data-id=\"54bfba5\" data-element_type=\"container\" data-e-type=\"container\">\n\t\t\t\t\t<div class=\"e-con-inner\">\n\t\t<div class=\"elementor-element elementor-element-6fe4081 e-con-full e-flex e-con e-child\" data-id=\"6fe4081\" data-element_type=\"container\" data-e-type=\"container\">\n\t\t\t\t<div class=\"elementor-element elementor-element-fca7738 elementor-widget elementor-widget-image-carousel\" data-id=\"fca7738\" data-element_type=\"widget\" data-e-type=\"widget\" data-settings=\"{&quot;slides_to_show&quot;:&quot;1&quot;,&quot;navigation&quot;:&quot;none&quot;,&quot;pause_on_hover&quot;:&quot;no&quot;,&quot;pause_on_interaction&quot;:&quot;no&quot;,&quot;autoplay_speed&quot;:8000,&quot;speed&quot;:1000,&quot;autoplay&quot;:&quot;yes&quot;,&quot;infinite&quot;:&quot;yes&quot;,&quot;effect&quot;:&quot;slide&quot;}\" data-widget_type=\"image-carousel.default\">\n\t\t\t\t<div class=\"elementor-widget-container\">\n\t\t\t\t\t\t\t<div class=\"elementor-image-carousel-wrapper swiper\" role=\"region\" aria-roledescription=\"carousel\" aria-label=\"\u56fe\u50cf\u8f6e\u64ad\" dir=\"ltr\">\n\t\t\t<div class=\"elementor-image-carousel swiper-wrapper\" aria-live=\"off\">\n\t\t\t\t\t\t\t\t<div class=\"swiper-slide\" role=\"group\" aria-roledescription=\"slide\" aria-label=\"1 \/ 5\" data-no-translation-aria-label=\"\"><figure class=\"swiper-slide-inner\"><img decoding=\"async\" class=\"swiper-slide-image\" src=\"https:\/\/i0.wp.com\/worldspeedchallenge.com\/wp-content\/uploads\/2024\/05\/World-Endurance-Challenge-Logo-s.webp?fit=554%2C336&amp;ssl=1\" alt=\"World Endurance Challenge\" \/><\/figure><\/div><div class=\"swiper-slide\" role=\"group\" aria-roledescription=\"slide\" aria-label=\"2 \/ 5\" data-no-translation-aria-label=\"\"><figure class=\"swiper-slide-inner\"><img decoding=\"async\" class=\"swiper-slide-image\" src=\"https:\/\/i0.wp.com\/worldspeedchallenge.com\/wp-content\/uploads\/2024\/05\/EV-World-Racing-Association-Corporate-Logo-1-1.webp?fit=376%2C348&amp;ssl=1\" alt=\"EV World Racing Association\" \/><\/figure><\/div><div class=\"swiper-slide\" role=\"group\" aria-roledescription=\"slide\" aria-label=\"3 \/ 5\" data-no-translation-aria-label=\"\"><figure class=\"swiper-slide-inner\"><img decoding=\"async\" class=\"swiper-slide-image\" src=\"https:\/\/i0.wp.com\/worldspeedchallenge.com\/wp-content\/uploads\/2024\/05\/EV-FESTIVAL-of-SPEED-LLC-Logo-s.webp?fit=433%2C336&amp;ssl=1\" alt=\"EV Festival Of Speed\" \/><\/figure><\/div><div class=\"swiper-slide\" role=\"group\" aria-roledescription=\"slide\" aria-label=\"4 \/ 5\" data-no-translation-aria-label=\"\"><figure class=\"swiper-slide-inner\"><img decoding=\"async\" class=\"swiper-slide-image\" src=\"https:\/\/i0.wp.com\/worldspeedchallenge.com\/wp-content\/uploads\/2024\/05\/E-World-Grand-Prix-WEC.webp?fit=640%2C384&amp;ssl=1\" alt=\"E World Grand Prix\" \/><\/figure><\/div><div class=\"swiper-slide\" role=\"group\" aria-roledescription=\"slide\" aria-label=\"5 \/ 5\" data-no-translation-aria-label=\"\"><figure class=\"swiper-slide-inner\"><img decoding=\"async\" class=\"swiper-slide-image\" src=\"https:\/\/i0.wp.com\/worldspeedchallenge.com\/wp-content\/uploads\/2024\/05\/WEC-6-H.webp?fit=640%2C306&amp;ssl=1\" alt=\"WEC E6H\" \/><\/figure><\/div>\t\t\t<\/div>\n\t\t\t\t\t\t\t\n\t\t\t\t\t\t\t\t\t<\/div>\n\t\t\t\t\t\t<\/div>\n\t\t\t\t<\/div>\n\t\t\t\t<\/div>\n\t\t\t\t\t<\/div>\n\t\t\t\t<\/div>\n\t\t<div class=\"elementor-element elementor-element-d1b1fe8 e-flex e-con-boxed e-con e-child\" data-id=\"d1b1fe8\" data-element_type=\"container\" data-e-type=\"container\">\n\t\t\t\t\t<div class=\"e-con-inner\">\n\t\t<div class=\"elementor-element elementor-element-c5cc19d e-con-full e-flex e-con e-child\" data-id=\"c5cc19d\" data-element_type=\"container\" data-e-type=\"container\">\n\t\t\t\t<div class=\"elementor-element elementor-element-2ae6f67 elementor-widget elementor-widget-image-carousel\" data-id=\"2ae6f67\" data-element_type=\"widget\" data-e-type=\"widget\" data-settings=\"{&quot;slides_to_show&quot;:&quot;1&quot;,&quot;navigation&quot;:&quot;none&quot;,&quot;pause_on_hover&quot;:&quot;no&quot;,&quot;pause_on_interaction&quot;:&quot;no&quot;,&quot;autoplay_speed&quot;:8000,&quot;speed&quot;:1000,&quot;autoplay&quot;:&quot;yes&quot;,&quot;infinite&quot;:&quot;yes&quot;,&quot;effect&quot;:&quot;slide&quot;}\" data-widget_type=\"image-carousel.default\">\n\t\t\t\t<div class=\"elementor-widget-container\">\n\t\t\t\t\t\t\t<div class=\"elementor-image-carousel-wrapper swiper\" role=\"region\" aria-roledescription=\"carousel\" aria-label=\"\u56fe\u50cf\u8f6e\u64ad\" dir=\"ltr\">\n\t\t\t<div class=\"elementor-image-carousel swiper-wrapper\" aria-live=\"off\">\n\t\t\t\t\t\t\t\t<div class=\"swiper-slide\" role=\"group\" aria-roledescription=\"slide\" aria-label=\"1 \/ 4\" data-no-translation-aria-label=\"\"><figure class=\"swiper-slide-inner\"><img decoding=\"async\" class=\"swiper-slide-image\" src=\"https:\/\/i0.wp.com\/worldspeedchallenge.com\/wp-content\/uploads\/2024\/05\/World-Speed-Challenge-E-GT1-event-logo.webp?fit=640%2C306&amp;ssl=1\" alt=\"eGT1 WSC\" \/><\/figure><\/div><div class=\"swiper-slide\" role=\"group\" aria-roledescription=\"slide\" aria-label=\"2 \/ 4\" data-no-translation-aria-label=\"\"><figure class=\"swiper-slide-inner\"><img decoding=\"async\" class=\"swiper-slide-image\" src=\"https:\/\/i0.wp.com\/worldspeedchallenge.com\/wp-content\/uploads\/2024\/05\/World-Endurance-Challenge-e-GT2.webp?fit=640%2C306&amp;ssl=1\" alt=\"World Endurance Challenge e GT2\" \/><\/figure><\/div><div class=\"swiper-slide\" role=\"group\" aria-roledescription=\"slide\" aria-label=\"3 \/ 4\" data-no-translation-aria-label=\"\"><figure class=\"swiper-slide-inner\"><img decoding=\"async\" class=\"swiper-slide-image\" src=\"https:\/\/i0.wp.com\/worldspeedchallenge.com\/wp-content\/uploads\/2024\/05\/World-Endurance-Challenge-e-GT3.webp?fit=640%2C306&amp;ssl=1\" alt=\"World Endurance Challenge e GT3\" \/><\/figure><\/div><div class=\"swiper-slide\" role=\"group\" aria-roledescription=\"slide\" aria-label=\"4 \/ 4\" data-no-translation-aria-label=\"\"><figure class=\"swiper-slide-inner\"><img decoding=\"async\" class=\"swiper-slide-image\" src=\"https:\/\/i0.wp.com\/worldspeedchallenge.com\/wp-content\/uploads\/2024\/05\/World-Endurance-Challenge-e-GT4.png?fit=640%2C306&amp;ssl=1\" alt=\"World Endurance Challenge e GT4\" \/><\/figure><\/div>\t\t\t<\/div>\n\t\t\t\t\t\t\t\n\t\t\t\t\t\t\t\t\t<\/div>\n\t\t\t\t\t\t<\/div>\n\t\t\t\t<\/div>\n\t\t\t\t<\/div>\n\t\t\t\t\t<\/div>\n\t\t\t\t<\/div>\n\t\t\t\t\t<\/div>\n\t\t\t\t<\/div>\n\t\t\t\t\t<\/div>\n\t\t\t\t<\/div>\n\t\t\t\t<\/div>","protected":false},"excerpt":{"rendered":"<p>2027 eGT1 WEC-kilpailun tulokset2027 eGT1 World Endurance Challenge haastaa maailman...<\/p>","protected":false},"author":165558846,"featured_media":0,"parent":0,"menu_order":0,"comment_status":"closed","ping_status":"closed","template":"","meta":{"_crdt_document":"","advanced_seo_description":"","jetpack_seo_html_title":"","jetpack_seo_noindex":false,"footnotes":""},"class_list":["post-139","page","type-page","status-publish","hentry"],"jetpack_likes_enabled":true,"jetpack_sharing_enabled":true,"jetpack_shortlink":"https:\/\/wp.me\/Pf1Pzv-2f","jetpack-related-posts":[],"_links":{"self":[{"href":"https:\/\/worldspeedchallenge.com\/fi\/wp-json\/wp\/v2\/pages\/139","targetHints":{"allow":["GET"]}}],"collection":[{"href":"https:\/\/worldspeedchallenge.com\/fi\/wp-json\/wp\/v2\/pages"}],"about":[{"href":"https:\/\/worldspeedchallenge.com\/fi\/wp-json\/wp\/v2\/types\/page"}],"author":[{"embeddable":true,"href":"https:\/\/worldspeedchallenge.com\/fi\/wp-json\/wp\/v2\/users\/165558846"}],"replies":[{"embeddable":true,"href":"https:\/\/worldspeedchallenge.com\/fi\/wp-json\/wp\/v2\/comments?post=139"}],"version-history":[{"count":45,"href":"https:\/\/worldspeedchallenge.com\/fi\/wp-json\/wp\/v2\/pages\/139\/revisions"}],"predecessor-version":[{"id":2432,"href":"https:\/\/worldspeedchallenge.com\/fi\/wp-json\/wp\/v2\/pages\/139\/revisions\/2432"}],"wp:attachment":[{"href":"https:\/\/worldspeedchallenge.com\/fi\/wp-json\/wp\/v2\/media?parent=139"}],"curies":[{"name":"wp","href":"https:\/\/api.w.org\/{rel}","templated":true}]}}