{"id":2479,"date":"2024-09-01T20:01:09","date_gmt":"2024-09-02T03:01:09","guid":{"rendered":"https:\/\/worldspeedchallenge.com\/?page_id=2479"},"modified":"2024-09-01T21:22:56","modified_gmt":"2024-09-02T04:22:56","slug":"gt1-h-wec","status":"publish","type":"page","link":"https:\/\/worldspeedchallenge.com\/es\/gt1-h-wec\/","title":{"rendered":"GT1 H WEC"},"content":{"rendered":"<div data-elementor-type=\"wp-page\" data-elementor-id=\"2479\" class=\"elementor elementor-2479\" data-elementor-post-type=\"page\">\n\t\t\t\t<div class=\"elementor-element elementor-element-82170a9 e-flex e-con-boxed e-con e-parent\" data-id=\"82170a9\" data-element_type=\"container\" data-e-type=\"container\">\n\t\t\t\t\t<div class=\"e-con-inner\">\n\t\t\t\t<div class=\"elementor-element elementor-element-0317d2a elementor--h-position-center elementor--v-position-middle elementor-arrows-position-inside elementor-pagination-position-inside elementor-widget elementor-widget-slides\" data-id=\"0317d2a\" data-element_type=\"widget\" data-e-type=\"widget\" data-settings=\"{&quot;navigation&quot;:&quot;both&quot;,&quot;autoplay&quot;:&quot;yes&quot;,&quot;pause_on_hover&quot;:&quot;yes&quot;,&quot;pause_on_interaction&quot;:&quot;yes&quot;,&quot;autoplay_speed&quot;:5000,&quot;infinite&quot;:&quot;yes&quot;,&quot;transition&quot;:&quot;slide&quot;,&quot;transition_speed&quot;:500}\" data-widget_type=\"slides.default\">\n\t\t\t\t<div class=\"elementor-widget-container\">\n\t\t\t\t\t\t\t\t\t<div class=\"elementor-swiper\">\n\t\t\t\t\t<div class=\"elementor-slides-wrapper elementor-main-swiper swiper\" role=\"region\" aria-roledescription=\"carousel\" aria-label=\"Folien\" dir=\"ltr\" data-animation=\"fadeInUp\" data-no-translation-aria-label=\"\">\n\t\t\t\t<div class=\"swiper-wrapper elementor-slides\">\n\t\t\t\t\t\t\t\t\t\t<div class=\"elementor-repeater-item-56bfc7a swiper-slide\" role=\"group\" aria-roledescription=\"slide\"><div class=\"swiper-slide-bg\" role=\"img\" aria-label=\"GT1 H World Endurance Challenge Series\"><\/div><div class=\"swiper-slide-inner\" ><div class=\"swiper-slide-contents\"><div class=\"elementor-slide-heading\">GT1 H WEC<\/div><div class=\"elementor-slide-description\">\u00a1El 2027 GT1 H World Endurance Challenge desaf\u00eda al mundo!\nDonde nacen las leyendas y se coronan los campeones.\nY donde se establecer\u00e1n y batir\u00e1n r\u00e9cords hist\u00f3ricos de velocidad y resistencia.\n<\/div><div  class=\"elementor-button elementor-slide-button elementor-size-sm\">Haga clic aqu\u00ed<\/div><\/div><\/div><\/div><div class=\"elementor-repeater-item-70c7304 swiper-slide\" role=\"group\" aria-roledescription=\"slide\"><div class=\"swiper-slide-bg\"><\/div><div class=\"swiper-slide-inner\" ><div class=\"swiper-slide-contents\"><div class=\"elementor-slide-heading\">GT1 H WEC<\/div><div class=\"elementor-slide-description\">\u00a1El 2027 GT1 H World Endurance Challenge desaf\u00eda al mundo!\nDonde nacen las leyendas y se coronan los campeones.\nY donde se establecer\u00e1n y batir\u00e1n r\u00e9cords hist\u00f3ricos de velocidad y resistencia.\n<\/div><div  class=\"elementor-button elementor-slide-button elementor-size-sm\">Haga clic aqu\u00ed<\/div><\/div><\/div><\/div><div class=\"elementor-repeater-item-b501232 swiper-slide\" role=\"group\" aria-roledescription=\"slide\"><div class=\"swiper-slide-bg\"><\/div><div class=\"swiper-slide-inner\" ><div class=\"swiper-slide-contents\"><div class=\"elementor-slide-heading\">GT1 H WEC<\/div><div class=\"elementor-slide-description\">\u00a1El 2027 GT1 H World Endurance Challenge desaf\u00eda al mundo!\nDonde nacen las leyendas y se coronan los campeones.\nY donde se establecer\u00e1n y batir\u00e1n r\u00e9cords hist\u00f3ricos de velocidad y resistencia.\n<\/div><div  class=\"elementor-button elementor-slide-button elementor-size-sm\">Haga clic aqu\u00ed<\/div><\/div><\/div><\/div>\t\t\t\t<\/div>\n\t\t\t\t\t\t\t\t\t\t\t\t\t\t\t<div class=\"elementor-swiper-button elementor-swiper-button-prev\" role=\"button\" tabindex=\"0\" aria-label=\"Vorheriges Dia\" data-no-translation-aria-label=\"\">\n\t\t\t\t\t\t\t<svg aria-hidden=\"true\" class=\"e-font-icon-svg e-eicon-chevron-left\" viewbox=\"0 0 1000 1000\" xmlns=\"http:\/\/www.w3.org\/2000\/svg\"><path d=\"M646 125C629 125 613 133 604 142L308 442C296 454 292 471 292 487 292 504 296 521 308 533L604 854C617 867 629 875 646 875 663 875 679 871 692 858 704 846 713 829 713 812 713 796 708 779 692 767L438 487 692 225C700 217 708 204 708 187 708 171 704 154 692 142 675 129 663 125 646 125Z\"><\/path><\/svg>\t\t\t\t\t\t<\/div>\n\t\t\t\t\t\t<div class=\"elementor-swiper-button elementor-swiper-button-next\" role=\"button\" tabindex=\"0\" aria-label=\"N\u00e4chste Folie\" data-no-translation-aria-label=\"\">\n\t\t\t\t\t\t\t<svg aria-hidden=\"true\" class=\"e-font-icon-svg e-eicon-chevron-right\" viewbox=\"0 0 1000 1000\" xmlns=\"http:\/\/www.w3.org\/2000\/svg\"><path d=\"M696 533C708 521 713 504 713 487 713 471 708 454 696 446L400 146C388 133 375 125 354 125 338 125 325 129 313 142 300 154 292 171 292 187 292 204 296 221 308 233L563 492 304 771C292 783 288 800 288 817 288 833 296 850 308 863 321 871 338 875 354 875 371 875 388 867 400 854L696 533Z\"><\/path><\/svg>\t\t\t\t\t\t<\/div>\n\t\t\t\t\t\t\t\t\t\t\t\t\t\t\t\t<div class=\"swiper-pagination\"><\/div>\n\t\t\t\t\t\t\t\t\t\t\t\t<\/div>\n\t\t\t\t<\/div>\n\t\t\t\t\t\t\t\t<\/div>\n\t\t\t\t<\/div>\n\t\t\t\t\t<\/div>\n\t\t\t\t<\/div>\n\t\t<div class=\"elementor-element elementor-element-66d7656 e-flex e-con-boxed e-con e-parent\" data-id=\"66d7656\" data-element_type=\"container\" data-e-type=\"container\">\n\t\t\t\t\t<div class=\"e-con-inner\">\n\t\t\t\t<div class=\"elementor-element elementor-element-0fce7f1 elementor-widget elementor-widget-text-editor\" data-id=\"0fce7f1\" data-element_type=\"widget\" data-e-type=\"widget\" data-widget_type=\"text-editor.default\">\n\t\t\t\t<div class=\"elementor-widget-container\">\n\t\t\t\t\t\t\t\t\t<h4 style=\"text-align: center;\"><span style=\"color: #000000;\"><strong>\u00a1El 2027 GT1 H World Endurance Challenge reta al mundo a un desaf\u00edo!<\/strong><\/span><\/h4><h4 style=\"text-align: center;\"><span style=\"color: #000000;\"><strong>Donde nacen las leyendas y se coronan los campeones.<br \/>Y donde se establecer\u00e1n y batir\u00e1n r\u00e9cords hist\u00f3ricos de velocidad y resistencia.<\/strong><\/span><\/h4>\t\t\t\t\t\t\t\t<\/div>\n\t\t\t\t<\/div>\n\t\t\t\t\t<\/div>\n\t\t\t\t<\/div>\n\t\t<div class=\"elementor-element elementor-element-b7c609d e-flex e-con-boxed e-con e-parent\" data-id=\"b7c609d\" data-element_type=\"container\" data-e-type=\"container\">\n\t\t\t\t\t<div class=\"e-con-inner\">\n\t\t\t\t<div class=\"elementor-element elementor-element-25fb283 elementor-widget elementor-widget-text-editor\" data-id=\"25fb283\" data-element_type=\"widget\" data-e-type=\"widget\" data-widget_type=\"text-editor.default\">\n\t\t\t\t<div class=\"elementor-widget-container\">\n\t\t\t\t\t\t\t\t\t<p><span style=\"color: #000000;\">La serie 2027 eGT1 World Endurance Challenge 2 hours to 24 hours tiene como objetivo fusionar la tecnolog\u00eda del prototipo eGT2 y desafiar los l\u00edmites del desarrollo de la innovaci\u00f3n de rendimiento incre\u00edble y elevar la tecnolog\u00eda para promover el mundo de las carreras el\u00e9ctricas e h\u00edbridas mediante la creaci\u00f3n de esta serie de carreras definitiva que hace hincapi\u00e9 en el dise\u00f1o, la ingenier\u00eda, la seguridad y la tecnolog\u00eda de los coches de carreras de competici\u00f3n el\u00e9ctricos e h\u00edbridos de \u00e9lite el eGT1. Esta ambiciosa iniciativa pretende ofrecer a los equipos y fabricantes profesionales una plataforma de carreras que destaque lo mejor de la tecnolog\u00eda el\u00e9ctrica e h\u00edbrida automovil\u00edstica de vanguardia en todo el mundo.<\/span><\/p>\t\t\t\t\t\t\t\t<\/div>\n\t\t\t\t<\/div>\n\t\t\t\t\t<\/div>\n\t\t\t\t<\/div>\n\t\t<div class=\"elementor-element elementor-element-3cd46f2 e-flex e-con-boxed e-con e-parent\" data-id=\"3cd46f2\" data-element_type=\"container\" data-e-type=\"container\">\n\t\t\t\t\t<div class=\"e-con-inner\">\n\t\t\t\t<div class=\"elementor-element elementor-element-e2a91cd elementor-widget elementor-widget-text-editor\" data-id=\"e2a91cd\" data-element_type=\"widget\" data-e-type=\"widget\" data-widget_type=\"text-editor.default\">\n\t\t\t\t<div class=\"elementor-widget-container\">\n\t\t\t\t\t\t\t\t\t<h4><strong><span style=\"color: #000000;\">2027 GT1 H WEC Hybrid Hypercar Technical Regulations:<\/span><br \/><\/strong><\/h4><p><span style=\"color: #000000;\">El reglamento t\u00e9cnico del 2027 eGT1 es una aportaci\u00f3n directa de los fabricantes y es esencial para la seguridad y la homologaci\u00f3n de las normas de desarrollo de los coches de carreras 2027 eGT1 para la competici\u00f3n.<\/span><\/p><p><span style=\"color: #000000;\">La siguiente informaci\u00f3n refleja la situaci\u00f3n actual de la reglamentaci\u00f3n t\u00e9cnica deportiva y del formato reglamentario para la temporada 2027 del Gran Premio del Mundo eGT1 WEC &amp; WSC &amp; E. Est\u00e1 sujeta a cambios en cualquier momento.<\/span><\/p><p><span style=\"color: #000000;\">2027 GT1 H reglamento t\u00e9cnico deportivo y formato reglamentario: pdf se publicar\u00e1 en breve.<\/span><\/p><p><strong>\u00a0<\/strong><\/p>\t\t\t\t\t\t\t\t<\/div>\n\t\t\t\t<\/div>\n\t\t\t\t\t<\/div>\n\t\t\t\t<\/div>\n\t\t<div class=\"elementor-element elementor-element-15b8640 e-flex e-con-boxed e-con e-parent\" data-id=\"15b8640\" data-element_type=\"container\" data-e-type=\"container\">\n\t\t\t\t\t<div class=\"e-con-inner\">\n\t\t\t\t<div class=\"elementor-element elementor-element-828c4a1 elementor-widget elementor-widget-text-editor\" data-id=\"828c4a1\" data-element_type=\"widget\" data-e-type=\"widget\" data-widget_type=\"text-editor.default\">\n\t\t\t\t<div class=\"elementor-widget-container\">\n\t\t\t\t\t\t\t\t\t<h4><span style=\"color: #000000;\"><strong>2027 GT1 H WEC Hybrid Hypercar Matr\u00edcula:<br \/><\/strong><\/span><\/h4><p><span style=\"color: #000000;\">Pronto se abrir\u00e1n las inscripciones para el eGT1 WEC 2027<\/span><\/p><h4><span style=\"color: #000000;\"><strong>\u00a0<\/strong><\/span><\/h4>\t\t\t\t\t\t\t\t<\/div>\n\t\t\t\t<\/div>\n\t\t\t\t\t<\/div>\n\t\t\t\t<\/div>\n\t\t<div class=\"elementor-element elementor-element-558ce5b e-flex e-con-boxed e-con e-parent\" data-id=\"558ce5b\" data-element_type=\"container\" data-e-type=\"container\">\n\t\t\t\t\t<div class=\"e-con-inner\">\n\t\t\t\t<div class=\"elementor-element elementor-element-b54c4b7 elementor-widget elementor-widget-text-editor\" data-id=\"b54c4b7\" data-element_type=\"widget\" data-e-type=\"widget\" data-widget_type=\"text-editor.default\">\n\t\t\t\t<div class=\"elementor-widget-container\">\n\t\t\t\t\t\t\t\t\t<h4><span style=\"color: #000000;\"><strong>2027 GT1 H Eventos WEC:<br \/><\/strong><\/span><\/h4><p><span style=\"color: #000000;\">2027 Fechas y lugar por determinar.<\/span><\/p><p><span style=\"color: #000000;\">Calendario de carreras 2027<\/span><\/p><h4><span style=\"color: #000000;\"><strong>\u00a0<\/strong><\/span><\/h4>\t\t\t\t\t\t\t\t<\/div>\n\t\t\t\t<\/div>\n\t\t\t\t\t<\/div>\n\t\t\t\t<\/div>\n\t\t<div class=\"elementor-element elementor-element-b879b66 e-flex e-con-boxed e-con e-parent\" data-id=\"b879b66\" data-element_type=\"container\" data-e-type=\"container\">\n\t\t\t\t\t<div class=\"e-con-inner\">\n\t\t\t\t<div class=\"elementor-element elementor-element-7c08ae7 elementor-widget elementor-widget-text-editor\" data-id=\"7c08ae7\" data-element_type=\"widget\" data-e-type=\"widget\" data-widget_type=\"text-editor.default\">\n\t\t\t\t<div class=\"elementor-widget-container\">\n\t\t\t\t\t\t\t\t\t<h4><span style=\"color: #000000;\"><strong>2027 GT1 H WEC Patrocinadores:<\/strong><\/span><\/h4>\t\t\t\t\t\t\t\t<\/div>\n\t\t\t\t<\/div>\n\t\t\t\t\t<\/div>\n\t\t\t\t<\/div>\n\t\t<div class=\"elementor-element elementor-element-4a5a44b e-grid e-con-boxed e-con e-parent\" data-id=\"4a5a44b\" data-element_type=\"container\" data-e-type=\"container\">\n\t\t\t\t\t<div class=\"e-con-inner\">\n\t\t\t\t\t<\/div>\n\t\t\t\t<\/div>\n\t\t<div class=\"elementor-element elementor-element-80dc7af e-flex e-con-boxed e-con e-parent\" data-id=\"80dc7af\" data-element_type=\"container\" data-e-type=\"container\">\n\t\t\t\t\t<div class=\"e-con-inner\">\n\t\t\t\t<div class=\"elementor-element elementor-element-097ecc7 elementor-widget elementor-widget-text-editor\" data-id=\"097ecc7\" data-element_type=\"widget\" data-e-type=\"widget\" data-widget_type=\"text-editor.default\">\n\t\t\t\t<div class=\"elementor-widget-container\">\n\t\t\t\t\t\t\t\t\t<h4><span style=\"color: #000000;\"><strong>2027 GT1 H WEC Hybrid Hypercar Fabricante:<\/strong><\/span><\/h4>\t\t\t\t\t\t\t\t<\/div>\n\t\t\t\t<\/div>\n\t\t\t\t\t<\/div>\n\t\t\t\t<\/div>\n\t\t<div class=\"elementor-element elementor-element-532d1a8 e-grid e-con-boxed e-con e-parent\" data-id=\"532d1a8\" data-element_type=\"container\" data-e-type=\"container\">\n\t\t\t\t\t<div class=\"e-con-inner\">\n\t\t\t\t\t<\/div>\n\t\t\t\t<\/div>\n\t\t<div class=\"elementor-element elementor-element-0154495 e-flex e-con-boxed e-con e-parent\" data-id=\"0154495\" data-element_type=\"container\" data-e-type=\"container\">\n\t\t\t\t\t<div class=\"e-con-inner\">\n\t\t\t\t<div class=\"elementor-element elementor-element-53e3315 elementor-widget elementor-widget-text-editor\" data-id=\"53e3315\" data-element_type=\"widget\" data-e-type=\"widget\" data-widget_type=\"text-editor.default\">\n\t\t\t\t<div class=\"elementor-widget-container\">\n\t\t\t\t\t\t\t\t\t<h4><span style=\"color: #000000;\"><strong>2027 GT1 H WEC Hybrid Hypercar Teams:<\/strong><\/span><\/h4>\t\t\t\t\t\t\t\t<\/div>\n\t\t\t\t<\/div>\n\t\t\t\t\t<\/div>\n\t\t\t\t<\/div>\n\t\t<div class=\"elementor-element elementor-element-55633b7 e-grid e-con-boxed e-con e-parent\" data-id=\"55633b7\" data-element_type=\"container\" data-e-type=\"container\">\n\t\t\t\t\t<div class=\"e-con-inner\">\n\t\t\t\t\t<\/div>\n\t\t\t\t<\/div>\n\t\t<div class=\"elementor-element elementor-element-527f442 e-flex e-con-boxed e-con e-parent\" data-id=\"527f442\" data-element_type=\"container\" data-e-type=\"container\">\n\t\t\t\t\t<div class=\"e-con-inner\">\n\t\t\t\t<div class=\"elementor-element elementor-element-bbf3e5f elementor-widget elementor-widget-text-editor\" data-id=\"bbf3e5f\" data-element_type=\"widget\" data-e-type=\"widget\" data-widget_type=\"text-editor.default\">\n\t\t\t\t<div class=\"elementor-widget-container\">\n\t\t\t\t\t\t\t\t\t<p><span style=\"color: #000000;\"><strong>2027 GT1 H WEC Hybrid Hypercar Drivers:<\/strong><\/span><\/p>\t\t\t\t\t\t\t\t<\/div>\n\t\t\t\t<\/div>\n\t\t\t\t\t<\/div>\n\t\t\t\t<\/div>\n\t\t<div class=\"elementor-element elementor-element-25219d4 e-grid e-con-boxed e-con e-parent\" data-id=\"25219d4\" data-element_type=\"container\" data-e-type=\"container\">\n\t\t\t\t\t<div class=\"e-con-inner\">\n\t\t\t\t\t<\/div>\n\t\t\t\t<\/div>\n\t\t\t\t<\/div>","protected":false},"excerpt":{"rendered":"<p>GT1 H WEC2027 El GT1 H World Endurance Challenge desaf\u00eda al mundo. D\u00f3nde...<\/p>","protected":false},"author":165558846,"featured_media":0,"parent":0,"menu_order":0,"comment_status":"closed","ping_status":"closed","template":"","meta":{"_crdt_document":"","advanced_seo_description":"","jetpack_seo_html_title":"","jetpack_seo_noindex":false,"footnotes":""},"class_list":["post-2479","page","type-page","status-publish","hentry"],"jetpack_likes_enabled":true,"jetpack_sharing_enabled":true,"jetpack_shortlink":"https:\/\/wp.me\/Pf1Pzv-DZ","jetpack-related-posts":[],"_links":{"self":[{"href":"https:\/\/worldspeedchallenge.com\/es\/wp-json\/wp\/v2\/pages\/2479","targetHints":{"allow":["GET"]}}],"collection":[{"href":"https:\/\/worldspeedchallenge.com\/es\/wp-json\/wp\/v2\/pages"}],"about":[{"href":"https:\/\/worldspeedchallenge.com\/es\/wp-json\/wp\/v2\/types\/page"}],"author":[{"embeddable":true,"href":"https:\/\/worldspeedchallenge.com\/es\/wp-json\/wp\/v2\/users\/165558846"}],"replies":[{"embeddable":true,"href":"https:\/\/worldspeedchallenge.com\/es\/wp-json\/wp\/v2\/comments?post=2479"}],"version-history":[{"count":8,"href":"https:\/\/worldspeedchallenge.com\/es\/wp-json\/wp\/v2\/pages\/2479\/revisions"}],"predecessor-version":[{"id":2542,"href":"https:\/\/worldspeedchallenge.com\/es\/wp-json\/wp\/v2\/pages\/2479\/revisions\/2542"}],"wp:attachment":[{"href":"https:\/\/worldspeedchallenge.com\/es\/wp-json\/wp\/v2\/media?parent=2479"}],"curies":[{"name":"wp","href":"https:\/\/api.w.org\/{rel}","templated":true}]}}