{"id":127,"date":"2023-11-22T13:38:15","date_gmt":"2023-11-22T21:38:15","guid":{"rendered":"https:\/\/worldspeedchallenge.com\/?page_id=127"},"modified":"2024-06-30T13:14:12","modified_gmt":"2024-06-30T20:14:12","slug":"deportes-wsc","status":"publish","type":"page","link":"https:\/\/worldspeedchallenge.com\/es\/deportes-wsc\/","title":{"rendered":"Esports WSC"},"content":{"rendered":"<div data-elementor-type=\"wp-page\" data-elementor-id=\"127\" class=\"elementor elementor-127\" data-elementor-post-type=\"page\">\n\t\t\t\t<div class=\"elementor-element elementor-element-c1d6f83 e-flex e-con-boxed e-con e-parent\" data-id=\"c1d6f83\" data-element_type=\"container\" data-e-type=\"container\">\n\t\t\t\t\t<div class=\"e-con-inner\">\n\t\t\t\t<div class=\"elementor-element elementor-element-c6e2e1c elementor--h-position-center elementor--v-position-middle elementor-arrows-position-inside elementor-pagination-position-inside elementor-widget elementor-widget-slides\" data-id=\"c6e2e1c\" data-element_type=\"widget\" data-e-type=\"widget\" data-settings=\"{&quot;navigation&quot;:&quot;both&quot;,&quot;autoplay&quot;:&quot;yes&quot;,&quot;pause_on_hover&quot;:&quot;yes&quot;,&quot;pause_on_interaction&quot;:&quot;yes&quot;,&quot;autoplay_speed&quot;:5000,&quot;infinite&quot;:&quot;yes&quot;,&quot;transition&quot;:&quot;slide&quot;,&quot;transition_speed&quot;:500}\" data-widget_type=\"slides.default\">\n\t\t\t\t<div class=\"elementor-widget-container\">\n\t\t\t\t\t\t\t\t\t<div class=\"elementor-swiper\">\n\t\t\t\t\t<div class=\"elementor-slides-wrapper elementor-main-swiper swiper\" role=\"region\" aria-roledescription=\"carousel\" aria-label=\"Diapositivas\" dir=\"ltr\" data-animation=\"fadeInUp\">\n\t\t\t\t<div class=\"swiper-wrapper elementor-slides\">\n\t\t\t\t\t\t\t\t\t\t<div class=\"elementor-repeater-item-45e0428 swiper-slide\" role=\"group\" aria-roledescription=\"slide\"><div class=\"swiper-slide-bg\" role=\"img\" aria-label=\"Hyundai Ioniq 5 N eN1\"><\/div><div class=\"swiper-slide-inner\" ><div class=\"swiper-slide-contents\"><div class=\"elementor-slide-heading\">Esports eTC WSC<\/div><div class=\"elementor-slide-description\">\u00a12027 Esports World Speed Challenge reta al mundo a un desaf\u00edo!\nDonde nacen las leyendas y se coronan los campeones.\nY donde se establecer\u00e1n y batir\u00e1n r\u00e9cords hist\u00f3ricos de velocidad y resistencia.\n\n<\/div><div  class=\"elementor-button elementor-slide-button elementor-size-sm\">Haga clic aqu\u00ed<\/div><\/div><\/div><\/div><div class=\"elementor-repeater-item-322f916 swiper-slide\" role=\"group\" aria-roledescription=\"slide\"><div class=\"swiper-slide-bg\" role=\"img\" aria-label=\"Porsche 718 Ccayman gt4 e Performance\"><\/div><div class=\"swiper-slide-inner\" ><div class=\"swiper-slide-contents\"><div class=\"elementor-slide-heading\">Esports eGT4 WSC<\/div><div class=\"elementor-slide-description\">\u00a12027 Esports World Speed Challenge reta al mundo a un desaf\u00edo!\nDonde nacen las leyendas y se coronan los campeones.\nY donde se establecer\u00e1n y batir\u00e1n r\u00e9cords hist\u00f3ricos de velocidad y resistencia.\n\n<\/div><div  class=\"elementor-button elementor-slide-button elementor-size-sm\">Haga clic aqu\u00ed<\/div><\/div><\/div><\/div><div class=\"elementor-repeater-item-4388f26 swiper-slide\" role=\"group\" aria-roledescription=\"slide\"><div class=\"swiper-slide-bg\" role=\"img\" aria-label=\"Desaf\u00edo mundial de velocidad Back Drop\"><\/div><div class=\"swiper-slide-inner\" ><div class=\"swiper-slide-contents\"><div class=\"elementor-slide-heading\">Esports eGT3 WSC<\/div><div class=\"elementor-slide-description\">\u00a12027 Esports World Speed Challenge reta al mundo a un desaf\u00edo!\nDonde nacen las leyendas y se coronan los campeones.\nY donde se establecer\u00e1n y batir\u00e1n r\u00e9cords hist\u00f3ricos de velocidad y resistencia.\n\n<\/div><div  class=\"elementor-button elementor-slide-button elementor-size-sm\">Haga clic aqu\u00ed<\/div><\/div><\/div><\/div><div class=\"elementor-repeater-item-eb78b5e swiper-slide\" role=\"group\" aria-roledescription=\"slide\"><div class=\"swiper-slide-bg\"><\/div><div class=\"swiper-slide-inner\" ><div class=\"swiper-slide-contents\"><div class=\"elementor-slide-heading\">Esports eGT2 WSC<\/div><div class=\"elementor-slide-description\">\u00a12027 Esports World Speed Challenge reta al mundo a un desaf\u00edo!\nDonde nacen las leyendas y se coronan los campeones.\nY donde se establecer\u00e1n y batir\u00e1n r\u00e9cords hist\u00f3ricos de velocidad y resistencia.\n\n<\/div><div  class=\"elementor-button elementor-slide-button elementor-size-sm\">Haga clic aqu\u00ed<\/div><\/div><\/div><\/div><div class=\"elementor-repeater-item-efc84f4 swiper-slide\" role=\"group\" aria-roledescription=\"slide\"><div class=\"swiper-slide-bg\" role=\"img\" aria-label=\"Prototipo eGT1\"><\/div><div class=\"swiper-slide-inner\" ><div class=\"swiper-slide-contents\"><div class=\"elementor-slide-heading\">Esports eGT1 WSC<\/div><div class=\"elementor-slide-description\">\u00a12027 Esports World Speed Challenge reta al mundo a un desaf\u00edo!\nDonde nacen las leyendas y se coronan los campeones.\nY donde se establecer\u00e1n y batir\u00e1n r\u00e9cords hist\u00f3ricos de velocidad y resistencia.\n\n<\/div><div  class=\"elementor-button elementor-slide-button elementor-size-sm\">Haga clic aqu\u00ed<\/div><\/div><\/div><\/div><div class=\"elementor-repeater-item-558f0d5 swiper-slide\" role=\"group\" aria-roledescription=\"slide\"><div class=\"swiper-slide-bg\"><\/div><div class=\"swiper-slide-inner\" ><div class=\"swiper-slide-contents\"><div class=\"elementor-slide-heading\">Esports eTCRA WSC<\/div><div class=\"elementor-slide-description\">\u00a12027 Esports World Speed Challenge reta al mundo a un desaf\u00edo!\nDonde nacen las leyendas y se coronan los campeones.\nY donde se establecer\u00e1n y batir\u00e1n r\u00e9cords hist\u00f3ricos de velocidad y resistencia.\n\n<\/div><div  class=\"elementor-button elementor-slide-button elementor-size-sm\">Haga clic aqu\u00ed<\/div><\/div><\/div><\/div>\t\t\t\t<\/div>\n\t\t\t\t\t\t\t\t\t\t\t\t\t\t\t<div class=\"elementor-swiper-button elementor-swiper-button-prev\" role=\"button\" tabindex=\"0\" aria-label=\"Diapositiva precedente\">\n\t\t\t\t\t\t\t<svg aria-hidden=\"true\" class=\"e-font-icon-svg e-eicon-chevron-left\" viewbox=\"0 0 1000 1000\" xmlns=\"http:\/\/www.w3.org\/2000\/svg\"><path d=\"M646 125C629 125 613 133 604 142L308 442C296 454 292 471 292 487 292 504 296 521 308 533L604 854C617 867 629 875 646 875 663 875 679 871 692 858 704 846 713 829 713 812 713 796 708 779 692 767L438 487 692 225C700 217 708 204 708 187 708 171 704 154 692 142 675 129 663 125 646 125Z\"><\/path><\/svg>\t\t\t\t\t\t<\/div>\n\t\t\t\t\t\t<div class=\"elementor-swiper-button elementor-swiper-button-next\" role=\"button\" tabindex=\"0\" aria-label=\"Diapositiva anterior\">\n\t\t\t\t\t\t\t<svg aria-hidden=\"true\" class=\"e-font-icon-svg e-eicon-chevron-right\" viewbox=\"0 0 1000 1000\" xmlns=\"http:\/\/www.w3.org\/2000\/svg\"><path d=\"M696 533C708 521 713 504 713 487 713 471 708 454 696 446L400 146C388 133 375 125 354 125 338 125 325 129 313 142 300 154 292 171 292 187 292 204 296 221 308 233L563 492 304 771C292 783 288 800 288 817 288 833 296 850 308 863 321 871 338 875 354 875 371 875 388 867 400 854L696 533Z\"><\/path><\/svg>\t\t\t\t\t\t<\/div>\n\t\t\t\t\t\t\t\t\t\t\t\t\t\t\t\t<div class=\"swiper-pagination\"><\/div>\n\t\t\t\t\t\t\t\t\t\t\t\t<\/div>\n\t\t\t\t<\/div>\n\t\t\t\t\t\t\t\t<\/div>\n\t\t\t\t<\/div>\n\t\t\t\t\t<\/div>\n\t\t\t\t<\/div>\n\t\t<div class=\"elementor-element elementor-element-bbfc7c1 e-flex e-con-boxed e-con e-parent\" data-id=\"bbfc7c1\" data-element_type=\"container\" data-e-type=\"container\">\n\t\t\t\t\t<div class=\"e-con-inner\">\n\t\t\t\t<div class=\"elementor-element elementor-element-86aec64 elementor-widget elementor-widget-text-editor\" data-id=\"86aec64\" data-element_type=\"widget\" data-e-type=\"widget\" data-widget_type=\"text-editor.default\">\n\t\t\t\t<div class=\"elementor-widget-container\">\n\t\t\t\t\t\t\t\t\t<h3 style=\"text-align: center;\"><span style=\"color: #000000;\">Aficionado a las carreras deportivas<\/span><\/h3><h3 style=\"text-align: center;\"><span style=\"color: #000000;\">\u00bfEst\u00e1s preparado para desafiar al mundo?<\/span><\/h3><h3 style=\"text-align: center;\"><span style=\"color: #000000;\">2027\u00a0<\/span><span style=\"color: #000000;\">Esports\u00a0<\/span><span style=\"color: #000000;\">\u00a1World Speed Challenge reta al mundo a un desaf\u00edo!<\/span><\/h3><h3 style=\"text-align: center;\"><span style=\"color: #000000;\">Donde nacen las leyendas y se coronan los campeones.<br \/>Y donde se establecer\u00e1n y batir\u00e1n r\u00e9cords hist\u00f3ricos de velocidad y resistencia.<\/span><\/h3>\t\t\t\t\t\t\t\t<\/div>\n\t\t\t\t<\/div>\n\t\t\t\t\t<\/div>\n\t\t\t\t<\/div>\n\t\t<div class=\"elementor-element elementor-element-8f57e52 e-flex e-con-boxed e-con e-parent\" data-id=\"8f57e52\" data-element_type=\"container\" data-e-type=\"container\">\n\t\t\t\t\t<div class=\"e-con-inner\">\n\t\t\t\t<div class=\"elementor-element elementor-element-68b24ea elementor-widget elementor-widget-text-editor\" data-id=\"68b24ea\" data-element_type=\"widget\" data-e-type=\"widget\" data-widget_type=\"text-editor.default\">\n\t\t\t\t<div class=\"elementor-widget-container\">\n\t\t\t\t\t\t\t\t\t<p><span style=\"color: #000000;\">Las carreras WSC Esports representan una emocionante fusi\u00f3n entre el automovilismo virtual y el del mundo real, aprovechando la accesibilidad y el alcance de los deportes electr\u00f3nicos para llevar la emoci\u00f3n del World Speed Challenge (WSC) a una audiencia global. Al emular los retos y la din\u00e1mica de las carreras de velocidad, desde eventos de 1 a 2 horas, en un entorno simulado, est\u00e1 abriendo nuevas v\u00edas de participaci\u00f3n y compromiso.<\/span><\/p><p><span style=\"color: #000000;\">WSC Esports permite a millones de aficionados competir y ser espectadores desde cualquier parte del mundo. Las carreras de WSC Esports van un paso m\u00e1s all\u00e1 al ofrecer una plataforma para que los pilotos virtuales experimenten la emoci\u00f3n de las carreras de velocidad en circuitos emblem\u00e1ticos, reflejando la intensidad y la estrategia de la WSC real.<\/span><\/p><p><span style=\"color: #000000;\">Para los aspirantes a pilotos, los torneos WSC Esports ofrecen una v\u00eda para perseguir sus sue\u00f1os de competir en la WSC, proporcionando un campo de pruebas para mostrar sus habilidades y potencialmente la transici\u00f3n a las carreras del mundo real. Tambi\u00e9n sirven como una valiosa herramienta de reclutamiento para equipos y patrocinadores, ya que identifican talentos de entre el vasto grupo de competidores de esports.<\/span><\/p><p><span style=\"color: #000000;\">Las carreras WSC Esports mejoran la experiencia general de los aficionados, permitiendo a los espectadores sumergirse en la acci\u00f3n a trav\u00e9s de retransmisiones en directo y emisiones interactivas. Difumina las l\u00edneas entre lo virtual y lo real, fomentando una conexi\u00f3n m\u00e1s profunda entre los aficionados, los pilotos y el propio deporte del WEC.<\/span><\/p><p><span style=\"color: #000000;\">Las carreras WSC Esports representan un enfoque para hacer que las carreras WSC sean m\u00e1s inclusivas y accesibles, manteniendo al mismo tiempo la esencia y el esp\u00edritu de las carreras sprint. Es un testimonio de la evoluci\u00f3n del panorama del entretenimiento deportivo y de las posibilidades ilimitadas de la tecnolog\u00eda para unir a la gente en pos de sus pasiones.<br \/><\/span><\/p>\t\t\t\t\t\t\t\t<\/div>\n\t\t\t\t<\/div>\n\t\t\t\t\t<\/div>\n\t\t\t\t<\/div>\n\t\t<div class=\"elementor-element elementor-element-nEAuPgo e-flex e-con-boxed e-con e-parent\" data-id=\"nEAuPgo\" data-element_type=\"container\" data-e-type=\"container\" data-settings=\"{&quot;background_background&quot;:&quot;classic&quot;}\">\n\t\t\t\t\t<div class=\"e-con-inner\">\n\t\t\t\t<div class=\"elementor-element elementor-element-XRQBLuz elementor-widget elementor-widget-heading\" data-id=\"XRQBLuz\" data-element_type=\"widget\" data-e-type=\"widget\" data-widget_type=\"heading.default\">\n\t\t\t\t<div class=\"elementor-widget-container\">\n\t\t\t\t\t<h3 class=\"elementor-heading-title elementor-size-default\">Entusiasta de las carreras deportivas \u00bfEst\u00e1s preparado para desafiar al mundo? <\/h3>\t\t\t\t<\/div>\n\t\t\t\t<\/div>\n\t\t\t\t<div class=\"elementor-element elementor-element-GpG1Dbl elementor-widget elementor-widget-heading\" data-id=\"GpG1Dbl\" data-element_type=\"widget\" data-e-type=\"widget\" data-widget_type=\"heading.default\">\n\t\t\t\t<div class=\"elementor-widget-container\">\n\t\t\t\t\t<h5 class=\"elementor-heading-title elementor-size-default\">\u00danete a Esports WSC eTC, eGT4, eGT3, eGT2, eGT1 sprint eventos de armaduras a pro la \u00faltima experiencia de carreras virtuales<\/h5>\t\t\t\t<\/div>\n\t\t\t\t<\/div>\n\t\t<div class=\"elementor-element elementor-element-aEZN7ZG e-flex e-con-boxed e-con e-child\" data-id=\"aEZN7ZG\" data-element_type=\"container\" data-e-type=\"container\">\n\t\t\t\t\t<div class=\"e-con-inner\">\n\t\t<div class=\"elementor-element elementor-element-3pzOEET e-flex e-con-boxed e-con e-child\" data-id=\"3pzOEET\" data-element_type=\"container\" data-e-type=\"container\">\n\t\t\t\t\t<div class=\"e-con-inner\">\n\t\t\t\t<div class=\"elementor-element elementor-element-LvyzUU3 elementor-widget elementor-widget-heading\" data-id=\"LvyzUU3\" data-element_type=\"widget\" data-e-type=\"widget\" data-widget_type=\"heading.default\">\n\t\t\t\t<div class=\"elementor-widget-container\">\n\t\t\t\t\t<h4 class=\"elementor-heading-title elementor-size-default\">Preg\u00fantanos lo que quieras<\/h4>\t\t\t\t<\/div>\n\t\t\t\t<\/div>\n\t\t\t\t<div class=\"elementor-element elementor-element-pkc28pB elementor-widget elementor-widget-text-editor\" data-id=\"pkc28pB\" data-element_type=\"widget\" data-e-type=\"widget\" data-widget_type=\"text-editor.default\">\n\t\t\t\t<div class=\"elementor-widget-container\">\n\t\t\t\t\t\t\t\t\t<p>\u00bfEst\u00e1s listo para demostrar tus habilidades y competir en el mundo de WSC Esports? \u00danete a nosotros para vivir la experiencia de carreras virtuales definitiva, donde podr\u00e1s desafiar a otros jugadores de WSC Esports de todo el mundo y establecer nuevos r\u00e9cords mundiales de velocidad en nuestros eventos de sprint de eTC, eGT4, eGT3, eGT2, eGT1, WSC Esports. No pierdas la oportunidad de formar parte de la comunidad WSC Esports y correr hacia la victoria. \u00a1Inscr\u00edbete ya!<\/p>\t\t\t\t\t\t\t\t<\/div>\n\t\t\t\t<\/div>\n\t\t\t\t\t<\/div>\n\t\t\t\t<\/div>\n\t\t<div class=\"elementor-element elementor-element-EpOaMY8 e-flex e-con-boxed e-con e-child\" data-id=\"EpOaMY8\" data-element_type=\"container\" data-e-type=\"container\">\n\t\t\t\t\t<div class=\"e-con-inner\">\n\t\t\t\t<div class=\"elementor-element elementor-element-TjRunxi elementor-widget elementor-widget-heading\" data-id=\"TjRunxi\" data-element_type=\"widget\" data-e-type=\"widget\" data-widget_type=\"heading.default\">\n\t\t\t\t<div class=\"elementor-widget-container\">\n\t\t\t\t\t<h4 class=\"elementor-heading-title elementor-size-default\">P\u00f3ngase en contacto con nosotros<\/h4>\t\t\t\t<\/div>\n\t\t\t\t<\/div>\n\t\t\t\t<div class=\"elementor-element elementor-element-S39C9Ex elementor-widget elementor-widget-text-editor\" data-id=\"S39C9Ex\" data-element_type=\"widget\" data-e-type=\"widget\" data-widget_type=\"text-editor.default\">\n\t\t\t\t<div class=\"elementor-widget-container\">\n\t\t\t\t\t\t\t\t\tSiempre nos alegra saber de ti. Ponte en contacto con nosotros si tienes alguna pregunta o comentario sobre nuestros eventos de carreras virtuales y nuestra comunidad.\t\t\t\t\t\t\t\t<\/div>\n\t\t\t\t<\/div>\n\t\t\t\t\t<\/div>\n\t\t\t\t<\/div>\n\t\t\t\t\t<\/div>\n\t\t\t\t<\/div>\n\t\t<div class=\"elementor-element elementor-element-43QiedA e-flex e-con-boxed e-con e-child\" data-id=\"43QiedA\" data-element_type=\"container\" data-e-type=\"container\">\n\t\t\t\t\t<div class=\"e-con-inner\">\n\t\t<div class=\"elementor-element elementor-element-epcwocG e-flex e-con-boxed e-con e-child\" data-id=\"epcwocG\" data-element_type=\"container\" data-e-type=\"container\">\n\t\t\t\t\t<div class=\"e-con-inner\">\n\t\t\t\t<div class=\"elementor-element elementor-element-TKcaO8W elementor-widget elementor-widget-heading\" data-id=\"TKcaO8W\" data-element_type=\"widget\" data-e-type=\"widget\" data-widget_type=\"heading.default\">\n\t\t\t\t<div class=\"elementor-widget-container\">\n\t\t\t\t\t<h4 class=\"elementor-heading-title elementor-size-default\">Nuestra misi\u00f3n<\/h4>\t\t\t\t<\/div>\n\t\t\t\t<\/div>\n\t\t\t\t<div class=\"elementor-element elementor-element-3HsR9xx elementor-widget elementor-widget-text-editor\" data-id=\"3HsR9xx\" data-element_type=\"widget\" data-e-type=\"widget\" data-widget_type=\"text-editor.default\">\n\t\t\t\t<div class=\"elementor-widget-container\">\n\t\t\t\t\t\t\t\t\t<p>En WSC Esports, nuestra misi\u00f3n es proporcionarte un emocionante evento de carreras de eTC, eGT4, eGT3, eGT2, eGT1, sprint WSC que compite en todo el mundo. \u00danete a nosotros y forma parte de nuestra comunidad de carreras WSC Esports hoy mismo y perfecciona tus habilidades al volante.<\/p>\t\t\t\t\t\t\t\t<\/div>\n\t\t\t\t<\/div>\n\t\t\t\t\t<\/div>\n\t\t\t\t<\/div>\n\t\t<div class=\"elementor-element elementor-element-gArPBpk e-flex e-con-boxed e-con e-child\" data-id=\"gArPBpk\" data-element_type=\"container\" data-e-type=\"container\">\n\t\t\t\t\t<div class=\"e-con-inner\">\n\t\t\t\t<div class=\"elementor-element elementor-element-pGjlxR8 elementor-widget elementor-widget-heading\" data-id=\"pGjlxR8\" data-element_type=\"widget\" data-e-type=\"widget\" data-widget_type=\"heading.default\">\n\t\t\t\t<div class=\"elementor-widget-container\">\n\t\t\t\t\t<h4 class=\"elementor-heading-title elementor-size-default\">\u00bfPor qu\u00e9 elegir WSC?<\/h4>\t\t\t\t<\/div>\n\t\t\t\t<\/div>\n\t\t\t\t<div class=\"elementor-element elementor-element-KYxamVf elementor-widget elementor-widget-text-editor\" data-id=\"KYxamVf\" data-element_type=\"widget\" data-e-type=\"widget\" data-widget_type=\"text-editor.default\">\n\t\t\t\t<div class=\"elementor-widget-container\">\n\t\t\t\t\t\t\t\t\t<p>WSC Esports ofrece eTC, eGT4, eGT3, eGT2, eGT1, una amplia variedad de eventos de carreras virtuales, un escenario global para jugadores y el compromiso de WSC y WEC de proporcionar las experiencias m\u00e1s emocionantes y competitivas posibles. \u00danete a nosotros y comprueba por ti mismo por qu\u00e9 WSC Esports es el destino definitivo para las carreras virtuales.<\/p>\t\t\t\t\t\t\t\t<\/div>\n\t\t\t\t<\/div>\n\t\t\t\t\t<\/div>\n\t\t\t\t<\/div>\n\t\t\t\t\t<\/div>\n\t\t\t\t<\/div>\n\t\t<div class=\"elementor-element elementor-element-lEzQpPv e-flex e-con-boxed e-con e-child\" data-id=\"lEzQpPv\" data-element_type=\"container\" data-e-type=\"container\">\n\t\t\t\t\t<div class=\"e-con-inner\">\n\t\t<div class=\"elementor-element elementor-element-rAs1vyg e-flex e-con-boxed e-con e-child\" data-id=\"rAs1vyg\" data-element_type=\"container\" data-e-type=\"container\">\n\t\t\t\t\t<div class=\"e-con-inner\">\n\t\t\t\t<div class=\"elementor-element elementor-element-dUZFr50 elementor-widget elementor-widget-heading\" data-id=\"dUZFr50\" data-element_type=\"widget\" data-e-type=\"widget\" data-widget_type=\"heading.default\">\n\t\t\t\t<div class=\"elementor-widget-container\">\n\t\t\t\t\t<h4 class=\"elementor-heading-title elementor-size-default\">Nuestra comunidad<\/h4>\t\t\t\t<\/div>\n\t\t\t\t<\/div>\n\t\t\t\t<div class=\"elementor-element elementor-element-ucx9chy elementor-widget elementor-widget-text-editor\" data-id=\"ucx9chy\" data-element_type=\"widget\" data-e-type=\"widget\" data-widget_type=\"text-editor.default\">\n\t\t\t\t<div class=\"elementor-widget-container\">\n\t\t\t\t\t\t\t\t\t<p>\u00danete a nuestra comunidad global de pilotos virtuales de WSC Esports y compite contra los mejores pilotos de WSC y jugadores de WSC Esports de todo el mundo. Con una gran variedad de coches eTC, eGT4, eGT3, eGT2, eGT1, puedes elegir el evento de sprint en funci\u00f3n de tu nivel de habilidad y te proporcionaremos las experiencias m\u00e1s emocionantes y competitivas posibles, WSC Esports eTC, eGT4, eGT3, eGT2, eGT1 es el destino definitivo para los entusiastas de las carreras virtuales que tambi\u00e9n compiten en nuestros eventos de World Endurance Challenge WEC Esports.<\/p>\t\t\t\t\t\t\t\t<\/div>\n\t\t\t\t<\/div>\n\t\t\t\t\t<\/div>\n\t\t\t\t<\/div>\n\t\t<div class=\"elementor-element elementor-element-IFqQ54t e-flex e-con-boxed e-con e-child\" data-id=\"IFqQ54t\" data-element_type=\"container\" data-e-type=\"container\">\n\t\t\t\t\t<div class=\"e-con-inner\">\n\t\t\t\t<div class=\"elementor-element elementor-element-63UvpjW elementor-widget elementor-widget-heading\" data-id=\"63UvpjW\" data-element_type=\"widget\" data-e-type=\"widget\" data-widget_type=\"heading.default\">\n\t\t\t\t<div class=\"elementor-widget-container\">\n\t\t\t\t\t<h4 class=\"elementor-heading-title elementor-size-default\">\u00danete a nosotros<\/h4>\t\t\t\t<\/div>\n\t\t\t\t<\/div>\n\t\t\t\t<div class=\"elementor-element elementor-element-3Q5Hd74 elementor-widget elementor-widget-text-editor\" data-id=\"3Q5Hd74\" data-element_type=\"widget\" data-e-type=\"widget\" data-widget_type=\"text-editor.default\">\n\t\t\t\t<div class=\"elementor-widget-container\">\n\t\t\t\t\t\t\t\t\t<p>No pierdas la oportunidad de formar parte de la comunidad del WSC y el WEC y correr hacia la victoria. Reg\u00edstrese ahora y \u00fanase a la experiencia virtual de carreras definitiva.<\/p>\t\t\t\t\t\t\t\t<\/div>\n\t\t\t\t<\/div>\n\t\t\t\t\t<\/div>\n\t\t\t\t<\/div>\n\t\t\t\t\t<\/div>\n\t\t\t\t<\/div>\n\t\t\t\t\t<\/div>\n\t\t\t\t<\/div>\n\t\t\t\t<\/div>","protected":false},"excerpt":{"rendered":"<p>Esports eTC WSC2027 \u00a1Esports World Speed Challenge reta al mundo a un desaf\u00edo! Donde...<\/p>","protected":false},"author":165558846,"featured_media":0,"parent":0,"menu_order":0,"comment_status":"closed","ping_status":"closed","template":"","meta":{"_crdt_document":"","advanced_seo_description":"","jetpack_seo_html_title":"","jetpack_seo_noindex":false,"footnotes":""},"class_list":["post-127","page","type-page","status-publish","hentry"],"jetpack_likes_enabled":true,"jetpack_sharing_enabled":true,"jetpack_shortlink":"https:\/\/wp.me\/Pf1Pzv-23","jetpack-related-posts":[],"_links":{"self":[{"href":"https:\/\/worldspeedchallenge.com\/es\/wp-json\/wp\/v2\/pages\/127","targetHints":{"allow":["GET"]}}],"collection":[{"href":"https:\/\/worldspeedchallenge.com\/es\/wp-json\/wp\/v2\/pages"}],"about":[{"href":"https:\/\/worldspeedchallenge.com\/es\/wp-json\/wp\/v2\/types\/page"}],"author":[{"embeddable":true,"href":"https:\/\/worldspeedchallenge.com\/es\/wp-json\/wp\/v2\/users\/165558846"}],"replies":[{"embeddable":true,"href":"https:\/\/worldspeedchallenge.com\/es\/wp-json\/wp\/v2\/comments?post=127"}],"version-history":[{"count":43,"href":"https:\/\/worldspeedchallenge.com\/es\/wp-json\/wp\/v2\/pages\/127\/revisions"}],"predecessor-version":[{"id":2193,"href":"https:\/\/worldspeedchallenge.com\/es\/wp-json\/wp\/v2\/pages\/127\/revisions\/2193"}],"wp:attachment":[{"href":"https:\/\/worldspeedchallenge.com\/es\/wp-json\/wp\/v2\/media?parent=127"}],"curies":[{"name":"wp","href":"https:\/\/api.w.org\/{rel}","templated":true}]}}