{"id":79,"date":"2023-09-22T18:08:25","date_gmt":"2023-09-23T01:08:25","guid":{"rendered":"https:\/\/worldspeedchallenge.com\/?page_id=79"},"modified":"2024-06-30T13:23:49","modified_gmt":"2024-06-30T20:23:49","slug":"egt4_wec","status":"publish","type":"page","link":"https:\/\/worldspeedchallenge.com\/de\/egt4_wec\/","title":{"rendered":"eGT4 WEC"},"content":{"rendered":"<div data-elementor-type=\"wp-page\" data-elementor-id=\"79\" class=\"elementor elementor-79\" data-elementor-post-type=\"page\">\n\t\t\t\t<div class=\"elementor-element elementor-element-ad66bdb e-flex e-con-boxed e-con e-parent\" data-id=\"ad66bdb\" data-element_type=\"container\" data-e-type=\"container\">\n\t\t\t\t\t<div class=\"e-con-inner\">\n\t\t\t\t<div class=\"elementor-element elementor-element-9abb86b elementor--h-position-center elementor--v-position-middle elementor-arrows-position-inside elementor-pagination-position-inside elementor-widget elementor-widget-slides\" data-id=\"9abb86b\" data-element_type=\"widget\" data-e-type=\"widget\" data-settings=\"{&quot;autoplay_speed&quot;:8000,&quot;transition&quot;:&quot;fade&quot;,&quot;navigation&quot;:&quot;both&quot;,&quot;autoplay&quot;:&quot;yes&quot;,&quot;pause_on_hover&quot;:&quot;yes&quot;,&quot;pause_on_interaction&quot;:&quot;yes&quot;,&quot;infinite&quot;:&quot;yes&quot;,&quot;transition_speed&quot;:500}\" data-widget_type=\"slides.default\">\n\t\t\t\t<div class=\"elementor-widget-container\">\n\t\t\t\t\t\t\t\t\t<div class=\"elementor-swiper\">\n\t\t\t\t\t<div class=\"elementor-slides-wrapper elementor-main-swiper swiper\" role=\"region\" aria-roledescription=\"carousel\" aria-label=\"Folien\" dir=\"ltr\" data-animation=\"fadeInUp\">\n\t\t\t\t<div class=\"swiper-wrapper elementor-slides\">\n\t\t\t\t\t\t\t\t\t\t<div class=\"elementor-repeater-item-b4f8530 swiper-slide\" role=\"group\" aria-roledescription=\"slide\"><div class=\"swiper-slide-bg\" role=\"img\" aria-label=\"Porsche 718 Ccayman gt4 e Leistung\"><\/div><div class=\"swiper-slide-inner\" ><div class=\"swiper-slide-contents\"><div class=\"elementor-slide-heading\">2027 eGT4 WEC<\/div><div class=\"elementor-slide-description\">2027 World Endurance Challenge fordert die Welt zu einer Herausforderung heraus!\nWo Legenden geboren werden, Champions gekr\u00f6nt werden!\nUnd wo historische Geschwindigkeits- und Ausdauerrekorde aufgestellt und gebrochen werden sollen!\n<\/div><div  class=\"elementor-button elementor-slide-button elementor-size-sm\">Hier klicken<\/div><\/div><\/div><\/div><div class=\"elementor-repeater-item-6454209 swiper-slide\" role=\"group\" aria-roledescription=\"slide\"><div class=\"swiper-slide-bg\" role=\"img\" aria-label=\"World Speed Challenge Back Drop\"><\/div><div class=\"swiper-slide-inner\" ><div class=\"swiper-slide-contents\"><div class=\"elementor-slide-heading\">2027 eGT4 WEC<\/div><div class=\"elementor-slide-description\">2027 World Endurance Challenge fordert die Welt zu einer Herausforderung heraus!\nWo Legenden geboren werden, Champions gekr\u00f6nt werden!\nUnd wo historische Geschwindigkeits- und Ausdauerrekorde aufgestellt und gebrochen werden sollen!\n<\/div><div  class=\"elementor-button elementor-slide-button elementor-size-sm\">Hier klicken<\/div><\/div><\/div><\/div><div class=\"elementor-repeater-item-6ed0397 swiper-slide\" role=\"group\" aria-roledescription=\"slide\"><div class=\"swiper-slide-bg\" role=\"img\" aria-label=\"Welt-Langstrecken-Herausforderung e GT4\"><\/div><div class=\"swiper-slide-inner\" ><div class=\"swiper-slide-contents\"><div class=\"elementor-slide-heading\">2027 eGT4 WEC<\/div><div class=\"elementor-slide-description\">2027 World Endurance Challenge fordert die Welt zu einer Herausforderung heraus!\nWo Legenden geboren werden, Champions gekr\u00f6nt werden!\nUnd wo historische Geschwindigkeits- und Ausdauerrekorde aufgestellt und gebrochen werden sollen!\n<\/div><div  class=\"elementor-button elementor-slide-button elementor-size-sm\">Hier klicken<\/div><\/div><\/div><\/div>\t\t\t\t<\/div>\n\t\t\t\t\t\t\t\t\t\t\t\t\t\t\t<div class=\"elementor-swiper-button elementor-swiper-button-prev\" role=\"button\" tabindex=\"0\" aria-label=\"Vorheriges Dia\">\n\t\t\t\t\t\t\t<svg aria-hidden=\"true\" class=\"e-font-icon-svg e-eicon-chevron-left\" viewbox=\"0 0 1000 1000\" xmlns=\"http:\/\/www.w3.org\/2000\/svg\"><path d=\"M646 125C629 125 613 133 604 142L308 442C296 454 292 471 292 487 292 504 296 521 308 533L604 854C617 867 629 875 646 875 663 875 679 871 692 858 704 846 713 829 713 812 713 796 708 779 692 767L438 487 692 225C700 217 708 204 708 187 708 171 704 154 692 142 675 129 663 125 646 125Z\"><\/path><\/svg>\t\t\t\t\t\t<\/div>\n\t\t\t\t\t\t<div class=\"elementor-swiper-button elementor-swiper-button-next\" role=\"button\" tabindex=\"0\" aria-label=\"N\u00e4chste Folie\">\n\t\t\t\t\t\t\t<svg aria-hidden=\"true\" class=\"e-font-icon-svg e-eicon-chevron-right\" viewbox=\"0 0 1000 1000\" xmlns=\"http:\/\/www.w3.org\/2000\/svg\"><path d=\"M696 533C708 521 713 504 713 487 713 471 708 454 696 446L400 146C388 133 375 125 354 125 338 125 325 129 313 142 300 154 292 171 292 187 292 204 296 221 308 233L563 492 304 771C292 783 288 800 288 817 288 833 296 850 308 863 321 871 338 875 354 875 371 875 388 867 400 854L696 533Z\"><\/path><\/svg>\t\t\t\t\t\t<\/div>\n\t\t\t\t\t\t\t\t\t\t\t\t\t\t\t\t<div class=\"swiper-pagination\"><\/div>\n\t\t\t\t\t\t\t\t\t\t\t\t<\/div>\n\t\t\t\t<\/div>\n\t\t\t\t\t\t\t\t<\/div>\n\t\t\t\t<\/div>\n\t\t\t\t\t<\/div>\n\t\t\t\t<\/div>\n\t\t<div class=\"elementor-element elementor-element-833eaa5 e-flex e-con-boxed e-con e-parent\" data-id=\"833eaa5\" data-element_type=\"container\" data-e-type=\"container\">\n\t\t\t\t\t<div class=\"e-con-inner\">\n\t\t\t\t<div class=\"elementor-element elementor-element-39a048b elementor-widget elementor-widget-text-editor\" data-id=\"39a048b\" data-element_type=\"widget\" data-e-type=\"widget\" data-widget_type=\"text-editor.default\">\n\t\t\t\t<div class=\"elementor-widget-container\">\n\t\t\t\t\t\t\t\t\t<h3 style=\"text-align: center;\"><span style=\"color: #000000;\"><strong>2027 eGT4 World Endurance Challenge stellt die Welt vor eine Herausforderung!<\/strong><\/span><\/h3><h3 style=\"text-align: center;\"><span style=\"color: #000000;\"><strong>Wo Legenden geboren werden, werden Champions gekr\u00f6nt!<br \/>Und wo historische Geschwindigkeits- und Ausdauerrekorde aufgestellt und gebrochen werden sollen!<\/strong><\/span><\/h3>\t\t\t\t\t\t\t\t<\/div>\n\t\t\t\t<\/div>\n\t\t\t\t\t<\/div>\n\t\t\t\t<\/div>\n\t\t<div class=\"elementor-element elementor-element-e1f2f85 e-flex e-con-boxed e-con e-parent\" data-id=\"e1f2f85\" data-element_type=\"container\" data-e-type=\"container\">\n\t\t\t\t\t<div class=\"e-con-inner\">\n\t\t\t\t<div class=\"elementor-element elementor-element-a764230 elementor-widget elementor-widget-text-editor\" data-id=\"a764230\" data-element_type=\"widget\" data-e-type=\"widget\" data-widget_type=\"text-editor.default\">\n\t\t\t\t<div class=\"elementor-widget-container\">\n\t\t\t\t\t\t\t\t\t<p><span style=\"color: #000000;\">Die 2027 eGT4 World Endurance Challenge (WEC) 2 Stunden bis 24 Stunden Rennserie stellt einen dynamischen und zukunftsweisenden Schritt in der Welt des Motorsports dar, der einen starken Schwerpunkt auf den Einsatz von elektrischen Sportwagen im Rennsport legt. Als kundenorientierte Serie strebt die 2027 eGT4 WEC danach, eine zug\u00e4ngliche und dennoch wettbewerbsf\u00e4hige Plattform f\u00fcr Kundenrennteams, professionelle Rennteams und Automobilhersteller zu schaffen, um die F\u00e4higkeiten und das Potenzial der elektrischen Technologie in einem Hochleistungs-Langstreckenrennen zu demonstrieren.\u00a0<\/span><\/p>\t\t\t\t\t\t\t\t<\/div>\n\t\t\t\t<\/div>\n\t\t\t\t\t<\/div>\n\t\t\t\t<\/div>\n\t\t<div class=\"elementor-element elementor-element-2cf902d e-flex e-con-boxed e-con e-parent\" data-id=\"2cf902d\" data-element_type=\"container\" data-e-type=\"container\">\n\t\t\t\t\t<div class=\"e-con-inner\">\n\t\t\t\t<div class=\"elementor-element elementor-element-7f1c87e elementor-widget elementor-widget-text-editor\" data-id=\"7f1c87e\" data-element_type=\"widget\" data-e-type=\"widget\" data-widget_type=\"text-editor.default\">\n\t\t\t\t<div class=\"elementor-widget-container\">\n\t\t\t\t\t\t\t\t\t<h3><span style=\"color: #000000;\">2027 eGT4 WEC Technische Vorschrift:<\/span>\u00a0<\/h3>\t\t\t\t\t\t\t\t<\/div>\n\t\t\t\t<\/div>\n\t\t\t\t\t<\/div>\n\t\t\t\t<\/div>\n\t\t<div class=\"elementor-element elementor-element-4214058 e-flex e-con-boxed e-con e-parent\" data-id=\"4214058\" data-element_type=\"container\" data-e-type=\"container\">\n\t\t\t\t\t<div class=\"e-con-inner\">\n\t\t\t\t<div class=\"elementor-element elementor-element-b6e08a7 elementor-widget elementor-widget-text-editor\" data-id=\"b6e08a7\" data-element_type=\"widget\" data-e-type=\"widget\" data-widget_type=\"text-editor.default\">\n\t\t\t\t<div class=\"elementor-widget-container\">\n\t\t\t\t\t\t\t\t\t<p><span style=\"color: black;\">2027 eGT1 Technical regulation are direct input of the manufacturers and are essential for safety and homologation of the development standards of the 2027 eGT1 race cars for competition.<br \/><\/span><br \/><span style=\"color: black;\">The following information reflects the current situation regarding technical sporting and regulatory format regulation for the 2027 eGT1 WEC &amp; WSC &amp; E World Grand Prix season. It is subject to change at any time.<\/span><\/p><p><span style=\"color: black;\">2027 eGT1 technical sporting and regulatory format regulation: pdf will be posted soon.<\/span><\/p>\t\t\t\t\t\t\t\t<\/div>\n\t\t\t\t<\/div>\n\t\t\t\t\t<\/div>\n\t\t\t\t<\/div>\n\t\t<div class=\"elementor-element elementor-element-8b1ab9b e-flex e-con-boxed e-con e-parent\" data-id=\"8b1ab9b\" data-element_type=\"container\" data-e-type=\"container\">\n\t\t\t\t\t<div class=\"e-con-inner\">\n\t\t\t\t<div class=\"elementor-element elementor-element-8d07dd3 elementor-widget elementor-widget-text-editor\" data-id=\"8d07dd3\" data-element_type=\"widget\" data-e-type=\"widget\" data-widget_type=\"text-editor.default\">\n\t\t\t\t<div class=\"elementor-widget-container\">\n\t\t\t\t\t\t\t\t\t<h3><span style=\"color: #000000;\">2027 eGT4 WEC Registrierung:<\/span><\/h3>\t\t\t\t\t\t\t\t<\/div>\n\t\t\t\t<\/div>\n\t\t\t\t\t<\/div>\n\t\t\t\t<\/div>\n\t\t<div class=\"elementor-element elementor-element-2926583 e-flex e-con-boxed e-con e-parent\" data-id=\"2926583\" data-element_type=\"container\" data-e-type=\"container\">\n\t\t\t\t\t<div class=\"e-con-inner\">\n\t\t\t\t<div class=\"elementor-element elementor-element-25e1c01 elementor-widget elementor-widget-text-editor\" data-id=\"25e1c01\" data-element_type=\"widget\" data-e-type=\"widget\" data-widget_type=\"text-editor.default\">\n\t\t\t\t<div class=\"elementor-widget-container\">\n\t\t\t\t\t\t\t\t\t<p><span style=\"color: #000000;\">2027 eGT4-Registrierung wird bald ge\u00f6ffnet sein.\u00a0<\/span><\/p>\t\t\t\t\t\t\t\t<\/div>\n\t\t\t\t<\/div>\n\t\t\t\t\t<\/div>\n\t\t\t\t<\/div>\n\t\t<div class=\"elementor-element elementor-element-c1570e8 e-flex e-con-boxed e-con e-parent\" data-id=\"c1570e8\" data-element_type=\"container\" data-e-type=\"container\">\n\t\t\t\t\t<div class=\"e-con-inner\">\n\t\t\t\t<div class=\"elementor-element elementor-element-2b7faa6 elementor-widget elementor-widget-text-editor\" data-id=\"2b7faa6\" data-element_type=\"widget\" data-e-type=\"widget\" data-widget_type=\"text-editor.default\">\n\t\t\t\t<div class=\"elementor-widget-container\">\n\t\t\t\t\t\t\t\t\t<h3><span style=\"color: #000000;\">2027 egt4 WEC Veranstaltungen:<\/span><\/h3>\t\t\t\t\t\t\t\t<\/div>\n\t\t\t\t<\/div>\n\t\t\t\t\t<\/div>\n\t\t\t\t<\/div>\n\t\t<div class=\"elementor-element elementor-element-5283dca e-flex e-con-boxed e-con e-parent\" data-id=\"5283dca\" data-element_type=\"container\" data-e-type=\"container\">\n\t\t\t\t\t<div class=\"e-con-inner\">\n\t\t\t\t<div class=\"elementor-element elementor-element-5b7556f elementor-widget elementor-widget-text-editor\" data-id=\"5b7556f\" data-element_type=\"widget\" data-e-type=\"widget\" data-widget_type=\"text-editor.default\">\n\t\t\t\t<div class=\"elementor-widget-container\">\n\t\t\t\t\t\t\t\t\t<p><span style=\"color: #000000;\">2027 Termin und Ort werden noch festgelegt\u00a0<\/span><\/p><p><span style=\"color: #000000;\">2027 Race Calendar<\/span><\/p>\t\t\t\t\t\t\t\t<\/div>\n\t\t\t\t<\/div>\n\t\t\t\t\t<\/div>\n\t\t\t\t<\/div>\n\t\t<div class=\"elementor-element elementor-element-f43b290 e-flex e-con-boxed e-con e-parent\" data-id=\"f43b290\" data-element_type=\"container\" data-e-type=\"container\">\n\t\t\t\t\t<div class=\"e-con-inner\">\n\t\t\t\t<div class=\"elementor-element elementor-element-7453335 elementor-widget elementor-widget-text-editor\" data-id=\"7453335\" data-element_type=\"widget\" data-e-type=\"widget\" data-widget_type=\"text-editor.default\">\n\t\t\t\t<div class=\"elementor-widget-container\">\n\t\t\t\t\t\t\t\t\t<h3><span style=\"color: #000000;\">2027 eGT4 WEC Hersteller:<\/span><\/h3>\t\t\t\t\t\t\t\t<\/div>\n\t\t\t\t<\/div>\n\t\t\t\t\t<\/div>\n\t\t\t\t<\/div>\n\t\t<div class=\"elementor-element elementor-element-c9c2148 e-grid e-con-boxed e-con e-parent\" data-id=\"c9c2148\" data-element_type=\"container\" data-e-type=\"container\">\n\t\t\t\t\t<div class=\"e-con-inner\">\n\t\t\t\t\t<\/div>\n\t\t\t\t<\/div>\n\t\t<div class=\"elementor-element elementor-element-411caa0 e-flex e-con-boxed e-con e-parent\" data-id=\"411caa0\" data-element_type=\"container\" data-e-type=\"container\">\n\t\t\t\t\t<div class=\"e-con-inner\">\n\t\t\t\t<div class=\"elementor-element elementor-element-93cdd4b elementor-widget elementor-widget-text-editor\" data-id=\"93cdd4b\" data-element_type=\"widget\" data-e-type=\"widget\" data-widget_type=\"text-editor.default\">\n\t\t\t\t<div class=\"elementor-widget-container\">\n\t\t\t\t\t\t\t\t\t<h3><span style=\"color: #000000;\">2027 eGT4 WEC-Sponsoren:<\/span><\/h3>\t\t\t\t\t\t\t\t<\/div>\n\t\t\t\t<\/div>\n\t\t\t\t\t<\/div>\n\t\t\t\t<\/div>\n\t\t<div class=\"elementor-element elementor-element-b00b45e e-grid e-con-boxed e-con e-parent\" data-id=\"b00b45e\" data-element_type=\"container\" data-e-type=\"container\">\n\t\t\t\t\t<div class=\"e-con-inner\">\n\t\t\t\t\t<\/div>\n\t\t\t\t<\/div>\n\t\t<div class=\"elementor-element elementor-element-29bfa0a e-flex e-con-boxed e-con e-parent\" data-id=\"29bfa0a\" data-element_type=\"container\" data-e-type=\"container\">\n\t\t\t\t\t<div class=\"e-con-inner\">\n\t\t\t\t<div class=\"elementor-element elementor-element-16ce53e elementor-widget elementor-widget-text-editor\" data-id=\"16ce53e\" data-element_type=\"widget\" data-e-type=\"widget\" data-widget_type=\"text-editor.default\">\n\t\t\t\t<div class=\"elementor-widget-container\">\n\t\t\t\t\t\t\t\t\t<h3><span style=\"color: #000000;\">2027 eGT4 WEC Teams:<\/span><\/h3>\t\t\t\t\t\t\t\t<\/div>\n\t\t\t\t<\/div>\n\t\t\t\t\t<\/div>\n\t\t\t\t<\/div>\n\t\t<div class=\"elementor-element elementor-element-72da453 e-grid e-con-boxed e-con e-parent\" data-id=\"72da453\" data-element_type=\"container\" data-e-type=\"container\">\n\t\t\t\t\t<div class=\"e-con-inner\">\n\t\t\t\t\t<\/div>\n\t\t\t\t<\/div>\n\t\t<div class=\"elementor-element elementor-element-b1cade9 e-flex e-con-boxed e-con e-parent\" data-id=\"b1cade9\" data-element_type=\"container\" data-e-type=\"container\">\n\t\t\t\t\t<div class=\"e-con-inner\">\n\t\t\t\t<div class=\"elementor-element elementor-element-1f20084 elementor-widget elementor-widget-text-editor\" data-id=\"1f20084\" data-element_type=\"widget\" data-e-type=\"widget\" data-widget_type=\"text-editor.default\">\n\t\t\t\t<div class=\"elementor-widget-container\">\n\t\t\t\t\t\t\t\t\t<h3><span style=\"color: #000000;\">2027 eGT4 WEC-Fahrer:<\/span><\/h3>\t\t\t\t\t\t\t\t<\/div>\n\t\t\t\t<\/div>\n\t\t\t\t\t<\/div>\n\t\t\t\t<\/div>\n\t\t<div class=\"elementor-element elementor-element-fd5c844 e-grid e-con-boxed e-con e-parent\" data-id=\"fd5c844\" data-element_type=\"container\" data-e-type=\"container\">\n\t\t\t\t\t<div class=\"e-con-inner\">\n\t\t\t\t\t<\/div>\n\t\t\t\t<\/div>\n\t\t<div class=\"elementor-element elementor-element-662a4eb e-flex e-con-boxed e-con e-parent\" data-id=\"662a4eb\" data-element_type=\"container\" data-e-type=\"container\" data-settings=\"{&quot;background_background&quot;:&quot;classic&quot;}\">\n\t\t\t\t\t<div class=\"e-con-inner\">\n\t\t<div class=\"elementor-element elementor-element-822ccfc e-con-full e-flex e-con e-child\" data-id=\"822ccfc\" data-element_type=\"container\" data-e-type=\"container\">\n\t\t\t\t<div class=\"elementor-element elementor-element-5062536 elementor-widget elementor-widget-heading\" data-id=\"5062536\" data-element_type=\"widget\" data-e-type=\"widget\" data-widget_type=\"heading.default\">\n\t\t\t\t<div class=\"elementor-widget-container\">\n\t\t\t\t\t<h4 class=\"elementor-heading-title elementor-size-default\">Nehmen Sie an der eGT4 WEC-Serie 2027 teil und fordern Sie die Welt zu einer Herausforderung heraus<\/h4>\t\t\t\t<\/div>\n\t\t\t\t<\/div>\n\t\t\t\t<div class=\"elementor-element elementor-element-be6774d elementor-widget elementor-widget-text-editor\" data-id=\"be6774d\" data-element_type=\"widget\" data-e-type=\"widget\" data-widget_type=\"text-editor.default\">\n\t\t\t\t<div class=\"elementor-widget-container\">\n\t\t\t\t\t\t\t\t\t<p><span style=\"color: #000000;\">M\u00f6chten Sie den Nervenkitzel eines Rennens in einer dynamischen und innovativen Serie erleben? Nehmen Sie an der 2027 eGT4 WEC 2-Stunden- bis 24-Stunden-Rennserie teil und werden Sie ein Teil der Elektro- und Hybridrevolution. Mit dem Fokus auf Kundenrennteams, professionellen Rennteams und Automobilherstellern bietet die 2027 eGT4 WEC eine wettbewerbsf\u00e4hige Plattform, um die F\u00e4higkeiten und das Potenzial der Elektro- und Hybridtechnologie in einem Hochleistungs-Langstreckenrennen zu pr\u00e4sentieren. Verpassen Sie nicht die Gelegenheit, Geschichte zu schreiben und Geschwindigkeits- und Langstreckenweltrekorde zu brechen. Melden Sie sich jetzt f\u00fcr die 2027 eGT4 WSC an!<\/span><\/p>\t\t\t\t\t\t\t\t<\/div>\n\t\t\t\t<\/div>\n\t\t\t\t<\/div>\n\t\t<div class=\"elementor-element elementor-element-e44fb81 e-con-full e-flex e-con e-child\" data-id=\"e44fb81\" data-element_type=\"container\" data-e-type=\"container\">\n\t\t\t\t<div class=\"elementor-element elementor-element-fcf2874 elementor-widget elementor-widget-image\" data-id=\"fcf2874\" data-element_type=\"widget\" data-e-type=\"widget\" data-widget_type=\"image.default\">\n\t\t\t\t<div class=\"elementor-widget-container\">\n\t\t\t\t\t\t\t\t\t\t\t\t\t\t\t<img fetchpriority=\"high\" decoding=\"async\" data-attachment-id=\"177\" data-permalink=\"https:\/\/worldspeedchallenge.com\/de\/porsche-718-ccayman-gt4-e-leistung\/\" data-orig-file=\"https:\/\/i0.wp.com\/worldspeedchallenge.com\/wp-content\/uploads\/2023\/11\/Porsche-718-Ccayman-gt4-e-Performance-e1700946551723.webp?fit=1440%2C810&amp;ssl=1\" data-orig-size=\"1440,810\" data-comments-opened=\"1\" data-image-meta=\"{&quot;aperture&quot;:&quot;5&quot;,&quot;credit&quot;:&quot;&quot;,&quot;camera&quot;:&quot;Canon EOS R5&quot;,&quot;caption&quot;:&quot;&quot;,&quot;created_timestamp&quot;:&quot;1667742343&quot;,&quot;copyright&quot;:&quot;&quot;,&quot;focal_length&quot;:&quot;70&quot;,&quot;iso&quot;:&quot;100&quot;,&quot;shutter_speed&quot;:&quot;0.004&quot;,&quot;title&quot;:&quot;&quot;,&quot;orientation&quot;:&quot;1&quot;}\" data-image-title=\"Porsche 718 Ccayman gt4 e Performance\" data-image-description=\"\" data-image-caption=\"\" data-large-file=\"https:\/\/i0.wp.com\/worldspeedchallenge.com\/wp-content\/uploads\/2023\/11\/Porsche-718-Ccayman-gt4-e-Performance-e1700946551723.webp?fit=640%2C360&amp;ssl=1\" width=\"1200\" height=\"900\" src=\"https:\/\/i0.wp.com\/worldspeedchallenge.com\/wp-content\/uploads\/2023\/11\/Porsche-718-Ccayman-gt4-e-Performance-e1700946551723.webp?resize=1200%2C810&amp;ssl=1\" class=\"attachment-newspack-article-block-landscape-large size-newspack-article-block-landscape-large wp-image-177\" alt=\"\" \/>\t\t\t\t\t\t\t\t\t\t\t\t\t\t\t<\/div>\n\t\t\t\t<\/div>\n\t\t\t\t<\/div>\n\t\t\t\t\t<\/div>\n\t\t\t\t<\/div>\n\t\t\t\t<\/div>","protected":false},"excerpt":{"rendered":"<p>2027 eGT2 WEC2027 World Endurance Challenge stellt die Welt vor eine Herausforderung! Wo Legenden...<\/p>","protected":false},"author":165558846,"featured_media":0,"parent":0,"menu_order":0,"comment_status":"closed","ping_status":"closed","template":"","meta":{"_crdt_document":"","advanced_seo_description":"","jetpack_seo_html_title":"","jetpack_seo_noindex":false,"footnotes":""},"class_list":["post-79","page","type-page","status-publish","hentry"],"jetpack_likes_enabled":true,"jetpack_sharing_enabled":true,"jetpack_shortlink":"https:\/\/wp.me\/Pf1Pzv-1h","jetpack-related-posts":[],"_links":{"self":[{"href":"https:\/\/worldspeedchallenge.com\/de\/wp-json\/wp\/v2\/pages\/79","targetHints":{"allow":["GET"]}}],"collection":[{"href":"https:\/\/worldspeedchallenge.com\/de\/wp-json\/wp\/v2\/pages"}],"about":[{"href":"https:\/\/worldspeedchallenge.com\/de\/wp-json\/wp\/v2\/types\/page"}],"author":[{"embeddable":true,"href":"https:\/\/worldspeedchallenge.com\/de\/wp-json\/wp\/v2\/users\/165558846"}],"replies":[{"embeddable":true,"href":"https:\/\/worldspeedchallenge.com\/de\/wp-json\/wp\/v2\/comments?post=79"}],"version-history":[{"count":36,"href":"https:\/\/worldspeedchallenge.com\/de\/wp-json\/wp\/v2\/pages\/79\/revisions"}],"predecessor-version":[{"id":2208,"href":"https:\/\/worldspeedchallenge.com\/de\/wp-json\/wp\/v2\/pages\/79\/revisions\/2208"}],"wp:attachment":[{"href":"https:\/\/worldspeedchallenge.com\/de\/wp-json\/wp\/v2\/media?parent=79"}],"curies":[{"name":"wp","href":"https:\/\/api.w.org\/{rel}","templated":true}]}}