{"id":80,"date":"2023-09-22T18:08:25","date_gmt":"2023-09-23T01:08:25","guid":{"rendered":"https:\/\/worldspeedchallenge.com\/?page_id=80"},"modified":"2024-06-30T13:22:28","modified_gmt":"2024-06-30T20:22:28","slug":"egt3_wec","status":"publish","type":"page","link":"https:\/\/worldspeedchallenge.com\/cs\/egt3_wec\/","title":{"rendered":"eGT3 WEC"},"content":{"rendered":"<div data-elementor-type=\"wp-page\" data-elementor-id=\"80\" class=\"elementor elementor-80\" data-elementor-post-type=\"page\">\n\t\t\t\t<div class=\"elementor-element elementor-element-a2c3232 e-flex e-con-boxed e-con e-parent\" data-id=\"a2c3232\" data-element_type=\"container\" data-e-type=\"container\">\n\t\t\t\t\t<div class=\"e-con-inner\">\n\t\t\t\t<div class=\"elementor-element elementor-element-8bf1ee9 elementor--h-position-center elementor--v-position-middle elementor-arrows-position-inside elementor-pagination-position-inside elementor-widget elementor-widget-slides\" data-id=\"8bf1ee9\" data-element_type=\"widget\" data-e-type=\"widget\" data-settings=\"{&quot;autoplay_speed&quot;:8000,&quot;transition&quot;:&quot;fade&quot;,&quot;navigation&quot;:&quot;both&quot;,&quot;autoplay&quot;:&quot;yes&quot;,&quot;pause_on_hover&quot;:&quot;yes&quot;,&quot;pause_on_interaction&quot;:&quot;yes&quot;,&quot;infinite&quot;:&quot;yes&quot;,&quot;transition_speed&quot;:500}\" data-widget_type=\"slides.default\">\n\t\t\t\t<div class=\"elementor-widget-container\">\n\t\t\t\t\t\t\t\t\t<div class=\"elementor-swiper\">\n\t\t\t\t\t<div class=\"elementor-slides-wrapper elementor-main-swiper swiper\" role=\"region\" aria-roledescription=\"carousel\" aria-label=\"Slides\" dir=\"ltr\" data-animation=\"fadeInUp\">\n\t\t\t\t<div class=\"swiper-wrapper elementor-slides\">\n\t\t\t\t\t\t\t\t\t\t<div class=\"elementor-repeater-item-c8f84dc swiper-slide\" role=\"group\" aria-roledescription=\"slide\"><div class=\"swiper-slide-bg\" role=\"img\" aria-label=\"World Endurance Challenge e GT3\"><\/div><div class=\"swiper-slide-inner\" ><div class=\"swiper-slide-contents\"><div class=\"elementor-slide-heading\">2027 eGT3 WEC<\/div><div class=\"elementor-slide-description\">2027 World Endurance Challenge vyz\u00fdv\u00e1 sv\u011bt k v\u00fdzv\u011b!\nKde se rod\u00ed legendy a korunuj\u00ed \u0161ampioni!\nA kde se budou vytv\u00e1\u0159et a p\u0159ekon\u00e1vat historick\u00e9 rychlostn\u00ed a vytrvalostn\u00ed rekordy!\n<\/div><div  class=\"elementor-button elementor-slide-button elementor-size-sm\">Click Here<\/div><\/div><\/div><\/div><div class=\"elementor-repeater-item-b81667f swiper-slide\" role=\"group\" aria-roledescription=\"slide\"><div class=\"swiper-slide-bg\"><\/div><div class=\"swiper-slide-inner\" ><div class=\"swiper-slide-contents\"><div class=\"elementor-slide-heading\">2027 eGT3 WEC<\/div><div class=\"elementor-slide-description\">2027 World Endurance Challenge vyz\u00fdv\u00e1 sv\u011bt k v\u00fdzv\u011b!\nKde se rod\u00ed legendy a korunuj\u00ed \u0161ampioni!\nA kde se budou vytv\u00e1\u0159et a p\u0159ekon\u00e1vat historick\u00e9 rychlostn\u00ed a vytrvalostn\u00ed rekordy!\n<\/div><div  class=\"elementor-button elementor-slide-button elementor-size-sm\">Click Here<\/div><\/div><\/div><\/div><div class=\"elementor-repeater-item-4403746 swiper-slide\" role=\"group\" aria-roledescription=\"slide\"><div class=\"swiper-slide-bg\" role=\"img\" aria-label=\"O\u0159\u00edznut\u00fd-World-Speed-Challenge-Back-Drop-3.jpg\"><\/div><div class=\"swiper-slide-inner\" ><div class=\"swiper-slide-contents\"><div class=\"elementor-slide-heading\">2027 eGT3 WEC<\/div><div class=\"elementor-slide-description\">2027 World Endurance Challenge vyz\u00fdv\u00e1 sv\u011bt k v\u00fdzv\u011b!\nKde se rod\u00ed legendy a korunuj\u00ed \u0161ampioni!\nA kde se budou vytv\u00e1\u0159et a p\u0159ekon\u00e1vat historick\u00e9 rychlostn\u00ed a vytrvalostn\u00ed rekordy!\n<\/div><div  class=\"elementor-button elementor-slide-button elementor-size-sm\">Click Here<\/div><\/div><\/div><\/div>\t\t\t\t<\/div>\n\t\t\t\t\t\t\t\t\t\t\t\t\t\t\t<div class=\"elementor-swiper-button elementor-swiper-button-prev\" role=\"button\" tabindex=\"0\" aria-label=\"P\u0159edchoz\u00ed sn\u00edmek\">\n\t\t\t\t\t\t\t<svg aria-hidden=\"true\" class=\"e-font-icon-svg e-eicon-chevron-left\" viewbox=\"0 0 1000 1000\" xmlns=\"http:\/\/www.w3.org\/2000\/svg\"><path d=\"M646 125C629 125 613 133 604 142L308 442C296 454 292 471 292 487 292 504 296 521 308 533L604 854C617 867 629 875 646 875 663 875 679 871 692 858 704 846 713 829 713 812 713 796 708 779 692 767L438 487 692 225C700 217 708 204 708 187 708 171 704 154 692 142 675 129 663 125 646 125Z\"><\/path><\/svg>\t\t\t\t\t\t<\/div>\n\t\t\t\t\t\t<div class=\"elementor-swiper-button elementor-swiper-button-next\" role=\"button\" tabindex=\"0\" aria-label=\"Dal\u0161\u00ed sn\u00edmek\">\n\t\t\t\t\t\t\t<svg aria-hidden=\"true\" class=\"e-font-icon-svg e-eicon-chevron-right\" viewbox=\"0 0 1000 1000\" xmlns=\"http:\/\/www.w3.org\/2000\/svg\"><path d=\"M696 533C708 521 713 504 713 487 713 471 708 454 696 446L400 146C388 133 375 125 354 125 338 125 325 129 313 142 300 154 292 171 292 187 292 204 296 221 308 233L563 492 304 771C292 783 288 800 288 817 288 833 296 850 308 863 321 871 338 875 354 875 371 875 388 867 400 854L696 533Z\"><\/path><\/svg>\t\t\t\t\t\t<\/div>\n\t\t\t\t\t\t\t\t\t\t\t\t\t\t\t\t<div class=\"swiper-pagination\"><\/div>\n\t\t\t\t\t\t\t\t\t\t\t\t<\/div>\n\t\t\t\t<\/div>\n\t\t\t\t\t\t\t\t<\/div>\n\t\t\t\t<\/div>\n\t\t\t\t\t<\/div>\n\t\t\t\t<\/div>\n\t\t<div class=\"elementor-element elementor-element-b72be1c e-flex e-con-boxed e-con e-parent\" data-id=\"b72be1c\" data-element_type=\"container\" data-e-type=\"container\">\n\t\t\t\t\t<div class=\"e-con-inner\">\n\t\t\t\t<div class=\"elementor-element elementor-element-37e45c6 elementor-widget elementor-widget-text-editor\" data-id=\"37e45c6\" data-element_type=\"widget\" data-e-type=\"widget\" data-widget_type=\"text-editor.default\">\n\t\t\t\t<div class=\"elementor-widget-container\">\n\t\t\t\t\t\t\t\t\t<h3 style=\"text-align: center;\"><span style=\"color: #000000;\"><strong>2027 eGT3 World Endurance Challenge vyz\u00fdv\u00e1 sv\u011bt k v\u00fdzv\u011b!<\/strong><\/span><\/h3><h3 style=\"text-align: center;\"><span style=\"color: #000000;\"><strong>Where Legends Are Born, Champions Are Crowned!<br \/>A kde se vytv\u00e1\u0159ej\u00ed a p\u0159ekon\u00e1vaj\u00ed historick\u00e9 rychlostn\u00ed a vytrvalostn\u00ed rekordy!<\/strong><\/span><\/h3>\t\t\t\t\t\t\t\t<\/div>\n\t\t\t\t<\/div>\n\t\t\t\t\t<\/div>\n\t\t\t\t<\/div>\n\t\t<div class=\"elementor-element elementor-element-cf80261 e-flex e-con-boxed e-con e-parent\" data-id=\"cf80261\" data-element_type=\"container\" data-e-type=\"container\">\n\t\t\t\t\t<div class=\"e-con-inner\">\n\t\t\t\t<div class=\"elementor-element elementor-element-275a9b3 elementor-widget elementor-widget-text-editor\" data-id=\"275a9b3\" data-element_type=\"widget\" data-e-type=\"widget\" data-widget_type=\"text-editor.default\">\n\t\t\t\t<div class=\"elementor-widget-container\">\n\t\t\t\t\t\t\t\t\t<p><span style=\"color: black;\">Seri\u00e1l 2027 eGT3 World Endurance Challenge (WEC) 2 hours to 24 hours p\u0159itahuje \u00fa\u010dast profesion\u00e1ln\u00edch z\u00e1vodn\u00edch t\u00fdm\u016f a v\u00fdrobc\u016f, vytv\u00e1\u0159\u00ed vysokou \u00farove\u0148 sout\u011b\u017ee na trati a ukazuje pokro\u010dil\u00e9 in\u017een\u00fdrsk\u00e9 a z\u00e1vodn\u00ed strategie ve sv\u011bt\u011b motorsportu s d\u016frazem na z\u00e1vody elektrick\u00fdch sportovn\u00edch voz\u016f a hybridn\u00edch sportovn\u00edch voz\u016f. Jako profesion\u00e1ln\u011b orientovan\u00fd seri\u00e1l se 2027 eGT3 WEC sna\u017e\u00ed vytvo\u0159it platformu, kter\u00e1 je inkluzivn\u00ed a z\u00e1rove\u0148 vysoce konkurenceschopn\u00e1, pro v\u00fdrobce p\u0159\u00edle\u017eitost p\u0159edv\u00e9st v\u00fdkon a uk\u00e1zat elektrickou a hybridn\u00ed technologii ve vysoce v\u00fdkonn\u00fdch vytrvalostn\u00edch e z\u00e1vodn\u00edch vozech.<\/span><\/p>\t\t\t\t\t\t\t\t<\/div>\n\t\t\t\t<\/div>\n\t\t\t\t\t<\/div>\n\t\t\t\t<\/div>\n\t\t<div class=\"elementor-element elementor-element-211f74b e-flex e-con-boxed e-con e-parent\" data-id=\"211f74b\" data-element_type=\"container\" data-e-type=\"container\">\n\t\t\t\t\t<div class=\"e-con-inner\">\n\t\t\t\t<div class=\"elementor-element elementor-element-fe22e50 elementor-widget elementor-widget-text-editor\" data-id=\"fe22e50\" data-element_type=\"widget\" data-e-type=\"widget\" data-widget_type=\"text-editor.default\">\n\t\t\t\t<div class=\"elementor-widget-container\">\n\t\t\t\t\t\t\t\t\t<h3><span style=\"color: #000000;\">2027 eGT3 WEC Technick\u00e9 p\u0159edpisy:<\/span><\/h3>\t\t\t\t\t\t\t\t<\/div>\n\t\t\t\t<\/div>\n\t\t\t\t\t<\/div>\n\t\t\t\t<\/div>\n\t\t<div class=\"elementor-element elementor-element-2b6e3b1 e-flex e-con-boxed e-con e-parent\" data-id=\"2b6e3b1\" data-element_type=\"container\" data-e-type=\"container\">\n\t\t\t\t\t<div class=\"e-con-inner\">\n\t\t\t\t<div class=\"elementor-element elementor-element-57e55f2 elementor-widget elementor-widget-text-editor\" data-id=\"57e55f2\" data-element_type=\"widget\" data-e-type=\"widget\" data-widget_type=\"text-editor.default\">\n\t\t\t\t<div class=\"elementor-widget-container\">\n\t\t\t\t\t\t\t\t\t<p><span style=\"color: #000000;\">2027 eGT3 Technick\u00e9 p\u0159edpisy jsou p\u0159\u00edm\u00fdm p\u0159\u00edsp\u011bvkem v\u00fdrobc\u016f a jsou nezbytn\u00e9 pro bezpe\u010dnost a homologaci v\u00fdvojov\u00fdch standard\u016f z\u00e1vodn\u00edch voz\u016f 2027 eGT3 pro sout\u011b\u017ee.<br \/><\/span><br \/><span style=\"color: #000000;\">The following information reflects the current situation regarding technical sporting and regulatory format regulation for the 2027 eGT2 WEC &amp; WSC &amp; E World Grand Prix season. It is subject to change at any time.<\/span><\/p><p><span style=\"color: #000000;\">2027 eGT2 technical sporting and regulatory format regulation: pdf will be posted soon.<\/span><\/p>\t\t\t\t\t\t\t\t<\/div>\n\t\t\t\t<\/div>\n\t\t\t\t\t<\/div>\n\t\t\t\t<\/div>\n\t\t<div class=\"elementor-element elementor-element-42d90fe e-flex e-con-boxed e-con e-parent\" data-id=\"42d90fe\" data-element_type=\"container\" data-e-type=\"container\">\n\t\t\t\t\t<div class=\"e-con-inner\">\n\t\t\t\t<div class=\"elementor-element elementor-element-385f113 elementor-widget elementor-widget-text-editor\" data-id=\"385f113\" data-element_type=\"widget\" data-e-type=\"widget\" data-widget_type=\"text-editor.default\">\n\t\t\t\t<div class=\"elementor-widget-container\">\n\t\t\t\t\t\t\t\t\t<h3><span style=\"color: #000000;\">2027 eGT3 WEC Registrace:<\/span><\/h3>\t\t\t\t\t\t\t\t<\/div>\n\t\t\t\t<\/div>\n\t\t\t\t\t<\/div>\n\t\t\t\t<\/div>\n\t\t<div class=\"elementor-element elementor-element-bcf2d7f e-flex e-con-boxed e-con e-parent\" data-id=\"bcf2d7f\" data-element_type=\"container\" data-e-type=\"container\">\n\t\t\t\t\t<div class=\"e-con-inner\">\n\t\t\t\t<div class=\"elementor-element elementor-element-ddcb9a2 elementor-widget elementor-widget-text-editor\" data-id=\"ddcb9a2\" data-element_type=\"widget\" data-e-type=\"widget\" data-widget_type=\"text-editor.default\">\n\t\t\t\t<div class=\"elementor-widget-container\">\n\t\t\t\t\t\t\t\t\t<p><span style=\"color: #000000;\">Registrace do z\u00e1vodu eGT3 WEC 2027 bude brzy otev\u0159ena<\/span>\u00a0<\/p>\t\t\t\t\t\t\t\t<\/div>\n\t\t\t\t<\/div>\n\t\t\t\t\t<\/div>\n\t\t\t\t<\/div>\n\t\t<div class=\"elementor-element elementor-element-89c28f2 e-flex e-con-boxed e-con e-parent\" data-id=\"89c28f2\" data-element_type=\"container\" data-e-type=\"container\">\n\t\t\t\t\t<div class=\"e-con-inner\">\n\t\t\t\t<div class=\"elementor-element elementor-element-93dd604 elementor-widget elementor-widget-text-editor\" data-id=\"93dd604\" data-element_type=\"widget\" data-e-type=\"widget\" data-widget_type=\"text-editor.default\">\n\t\t\t\t<div class=\"elementor-widget-container\">\n\t\t\t\t\t\t\t\t\t<h3><span style=\"color: #000000;\">2027 eGT3 WEC Events:<\/span><\/h3>\t\t\t\t\t\t\t\t<\/div>\n\t\t\t\t<\/div>\n\t\t\t\t\t<\/div>\n\t\t\t\t<\/div>\n\t\t<div class=\"elementor-element elementor-element-f274229 e-flex e-con-boxed e-con e-parent\" data-id=\"f274229\" data-element_type=\"container\" data-e-type=\"container\">\n\t\t\t\t\t<div class=\"e-con-inner\">\n\t\t\t\t<div class=\"elementor-element elementor-element-621d864 elementor-widget elementor-widget-text-editor\" data-id=\"621d864\" data-element_type=\"widget\" data-e-type=\"widget\" data-widget_type=\"text-editor.default\">\n\t\t\t\t<div class=\"elementor-widget-container\">\n\t\t\t\t\t\t\t\t\t<p><span style=\"color: #000000;\">2027 Date and Location will be determined\u00a0<\/span><\/p><p><span style=\"color: #000000;\">2027 Race Calendar<\/span><\/p>\t\t\t\t\t\t\t\t<\/div>\n\t\t\t\t<\/div>\n\t\t\t\t\t<\/div>\n\t\t\t\t<\/div>\n\t\t<div class=\"elementor-element elementor-element-c788a5b e-flex e-con-boxed e-con e-parent\" data-id=\"c788a5b\" data-element_type=\"container\" data-e-type=\"container\">\n\t\t\t\t\t<div class=\"e-con-inner\">\n\t\t\t\t<div class=\"elementor-element elementor-element-3f31930 elementor-widget elementor-widget-text-editor\" data-id=\"3f31930\" data-element_type=\"widget\" data-e-type=\"widget\" data-widget_type=\"text-editor.default\">\n\t\t\t\t<div class=\"elementor-widget-container\">\n\t\t\t\t\t\t\t\t\t<h3><span style=\"color: #000000;\">2027 eGT3 WEC Sponzo\u0159i:<\/span><\/h3>\t\t\t\t\t\t\t\t<\/div>\n\t\t\t\t<\/div>\n\t\t\t\t\t<\/div>\n\t\t\t\t<\/div>\n\t\t<div class=\"elementor-element elementor-element-b71311b e-grid e-con-boxed e-con e-parent\" data-id=\"b71311b\" data-element_type=\"container\" data-e-type=\"container\">\n\t\t\t\t\t<div class=\"e-con-inner\">\n\t\t\t\t\t<\/div>\n\t\t\t\t<\/div>\n\t\t<div class=\"elementor-element elementor-element-c41371a e-flex e-con-boxed e-con e-parent\" data-id=\"c41371a\" data-element_type=\"container\" data-e-type=\"container\">\n\t\t\t\t\t<div class=\"e-con-inner\">\n\t\t\t\t<div class=\"elementor-element elementor-element-edbd111 elementor-widget elementor-widget-text-editor\" data-id=\"edbd111\" data-element_type=\"widget\" data-e-type=\"widget\" data-widget_type=\"text-editor.default\">\n\t\t\t\t<div class=\"elementor-widget-container\">\n\t\t\t\t\t\t\t\t\t<h3><span style=\"color: #000000;\">2027 eGT3 WEC V\u00fdrobci:<\/span><\/h3>\t\t\t\t\t\t\t\t<\/div>\n\t\t\t\t<\/div>\n\t\t\t\t\t<\/div>\n\t\t\t\t<\/div>\n\t\t<div class=\"elementor-element elementor-element-2e25041 e-grid e-con-boxed e-con e-parent\" data-id=\"2e25041\" data-element_type=\"container\" data-e-type=\"container\">\n\t\t\t\t\t<div class=\"e-con-inner\">\n\t\t\t\t\t<\/div>\n\t\t\t\t<\/div>\n\t\t<div class=\"elementor-element elementor-element-2b351c2 e-flex e-con-boxed e-con e-parent\" data-id=\"2b351c2\" data-element_type=\"container\" data-e-type=\"container\">\n\t\t\t\t\t<div class=\"e-con-inner\">\n\t\t\t\t<div class=\"elementor-element elementor-element-c6a71ff elementor-widget elementor-widget-text-editor\" data-id=\"c6a71ff\" data-element_type=\"widget\" data-e-type=\"widget\" data-widget_type=\"text-editor.default\">\n\t\t\t\t<div class=\"elementor-widget-container\">\n\t\t\t\t\t\t\t\t\t<h3><span style=\"color: #000000;\">2027 eGT3 WEC Teams:<\/span><\/h3>\t\t\t\t\t\t\t\t<\/div>\n\t\t\t\t<\/div>\n\t\t\t\t\t<\/div>\n\t\t\t\t<\/div>\n\t\t<div class=\"elementor-element elementor-element-fa243c5 e-grid e-con-boxed e-con e-parent\" data-id=\"fa243c5\" data-element_type=\"container\" data-e-type=\"container\">\n\t\t\t\t\t<div class=\"e-con-inner\">\n\t\t\t\t\t<\/div>\n\t\t\t\t<\/div>\n\t\t<div class=\"elementor-element elementor-element-eb93925 e-flex e-con-boxed e-con e-parent\" data-id=\"eb93925\" data-element_type=\"container\" data-e-type=\"container\">\n\t\t\t\t\t<div class=\"e-con-inner\">\n\t\t\t\t<div class=\"elementor-element elementor-element-5c27cf1 elementor-widget elementor-widget-text-editor\" data-id=\"5c27cf1\" data-element_type=\"widget\" data-e-type=\"widget\" data-widget_type=\"text-editor.default\">\n\t\t\t\t<div class=\"elementor-widget-container\">\n\t\t\t\t\t\t\t\t\t<h3><span style=\"color: #000000;\">2027 eGT3 WEC \u0158idi\u010di:<\/span><\/h3>\t\t\t\t\t\t\t\t<\/div>\n\t\t\t\t<\/div>\n\t\t\t\t\t<\/div>\n\t\t\t\t<\/div>\n\t\t<div class=\"elementor-element elementor-element-81ddc2f e-grid e-con-boxed e-con e-parent\" data-id=\"81ddc2f\" data-element_type=\"container\" data-e-type=\"container\">\n\t\t\t\t\t<div class=\"e-con-inner\">\n\t\t\t\t\t<\/div>\n\t\t\t\t<\/div>\n\t\t<div class=\"elementor-element elementor-element-UObl2Ch e-flex e-con-boxed e-con e-parent\" data-id=\"UObl2Ch\" data-element_type=\"container\" data-e-type=\"container\" data-settings=\"{&quot;background_background&quot;:&quot;classic&quot;}\">\n\t\t\t\t\t<div class=\"e-con-inner\">\n\t\t<div class=\"elementor-element elementor-element-OKD1jB5 e-con-full e-flex e-con e-child\" data-id=\"OKD1jB5\" data-element_type=\"container\" data-e-type=\"container\">\n\t\t\t\t<div class=\"elementor-element elementor-element-XvpMYAo elementor-widget elementor-widget-heading\" data-id=\"XvpMYAo\" data-element_type=\"widget\" data-e-type=\"widget\" data-widget_type=\"heading.default\">\n\t\t\t\t<div class=\"elementor-widget-container\">\n\t\t\t\t\t<h5 class=\"elementor-heading-title elementor-size-default\">P\u0159ipojte se k n\u00e1m nyn\u00ed<\/h5>\t\t\t\t<\/div>\n\t\t\t\t<\/div>\n\t\t\t\t<div class=\"elementor-element elementor-element-YMYfMXi elementor-widget elementor-widget-heading\" data-id=\"YMYfMXi\" data-element_type=\"widget\" data-e-type=\"widget\" data-widget_type=\"heading.default\">\n\t\t\t\t<div class=\"elementor-widget-container\">\n\t\t\t\t\t<h2 class=\"elementor-heading-title elementor-size-default\">2027 Za\u017eijte vzru\u0161en\u00ed ze z\u00e1vod\u016f eGT3 WEC<\/h2>\t\t\t\t<\/div>\n\t\t\t\t<\/div>\n\t\t\t\t<div class=\"elementor-element elementor-element-XNgrPyY elementor-widget elementor-widget-text-editor\" data-id=\"XNgrPyY\" data-element_type=\"widget\" data-e-type=\"widget\" data-widget_type=\"text-editor.default\">\n\t\t\t\t<div class=\"elementor-widget-container\">\n\t\t\t\t\t\t\t\t\t<p><span style=\"color: #000000;\">Za\u017eijte adrenalinov\u00e9 z\u00e1vody profesion\u00e1ln\u00edch elektrick\u00fdch a hybridn\u00edch sportovn\u00edch voz\u016f. P\u0159ipojte se k z\u00e1vodu 2027 eGT3 World Endurance Challenge (WEC), v n\u011bm\u017e se t\u00fdmy a v\u00fdrobci z cel\u00e9ho sv\u011bta utkaj\u00ed v s\u00e9rii z\u00e1vod\u016f trvaj\u00edc\u00edch od 2 do 24 hodin. D\u00edky nejmodern\u011bj\u0161\u00ed technice a inovativn\u00edm z\u00e1vodn\u00edm strategi\u00edm se z\u00e1vodn\u00edci t\u00fdm\u016f a jezdci sna\u017e\u00ed p\u0159ekonat rychlostn\u00ed a vytrvalostn\u00ed rekordy.<\/span><\/p>\t\t\t\t\t\t\t\t<\/div>\n\t\t\t\t<\/div>\n\t\t<div class=\"elementor-element elementor-element-dJxudQK e-con-full e-flex e-con e-child\" data-id=\"dJxudQK\" data-element_type=\"container\" data-e-type=\"container\">\n\t\t\t\t<div class=\"elementor-element elementor-element-MEHfvDQ elementor-widget elementor-widget-icon-box\" data-id=\"MEHfvDQ\" data-element_type=\"widget\" data-e-type=\"widget\" data-widget_type=\"icon-box.default\">\n\t\t\t\t<div class=\"elementor-widget-container\">\n\t\t\t\t\t\t\t<div class=\"elementor-icon-box-wrapper\">\n\n\t\t\t\n\t\t\t\t\t\t<div class=\"elementor-icon-box-content\">\n\n\t\t\t\t\t\t\t\t\t<h3 class=\"elementor-icon-box-title\">\n\t\t\t\t\t\t<span  >\n\t\t\t\t\t\t\t50%\t\t\t\t\t\t<\/span>\n\t\t\t\t\t<\/h3>\n\t\t\t\t\n\t\t\t\t\t\t\t\t\t<p class=\"elementor-icon-box-description\">\n\t\t\t\t\t\tP\u0159ipojte se k v\u00fdzv\u011b\t\t\t\t\t<\/p>\n\t\t\t\t\n\t\t\t<\/div>\n\t\t\t\n\t\t<\/div>\n\t\t\t\t\t\t<\/div>\n\t\t\t\t<\/div>\n\t\t\t\t<div class=\"elementor-element elementor-element-mwZdkMc elementor-widget elementor-widget-icon-box\" data-id=\"mwZdkMc\" data-element_type=\"widget\" data-e-type=\"widget\" data-widget_type=\"icon-box.default\">\n\t\t\t\t<div class=\"elementor-widget-container\">\n\t\t\t\t\t\t\t<div class=\"elementor-icon-box-wrapper\">\n\n\t\t\t\n\t\t\t\t\t\t<div class=\"elementor-icon-box-content\">\n\n\t\t\t\t\t\t\t\t\t<h3 class=\"elementor-icon-box-title\">\n\t\t\t\t\t\t<span  >\n\t\t\t\t\t\t\t50%\t\t\t\t\t\t<\/span>\n\t\t\t\t\t<\/h3>\n\t\t\t\t\n\t\t\t\t\t\t\t\t\t<p class=\"elementor-icon-box-description\">\n\t\t\t\t\t\tBu\u010fte sou\u010d\u00e1st\u00ed z\u00e1vodu\t\t\t\t\t<\/p>\n\t\t\t\t\n\t\t\t<\/div>\n\t\t\t\n\t\t<\/div>\n\t\t\t\t\t\t<\/div>\n\t\t\t\t<\/div>\n\t\t\t\t<\/div>\n\t\t<div class=\"elementor-element elementor-element-YjRXi7c e-flex e-con-boxed e-con e-child\" data-id=\"YjRXi7c\" data-element_type=\"container\" data-e-type=\"container\">\n\t\t\t\t\t<div class=\"e-con-inner\">\n\t\t\t\t<div class=\"elementor-element elementor-element-QEjDjXc elementor-widget__width-auto elementor-widget elementor-widget-button\" data-id=\"QEjDjXc\" data-element_type=\"widget\" data-e-type=\"widget\" data-widget_type=\"button.default\">\n\t\t\t\t<div class=\"elementor-widget-container\">\n\t\t\t\t\t\t\t\t\t<div class=\"elementor-button-wrapper\">\n\t\t\t\t\t<a class=\"elementor-button elementor-button-link elementor-size-sm\" href=\"#\">\n\t\t\t\t\t\t<span class=\"elementor-button-content-wrapper\">\n\t\t\t\t\t\t\t\t\t<span class=\"elementor-button-text\">P\u0159ipojte se nyn\u00ed<\/span>\n\t\t\t\t\t<\/span>\n\t\t\t\t\t<\/a>\n\t\t\t\t<\/div>\n\t\t\t\t\t\t\t\t<\/div>\n\t\t\t\t<\/div>\n\t\t\t\t<div class=\"elementor-element elementor-element-1alDrOh elementor-widget__width-auto elementor-widget elementor-widget-button\" data-id=\"1alDrOh\" data-element_type=\"widget\" data-e-type=\"widget\" data-widget_type=\"button.default\">\n\t\t\t\t<div class=\"elementor-widget-container\">\n\t\t\t\t\t\t\t\t\t<div class=\"elementor-button-wrapper\">\n\t\t\t\t\t<a class=\"elementor-button elementor-button-link elementor-size-sm\" href=\"#\">\n\t\t\t\t\t\t<span class=\"elementor-button-content-wrapper\">\n\t\t\t\t\t\t<span class=\"elementor-button-icon\">\n\t\t\t\t<svg aria-hidden=\"true\" class=\"e-font-icon-svg e-fas-chevron-right\" viewbox=\"0 0 320 512\" xmlns=\"http:\/\/www.w3.org\/2000\/svg\"><path d=\"M285.476 272.971L91.132 467.314c-9.373 9.373-24.569 9.373-33.941 0l-22.667-22.667c-9.357-9.357-9.375-24.522-.04-33.901L188.505 256 34.484 101.255c-9.335-9.379-9.317-24.544.04-33.901l22.667-22.667c9.373-9.373 24.569-9.373 33.941 0L285.475 239.03c9.373 9.372 9.373 24.568.001 33.941z\"><\/path><\/svg>\t\t\t<\/span>\n\t\t\t\t\t\t\t\t\t<span class=\"elementor-button-text\">Registrace<\/span>\n\t\t\t\t\t<\/span>\n\t\t\t\t\t<\/a>\n\t\t\t\t<\/div>\n\t\t\t\t\t\t\t\t<\/div>\n\t\t\t\t<\/div>\n\t\t\t\t\t<\/div>\n\t\t\t\t<\/div>\n\t\t\t\t<\/div>\n\t\t<div class=\"elementor-element elementor-element-95jHUFi e-con-full e-flex e-con e-child\" data-id=\"95jHUFi\" data-element_type=\"container\" data-e-type=\"container\">\n\t\t\t\t<div class=\"elementor-element elementor-element-d5vlIUn elementor-widget elementor-widget-image\" data-id=\"d5vlIUn\" data-element_type=\"widget\" data-e-type=\"widget\" data-widget_type=\"image.default\">\n\t\t\t\t<div class=\"elementor-widget-container\">\n\t\t\t\t\t\t\t\t\t\t\t\t\t\t\t<img fetchpriority=\"high\" decoding=\"async\" data-attachment-id=\"746\" data-permalink=\"https:\/\/worldspeedchallenge.com\/cs\/egt3_wec\/world-endurance-challenge-e-gt3\/\" data-orig-file=\"https:\/\/i0.wp.com\/worldspeedchallenge.com\/wp-content\/uploads\/2024\/05\/World-Endurance-Challenge-e-GT3.webp?fit=837%2C400&amp;ssl=1\" data-orig-size=\"837,400\" data-comments-opened=\"1\" data-image-meta=\"{&quot;aperture&quot;:&quot;0&quot;,&quot;credit&quot;:&quot;&quot;,&quot;camera&quot;:&quot;&quot;,&quot;caption&quot;:&quot;&quot;,&quot;created_timestamp&quot;:&quot;0&quot;,&quot;copyright&quot;:&quot;&quot;,&quot;focal_length&quot;:&quot;0&quot;,&quot;iso&quot;:&quot;0&quot;,&quot;shutter_speed&quot;:&quot;0&quot;,&quot;title&quot;:&quot;&quot;,&quot;orientation&quot;:&quot;0&quot;}\" data-image-title=\"World Endurance Challenge e GT3\" data-image-description=\"\" data-image-caption=\"\" data-large-file=\"https:\/\/i0.wp.com\/worldspeedchallenge.com\/wp-content\/uploads\/2024\/05\/World-Endurance-Challenge-e-GT3.webp?fit=640%2C306&amp;ssl=1\" width=\"837\" height=\"400\" src=\"https:\/\/i0.wp.com\/worldspeedchallenge.com\/wp-content\/uploads\/2024\/05\/World-Endurance-Challenge-e-GT3.webp?fit=837%2C400&amp;ssl=1\" class=\"attachment-full size-full wp-image-746\" alt=\"\" srcset=\"https:\/\/i0.wp.com\/worldspeedchallenge.com\/wp-content\/uploads\/2024\/05\/World-Endurance-Challenge-e-GT3.webp?w=837&amp;ssl=1 837w, https:\/\/i0.wp.com\/worldspeedchallenge.com\/wp-content\/uploads\/2024\/05\/World-Endurance-Challenge-e-GT3.webp?resize=300%2C143&amp;ssl=1 300w, https:\/\/i0.wp.com\/worldspeedchallenge.com\/wp-content\/uploads\/2024\/05\/World-Endurance-Challenge-e-GT3.webp?resize=768%2C367&amp;ssl=1 768w\" sizes=\"(max-width: 640px) 100vw, 640px\" \/>\t\t\t\t\t\t\t\t\t\t\t\t\t\t\t<\/div>\n\t\t\t\t<\/div>\n\t\t\t\t<\/div>\n\t\t\t\t\t<\/div>\n\t\t\t\t<\/div>\n\t\t\t\t<\/div>","protected":false},"excerpt":{"rendered":"<p>2027 eGT3 WEC2027 World Endurance Challenge vyz\u00fdv\u00e1 sv\u011bt k v\u00fdzv\u011b! Kde legendy...<\/p>","protected":false},"author":165558846,"featured_media":0,"parent":0,"menu_order":0,"comment_status":"closed","ping_status":"closed","template":"","meta":{"_crdt_document":"","advanced_seo_description":"","jetpack_seo_html_title":"","jetpack_seo_noindex":false,"footnotes":""},"class_list":["post-80","page","type-page","status-publish","hentry"],"jetpack_likes_enabled":true,"jetpack_sharing_enabled":true,"jetpack_shortlink":"https:\/\/wp.me\/Pf1Pzv-1i","jetpack-related-posts":[],"_links":{"self":[{"href":"https:\/\/worldspeedchallenge.com\/cs\/wp-json\/wp\/v2\/pages\/80","targetHints":{"allow":["GET"]}}],"collection":[{"href":"https:\/\/worldspeedchallenge.com\/cs\/wp-json\/wp\/v2\/pages"}],"about":[{"href":"https:\/\/worldspeedchallenge.com\/cs\/wp-json\/wp\/v2\/types\/page"}],"author":[{"embeddable":true,"href":"https:\/\/worldspeedchallenge.com\/cs\/wp-json\/wp\/v2\/users\/165558846"}],"replies":[{"embeddable":true,"href":"https:\/\/worldspeedchallenge.com\/cs\/wp-json\/wp\/v2\/comments?post=80"}],"version-history":[{"count":32,"href":"https:\/\/worldspeedchallenge.com\/cs\/wp-json\/wp\/v2\/pages\/80\/revisions"}],"predecessor-version":[{"id":2205,"href":"https:\/\/worldspeedchallenge.com\/cs\/wp-json\/wp\/v2\/pages\/80\/revisions\/2205"}],"wp:attachment":[{"href":"https:\/\/worldspeedchallenge.com\/cs\/wp-json\/wp\/v2\/media?parent=80"}],"curies":[{"name":"wp","href":"https:\/\/api.w.org\/{rel}","templated":true}]}}