{"id":147,"date":"2023-11-22T14:14:54","date_gmt":"2023-11-22T22:14:54","guid":{"rendered":"https:\/\/worldspeedchallenge.com\/?page_id=147"},"modified":"2024-07-04T11:22:15","modified_gmt":"2024-07-04T18:22:15","slug":"wsc-wec-oficialni-partneri","status":"publish","type":"page","link":"https:\/\/worldspeedchallenge.com\/cs\/wsc-wec-oficialni-partneri\/","title":{"rendered":"Ofici\u00e1ln\u00ed partne\u0159i MS a WEC"},"content":{"rendered":"<div data-elementor-type=\"wp-page\" data-elementor-id=\"147\" class=\"elementor elementor-147\" data-elementor-post-type=\"page\">\n\t\t\t\t<div class=\"elementor-element elementor-element-0a5bf75 e-flex e-con-boxed e-con e-parent\" data-id=\"0a5bf75\" data-element_type=\"container\" data-e-type=\"container\">\n\t\t\t\t\t<div class=\"e-con-inner\">\n\t\t\t\t<div class=\"elementor-element elementor-element-5e57c87 elementor--h-position-center elementor--v-position-middle elementor-arrows-position-inside elementor-pagination-position-inside elementor-widget elementor-widget-slides\" data-id=\"5e57c87\" data-element_type=\"widget\" data-e-type=\"widget\" data-settings=\"{&quot;autoplay_speed&quot;:8000,&quot;transition&quot;:&quot;fade&quot;,&quot;navigation&quot;:&quot;both&quot;,&quot;autoplay&quot;:&quot;yes&quot;,&quot;pause_on_hover&quot;:&quot;yes&quot;,&quot;pause_on_interaction&quot;:&quot;yes&quot;,&quot;infinite&quot;:&quot;yes&quot;,&quot;transition_speed&quot;:500}\" data-widget_type=\"slides.default\">\n\t\t\t\t<div class=\"elementor-widget-container\">\n\t\t\t\t\t\t\t\t\t<div class=\"elementor-swiper\">\n\t\t\t\t\t<div class=\"elementor-slides-wrapper elementor-main-swiper swiper\" role=\"region\" aria-roledescription=\"carousel\" aria-label=\"Slides\" dir=\"ltr\" data-animation=\"fadeInUp\">\n\t\t\t\t<div class=\"swiper-wrapper elementor-slides\">\n\t\t\t\t\t\t\t\t\t\t<div class=\"elementor-repeater-item-d603dd0 swiper-slide\" role=\"group\" aria-roledescription=\"slide\"><div class=\"swiper-slide-bg\" role=\"img\" aria-label=\"Sv\u011btov\u00e1 rychlostn\u00ed sout\u011b\u017e Back Drop\"><\/div><div class=\"swiper-slide-inner\" ><div class=\"swiper-slide-contents\"><div class=\"elementor-slide-heading\">2027 Ofici\u00e1ln\u00ed partne\u0159i MS a WEC<\/div><div class=\"elementor-slide-description\">2027 MS a WEC vyz\u00fdv\u00e1 sv\u011bt k v\u00fdzv\u011b!\nKde se rod\u00ed legendy a korunuj\u00ed \u0161ampioni!\nA kde se budou vytv\u00e1\u0159et a p\u0159ekon\u00e1vat historick\u00e9 rychlostn\u00ed a vytrvalostn\u00ed rekordy!<\/div><div  class=\"elementor-button elementor-slide-button elementor-size-sm\">Click Here<\/div><\/div><\/div><\/div><div class=\"elementor-repeater-item-50fe7db swiper-slide\" role=\"group\" aria-roledescription=\"slide\"><div class=\"swiper-slide-bg\" role=\"img\" aria-label=\"Start a c\u00edl Festivalu rychlosti\"><\/div><div class=\"swiper-slide-inner\" ><div class=\"swiper-slide-contents\"><div class=\"elementor-slide-heading\">2027 Ofici\u00e1ln\u00ed partne\u0159i MS a WEC<\/div><div class=\"elementor-slide-description\">2027 MS a WEC vyz\u00fdv\u00e1 sv\u011bt k v\u00fdzv\u011b!\nKde se rod\u00ed legendy a korunuj\u00ed \u0161ampioni!\nA kde se budou vytv\u00e1\u0159et a p\u0159ekon\u00e1vat historick\u00e9 rychlostn\u00ed a vytrvalostn\u00ed rekordy!<\/div><div  class=\"elementor-button elementor-slide-button elementor-size-sm\">Click Here<\/div><\/div><\/div><\/div><div class=\"elementor-repeater-item-36ae3f6 swiper-slide\" role=\"group\" aria-roledescription=\"slide\"><div class=\"swiper-slide-bg\" role=\"img\" aria-label=\"Sv\u011btov\u00e1 rychlostn\u00ed sout\u011b\u017e Back Drop 3\"><\/div><div class=\"swiper-slide-inner\" ><div class=\"swiper-slide-contents\"><div class=\"elementor-slide-heading\">2027 Ofici\u00e1ln\u00ed partne\u0159i MS a WEC<\/div><div class=\"elementor-slide-description\">2027 MS a WEC vyz\u00fdv\u00e1 sv\u011bt k v\u00fdzv\u011b!\nKde se rod\u00ed legendy a korunuj\u00ed \u0161ampioni!\nA kde se budou vytv\u00e1\u0159et a p\u0159ekon\u00e1vat historick\u00e9 rychlostn\u00ed a vytrvalostn\u00ed rekordy!<\/div><div  class=\"elementor-button elementor-slide-button elementor-size-sm\">Click Here<\/div><\/div><\/div><\/div>\t\t\t\t<\/div>\n\t\t\t\t\t\t\t\t\t\t\t\t\t\t\t<div class=\"elementor-swiper-button elementor-swiper-button-prev\" role=\"button\" tabindex=\"0\" aria-label=\"P\u0159edchoz\u00ed sn\u00edmek\">\n\t\t\t\t\t\t\t<svg aria-hidden=\"true\" class=\"e-font-icon-svg e-eicon-chevron-left\" viewbox=\"0 0 1000 1000\" xmlns=\"http:\/\/www.w3.org\/2000\/svg\"><path d=\"M646 125C629 125 613 133 604 142L308 442C296 454 292 471 292 487 292 504 296 521 308 533L604 854C617 867 629 875 646 875 663 875 679 871 692 858 704 846 713 829 713 812 713 796 708 779 692 767L438 487 692 225C700 217 708 204 708 187 708 171 704 154 692 142 675 129 663 125 646 125Z\"><\/path><\/svg>\t\t\t\t\t\t<\/div>\n\t\t\t\t\t\t<div class=\"elementor-swiper-button elementor-swiper-button-next\" role=\"button\" tabindex=\"0\" aria-label=\"Dal\u0161\u00ed sn\u00edmek\">\n\t\t\t\t\t\t\t<svg aria-hidden=\"true\" class=\"e-font-icon-svg e-eicon-chevron-right\" viewbox=\"0 0 1000 1000\" xmlns=\"http:\/\/www.w3.org\/2000\/svg\"><path d=\"M696 533C708 521 713 504 713 487 713 471 708 454 696 446L400 146C388 133 375 125 354 125 338 125 325 129 313 142 300 154 292 171 292 187 292 204 296 221 308 233L563 492 304 771C292 783 288 800 288 817 288 833 296 850 308 863 321 871 338 875 354 875 371 875 388 867 400 854L696 533Z\"><\/path><\/svg>\t\t\t\t\t\t<\/div>\n\t\t\t\t\t\t\t\t\t\t\t\t\t\t\t\t<div class=\"swiper-pagination\"><\/div>\n\t\t\t\t\t\t\t\t\t\t\t\t<\/div>\n\t\t\t\t<\/div>\n\t\t\t\t\t\t\t\t<\/div>\n\t\t\t\t<\/div>\n\t\t\t\t\t<\/div>\n\t\t\t\t<\/div>\n\t\t<div class=\"elementor-element elementor-element-9ec5739 e-flex e-con-boxed e-con e-parent\" data-id=\"9ec5739\" data-element_type=\"container\" data-e-type=\"container\">\n\t\t\t\t\t<div class=\"e-con-inner\">\n\t\t\t\t<div class=\"elementor-element elementor-element-728f1e3 elementor-widget elementor-widget-text-editor\" data-id=\"728f1e3\" data-element_type=\"widget\" data-e-type=\"widget\" data-widget_type=\"text-editor.default\">\n\t\t\t\t<div class=\"elementor-widget-container\">\n\t\t\t\t\t\t\t\t\t<h3 style=\"text-align: center;\"><span style=\"color: #000000;\"><strong>Na\u0161i ofici\u00e1ln\u00ed partne\u0159i pro rok 2027 vyz\u00fdvaj\u00ed sv\u011bt k v\u00fdzv\u011b!<br \/><\/strong><\/span><\/h3><h3 style=\"text-align: center;\"><span style=\"color: #000000;\"><strong>Where Legends Are Born, Champions Are Crowned!<br \/>A kde se vytv\u00e1\u0159ej\u00ed a p\u0159ekon\u00e1vaj\u00ed historick\u00e9 rychlostn\u00ed a vytrvalostn\u00ed rekordy!<\/strong><\/span><\/h3><h4 style=\"text-align: center;\"><span style=\"color: #000000;\"><strong>\u00a0<\/strong><\/span><\/h4><p><span style=\"color: #000000;\"><br \/>Na\u0161\u00edm posl\u00e1n\u00edm MS a WEC je budov\u00e1n\u00ed pevn\u00fdch vztah\u016f s partnery, kte\u0159\u00ed sd\u00edlej\u00ed na\u0161e odhodl\u00e1n\u00ed v oblasti motorsportu, s c\u00edlem podpo\u0159it z\u00e1jem cel\u00e9 komunity elektronick\u00e9ho motorsportu prost\u0159ednictv\u00edm spolupr\u00e1ce s ikonick\u00fdmi zna\u010dkami ze sv\u011bta motorsportu, aby do\u0161lo k soudr\u017en\u00e9mu zapojen\u00ed do rozvoje komunity elektronick\u00e9ho motorsportu.\u00a0<\/span><\/p>\t\t\t\t\t\t\t\t<\/div>\n\t\t\t\t<\/div>\n\t\t\t\t\t<\/div>\n\t\t\t\t<\/div>\n\t\t<div class=\"elementor-element elementor-element-a474395 e-flex e-con-boxed e-con e-parent\" data-id=\"a474395\" data-element_type=\"container\" data-e-type=\"container\">\n\t\t\t\t\t<div class=\"e-con-inner\">\n\t\t\t\t<div class=\"elementor-element elementor-element-13a2bdf elementor-widget elementor-widget-text-editor\" data-id=\"13a2bdf\" data-element_type=\"widget\" data-e-type=\"widget\" data-widget_type=\"text-editor.default\">\n\t\t\t\t<div class=\"elementor-widget-container\">\n\t\t\t\t\t\t\t\t\t<h3><span style=\"color: #000000;\">2027 Ofici\u00e1ln\u00ed firemn\u00ed partne\u0159i:<\/span><\/h3>\t\t\t\t\t\t\t\t<\/div>\n\t\t\t\t<\/div>\n\t\t\t\t\t<\/div>\n\t\t\t\t<\/div>\n\t\t<div class=\"elementor-element elementor-element-f088bbd e-grid e-con-boxed e-con e-parent\" data-id=\"f088bbd\" data-element_type=\"container\" data-e-type=\"container\">\n\t\t\t\t\t<div class=\"e-con-inner\">\n\t\t\t\t\t<\/div>\n\t\t\t\t<\/div>\n\t\t<div class=\"elementor-element elementor-element-f91f61b e-flex e-con-boxed e-con e-parent\" data-id=\"f91f61b\" data-element_type=\"container\" data-e-type=\"container\">\n\t\t\t\t\t<div class=\"e-con-inner\">\n\t\t\t\t<div class=\"elementor-element elementor-element-4e56bef elementor-widget elementor-widget-text-editor\" data-id=\"4e56bef\" data-element_type=\"widget\" data-e-type=\"widget\" data-widget_type=\"text-editor.default\">\n\t\t\t\t<div class=\"elementor-widget-container\">\n\t\t\t\t\t\t\t\t\t<h3><span style=\"color: #000000;\">2027 Automotive Parners:<\/span><\/h3>\t\t\t\t\t\t\t\t<\/div>\n\t\t\t\t<\/div>\n\t\t\t\t\t<\/div>\n\t\t\t\t<\/div>\n\t\t<div class=\"elementor-element elementor-element-0808ea1 e-grid e-con-boxed e-con e-parent\" data-id=\"0808ea1\" data-element_type=\"container\" data-e-type=\"container\">\n\t\t\t\t\t<div class=\"e-con-inner\">\n\t\t\t\t\t<\/div>\n\t\t\t\t<\/div>\n\t\t<div class=\"elementor-element elementor-element-2a42b42 e-flex e-con-boxed e-con e-parent\" data-id=\"2a42b42\" data-element_type=\"container\" data-e-type=\"container\">\n\t\t\t\t\t<div class=\"e-con-inner\">\n\t\t\t\t<div class=\"elementor-element elementor-element-f718c43 elementor-widget elementor-widget-text-editor\" data-id=\"f718c43\" data-element_type=\"widget\" data-e-type=\"widget\" data-widget_type=\"text-editor.default\">\n\t\t\t\t<div class=\"elementor-widget-container\">\n\t\t\t\t\t\t\t\t\t<h3><span style=\"color: #000000;\">2027 Charities &amp; Foundations:<\/span><\/h3>\t\t\t\t\t\t\t\t<\/div>\n\t\t\t\t<\/div>\n\t\t\t\t\t<\/div>\n\t\t\t\t<\/div>\n\t\t<div class=\"elementor-element elementor-element-8d3e38a e-grid e-con-boxed e-con e-parent\" data-id=\"8d3e38a\" data-element_type=\"container\" data-e-type=\"container\">\n\t\t\t\t\t<div class=\"e-con-inner\">\n\t\t\t\t<div class=\"elementor-element elementor-element-ad90787 elementor-widget elementor-widget-image\" data-id=\"ad90787\" data-element_type=\"widget\" data-e-type=\"widget\" data-widget_type=\"image.default\">\n\t\t\t\t<div class=\"elementor-widget-container\">\n\t\t\t\t\t\t\t\t\t\t\t\t<figure class=\"wp-caption\">\n\t\t\t\t\t\t\t\t\t\t\t<a href=\"https:\/\/na.stand21.com\/company.r-1\/foundation.r-92\/\">\n\t\t\t\t\t\t\t<img fetchpriority=\"high\" decoding=\"async\" data-attachment-id=\"2245\" data-permalink=\"https:\/\/worldspeedchallenge.com\/cs\/wsc-wec-oficialni-partneri\/stand-21-racing-goes-safer-safety-foundation\/\" data-orig-file=\"https:\/\/i0.wp.com\/worldspeedchallenge.com\/wp-content\/uploads\/2024\/07\/Stand-21-Racing-Goes-Safer-Safety-Foundation.png?fit=225%2C225&amp;ssl=1\" data-orig-size=\"225,225\" data-comments-opened=\"1\" data-image-meta=\"{&quot;aperture&quot;:&quot;0&quot;,&quot;credit&quot;:&quot;&quot;,&quot;camera&quot;:&quot;&quot;,&quot;caption&quot;:&quot;&quot;,&quot;created_timestamp&quot;:&quot;0&quot;,&quot;copyright&quot;:&quot;&quot;,&quot;focal_length&quot;:&quot;0&quot;,&quot;iso&quot;:&quot;0&quot;,&quot;shutter_speed&quot;:&quot;0&quot;,&quot;title&quot;:&quot;&quot;,&quot;orientation&quot;:&quot;0&quot;}\" data-image-title=\"Stand 21 Racing Goes Safer Safety Foundation\" data-image-description=\"\" data-image-caption=\"\" data-large-file=\"https:\/\/i0.wp.com\/worldspeedchallenge.com\/wp-content\/uploads\/2024\/07\/Stand-21-Racing-Goes-Safer-Safety-Foundation.png?fit=225%2C225&amp;ssl=1\" width=\"225\" height=\"225\" src=\"https:\/\/i0.wp.com\/worldspeedchallenge.com\/wp-content\/uploads\/2024\/07\/Stand-21-Racing-Goes-Safer-Safety-Foundation.png?fit=225%2C225&amp;ssl=1\" class=\"attachment-medium size-medium wp-image-2245\" alt=\"\" srcset=\"https:\/\/i0.wp.com\/worldspeedchallenge.com\/wp-content\/uploads\/2024\/07\/Stand-21-Racing-Goes-Safer-Safety-Foundation.png?w=225&amp;ssl=1 225w, https:\/\/i0.wp.com\/worldspeedchallenge.com\/wp-content\/uploads\/2024\/07\/Stand-21-Racing-Goes-Safer-Safety-Foundation.png?resize=150%2C150&amp;ssl=1 150w, https:\/\/i0.wp.com\/worldspeedchallenge.com\/wp-content\/uploads\/2024\/07\/Stand-21-Racing-Goes-Safer-Safety-Foundation.png?resize=12%2C12&amp;ssl=1 12w, https:\/\/i0.wp.com\/worldspeedchallenge.com\/wp-content\/uploads\/2024\/07\/Stand-21-Racing-Goes-Safer-Safety-Foundation.png?resize=200%2C200&amp;ssl=1 200w\" sizes=\"(max-width: 225px) 100vw, 225px\" \/>\t\t\t\t\t\t\t\t<\/a>\n\t\t\t\t\t\t\t\t\t\t\t<figcaption class=\"widget-image-caption wp-caption-text\"><\/figcaption>\n\t\t\t\t\t\t\t\t\t\t<\/figure>\n\t\t\t\t\t\t\t\t\t<\/div>\n\t\t\t\t<\/div>\n\t\t\t\t\t<\/div>\n\t\t\t\t<\/div>\n\t\t<div class=\"elementor-element elementor-element-6b4a66a e-flex e-con-boxed e-con e-parent\" data-id=\"6b4a66a\" data-element_type=\"container\" data-e-type=\"container\">\n\t\t\t\t\t<div class=\"e-con-inner\">\n\t\t\t\t<div class=\"elementor-element elementor-element-96cfa2b elementor-widget elementor-widget-text-editor\" data-id=\"96cfa2b\" data-element_type=\"widget\" data-e-type=\"widget\" data-widget_type=\"text-editor.default\">\n\t\t\t\t<div class=\"elementor-widget-container\">\n\t\t\t\t\t\t\t\t\t<h3><span style=\"color: #000000;\">2027 Skladby:<\/span><\/h3>\t\t\t\t\t\t\t\t<\/div>\n\t\t\t\t<\/div>\n\t\t\t\t\t<\/div>\n\t\t\t\t<\/div>\n\t\t<div class=\"elementor-element elementor-element-4502183 e-grid e-con-boxed e-con e-parent\" data-id=\"4502183\" data-element_type=\"container\" data-e-type=\"container\">\n\t\t\t\t\t<div class=\"e-con-inner\">\n\t\t\t\t\t<\/div>\n\t\t\t\t<\/div>\n\t\t<div class=\"elementor-element elementor-element-lSTKU0W e-flex e-con-boxed e-con e-parent\" data-id=\"lSTKU0W\" data-element_type=\"container\" data-e-type=\"container\">\n\t\t\t\t\t<div class=\"e-con-inner\">\n\t\t<div class=\"elementor-element elementor-element-GZzpzK9 e-con-full e-flex e-con e-child\" data-id=\"GZzpzK9\" data-element_type=\"container\" data-e-type=\"container\">\n\t\t\t\t<div class=\"elementor-element elementor-element-zrSyz95 elementor-widget elementor-widget-image-carousel\" data-id=\"zrSyz95\" data-element_type=\"widget\" data-e-type=\"widget\" data-settings=\"{&quot;slides_to_show&quot;:&quot;1&quot;,&quot;navigation&quot;:&quot;Images&quot;,&quot;autoplay_speed&quot;:6000,&quot;autoplay&quot;:&quot;yes&quot;,&quot;pause_on_hover&quot;:&quot;yes&quot;,&quot;pause_on_interaction&quot;:&quot;yes&quot;,&quot;infinite&quot;:&quot;yes&quot;,&quot;effect&quot;:&quot;slide&quot;,&quot;speed&quot;:500}\" data-widget_type=\"image-carousel.default\">\n\t\t\t\t<div class=\"elementor-widget-container\">\n\t\t\t\t\t\t\t<div class=\"elementor-image-carousel-wrapper swiper\" role=\"region\" aria-roledescription=\"carousel\" aria-label=\"Kuvakaruselli\" dir=\"ltr\">\n\t\t\t<div class=\"elementor-image-carousel swiper-wrapper\" aria-live=\"off\">\n\t\t\t\t\t\t\t\t<div class=\"swiper-slide\" role=\"group\" aria-roledescription=\"slide\" aria-label=\"1 z 5\"><figure class=\"swiper-slide-inner\"><img decoding=\"async\" class=\"swiper-slide-image\" src=\"https:\/\/i0.wp.com\/worldspeedchallenge.com\/wp-content\/uploads\/2024\/05\/EV-Festival-of-Speed-Corporate-Logo-for-Zoom-Background-2.webp?fit=451%2C363&amp;ssl=1\" alt=\"Festival rychlosti EV\" \/><\/figure><\/div><div class=\"swiper-slide\" role=\"group\" aria-roledescription=\"slide\" aria-label=\"2 z 5\"><figure class=\"swiper-slide-inner\"><img decoding=\"async\" class=\"swiper-slide-image\" src=\"https:\/\/i0.wp.com\/worldspeedchallenge.com\/wp-content\/uploads\/2024\/05\/World-Speed-Challenge-Main-Logo-s.webp?fit=541%2C336&amp;ssl=1\" alt=\"World Speed Challenge\" \/><\/figure><\/div><div class=\"swiper-slide\" role=\"group\" aria-roledescription=\"slide\" aria-label=\"3 z 5\"><figure class=\"swiper-slide-inner\"><img decoding=\"async\" class=\"swiper-slide-image\" src=\"https:\/\/i0.wp.com\/worldspeedchallenge.com\/wp-content\/uploads\/2024\/05\/World-Endurance-Challenge-Logo-s.webp?fit=554%2C336&amp;ssl=1\" alt=\"Sv\u011btov\u00e1 vytrvalostn\u00ed v\u00fdzva\" \/><\/figure><\/div><div class=\"swiper-slide\" role=\"group\" aria-roledescription=\"slide\" aria-label=\"4 z 5\"><figure class=\"swiper-slide-inner\"><img decoding=\"async\" class=\"swiper-slide-image\" src=\"https:\/\/i0.wp.com\/worldspeedchallenge.com\/wp-content\/uploads\/2024\/05\/EV-World-Racing-Association-Corporate-Logo-1-1.webp?fit=376%2C348&amp;ssl=1\" alt=\"EV World Racing Association\" \/><\/figure><\/div><div class=\"swiper-slide\" role=\"group\" aria-roledescription=\"slide\" aria-label=\"5 z 5\"><figure class=\"swiper-slide-inner\"><img decoding=\"async\" class=\"swiper-slide-image\" src=\"https:\/\/i0.wp.com\/worldspeedchallenge.com\/wp-content\/uploads\/2024\/05\/E-World-Grand-Prix-WEC.webp?fit=666%2C400&amp;ssl=1\" alt=\"E World Grand Prix\" \/><\/figure><\/div>\t\t\t<\/div>\n\t\t\t\t\t\t\t\n\t\t\t\t\t\t\t\t\t<\/div>\n\t\t\t\t\t\t<\/div>\n\t\t\t\t<\/div>\n\t\t\t\t<\/div>\n\t\t<div class=\"elementor-element elementor-element-FZSeEYR e-con-full e-flex e-con e-child\" data-id=\"FZSeEYR\" data-element_type=\"container\" data-e-type=\"container\">\n\t\t\t\t<div class=\"elementor-element elementor-element-iioRyc0 elementor-widget elementor-widget-heading\" data-id=\"iioRyc0\" data-element_type=\"widget\" data-e-type=\"widget\" data-widget_type=\"heading.default\">\n\t\t\t\t<div class=\"elementor-widget-container\">\n\t\t\t\t\t<h2 class=\"elementor-heading-title elementor-size-default\">Zapojte se do na\u0161eho partnersk\u00e9ho programu 2027<\/h2>\t\t\t\t<\/div>\n\t\t\t\t<\/div>\n\t\t\t\t<div class=\"elementor-element elementor-element-AHn7643 elementor-widget__width-initial elementor-widget elementor-widget-text-editor\" data-id=\"AHn7643\" data-element_type=\"widget\" data-e-type=\"widget\" data-widget_type=\"text-editor.default\">\n\t\t\t\t<div class=\"elementor-widget-container\">\n\t\t\t\t\t\t\t\t\t<h4><span style=\"color: #000000;\">M\u00e1te z\u00e1jem o partnerstv\u00ed s World Speed Challenge a World Endurance Challenge a EV Festival of Speed? N\u00e1\u0161 partnersk\u00fd program nab\u00edz\u00ed jedine\u010dnou p\u0159\u00edle\u017eitost spolupracovat s n\u00e1mi a prezentovat svou zna\u010dku mezi komunitou budouc\u00edch motoristick\u00fdch z\u00e1vod\u016f. Kontaktujte n\u00e1s a dozv\u00edte se v\u00edce o tom, jak m\u016f\u017ee n\u00e1\u0161 partnersk\u00fd program prosp\u011bt va\u0161\u00ed zna\u010dce.<\/span><\/h4>\t\t\t\t\t\t\t\t<\/div>\n\t\t\t\t<\/div>\n\t\t\t\t<\/div>\n\t\t\t\t\t<\/div>\n\t\t\t\t<\/div>\n\t\t\t\t<\/div>","protected":false},"excerpt":{"rendered":"<p>2027 MS a WEC ofici\u00e1ln\u00edmi partnery2027 MS a WEC vyz\u00fdv\u00e1 sv\u011bt k...<\/p>","protected":false},"author":165558846,"featured_media":0,"parent":0,"menu_order":0,"comment_status":"closed","ping_status":"closed","template":"","meta":{"_crdt_document":"","advanced_seo_description":"","jetpack_seo_html_title":"","jetpack_seo_noindex":false,"footnotes":""},"class_list":["post-147","page","type-page","status-publish","hentry"],"jetpack_likes_enabled":true,"jetpack_sharing_enabled":true,"jetpack_shortlink":"https:\/\/wp.me\/Pf1Pzv-2n","jetpack-related-posts":[],"_links":{"self":[{"href":"https:\/\/worldspeedchallenge.com\/cs\/wp-json\/wp\/v2\/pages\/147","targetHints":{"allow":["GET"]}}],"collection":[{"href":"https:\/\/worldspeedchallenge.com\/cs\/wp-json\/wp\/v2\/pages"}],"about":[{"href":"https:\/\/worldspeedchallenge.com\/cs\/wp-json\/wp\/v2\/types\/page"}],"author":[{"embeddable":true,"href":"https:\/\/worldspeedchallenge.com\/cs\/wp-json\/wp\/v2\/users\/165558846"}],"replies":[{"embeddable":true,"href":"https:\/\/worldspeedchallenge.com\/cs\/wp-json\/wp\/v2\/comments?post=147"}],"version-history":[{"count":51,"href":"https:\/\/worldspeedchallenge.com\/cs\/wp-json\/wp\/v2\/pages\/147\/revisions"}],"predecessor-version":[{"id":2249,"href":"https:\/\/worldspeedchallenge.com\/cs\/wp-json\/wp\/v2\/pages\/147\/revisions\/2249"}],"wp:attachment":[{"href":"https:\/\/worldspeedchallenge.com\/cs\/wp-json\/wp\/v2\/media?parent=147"}],"curies":[{"name":"wp","href":"https:\/\/api.w.org\/{rel}","templated":true}]}}