{"id":145,"date":"2023-11-22T14:03:46","date_gmt":"2023-11-22T22:03:46","guid":{"rendered":"https:\/\/worldspeedchallenge.com\/?page_id=145"},"modified":"2024-06-03T16:16:34","modified_gmt":"2024-06-03T23:16:34","slug":"sledovat-wsc-wec","status":"publish","type":"page","link":"https:\/\/worldspeedchallenge.com\/cs\/sledovat-wsc-wec\/","title":{"rendered":"Sledov\u00e1n\u00ed MS a WEC"},"content":{"rendered":"<div data-elementor-type=\"wp-page\" data-elementor-id=\"145\" class=\"elementor elementor-145\" data-elementor-post-type=\"page\">\n\t\t\t\t<div class=\"elementor-element elementor-element-439d580 e-flex e-con-boxed e-con e-parent\" data-id=\"439d580\" data-element_type=\"container\" data-e-type=\"container\">\n\t\t\t\t\t<div class=\"e-con-inner\">\n\t\t\t\t<div class=\"elementor-element elementor-element-2580889 elementor-widget elementor-widget-text-editor\" data-id=\"2580889\" data-element_type=\"widget\" data-e-type=\"widget\" data-widget_type=\"text-editor.default\">\n\t\t\t\t<div class=\"elementor-widget-container\">\n\t\t\t\t\t\t\t\t\t<h3 style=\"text-align: center;\"><span style=\"color: #000000;\">Sledujte MS a WEC Vyz\u00fdv\u00e1me sv\u011bt na v\u00fdzvu!<\/span><\/h3><p><span style=\"color: #000000;\"><br \/>Sledujete elektrizuj\u00edc\u00ed a p\u0159elomovou ud\u00e1lost ve sv\u011bt\u011b motoristick\u00e9ho sportu!  MS a WEC vyz\u00fdvaj\u00ed sv\u011bt k sout\u011b\u017ei ur\u010den\u00e9 v\u00fdhradn\u011b pro elektrick\u00e1 a hybridn\u00ed vozidla, kter\u00e1 nejen ukazuje technologick\u00fd pokrok, ale tak\u00e9 podrobuje v\u00fdrobce a \u0159idi\u010de nejvy\u0161\u0161\u00edmu testu v\u00fdkonu, vytrvalosti a inovac\u00ed.<\/span><\/p>\t\t\t\t\t\t\t\t<\/div>\n\t\t\t\t<\/div>\n\t\t\t\t\t<\/div>\n\t\t\t\t<\/div>\n\t\t<div class=\"elementor-element elementor-element-1b1f671 e-flex e-con-boxed e-con e-parent\" data-id=\"1b1f671\" data-element_type=\"container\" data-e-type=\"container\">\n\t\t\t\t\t<div class=\"e-con-inner\">\n\t\t\t\t<div class=\"elementor-element elementor-element-7207750 elementor-widget elementor-widget-text-editor\" data-id=\"7207750\" data-element_type=\"widget\" data-e-type=\"widget\" data-widget_type=\"text-editor.default\">\n\t\t\t\t<div class=\"elementor-widget-container\">\n\t\t\t\t\t\t\t\t\t<h3><span style=\"color: #000000;\">2027 MS a WEC Dom\u00e1c\u00ed TV a streaming:<\/span><\/h3>\t\t\t\t\t\t\t\t<\/div>\n\t\t\t\t<\/div>\n\t\t\t\t\t<\/div>\n\t\t\t\t<\/div>\n\t\t<div class=\"elementor-element elementor-element-9c2714d e-grid e-con-boxed e-con e-parent\" data-id=\"9c2714d\" data-element_type=\"container\" data-e-type=\"container\">\n\t\t\t\t\t<div class=\"e-con-inner\">\n\t\t\t\t\t<\/div>\n\t\t\t\t<\/div>\n\t\t<div class=\"elementor-element elementor-element-cb7948b e-flex e-con-boxed e-con e-parent\" data-id=\"cb7948b\" data-element_type=\"container\" data-e-type=\"container\">\n\t\t\t\t\t<div class=\"e-con-inner\">\n\t\t\t\t<div class=\"elementor-element elementor-element-1fb9da7 elementor-widget elementor-widget-text-editor\" data-id=\"1fb9da7\" data-element_type=\"widget\" data-e-type=\"widget\" data-widget_type=\"text-editor.default\">\n\t\t\t\t<div class=\"elementor-widget-container\">\n\t\t\t\t\t\t\t\t\t<h3><span style=\"color: #000000;\">MS a WEC International TV a streaming:<\/span><\/h3>\t\t\t\t\t\t\t\t<\/div>\n\t\t\t\t<\/div>\n\t\t\t\t\t<\/div>\n\t\t\t\t<\/div>\n\t\t<div class=\"elementor-element elementor-element-1f60b11 e-grid e-con-boxed e-con e-parent\" data-id=\"1f60b11\" data-element_type=\"container\" data-e-type=\"container\">\n\t\t\t\t\t<div class=\"e-con-inner\">\n\t\t\t\t\t<\/div>\n\t\t\t\t<\/div>\n\t\t<div class=\"elementor-element elementor-element-9ff00a0 e-flex e-con-boxed e-con e-parent\" data-id=\"9ff00a0\" data-element_type=\"container\" data-e-type=\"container\">\n\t\t\t\t\t<div class=\"e-con-inner\">\n\t\t\t\t<div class=\"elementor-element elementor-element-001d061 elementor-widget elementor-widget-text-editor\" data-id=\"001d061\" data-element_type=\"widget\" data-e-type=\"widget\" data-widget_type=\"text-editor.default\">\n\t\t\t\t<div class=\"elementor-widget-container\">\n\t\t\t\t\t\t\t\t\t<h3><span style=\"color: #000000;\">WSC &amp; WEC Live Radio &amp; Podcast<\/span><\/h3>\t\t\t\t\t\t\t\t<\/div>\n\t\t\t\t<\/div>\n\t\t\t\t\t<\/div>\n\t\t\t\t<\/div>\n\t\t<div class=\"elementor-element elementor-element-ed61709 e-grid e-con-boxed e-con e-parent\" data-id=\"ed61709\" data-element_type=\"container\" data-e-type=\"container\">\n\t\t\t\t\t<div class=\"e-con-inner\">\n\t\t\t\t\t<\/div>\n\t\t\t\t<\/div>\n\t\t<div class=\"elementor-element elementor-element-38ikRAl e-flex e-con-boxed e-con e-parent\" data-id=\"38ikRAl\" data-element_type=\"container\" data-e-type=\"container\">\n\t\t\t\t\t<div class=\"e-con-inner\">\n\t\t<div class=\"elementor-element elementor-element-1Jk6NBg e-con-full e-flex e-con e-child\" data-id=\"1Jk6NBg\" data-element_type=\"container\" data-e-type=\"container\">\n\t\t\t\t<div class=\"elementor-element elementor-element-z4iujwW elementor-widget elementor-widget-heading\" data-id=\"z4iujwW\" data-element_type=\"widget\" data-e-type=\"widget\" data-widget_type=\"heading.default\">\n\t\t\t\t<div class=\"elementor-widget-container\">\n\t\t\t\t\t<h2 class=\"elementor-heading-title elementor-size-default\">Za\u017eijte nejlep\u0161\u00ed momenty ze z\u00e1vod\u016f MS a WEC na sv\u00e9m obl\u00edben\u00e9m streamovac\u00edm kan\u00e1lu nebo podcastu<\/h2>\t\t\t\t<\/div>\n\t\t\t\t<\/div>\n\t\t\t\t<\/div>\n\t\t<div class=\"elementor-element elementor-element-fyF5igT e-con-full e-flex e-con e-child\" data-id=\"fyF5igT\" data-element_type=\"container\" data-e-type=\"container\">\n\t\t\t\t<div class=\"elementor-element elementor-element-OBuq5TO elementor-widget elementor-widget-text-editor\" data-id=\"OBuq5TO\" data-element_type=\"widget\" data-e-type=\"widget\" data-widget_type=\"text-editor.default\">\n\t\t\t\t<div class=\"elementor-widget-container\">\n\t\t\t\t\t\t\t\t\t<p><span style=\"color: #000000;\">P\u0159ipravte se na sledov\u00e1n\u00ed nebo poslech nejlep\u0161\u00edch moment\u016f z elektrizuj\u00edc\u00edch z\u00e1vod\u016f World Speed Challenge a World Endurance Challenge.  T\u00fdmy a talentovan\u00ed jezdci z cel\u00e9ho sv\u011bta posouvaj\u00ed hranice technologie elektrick\u00fdch a hybridn\u00edch vozidel, stanovuj\u00ed nov\u00e9 rekordy a ukazuj\u00ed budoucnost motoristick\u00e9ho sportu. Od nejrychlej\u0161\u00edch rovinek a\u017e po nejprud\u0161\u00ed zat\u00e1\u010dky, sta\u0148te se sv\u011bdky vzru\u0161en\u00ed a emoc\u00ed ze z\u00e1vod\u016f jako nikdy p\u0159edt\u00edm. Nala\u010fte se a p\u0159ipravte se na to, \u017ee budete sed\u011bt v prvn\u00ed \u0159ad\u011b a sledovat bzu\u010div\u00fd sv\u011bt elektrick\u00fdch a hybridn\u00edch z\u00e1vod\u016f.<\/span><\/p>\t\t\t\t\t\t\t\t<\/div>\n\t\t\t\t<\/div>\n\t\t<div class=\"elementor-element elementor-element-PRYTNAp e-con-full e-flex e-con e-child\" data-id=\"PRYTNAp\" data-element_type=\"container\" data-e-type=\"container\">\n\t\t\t\t<div class=\"elementor-element elementor-element-BN2KLTK elementor-position-inline-start elementor-tablet-position-block-start elementor-view-default elementor-mobile-position-block-start elementor-widget elementor-widget-icon-box\" data-id=\"BN2KLTK\" data-element_type=\"widget\" data-e-type=\"widget\" data-widget_type=\"icon-box.default\">\n\t\t\t\t<div class=\"elementor-widget-container\">\n\t\t\t\t\t\t\t<div class=\"elementor-icon-box-wrapper\">\n\n\t\t\t\t\t\t<div class=\"elementor-icon-box-icon\">\n\t\t\t\t<span  class=\"elementor-icon\">\n\t\t\t\t\t\t\t\t<\/span>\n\t\t\t<\/div>\n\t\t\t\n\t\t\t\t\t\t<div class=\"elementor-icon-box-content\">\n\n\t\t\t\t\t\t\t\t\t<h3 class=\"elementor-icon-box-title\">\n\t\t\t\t\t\t<span  >\n\t\t\t\t\t\t\tWorld Speed Challenge\t\t\t\t\t\t<\/span>\n\t\t\t\t\t<\/h3>\n\t\t\t\t\n\t\t\t\t\t\t\t\t\t<p class=\"elementor-icon-box-description\">\n\t\t\t\t\t\tZa\u017eijte vzru\u0161en\u00ed z rychlosti a technologi\u00ed, kdy\u017e \u0159idi\u010di p\u0159ekon\u00e1vaj\u00ed hranice elektrick\u00fdch a hybridn\u00edch vozidel v r\u00e1mci sprintov\u00e9 s\u00e9rie World Speed Challenge.\t\t\t\t\t<\/p>\n\t\t\t\t\n\t\t\t<\/div>\n\t\t\t\n\t\t<\/div>\n\t\t\t\t\t\t<\/div>\n\t\t\t\t<\/div>\n\t\t\t\t<div class=\"elementor-element elementor-element-l0pwJec elementor-position-inline-start elementor-tablet-position-block-start elementor-view-default elementor-mobile-position-block-start elementor-widget elementor-widget-icon-box\" data-id=\"l0pwJec\" data-element_type=\"widget\" data-e-type=\"widget\" data-widget_type=\"icon-box.default\">\n\t\t\t\t<div class=\"elementor-widget-container\">\n\t\t\t\t\t\t\t<div class=\"elementor-icon-box-wrapper\">\n\n\t\t\t\t\t\t<div class=\"elementor-icon-box-icon\">\n\t\t\t\t<span  class=\"elementor-icon\">\n\t\t\t\t\t\t\t\t<\/span>\n\t\t\t<\/div>\n\t\t\t\n\t\t\t\t\t\t<div class=\"elementor-icon-box-content\">\n\n\t\t\t\t\t\t\t\t\t<h3 class=\"elementor-icon-box-title\">\n\t\t\t\t\t\t<span  >\n\t\t\t\t\t\t\tSv\u011btov\u00e1 vytrvalostn\u00ed v\u00fdzva\t\t\t\t\t\t<\/span>\n\t\t\t\t\t<\/h3>\n\t\t\t\t\n\t\t\t\t\t\t\t\t\t<p class=\"elementor-icon-box-description\">\n\t\t\t\t\t\tSta\u0148te se sv\u011bdky nejt\u011b\u017e\u0161\u00edho testu techniky a vytrvalosti World Endurance Challenge, kter\u00fd p\u0159in\u00e1\u0161\u00ed to nejlep\u0161\u00ed z t\u00fdm\u016f, \u0159idi\u010d\u016f a stroj\u016f.   \t\t\t\t\t<\/p>\n\t\t\t\t\n\t\t\t<\/div>\n\t\t\t\n\t\t<\/div>\n\t\t\t\t\t\t<\/div>\n\t\t\t\t<\/div>\n\t\t\t\t<\/div>\n\t\t\t\t<\/div>\n\t\t\t\t\t<\/div>\n\t\t\t\t<\/div>\n\t\t<div class=\"elementor-element elementor-element-TLlpvLk e-flex e-con-boxed e-con e-parent\" data-id=\"TLlpvLk\" data-element_type=\"container\" data-e-type=\"container\">\n\t\t\t\t\t<div class=\"e-con-inner\">\n\t\t<div class=\"elementor-element elementor-element-Tjk2jZU e-con-full e-flex e-con e-child\" data-id=\"Tjk2jZU\" data-element_type=\"container\" data-e-type=\"container\">\n\t\t\t\t<div class=\"elementor-element elementor-element-aleOwCF elementor-widget elementor-widget-image\" data-id=\"aleOwCF\" data-element_type=\"widget\" data-e-type=\"widget\" data-widget_type=\"image.default\">\n\t\t\t\t<div class=\"elementor-widget-container\">\n\t\t\t\t\t\t\t\t\t\t\t\t\t\t\t<img data-recalc-dims=\"1\" decoding=\"async\" src=\"https:\/\/i0.wp.com\/editor-static-bucket.elementor.com\/wireframes-placeholders\/placeholder-demo-image-scaled.jpg?w=640&#038;ssl=1\" title=\"\" alt=\"\" loading=\"lazy\" \/>\t\t\t\t\t\t\t\t\t\t\t\t\t\t\t<\/div>\n\t\t\t\t<\/div>\n\t\t\t\t<\/div>\n\t\t\t\t\t<\/div>\n\t\t\t\t<\/div>\n\t\t\t\t<\/div>","protected":false},"excerpt":{"rendered":"<p>Sledujte MS a WEC Vyz\u00fdv\u00e1me sv\u011bt na v\u00fdzvu! Sledujete...<\/p>","protected":false},"author":165558846,"featured_media":0,"parent":0,"menu_order":0,"comment_status":"closed","ping_status":"closed","template":"","meta":{"_crdt_document":"","advanced_seo_description":"","jetpack_seo_html_title":"","jetpack_seo_noindex":false,"footnotes":""},"class_list":["post-145","page","type-page","status-publish","hentry"],"jetpack_likes_enabled":true,"jetpack_sharing_enabled":true,"jetpack_shortlink":"https:\/\/wp.me\/Pf1Pzv-2l","jetpack-related-posts":[],"_links":{"self":[{"href":"https:\/\/worldspeedchallenge.com\/cs\/wp-json\/wp\/v2\/pages\/145","targetHints":{"allow":["GET"]}}],"collection":[{"href":"https:\/\/worldspeedchallenge.com\/cs\/wp-json\/wp\/v2\/pages"}],"about":[{"href":"https:\/\/worldspeedchallenge.com\/cs\/wp-json\/wp\/v2\/types\/page"}],"author":[{"embeddable":true,"href":"https:\/\/worldspeedchallenge.com\/cs\/wp-json\/wp\/v2\/users\/165558846"}],"replies":[{"embeddable":true,"href":"https:\/\/worldspeedchallenge.com\/cs\/wp-json\/wp\/v2\/comments?post=145"}],"version-history":[{"count":27,"href":"https:\/\/worldspeedchallenge.com\/cs\/wp-json\/wp\/v2\/pages\/145\/revisions"}],"predecessor-version":[{"id":1888,"href":"https:\/\/worldspeedchallenge.com\/cs\/wp-json\/wp\/v2\/pages\/145\/revisions\/1888"}],"wp:attachment":[{"href":"https:\/\/worldspeedchallenge.com\/cs\/wp-json\/wp\/v2\/media?parent=145"}],"curies":[{"name":"wp","href":"https:\/\/api.w.org\/{rel}","templated":true}]}}